{"id":3875,"date":"2021-05-11T17:08:18","date_gmt":"2021-05-11T15:08:18","guid":{"rendered":"https:\/\/mobility-with-disabilities.org\/startseite\/"},"modified":"2021-08-06T11:28:16","modified_gmt":"2021-08-06T09:28:16","slug":"startseite","status":"publish","type":"page","link":"https:\/\/mobility-with-disabilities.org\/de\/","title":{"rendered":"Startseite"},"content":{"rendered":"<h1 class=\"has-text-align-center home-heading\">Reisen, Freiwilligenarbeit, Lernen und Entdecken f\u00fcr alle:<\/h1>\n\n<h2 class=\"has-text-align-center home-heading has-text-color\" style=\"color:#d14905\">  Egal, welche Behinderung du hast &#8211; Du hast das Recht, eine Erfahrung im Ausland zu machen!<\/h2>\n\n<div style=\"height:32px\" aria-hidden=\"true\" class=\"wp-block-spacer\"><\/div>\n\n<h2 class=\"has-text-align-center\">INFO CENTER<\/h2>\n\n<p class=\"has-text-align-center\">Klick auf ein Bild<\/p>\n\n<div class=\"wp-block-columns\">\n<div class=\"wp-block-column\">\n<div class=\"wp-block-image\"><figure class=\"aligncenter size-large is-resized\"><a href=\"https:\/\/mobility-with-disabilities.org\/de\/fuer-jugendliche-mit-behinderungen\/\"><noscript><img src=\"https:\/\/mobility-with-disabilities.org\/wp-content\/uploads\/2021\/06\/orange_youthwdis.png\" alt class=\"wp-image-4502\" width=\"94\" height=\"111\"><\/noscript><img src=\"data:image\/svg+xml,%3Csvg%20xmlns%3D%22http%3A%2F%2Fwww.w3.org%2F2000%2Fsvg%22%20viewBox%3D%220%200%2094%20111%22%3E%3C%2Fsvg%3E\" alt class=\"wp-image-4502 lazyload\" width=\"94\" height=\"111\" data-src=\"https:\/\/mobility-with-disabilities.org\/wp-content\/uploads\/2021\/06\/orange_youthwdis.png\" loading=\"lazy\"><\/a><\/figure><\/div>\n\n\n\n<p class=\"has-text-align-center\" style=\"font-size:22px\"><strong><a href=\"https:\/\/mobility-with-disabilities.org\/de\/fuer-jugendliche-mit-behinderungen\/\">F\u00dcR JUGENDLICHE MIT BEHINDERUNGEN<\/a><\/strong><\/p>\n<\/div>\n\n\n\n<div class=\"wp-block-column\">\n<div class=\"wp-block-image\"><figure class=\"aligncenter size-large is-resized\"><noscript><img src=\"https:\/\/mobility-with-disabilities.org\/wp-content\/uploads\/2021\/06\/orange_youthworker.png\" alt=\"f\u00fcr jugendarbeiter und organisationen\" class=\"wp-image-4507\" width=\"110\" height=\"115\" srcset=\"https:\/\/mobility-with-disabilities.org\/wp-content\/uploads\/2021\/06\/orange_youthworker.png 256w, https:\/\/mobility-with-disabilities.org\/wp-content\/uploads\/2021\/06\/orange_youthworker-24x24.png 24w\" sizes=\"(max-width: 110px) 100vw, 110px\"><\/noscript><img src=\"data:image\/svg+xml,%3Csvg%20xmlns%3D%22http%3A%2F%2Fwww.w3.org%2F2000%2Fsvg%22%20viewBox%3D%220%200%20110%20115%22%3E%3C%2Fsvg%3E\" alt=\"f\u00fcr jugendarbeiter und organisationen\" class=\"wp-image-4507 lazyload\" width=\"110\" height=\"115\" srcset=\"data:image\/svg+xml,%3Csvg%20xmlns%3D%22http%3A%2F%2Fwww.w3.org%2F2000%2Fsvg%22%20viewBox%3D%220%200%20110%20115%22%3E%3C%2Fsvg%3E 110w\" sizes=\"(max-width: 110px) 100vw, 110px\" data-srcset=\"https:\/\/mobility-with-disabilities.org\/wp-content\/uploads\/2021\/06\/orange_youthworker.png 256w, https:\/\/mobility-with-disabilities.org\/wp-content\/uploads\/2021\/06\/orange_youthworker-24x24.png 24w\" data-src=\"https:\/\/mobility-with-disabilities.org\/wp-content\/uploads\/2021\/06\/orange_youthworker.png\" loading=\"lazy\"><\/figure><\/div>\n\n\n\n<p class=\"has-text-align-center\" style=\"font-size:22px\"><strong><span style=\"color:#3444bc\" class=\"has-inline-color\"><a href=\"https:\/\/mobility-with-disabilities.org\/de\/fuer-jugendarbeiter-und-organisationen\/\">F\u00dcR JUGENDARBEITER UND ORGANISATIONEN <\/a><\/span><\/strong><\/p>\n<\/div>\n\n\n\n<div class=\"wp-block-column\">\n<div class=\"wp-block-image\"><figure class=\"aligncenter size-large is-resized\"><a href=\"https:\/\/mobility-with-disabilities.org\/de\/sie-haben-es-geschafft\/\"><noscript><img src=\"https:\/\/mobility-with-disabilities.org\/wp-content\/uploads\/2021\/06\/orange_TDI.png\" alt class=\"wp-image-4492\" width=\"99\" height=\"128\"><\/noscript><img src=\"data:image\/svg+xml,%3Csvg%20xmlns%3D%22http%3A%2F%2Fwww.w3.org%2F2000%2Fsvg%22%20viewBox%3D%220%200%2099%20128%22%3E%3C%2Fsvg%3E\" alt class=\"wp-image-4492 lazyload\" width=\"99\" height=\"128\" data-src=\"https:\/\/mobility-with-disabilities.org\/wp-content\/uploads\/2021\/06\/orange_TDI.png\" loading=\"lazy\"><\/a><\/figure><\/div>\n\n\n\n<p class=\"has-text-align-center\" style=\"font-size:22px\"><a href=\"https:\/\/mobility-with-disabilities.org\/de\/sie-haben-es-geschafft\/\"><strong>SIE HABEN ES GESCHAFFT<\/strong><\/a><\/p>\n<\/div>\n<\/div>\n\n<div class=\"wp-block-image\"><figure class=\"aligncenter size-large\"><a href=\"https:\/\/mobility-with-disabilities.org\/courses\/imd-mooc\/\"><noscript><img width=\"1024\" height=\"379\" src=\"https:\/\/mobility-with-disabilities.org\/wp-content\/uploads\/2021\/07\/imd-mooc-preview-1-1024x379.png\" alt class=\"wp-image-4875\" srcset=\"https:\/\/mobility-with-disabilities.org\/wp-content\/uploads\/2021\/07\/imd-mooc-preview-1-1024x379.png 1024w, https:\/\/mobility-with-disabilities.org\/wp-content\/uploads\/2021\/07\/imd-mooc-preview-1-300x111.png 300w, https:\/\/mobility-with-disabilities.org\/wp-content\/uploads\/2021\/07\/imd-mooc-preview-1-768x284.png 768w, https:\/\/mobility-with-disabilities.org\/wp-content\/uploads\/2021\/07\/imd-mooc-preview-1-1536x568.png 1536w, https:\/\/mobility-with-disabilities.org\/wp-content\/uploads\/2021\/07\/imd-mooc-preview-1.png 1600w\" sizes=\"(max-width: 1024px) 100vw, 1024px\"><\/noscript><img width=\"1024\" height=\"379\" src=\"data:image\/svg+xml,%3Csvg%20xmlns%3D%22http%3A%2F%2Fwww.w3.org%2F2000%2Fsvg%22%20viewBox%3D%220%200%201024%20379%22%3E%3C%2Fsvg%3E\" alt class=\"wp-image-4875 lazyload\" srcset=\"data:image\/svg+xml,%3Csvg%20xmlns%3D%22http%3A%2F%2Fwww.w3.org%2F2000%2Fsvg%22%20viewBox%3D%220%200%201024%20379%22%3E%3C%2Fsvg%3E 1024w\" sizes=\"(max-width: 1024px) 100vw, 1024px\" data-srcset=\"https:\/\/mobility-with-disabilities.org\/wp-content\/uploads\/2021\/07\/imd-mooc-preview-1-1024x379.png 1024w, https:\/\/mobility-with-disabilities.org\/wp-content\/uploads\/2021\/07\/imd-mooc-preview-1-300x111.png 300w, https:\/\/mobility-with-disabilities.org\/wp-content\/uploads\/2021\/07\/imd-mooc-preview-1-768x284.png 768w, https:\/\/mobility-with-disabilities.org\/wp-content\/uploads\/2021\/07\/imd-mooc-preview-1-1536x568.png 1536w, https:\/\/mobility-with-disabilities.org\/wp-content\/uploads\/2021\/07\/imd-mooc-preview-1.png 1600w\" data-src=\"https:\/\/mobility-with-disabilities.org\/wp-content\/uploads\/2021\/07\/imd-mooc-preview-1-1024x379.png\" loading=\"lazy\"><\/a><\/figure><\/div>\n\n<p>Entdecken Sie unseren neuen MOOC, der Ihnen Werkzeuge f\u00fcr eine erleichterte internationale Mobilit\u00e4t gibt, indem er Strukturen und junge Menschen besser \u00fcber die ihnen zur Verf\u00fcgung stehenden Ressourcen informiert.<\/p>\n\n<div class=\"wp-block-buttons is-content-justification-center\">\n<div class=\"wp-block-button\"><a class=\"wp-block-button__link\" href=\"https:\/\/mobility-with-disabilities.org\/courses\/imd-mooc\/\">ENTDECKEN<\/a><\/div>\n<\/div>\n\n<div class=\"wp-block-group\"><div class=\"wp-block-group__inner-container\">\n<h2 class=\"has-text-align-center\">NEWS<\/h2>\n\n\n\n\t\t\t<div class=\"uagb-post-grid homenews uagb-post__image-position-top uagb-block-3dcb7540   \" data-total=\"1\">\n\n\t\t\t\t<div class=\"uagb-post__items uagb-post__columns-2 is-masonry uagb-post__columns-tablet-2 uagb-post__columns-mobile-1\">\n\n\t\t\t\t\t\t\t\t<article>\n\t\t\t\t\t\t\t\t\t\t<div class=\"uagb-post__inner-wrap\">\n\t\t\t\t\t\t\t\t\t\t\t\t\t\t\t<div class=\"uagb-post__image\">\n\t\t\t\t<a href=\"https:\/\/mobility-with-disabilities.org\/de\/2021\/09\/08\/urlaubsreisen-begleiten-allein-und-in-der-gruppe-fabian-pia-und-mark-im-interview\/\" target=\"_self\" rel=\"bookmark noopener noreferrer\"><noscript><img width=\"768\" height=\"576\" src=\"https:\/\/mobility-with-disabilities.org\/wp-content\/uploads\/2021\/09\/anton-sharov-_kkx1WekVRY-unsplash-768x576.jpg\" class=\"attachment-medium_large size-medium_large\" alt srcset=\"https:\/\/mobility-with-disabilities.org\/wp-content\/uploads\/2021\/09\/anton-sharov-_kkx1WekVRY-unsplash-768x576.jpg 768w, https:\/\/mobility-with-disabilities.org\/wp-content\/uploads\/2021\/09\/anton-sharov-_kkx1WekVRY-unsplash-300x225.jpg 300w, https:\/\/mobility-with-disabilities.org\/wp-content\/uploads\/2021\/09\/anton-sharov-_kkx1WekVRY-unsplash-1024x768.jpg 1024w, https:\/\/mobility-with-disabilities.org\/wp-content\/uploads\/2021\/09\/anton-sharov-_kkx1WekVRY-unsplash-1536x1152.jpg 1536w, https:\/\/mobility-with-disabilities.org\/wp-content\/uploads\/2021\/09\/anton-sharov-_kkx1WekVRY-unsplash-2048x1536.jpg 2048w\" sizes=\"(max-width: 768px) 100vw, 768px\"><\/noscript><img width=\"768\" height=\"576\" src=\"data:image\/svg+xml,%3Csvg%20xmlns%3D%22http%3A%2F%2Fwww.w3.org%2F2000%2Fsvg%22%20viewBox%3D%220%200%20768%20576%22%3E%3C%2Fsvg%3E\" class=\"attachment-medium_large size-medium_large lazyload\" alt srcset=\"data:image\/svg+xml,%3Csvg%20xmlns%3D%22http%3A%2F%2Fwww.w3.org%2F2000%2Fsvg%22%20viewBox%3D%220%200%20768%20576%22%3E%3C%2Fsvg%3E 768w\" sizes=\"(max-width: 768px) 100vw, 768px\" data-srcset=\"https:\/\/mobility-with-disabilities.org\/wp-content\/uploads\/2021\/09\/anton-sharov-_kkx1WekVRY-unsplash-768x576.jpg 768w, https:\/\/mobility-with-disabilities.org\/wp-content\/uploads\/2021\/09\/anton-sharov-_kkx1WekVRY-unsplash-300x225.jpg 300w, https:\/\/mobility-with-disabilities.org\/wp-content\/uploads\/2021\/09\/anton-sharov-_kkx1WekVRY-unsplash-1024x768.jpg 1024w, https:\/\/mobility-with-disabilities.org\/wp-content\/uploads\/2021\/09\/anton-sharov-_kkx1WekVRY-unsplash-1536x1152.jpg 1536w, https:\/\/mobility-with-disabilities.org\/wp-content\/uploads\/2021\/09\/anton-sharov-_kkx1WekVRY-unsplash-2048x1536.jpg 2048w\" data-src=\"https:\/\/mobility-with-disabilities.org\/wp-content\/uploads\/2021\/09\/anton-sharov-_kkx1WekVRY-unsplash-768x576.jpg\" loading=\"lazy\">\t\t\t\t<\/a>\n\t\t\t<\/div>\n\t\t\t\t\t\t<div class=\"uagb-post__text\"> \n\t\t\t\t<h3 class=\"uagb-post__title\">\n\t\t\t\t\t<a href=\"https:\/\/mobility-with-disabilities.org\/de\/2021\/09\/08\/urlaubsreisen-begleiten-allein-und-in-der-gruppe-fabian-pia-und-mark-im-interview\/\" target=\"_self\" rel=\"bookmark noopener noreferrer\">Urlaubsreisen begleiten \u2013 allein und in der Gruppe Fabian, Pia und Mark im Interview<\/a>\n\t\t\t\t<\/h3>\n\t\t\t<\/div>\n\t\t\t\t\t\t<div class=\"uagb-post__text\"> \n\t\t\t<div class=\"uagb-post-grid-byline\">\n\t\t\t\t\t\t\t\t<span class=\"uagb-post__author\">\n\t\t\t\t\t<span class=\"dashicons-admin-users dashicons\"><\/span>\n\t\t\t\t\t<a href=\"https:\/\/mobility-with-disabilities.org\/de\/author\/admin4690\/\" title=\"Beitr\u00e4ge von IMD\" rel=\"author\">IMD<\/a>\t\t\t\t<\/span>\n\t\t\t\t\t\t\t<span class=\"uagb-post__comment\">\n\t\t\t\t\t<span class=\"dashicons-admin-comments dashicons\"><\/span>\n\t\t\t\t\tKeine Kommentare\t\t\t\t<\/span>\n\t\t\t\t\t\t<\/div>\n\t\t\t<\/div>\n\t\t\t\t\t\t\t<div class=\"uagb-post__text\"> \n\t\t\t\t\t<div class=\"uagb-post__excerpt\">\n\t\t\t\t\t\tDie drei Heilerziehungspfleger*innen haben sich durch ihre Ausbildung in Berlin kennengelernt und arbeiten seitdem in verschiedenen Kontexten in der Behindertenhilfe. Wir bedanken und herzlich f\u00fcr \u2026\t\t\t\t\t<\/div>\n\t\t\t<\/div>\n\t\t\t\t\t\t<div class=\"uagb-post__text\"> \n\t\t\t\t<div class=\"uagb-post__cta\">\n\t\t\t\t\t<a class=\"uagb-post__link uagb-text-link\" href=\"https:\/\/mobility-with-disabilities.org\/de\/2021\/09\/08\/urlaubsreisen-begleiten-allein-und-in-der-gruppe-fabian-pia-und-mark-im-interview\/\" target=\"_self\" rel=\"bookmark noopener noreferrer\">Mehr sehen<\/a>\n\t\t\t\t<\/div>\n\t\t\t<\/div>\n\t\t\t\t\t\t\t\t<\/div>\n\t\t\t\t\t\t\t\t\t<\/article>\n\t\t\t\t\t\t\t\t<\/div>\n\t\t\t\t\t\t\t<\/div>\n\t\t\t\n\n\n<div style=\"height:80px\" aria-hidden=\"true\" class=\"wp-block-spacer\"><\/div>\n\n\n\n<div class=\"wp-block-button aligncenter\"><a class=\"wp-block-button__link\" href=\"https:\/\/mobility-with-disabilities.org\/de\/nachrichten\/\">Mehr sehen<\/a><\/div>\n<\/div><\/div>\n\n<div class=\"wp-block-group\"><div class=\"wp-block-group__inner-container\">\n<h2 class=\"has-text-align-center\">INTERAKTIVE KARTE<\/h2>\n\n\n\n<p class=\"has-text-align-center\">Auf der Karte sollten Sie wichtige Kontakte in jedem Land finden, um Ihre Mobilit\u00e4t besser organisieren zu k\u00f6nnen.<\/p>\n\n\n<div id=\"unique_iwm_0\"><!-- Map Generated CSS --> \n <style>\n.iwm_map_canvas { overflow:hidden; }\n#map_canvas_1 { margin-left: 0%; }\n#map_canvas_1 { width: 109%; height: 109%; }#map_canvas_1 path[stroke-width^='3'] + path { display:none; }#map_canvas_1 path[stroke-width^='3'] + path + path:not([fill^='#f5f5f5']) { display:none; }#map_canvas_1 path[stroke-width^='3'] { fill:#d14905;  }#map_canvas_1 path[fill^='#f5f5f5'] { pointer-events: none; }#map_canvas_1 path[fill^='none'] { pointer-events: none; }#map_canvas_1 path:not([fill^='#f5f5f5']) + path[stroke-width^='3'] { stroke-width:1; stroke-opacity:0; stroke:#d14905; }#map_canvas_1 circle[stroke-width='3'] { fill:#d14905;  }#map_canvas_1 text:hover { fill:#d14905;  }#map_canvas_1 path:not([fill^=\"#f5f5f5\"]):hover { cursor:pointer; }#map_canvas_1 circle:hover { cursor:pointer; }#map_canvas_1 text:hover { cursor:pointer; }#map_canvas_1 image:hover { cursor:pointer; }#map_canvas_1 path:not([id]) { stroke:#fff; }#map_canvas_1 { background-repeat:no-repeat; background-size: 100% 100%; }<\/style><div class=\"iwm_map_canvas\"><div id=\"map_canvas_1\" data-map-id=\"1\" class=\"iwm_map_canvas\"><div class=\"iwm_placeholder\"><noscript><img width=\"32px\" alt=\"Main Map Placeholder\" title=\"Main Map\" src=\"https:\/\/mobility-with-disabilities.org\/wp-content\/plugins\/interactive-world-maps\/imgs\/placeholder.png\"><\/noscript><img width=\"32px\" alt=\"Main Map Placeholder\" title=\"Main Map\" src=\"data:image\/gif;base64,R0lGODlhAQABAIAAAAAAAP\/\/\/yH5BAEAAAAALAAAAAABAAEAAAIBRAA7\" data-src=\"https:\/\/mobility-with-disabilities.org\/wp-content\/plugins\/interactive-world-maps\/imgs\/placeholder.png\" loading=\"lazy\" class=\" lazyload\"><br>Main Map<\/div><\/div><\/div><div id=\"imap1message\">\n\t\t\t\t<div id=\"map_1_message_HR\" style=\"display:none;\"><p>#<\/p><\/div><div id=\"map_1_message_FI\" style=\"display:none;\"><p>#<\/p><\/div><div id=\"map_1_message_FR\" style=\"display:none;\"><p>#<\/p><\/div><div id=\"map_1_message_DE\" style=\"display:none;\"><p>#<\/p><\/div><div id=\"map_1_message_HU\" style=\"display:none;\"><p>#<\/p><\/div><div id=\"map_1_message_IE\" style=\"display:none;\"><p>#<\/p><\/div><div id=\"map_1_message_IT\" style=\"display:none;\"><p>#<\/p><\/div><div id=\"map_1_message_SE\" style=\"display:none;\"><p>#<\/p><\/div><div id=\"map_1_message_AT\" style=\"display:none;\"><p>#<\/p><\/div><div id=\"map_1_message_ES\" style=\"display:none;\"><p>#<\/p><\/div>\n\t\t\t\t<\/div><div id=\"imap1message\" style=\"display:none;\">\n\t\t\t\t<div id=\"map_1_message_HR\" style=\"display:block;\"><p>#<\/p><\/div><div id=\"map_1_message_FI\" style=\"display:block;\"><p>#<\/p><\/div><div id=\"map_1_message_FR\" style=\"display:block;\"><p>#<\/p><\/div><div id=\"map_1_message_DE\" style=\"display:block;\"><p>#<\/p><\/div><div id=\"map_1_message_HU\" style=\"display:block;\"><p>#<\/p><\/div><div id=\"map_1_message_IE\" style=\"display:block;\"><p>#<\/p><\/div><div id=\"map_1_message_IT\" style=\"display:block;\"><p>#<\/p><\/div><div id=\"map_1_message_SE\" style=\"display:block;\"><p>#<\/p><\/div><div id=\"map_1_message_AT\" style=\"display:block;\"><p>#<\/p><\/div><div id=\"map_1_message_ES\" style=\"display:block;\"><p>#<\/p><\/div>\n\t\t\t\t<\/div><\/div>\n\n\n\n<div class=\"wp-block-button aligncenter\"><a class=\"wp-block-button__link\" href=\"http:\/\/mobility-with-disabilities.org\/map\/\">KARTE UND STRUKTUREN ANZEIGEN<\/a><\/div>\n<\/div><\/div>\n\n<p><\/p>\n","protected":false},"excerpt":{"rendered":"<p>Reisen, Freiwilligenarbeit, Lernen und Entdecken f\u00fcr alle: Egal, welche Behinderung du hast &#8211; Du hast das Recht, eine Erfahrung im &#8230; <a title=\"Startseite\" class=\"read-more\" href=\"https:\/\/mobility-with-disabilities.org\/de\/\">Weiterlesen <span class=\"screen-reader-text\">Startseite<\/span><\/a><\/p>\n","protected":false},"author":1,"featured_media":0,"parent":0,"menu_order":0,"comment_status":"closed","ping_status":"closed","template":"","meta":{"_bbp_topic_count":0,"_bbp_reply_count":0,"_bbp_total_topic_count":0,"_bbp_total_reply_count":0,"_bbp_voice_count":0,"_bbp_anonymous_reply_count":0,"_bbp_topic_count_hidden":0,"_bbp_reply_count_hidden":0,"_bbp_forum_subforum_count":0},"yoast_head":"<!-- This site is optimized with the Yoast SEO plugin v17.9 - https:\/\/yoast.com\/wordpress\/plugins\/seo\/ -->\n<title>Startseite - Mobility With Disabilities<\/title>\n<meta name=\"description\" content=\"Entdecken Sie die Inhalte der gegenw\u00e4rtigen und zuk\u00fcnftigen Plattform von International Mobility with Disabilities (Info-Center, Testimonials,\u2026).\" \/>\n<meta name=\"robots\" content=\"index, follow, max-snippet:-1, max-image-preview:large, max-video-preview:-1\" \/>\n<link rel=\"canonical\" href=\"https:\/\/mobility-with-disabilities.org\/de\/\" \/>\n<meta property=\"og:locale\" content=\"de_DE\" \/>\n<meta property=\"og:type\" content=\"article\" \/>\n<meta property=\"og:title\" content=\"Startseite - Mobility With Disabilities\" \/>\n<meta property=\"og:description\" content=\"Entdecken Sie die Inhalte der gegenw\u00e4rtigen und zuk\u00fcnftigen Plattform von International Mobility with Disabilities (Info-Center, Testimonials,\u2026).\" \/>\n<meta property=\"og:url\" content=\"https:\/\/mobility-with-disabilities.org\/de\/\" \/>\n<meta property=\"og:site_name\" content=\"Mobility With Disabilities\" \/>\n<meta property=\"article:modified_time\" content=\"2021-08-06T09:28:16+00:00\" \/>\n<meta property=\"og:image\" content=\"https:\/\/mobility-with-disabilities.org\/wp-content\/uploads\/2021\/06\/orange_youthwdis.png\" \/>\n<meta name=\"twitter:card\" content=\"summary_large_image\" \/>\n<meta name=\"twitter:label1\" content=\"Gesch\u00e4tzte Lesezeit\" \/>\n\t<meta name=\"twitter:data1\" content=\"1\u00a0Minute\" \/>\n<script type=\"application\/ld+json\" class=\"yoast-schema-graph\">{\"@context\":\"https:\/\/schema.org\",\"@graph\":[{\"@type\":\"Organization\",\"@id\":\"https:\/\/mobility-with-disabilities.org\/#organization\",\"name\":\"Mobility with disabilities\",\"url\":\"https:\/\/mobility-with-disabilities.org\/\",\"sameAs\":[],\"logo\":{\"@type\":\"ImageObject\",\"@id\":\"https:\/\/mobility-with-disabilities.org\/#logo\",\"inLanguage\":\"de\",\"url\":\"https:\/\/mobility-with-disabilities.org\/wp-content\/uploads\/2019\/11\/logo-Transparent.png\",\"contentUrl\":\"https:\/\/mobility-with-disabilities.org\/wp-content\/uploads\/2019\/11\/logo-Transparent.png\",\"width\":1904,\"height\":638,\"caption\":\"Mobility with disabilities\"},\"image\":{\"@id\":\"https:\/\/mobility-with-disabilities.org\/#logo\"}},{\"@type\":\"WebSite\",\"@id\":\"https:\/\/mobility-with-disabilities.org\/#website\",\"url\":\"https:\/\/mobility-with-disabilities.org\/\",\"name\":\"Mobility With Disabilities\",\"description\":\"\",\"publisher\":{\"@id\":\"https:\/\/mobility-with-disabilities.org\/#organization\"},\"potentialAction\":[{\"@type\":\"SearchAction\",\"target\":{\"@type\":\"EntryPoint\",\"urlTemplate\":\"https:\/\/mobility-with-disabilities.org\/?s={search_term_string}\"},\"query-input\":\"required name=search_term_string\"}],\"inLanguage\":\"de\"},{\"@type\":\"ImageObject\",\"@id\":\"https:\/\/mobility-with-disabilities.org\/de\/#primaryimage\",\"inLanguage\":\"de\",\"url\":\"https:\/\/mobility-with-disabilities.org\/wp-content\/uploads\/2021\/06\/orange_youthwdis.png\",\"contentUrl\":\"https:\/\/mobility-with-disabilities.org\/wp-content\/uploads\/2021\/06\/orange_youthwdis.png\",\"width\":232,\"height\":265},{\"@type\":\"WebPage\",\"@id\":\"https:\/\/mobility-with-disabilities.org\/de\/#webpage\",\"url\":\"https:\/\/mobility-with-disabilities.org\/de\/\",\"name\":\"Startseite - Mobility With Disabilities\",\"isPartOf\":{\"@id\":\"https:\/\/mobility-with-disabilities.org\/#website\"},\"primaryImageOfPage\":{\"@id\":\"https:\/\/mobility-with-disabilities.org\/de\/#primaryimage\"},\"datePublished\":\"2021-05-11T15:08:18+00:00\",\"dateModified\":\"2021-08-06T09:28:16+00:00\",\"description\":\"Entdecken Sie die Inhalte der gegenw\\u00e4rtigen und zuk\\u00fcnftigen Plattform von International Mobility with Disabilities (Info-Center, Testimonials,\\u2026).\",\"breadcrumb\":{\"@id\":\"https:\/\/mobility-with-disabilities.org\/de\/#breadcrumb\"},\"inLanguage\":\"de\",\"potentialAction\":[{\"@type\":\"ReadAction\",\"target\":[\"https:\/\/mobility-with-disabilities.org\/de\/\"]}]},{\"@type\":\"BreadcrumbList\",\"@id\":\"https:\/\/mobility-with-disabilities.org\/de\/#breadcrumb\",\"itemListElement\":[{\"@type\":\"ListItem\",\"position\":1,\"name\":\"Accueil\",\"item\":\"https:\/\/mobility-with-disabilities.org\/de\/\"},{\"@type\":\"ListItem\",\"position\":2,\"name\":\"Startseite\"}]}]}<\/script>\n<!-- \/ Yoast SEO plugin. -->","yoast_head_json":{"title":"Startseite - Mobility With Disabilities","description":"Entdecken Sie die Inhalte der gegenw\u00e4rtigen und zuk\u00fcnftigen Plattform von International Mobility with Disabilities (Info-Center, Testimonials,\u2026).","robots":{"index":"index","follow":"follow","max-snippet":"max-snippet:-1","max-image-preview":"max-image-preview:large","max-video-preview":"max-video-preview:-1"},"canonical":"https:\/\/mobility-with-disabilities.org\/de\/","og_locale":"de_DE","og_type":"article","og_title":"Startseite - Mobility With Disabilities","og_description":"Entdecken Sie die Inhalte der gegenw\u00e4rtigen und zuk\u00fcnftigen Plattform von International Mobility with Disabilities (Info-Center, Testimonials,\u2026).","og_url":"https:\/\/mobility-with-disabilities.org\/de\/","og_site_name":"Mobility With Disabilities","article_modified_time":"2021-08-06T09:28:16+00:00","og_image":[{"url":"https:\/\/mobility-with-disabilities.org\/wp-content\/uploads\/2021\/06\/orange_youthwdis.png"}],"twitter_card":"summary_large_image","twitter_misc":{"Gesch\u00e4tzte Lesezeit":"1\u00a0Minute"},"schema":{"@context":"https:\/\/schema.org","@graph":[{"@type":"Organization","@id":"https:\/\/mobility-with-disabilities.org\/#organization","name":"Mobility with disabilities","url":"https:\/\/mobility-with-disabilities.org\/","sameAs":[],"logo":{"@type":"ImageObject","@id":"https:\/\/mobility-with-disabilities.org\/#logo","inLanguage":"de","url":"https:\/\/mobility-with-disabilities.org\/wp-content\/uploads\/2019\/11\/logo-Transparent.png","contentUrl":"https:\/\/mobility-with-disabilities.org\/wp-content\/uploads\/2019\/11\/logo-Transparent.png","width":1904,"height":638,"caption":"Mobility with disabilities"},"image":{"@id":"https:\/\/mobility-with-disabilities.org\/#logo"}},{"@type":"WebSite","@id":"https:\/\/mobility-with-disabilities.org\/#website","url":"https:\/\/mobility-with-disabilities.org\/","name":"Mobility With Disabilities","description":"","publisher":{"@id":"https:\/\/mobility-with-disabilities.org\/#organization"},"potentialAction":[{"@type":"SearchAction","target":{"@type":"EntryPoint","urlTemplate":"https:\/\/mobility-with-disabilities.org\/?s={search_term_string}"},"query-input":"required name=search_term_string"}],"inLanguage":"de"},{"@type":"ImageObject","@id":"https:\/\/mobility-with-disabilities.org\/de\/#primaryimage","inLanguage":"de","url":"https:\/\/mobility-with-disabilities.org\/wp-content\/uploads\/2021\/06\/orange_youthwdis.png","contentUrl":"https:\/\/mobility-with-disabilities.org\/wp-content\/uploads\/2021\/06\/orange_youthwdis.png","width":232,"height":265},{"@type":"WebPage","@id":"https:\/\/mobility-with-disabilities.org\/de\/#webpage","url":"https:\/\/mobility-with-disabilities.org\/de\/","name":"Startseite - Mobility With Disabilities","isPartOf":{"@id":"https:\/\/mobility-with-disabilities.org\/#website"},"primaryImageOfPage":{"@id":"https:\/\/mobility-with-disabilities.org\/de\/#primaryimage"},"datePublished":"2021-05-11T15:08:18+00:00","dateModified":"2021-08-06T09:28:16+00:00","description":"Entdecken Sie die Inhalte der gegenw\u00e4rtigen und zuk\u00fcnftigen Plattform von International Mobility with Disabilities (Info-Center, Testimonials,\u2026).","breadcrumb":{"@id":"https:\/\/mobility-with-disabilities.org\/de\/#breadcrumb"},"inLanguage":"de","potentialAction":[{"@type":"ReadAction","target":["https:\/\/mobility-with-disabilities.org\/de\/"]}]},{"@type":"BreadcrumbList","@id":"https:\/\/mobility-with-disabilities.org\/de\/#breadcrumb","itemListElement":[{"@type":"ListItem","position":1,"name":"Accueil","item":"https:\/\/mobility-with-disabilities.org\/de\/"},{"@type":"ListItem","position":2,"name":"Startseite"}]}]}},"uagb_featured_image_src":{"full":false,"thumbnail":false,"medium":false,"medium_large":false,"large":false,"1536x1536":false,"2048x2048":false,"alm-thumbnail":false,"course_thumbnail":false,"profile_24":false,"profile_48":false,"profile_96":false,"profile_150":false,"profile_300":false},"uagb_author_info":{"display_name":"IMD","author_link":"https:\/\/mobility-with-disabilities.org\/de\/author\/admin4690\/"},"uagb_comment_info":0,"uagb_excerpt":"Reisen, Freiwilligenarbeit, Lernen und Entdecken f\u00fcr alle: Egal, welche Behinderung du hast &#8211; Du hast das Recht, eine Erfahrung im ... Weiterlesen Startseite","_links":{"self":[{"href":"https:\/\/mobility-with-disabilities.org\/de\/wp-json\/wp\/v2\/pages\/3875"}],"collection":[{"href":"https:\/\/mobility-with-disabilities.org\/de\/wp-json\/wp\/v2\/pages"}],"about":[{"href":"https:\/\/mobility-with-disabilities.org\/de\/wp-json\/wp\/v2\/types\/page"}],"author":[{"embeddable":true,"href":"https:\/\/mobility-with-disabilities.org\/de\/wp-json\/wp\/v2\/users\/1"}],"replies":[{"embeddable":true,"href":"https:\/\/mobility-with-disabilities.org\/de\/wp-json\/wp\/v2\/comments?post=3875"}],"version-history":[{"count":12,"href":"https:\/\/mobility-with-disabilities.org\/de\/wp-json\/wp\/v2\/pages\/3875\/revisions"}],"predecessor-version":[{"id":5096,"href":"https:\/\/mobility-with-disabilities.org\/de\/wp-json\/wp\/v2\/pages\/3875\/revisions\/5096"}],"wp:attachment":[{"href":"https:\/\/mobility-with-disabilities.org\/de\/wp-json\/wp\/v2\/media?parent=3875"}],"curies":[{"name":"wp","href":"https:\/\/api.w.org\/{rel}","templated":true}]}}