{"id":4979,"date":"2021-07-30T09:15:40","date_gmt":"2021-07-30T07:15:40","guid":{"rendered":"https:\/\/mobility-with-disabilities.org\/cookie-richtlinie\/"},"modified":"2021-07-30T09:15:41","modified_gmt":"2021-07-30T07:15:41","slug":"cookie-richtlinie","status":"publish","type":"page","link":"https:\/\/mobility-with-disabilities.org\/de\/cookie-richtlinie\/","title":{"rendered":"Cookie-Richtlinie"},"content":{"rendered":"<div class=\"wp-block-image\"><figure class=\"aligncenter size-large is-resized\"><noscript><img src=\"https:\/\/mobility-with-disabilities.org\/wp-content\/uploads\/2020\/06\/cookie-orange.png\" alt class=\"wp-image-2893\" width=\"100\" srcset=\"https:\/\/mobility-with-disabilities.org\/wp-content\/uploads\/2020\/06\/cookie-orange.png 300w, https:\/\/mobility-with-disabilities.org\/wp-content\/uploads\/2020\/06\/cookie-orange-24x24.png 24w, https:\/\/mobility-with-disabilities.org\/wp-content\/uploads\/2020\/06\/cookie-orange-36x36.png 36w, https:\/\/mobility-with-disabilities.org\/wp-content\/uploads\/2020\/06\/cookie-orange-48x48.png 48w\" sizes=\"(max-width: 300px) 100vw, 300px\"><\/noscript><img src=\"data:image\/gif;base64,R0lGODlhAQABAIAAAAAAAP\/\/\/yH5BAEAAAAALAAAAAABAAEAAAIBRAA7\" alt class=\"wp-image-2893 lazyload\" width=\"100\" srcset=\"data:image\/gif;base64,R0lGODlhAQABAIAAAAAAAP\/\/\/yH5BAEAAAAALAAAAAABAAEAAAIBRAA7 100w\" sizes=\"(max-width: 300px) 100vw, 300px\" data-srcset=\"https:\/\/mobility-with-disabilities.org\/wp-content\/uploads\/2020\/06\/cookie-orange.png 300w, https:\/\/mobility-with-disabilities.org\/wp-content\/uploads\/2020\/06\/cookie-orange-24x24.png 24w, https:\/\/mobility-with-disabilities.org\/wp-content\/uploads\/2020\/06\/cookie-orange-36x36.png 36w, https:\/\/mobility-with-disabilities.org\/wp-content\/uploads\/2020\/06\/cookie-orange-48x48.png 48w\" data-src=\"https:\/\/mobility-with-disabilities.org\/wp-content\/uploads\/2020\/06\/cookie-orange.png\" loading=\"lazy\"><\/figure><\/div>\n\n<h1>Cookie-Richtlinie<\/h1>\n\n<h3>1. BESCHREIBUNG<\/h3>\n\n<p>Diese Cookie-Richtlinie (&#8220;Richtlinie&#8221;) beschreibt, was Cookies sind und wie der Website-Betreiber (&#8220;Website-Betreiber&#8221;, &#8220;wir&#8221;, &#8220;uns&#8221; oder &#8220;unser&#8221;) sie auf der <a href=\"http:\/\/www.mobility-with-disabilities.org\">www.mobility-with-disabilities.org<\/a> Website und allen ihren Produkten oder Dienstleistungen (zusammen &#8220;Website&#8221; oder &#8220;Dienste&#8221;) verwendet.<\/p>\n\n<p>Sie sollten diese Richtlinie lesen, damit Sie verstehen, welche Art von Cookies wir verwenden, welche Informationen wir mit Hilfe von Cookies sammeln und wie diese Informationen verwendet werden. Sie beschreibt auch, welche M\u00f6glichkeiten Sie haben, die Verwendung von Cookies zu akzeptieren oder abzulehnen. Weitere Informationen dar\u00fcber, wie wir Ihre pers\u00f6nlichen Daten verwenden, speichern und sicher aufbewahren, finden Sie in unseren Allgemeinen Gesch\u00e4ftsbedingungen.<\/p>\n\n<h3>2. WAS SIND RICHTLINIE?<\/h3>\n\n<p>Richtlinie sind kleine, in Textdateien gespeicherte Daten, die auf Ihrem Computer oder anderen Ger\u00e4ten abgelegt werden, wenn Websites in einem Browser geladen werden. Sie werden h\u00e4ufig verwendet, um sich an Sie und Ihre Pr\u00e4ferenzen zu erinnern, entweder f\u00fcr einen einzigen Besuch (durch einen &#8220;Sitzungs-Cookie&#8221;) oder f\u00fcr mehrere wiederholte Besuche (durch einen &#8220;dauerhaften Cookie&#8221;).<\/p>\n\n<p>Sitzungscookies sind tempor\u00e4re Cookies, die w\u00e4hrend Ihres Besuchs auf der Website verwendet werden und ablaufen, wenn Sie den Webbrowser schlie\u00dfen.<\/p>\n\n<p>Dauerhafte Cookies werden verwendet, um Ihre Pr\u00e4ferenzen auf unserer Website zu speichern, und verbleiben auf Ihrem Desktop oder Mobilger\u00e4t, auch wenn Sie Ihren Browser schlie\u00dfen oder Ihren Computer neu starten. Sie gew\u00e4hrleisten eine konsistente und effiziente Erfahrung f\u00fcr Sie, w\u00e4hrend Sie unsere Website besuchen oder unsere Dienste nutzen.<\/p>\n\n<p>Cookies k\u00f6nnen von der Website (&#8220;Erstanbieter-Cookies&#8221;) oder von Dritten gesetzt werden, z. B. von denen, die Inhalte bereitstellen oder Werbe- oder Analysedienste auf der Website anbieten (&#8220;Drittanbieter-Cookies&#8221;). Diese Dritten k\u00f6nnen Sie erkennen, wenn Sie unsere Website besuchen und auch wenn Sie bestimmte andere Websites besuchen.<\/p>\n\n<h3>3. WELCHE ART VON RICHLINIE VERWENDEN WIR?<\/h3>\n\n<p>Notwendige Cookies erm\u00f6glichen es uns, Ihnen die bestm\u00f6gliche Erfahrung beim Zugriff auf und der Navigation durch unsere Website und die Nutzung ihrer Funktionen zu bieten. Mit diesen Cookies k\u00f6nnen wir zum Beispiel erkennen, dass Sie ein Konto erstellt haben und sich in dieses Konto eingeloggt haben, um auf die Inhalte zuzugreifen.<\/p>\n\n<h3>4. WAS SIND IHRE COOKIE-OPTIONEN?<\/h3>\n\n<p>Wenn Sie mit Cookies oder bestimmten Arten von Cookies nicht einverstanden sind, k\u00f6nnen Sie die Einstellungen Ihres Browsers so \u00e4ndern, dass bereits gesetzte Cookies gel\u00f6scht und neue Cookies nicht akzeptiert werden. Wenn Sie mehr dar\u00fcber erfahren m\u00f6chten, wie Sie dies tun k\u00f6nnen, oder wenn Sie mehr \u00fcber Cookies wissen m\u00f6chten, besuchen Sie <a href=\"https:\/\/www.internetcookies.org\/\">internetcookies.org<\/a><\/p>\n\n<h3>5. \u00c4NDERUNGEN UND ERG\u00c4NZUNGEN<\/h3>\n\n<p>Wir behalten uns das Recht vor, diese Richtlinie in Bezug auf die Website oder die Dienste jederzeit zu \u00e4ndern, und zwar mit Wirkung der Ver\u00f6ffentlichung einer aktualisierten Version dieser Richtlinie auf der Website. Wenn wir dies tun, senden wir Ihnen eine E-Mail, um Sie zu benachrichtigen. Die fortgesetzte Nutzung der Website nach einer solchen \u00c4nderung gilt als Ihre Zustimmung zu diesen \u00c4nderungen. <\/p>\n\n<h3>6. AKZEPTANZ DIESER POLITIK<\/h3>\n\n<p>Sie best\u00e4tigen, dass Sie diese Richtlinie gelesen haben und mit allen darin enthaltenen Bestimmungen und Bedingungen einverstanden sind. Durch die Nutzung der Website oder ihrer Dienste erkl\u00e4ren Sie sich mit dieser Richtlinie einverstanden. Wenn Sie den Bedingungen dieser Richtlinie nicht zustimmen, sind Sie nicht berechtigt, die Website und ihre Dienste zu nutzen oder darauf zuzugreifen.<\/p>\n\n<h3>7. KONTAKTAUFNAHME MIT UNS<\/h3>\n\n<p>Wenn Sie Fragen zu dieser Richtlinie oder unserer Verwendung von Cookies haben, wenden Sie sich bitte an uns.<\/p>\n","protected":false},"excerpt":{"rendered":"<p>Cookie-Richtlinie 1. BESCHREIBUNG Diese Cookie-Richtlinie (&#8220;Richtlinie&#8221;) beschreibt, was Cookies sind und wie der Website-Betreiber (&#8220;Website-Betreiber&#8221;, &#8220;wir&#8221;, &#8220;uns&#8221; oder &#8220;unser&#8221;) sie &#8230; <a title=\"Cookie-Richtlinie\" class=\"read-more\" href=\"https:\/\/mobility-with-disabilities.org\/de\/cookie-richtlinie\/\">Weiterlesen <span class=\"screen-reader-text\">Cookie-Richtlinie<\/span><\/a><\/p>\n","protected":false},"author":1,"featured_media":0,"parent":0,"menu_order":0,"comment_status":"closed","ping_status":"closed","template":"","meta":{"_bbp_topic_count":0,"_bbp_reply_count":0,"_bbp_total_topic_count":0,"_bbp_total_reply_count":0,"_bbp_voice_count":0,"_bbp_anonymous_reply_count":0,"_bbp_topic_count_hidden":0,"_bbp_reply_count_hidden":0,"_bbp_forum_subforum_count":0},"yoast_head":"<!-- This site is optimized with the Yoast SEO plugin v17.9 - https:\/\/yoast.com\/wordpress\/plugins\/seo\/ -->\n<title>Cookie-Richtlinie - Mobility With Disabilities<\/title>\n<meta name=\"robots\" content=\"index, follow, max-snippet:-1, max-image-preview:large, max-video-preview:-1\" \/>\n<link rel=\"canonical\" href=\"https:\/\/mobility-with-disabilities.org\/de\/cookie-richtlinie\/\" \/>\n<meta property=\"og:locale\" content=\"de_DE\" \/>\n<meta property=\"og:type\" content=\"article\" \/>\n<meta property=\"og:title\" content=\"Cookie-Richtlinie - Mobility With Disabilities\" \/>\n<meta property=\"og:description\" content=\"Cookie-Richtlinie 1. BESCHREIBUNG Diese Cookie-Richtlinie (&#8220;Richtlinie&#8221;) beschreibt, was Cookies sind und wie der Website-Betreiber (&#8220;Website-Betreiber&#8221;, &#8220;wir&#8221;, &#8220;uns&#8221; oder &#8220;unser&#8221;) sie ... Weiterlesen Cookie-Richtlinie\" \/>\n<meta property=\"og:url\" content=\"https:\/\/mobility-with-disabilities.org\/de\/cookie-richtlinie\/\" \/>\n<meta property=\"og:site_name\" content=\"Mobility With Disabilities\" \/>\n<meta property=\"article:modified_time\" content=\"2021-07-30T07:15:41+00:00\" \/>\n<meta property=\"og:image\" content=\"https:\/\/mobility-with-disabilities.org\/wp-content\/uploads\/2020\/06\/cookie-orange.png\" \/>\n<meta name=\"twitter:card\" content=\"summary_large_image\" \/>\n<meta name=\"twitter:label1\" content=\"Gesch\u00e4tzte Lesezeit\" \/>\n\t<meta name=\"twitter:data1\" content=\"3\u00a0Minuten\" \/>\n<script type=\"application\/ld+json\" class=\"yoast-schema-graph\">{\"@context\":\"https:\/\/schema.org\",\"@graph\":[{\"@type\":\"Organization\",\"@id\":\"https:\/\/mobility-with-disabilities.org\/#organization\",\"name\":\"Mobility with disabilities\",\"url\":\"https:\/\/mobility-with-disabilities.org\/\",\"sameAs\":[],\"logo\":{\"@type\":\"ImageObject\",\"@id\":\"https:\/\/mobility-with-disabilities.org\/#logo\",\"inLanguage\":\"de\",\"url\":\"https:\/\/mobility-with-disabilities.org\/wp-content\/uploads\/2019\/11\/logo-Transparent.png\",\"contentUrl\":\"https:\/\/mobility-with-disabilities.org\/wp-content\/uploads\/2019\/11\/logo-Transparent.png\",\"width\":1904,\"height\":638,\"caption\":\"Mobility with disabilities\"},\"image\":{\"@id\":\"https:\/\/mobility-with-disabilities.org\/#logo\"}},{\"@type\":\"WebSite\",\"@id\":\"https:\/\/mobility-with-disabilities.org\/#website\",\"url\":\"https:\/\/mobility-with-disabilities.org\/\",\"name\":\"Mobility With Disabilities\",\"description\":\"\",\"publisher\":{\"@id\":\"https:\/\/mobility-with-disabilities.org\/#organization\"},\"potentialAction\":[{\"@type\":\"SearchAction\",\"target\":{\"@type\":\"EntryPoint\",\"urlTemplate\":\"https:\/\/mobility-with-disabilities.org\/?s={search_term_string}\"},\"query-input\":\"required name=search_term_string\"}],\"inLanguage\":\"de\"},{\"@type\":\"ImageObject\",\"@id\":\"https:\/\/mobility-with-disabilities.org\/de\/cookie-richtlinie\/#primaryimage\",\"inLanguage\":\"de\",\"url\":\"https:\/\/mobility-with-disabilities.org\/wp-content\/uploads\/2020\/06\/cookie-orange.png\",\"contentUrl\":\"https:\/\/mobility-with-disabilities.org\/wp-content\/uploads\/2020\/06\/cookie-orange.png\",\"width\":300,\"height\":296},{\"@type\":\"WebPage\",\"@id\":\"https:\/\/mobility-with-disabilities.org\/de\/cookie-richtlinie\/#webpage\",\"url\":\"https:\/\/mobility-with-disabilities.org\/de\/cookie-richtlinie\/\",\"name\":\"Cookie-Richtlinie - Mobility With Disabilities\",\"isPartOf\":{\"@id\":\"https:\/\/mobility-with-disabilities.org\/#website\"},\"primaryImageOfPage\":{\"@id\":\"https:\/\/mobility-with-disabilities.org\/de\/cookie-richtlinie\/#primaryimage\"},\"datePublished\":\"2021-07-30T07:15:40+00:00\",\"dateModified\":\"2021-07-30T07:15:41+00:00\",\"breadcrumb\":{\"@id\":\"https:\/\/mobility-with-disabilities.org\/de\/cookie-richtlinie\/#breadcrumb\"},\"inLanguage\":\"de\",\"potentialAction\":[{\"@type\":\"ReadAction\",\"target\":[\"https:\/\/mobility-with-disabilities.org\/de\/cookie-richtlinie\/\"]}]},{\"@type\":\"BreadcrumbList\",\"@id\":\"https:\/\/mobility-with-disabilities.org\/de\/cookie-richtlinie\/#breadcrumb\",\"itemListElement\":[{\"@type\":\"ListItem\",\"position\":1,\"name\":\"Accueil\",\"item\":\"https:\/\/mobility-with-disabilities.org\/de\/\"},{\"@type\":\"ListItem\",\"position\":2,\"name\":\"Cookie-Richtlinie\"}]}]}<\/script>\n<!-- \/ Yoast SEO plugin. -->","yoast_head_json":{"title":"Cookie-Richtlinie - Mobility With Disabilities","robots":{"index":"index","follow":"follow","max-snippet":"max-snippet:-1","max-image-preview":"max-image-preview:large","max-video-preview":"max-video-preview:-1"},"canonical":"https:\/\/mobility-with-disabilities.org\/de\/cookie-richtlinie\/","og_locale":"de_DE","og_type":"article","og_title":"Cookie-Richtlinie - Mobility With Disabilities","og_description":"Cookie-Richtlinie 1. BESCHREIBUNG Diese Cookie-Richtlinie (&#8220;Richtlinie&#8221;) beschreibt, was Cookies sind und wie der Website-Betreiber (&#8220;Website-Betreiber&#8221;, &#8220;wir&#8221;, &#8220;uns&#8221; oder &#8220;unser&#8221;) sie ... Weiterlesen Cookie-Richtlinie","og_url":"https:\/\/mobility-with-disabilities.org\/de\/cookie-richtlinie\/","og_site_name":"Mobility With Disabilities","article_modified_time":"2021-07-30T07:15:41+00:00","og_image":[{"url":"https:\/\/mobility-with-disabilities.org\/wp-content\/uploads\/2020\/06\/cookie-orange.png"}],"twitter_card":"summary_large_image","twitter_misc":{"Gesch\u00e4tzte Lesezeit":"3\u00a0Minuten"},"schema":{"@context":"https:\/\/schema.org","@graph":[{"@type":"Organization","@id":"https:\/\/mobility-with-disabilities.org\/#organization","name":"Mobility with disabilities","url":"https:\/\/mobility-with-disabilities.org\/","sameAs":[],"logo":{"@type":"ImageObject","@id":"https:\/\/mobility-with-disabilities.org\/#logo","inLanguage":"de","url":"https:\/\/mobility-with-disabilities.org\/wp-content\/uploads\/2019\/11\/logo-Transparent.png","contentUrl":"https:\/\/mobility-with-disabilities.org\/wp-content\/uploads\/2019\/11\/logo-Transparent.png","width":1904,"height":638,"caption":"Mobility with disabilities"},"image":{"@id":"https:\/\/mobility-with-disabilities.org\/#logo"}},{"@type":"WebSite","@id":"https:\/\/mobility-with-disabilities.org\/#website","url":"https:\/\/mobility-with-disabilities.org\/","name":"Mobility With Disabilities","description":"","publisher":{"@id":"https:\/\/mobility-with-disabilities.org\/#organization"},"potentialAction":[{"@type":"SearchAction","target":{"@type":"EntryPoint","urlTemplate":"https:\/\/mobility-with-disabilities.org\/?s={search_term_string}"},"query-input":"required name=search_term_string"}],"inLanguage":"de"},{"@type":"ImageObject","@id":"https:\/\/mobility-with-disabilities.org\/de\/cookie-richtlinie\/#primaryimage","inLanguage":"de","url":"https:\/\/mobility-with-disabilities.org\/wp-content\/uploads\/2020\/06\/cookie-orange.png","contentUrl":"https:\/\/mobility-with-disabilities.org\/wp-content\/uploads\/2020\/06\/cookie-orange.png","width":300,"height":296},{"@type":"WebPage","@id":"https:\/\/mobility-with-disabilities.org\/de\/cookie-richtlinie\/#webpage","url":"https:\/\/mobility-with-disabilities.org\/de\/cookie-richtlinie\/","name":"Cookie-Richtlinie - Mobility With Disabilities","isPartOf":{"@id":"https:\/\/mobility-with-disabilities.org\/#website"},"primaryImageOfPage":{"@id":"https:\/\/mobility-with-disabilities.org\/de\/cookie-richtlinie\/#primaryimage"},"datePublished":"2021-07-30T07:15:40+00:00","dateModified":"2021-07-30T07:15:41+00:00","breadcrumb":{"@id":"https:\/\/mobility-with-disabilities.org\/de\/cookie-richtlinie\/#breadcrumb"},"inLanguage":"de","potentialAction":[{"@type":"ReadAction","target":["https:\/\/mobility-with-disabilities.org\/de\/cookie-richtlinie\/"]}]},{"@type":"BreadcrumbList","@id":"https:\/\/mobility-with-disabilities.org\/de\/cookie-richtlinie\/#breadcrumb","itemListElement":[{"@type":"ListItem","position":1,"name":"Accueil","item":"https:\/\/mobility-with-disabilities.org\/de\/"},{"@type":"ListItem","position":2,"name":"Cookie-Richtlinie"}]}]}},"uagb_featured_image_src":{"full":false,"thumbnail":false,"medium":false,"medium_large":false,"large":false,"1536x1536":false,"2048x2048":false,"alm-thumbnail":false,"course_thumbnail":false,"profile_24":false,"profile_48":false,"profile_96":false,"profile_150":false,"profile_300":false},"uagb_author_info":{"display_name":"IMD","author_link":"https:\/\/mobility-with-disabilities.org\/de\/author\/admin4690\/"},"uagb_comment_info":0,"uagb_excerpt":"Cookie-Richtlinie 1. BESCHREIBUNG Diese Cookie-Richtlinie (&#8220;Richtlinie&#8221;) beschreibt, was Cookies sind und wie der Website-Betreiber (&#8220;Website-Betreiber&#8221;, &#8220;wir&#8221;, &#8220;uns&#8221; oder &#8220;unser&#8221;) sie ... Weiterlesen Cookie-Richtlinie","_links":{"self":[{"href":"https:\/\/mobility-with-disabilities.org\/de\/wp-json\/wp\/v2\/pages\/4979"}],"collection":[{"href":"https:\/\/mobility-with-disabilities.org\/de\/wp-json\/wp\/v2\/pages"}],"about":[{"href":"https:\/\/mobility-with-disabilities.org\/de\/wp-json\/wp\/v2\/types\/page"}],"author":[{"embeddable":true,"href":"https:\/\/mobility-with-disabilities.org\/de\/wp-json\/wp\/v2\/users\/1"}],"replies":[{"embeddable":true,"href":"https:\/\/mobility-with-disabilities.org\/de\/wp-json\/wp\/v2\/comments?post=4979"}],"version-history":[{"count":1,"href":"https:\/\/mobility-with-disabilities.org\/de\/wp-json\/wp\/v2\/pages\/4979\/revisions"}],"predecessor-version":[{"id":4980,"href":"https:\/\/mobility-with-disabilities.org\/de\/wp-json\/wp\/v2\/pages\/4979\/revisions\/4980"}],"wp:attachment":[{"href":"https:\/\/mobility-with-disabilities.org\/de\/wp-json\/wp\/v2\/media?parent=4979"}],"curies":[{"name":"wp","href":"https:\/\/api.w.org\/{rel}","templated":true}]}}