{"id":4983,"date":"2021-07-30T09:42:17","date_gmt":"2021-07-30T07:42:17","guid":{"rendered":"https:\/\/mobility-with-disabilities.org\/fuer-jugendliche-mit-behinderungen\/zurueckkommen\/"},"modified":"2021-07-30T09:42:17","modified_gmt":"2021-07-30T07:42:17","slug":"zurueckkommen","status":"publish","type":"page","link":"https:\/\/mobility-with-disabilities.org\/de\/fuer-jugendliche-mit-behinderungen\/zurueckkommen\/","title":{"rendered":"Zur\u00fcckkommen"},"content":{"rendered":"<div class=\"wp-block-image\"><figure class=\"aligncenter size-large is-resized\"><noscript><img src=\"https:\/\/mobility-with-disabilities.org\/wp-content\/uploads\/2021\/06\/orange_youthwdis.png\" alt=\"Jugendliche mit Behinderungen\" class=\"wp-image-4502\" width=\"130\" height=\"147\"><\/noscript><img src=\"data:image\/svg+xml,%3Csvg%20xmlns%3D%22http%3A%2F%2Fwww.w3.org%2F2000%2Fsvg%22%20viewBox%3D%220%200%20130%20147%22%3E%3C%2Fsvg%3E\" alt=\"Jugendliche mit Behinderungen\" class=\"wp-image-4502 lazyload\" width=\"130\" height=\"147\" data-src=\"https:\/\/mobility-with-disabilities.org\/wp-content\/uploads\/2021\/06\/orange_youthwdis.png\" loading=\"lazy\"><\/figure><\/div>\n\n<h2 class=\"has-text-align-center\"><a href=\"http:\/\/mobility-with-disabilities.org\/for-youth-with-disabilities\/\">Jugendliche mit Behinderungen<\/a><\/h2>\n\n<div class=\"wp-block-image\"><figure class=\"aligncenter size-large is-resized\"><noscript><img src=\"https:\/\/mobility-with-disabilities.org\/wp-content\/uploads\/2021\/06\/blue_coming-back.png\" alt class=\"wp-image-4412\" width=\"80\"><\/noscript><img src=\"data:image\/gif;base64,R0lGODlhAQABAIAAAAAAAP\/\/\/yH5BAEAAAAALAAAAAABAAEAAAIBRAA7\" alt class=\"wp-image-4412 lazyload\" width=\"80\" data-src=\"https:\/\/mobility-with-disabilities.org\/wp-content\/uploads\/2021\/06\/blue_coming-back.png\" loading=\"lazy\"><\/figure><\/div>\n\n<h1 class=\"has-text-align-center block-media-title has-text-color\" style=\"color:#d14905\">ZUR\u00dcCKKOMMEN<\/h1>\n\n<p>Nach der R\u00fcckkehr ist es wichtig, das w\u00e4hrend des Auslandsaufenthaltes Gelernte hervorzuheben. Das ist eine gro\u00dfe Hilfe f\u00fcr Ihre berufliche und pers\u00f6nliche Zukunft. Es liegt an Ihnen, zu bestimmen, was Sie am meisten bereichert hat.<\/p>\n\n<h3>Entdecken Sie Ihre neuen F\u00e4higkeiten<\/h3>\n\n<p>Um die F\u00e4higkeiten zu verstehen, die Sie erwerben konnten, ist es wichtig, dar\u00fcber nachzudenken, was Sie als &#8220;<strong>soft skills<\/strong>&#8221; entwickeln konnten, die eher w\u00e4hrend Ihrer Mobilit\u00e4t entwickelt werden und daher zu sch\u00e4tzen sind. Soft Skills sind emotionale und relationale F\u00e4higkeiten (Beispiel: Kreativit\u00e4t, Kommunikation, Anpassung usw.) im Gegensatz zu &#8220;<strong>hard skills<\/strong>&#8220;, die technische F\u00e4higkeiten sind (Diplome, Noten, Zertifikate, formale F\u00e4higkeiten).<\/p>\n\n<p>Sie k\u00f6nnen eine Bewertung Ihrer Soft Skills am Ende Ihrer Mobilit\u00e4tsphase vornehmen, aber es ist wichtig, diese Bewertung bereits w\u00e4hrend Ihrer Mobilit\u00e4tsphase vorzunehmen. Fragen Sie sich, was Sie lernen konnten (wie hat mich diese Reise weitergebracht? Welche F\u00e4higkeiten habe ich entwickelt? usw.). F\u00e4higkeiten wie Anpassung, Toleranz, Teamgeist oder auch das Erlernen einer Sprache sind F\u00e4higkeiten, die in einem Lebenslauf oder bei einem Vorstellungsgespr\u00e4ch bewertet werden k\u00f6nnen.<\/p>\n\n<div class=\"wp-block-columns are-vertically-aligned-center\">\n<div class=\"wp-block-column is-vertically-aligned-center\">\n<h3>Einige Tools, die Ihnen helfen<\/h3>\n\n\n\n<ul><li>Sie k\u00f6nnen das <a rel=\"noreferrer noopener\" aria-label=\" (opens in a new tab)\" href=\"https:\/\/www.aki-app.org\/en\/\" target=\"_blank\">AKI-Tool<\/a> verwenden, das Ihnen hilft, die &#8220;Soft Skills&#8221; (Anpassungsf\u00e4higkeit, emotionale Intelligenz, Kommunikation, Kreativit\u00e4t usw.) zu verstehen, die Sie entwickeln konnten.<\/li><\/ul>\n\n\n<ul><li>Dar\u00fcber hinaus gibt es den <a href=\"https:\/\/www.youthpass.eu\/en\/\" target=\"_blank\" rel=\"noreferrer noopener\" aria-label=\" (\u00f6ffnet in einem neuen Tab)\">Jugendpass<\/a>, mit dem Sie Ihre im Rahmen Ihrer internationalen Mobilit\u00e4t erworbenen F\u00e4higkeiten nachweisen k\u00f6nnen. Er ist ein in der gesamten Europ\u00e4ischen Union anerkanntes Instrument, das nach Ihrer R\u00fcckkehr aus dem Ausland gesch\u00e4tzt wird. Der Youthpass f\u00f6rdert die Unterst\u00fctzung und Entwicklung des nicht-formalen pers\u00f6nlichen Lernens. Sie k\u00f6nnen einen Referenten Ihrer entsendenden oder aufnehmenden Struktur bitten, den Jugendpass f\u00fcr Sie zu erstellen.<\/li><\/ul>\n\n\n<ul><li>Au\u00dferdem gibt es den <a rel=\"noreferrer noopener\" aria-label=\" (\u00f6ffnet in einem neuen Tab)\" href=\"https:\/\/europass.cedefop.europa.eu\/documents\/european-skills-passport\/europass-mobility\" target=\"_blank\">Europass<\/a>. Ziel ist es, die B\u00fcrgerinnen und B\u00fcrger dabei zu unterst\u00fctzen, ihre F\u00e4higkeiten und Qualifikationen wirksam zu entwickeln, um ihnen einen Vorteil auf dem Arbeitsmarkt zu verschaffen. Der Europass besteht aus f\u00fcnf Dokumenten, die online verf\u00fcgbar sind:<ul><li>Der Lebenslauf hilft Ihnen, Ihre F\u00e4higkeiten und Qualifikationen bei der Arbeitssuche effektiv und klar darzustellen.<\/li><li>Der Sprachenpass ist ein Bewertungsinstrument, mit dem Sie Ihr Sprachniveau ermitteln k\u00f6nnen.<\/li><\/ul><\/li><\/ul><\/div>\n\n\n\n<div class=\"wp-block-column is-vertically-aligned-center\">\n<figure class=\"wp-block-image size-large\"><noscript><img width=\"768\" height=\"614\" src=\"https:\/\/mobility-with-disabilities.org\/wp-content\/uploads\/2020\/04\/startup-593343_1920.jpg\" alt class=\"wp-image-2553\" srcset=\"https:\/\/mobility-with-disabilities.org\/wp-content\/uploads\/2020\/04\/startup-593343_1920.jpg 768w, https:\/\/mobility-with-disabilities.org\/wp-content\/uploads\/2020\/04\/startup-593343_1920-300x240.jpg 300w, https:\/\/mobility-with-disabilities.org\/wp-content\/uploads\/2020\/04\/startup-593343_1920-24x19.jpg 24w, https:\/\/mobility-with-disabilities.org\/wp-content\/uploads\/2020\/04\/startup-593343_1920-36x29.jpg 36w, https:\/\/mobility-with-disabilities.org\/wp-content\/uploads\/2020\/04\/startup-593343_1920-48x38.jpg 48w\" sizes=\"(max-width: 768px) 100vw, 768px\"><\/noscript><img width=\"768\" height=\"614\" src=\"data:image\/svg+xml,%3Csvg%20xmlns%3D%22http%3A%2F%2Fwww.w3.org%2F2000%2Fsvg%22%20viewBox%3D%220%200%20768%20614%22%3E%3C%2Fsvg%3E\" alt class=\"wp-image-2553 lazyload\" srcset=\"data:image\/svg+xml,%3Csvg%20xmlns%3D%22http%3A%2F%2Fwww.w3.org%2F2000%2Fsvg%22%20viewBox%3D%220%200%20768%20614%22%3E%3C%2Fsvg%3E 768w\" sizes=\"(max-width: 768px) 100vw, 768px\" data-srcset=\"https:\/\/mobility-with-disabilities.org\/wp-content\/uploads\/2020\/04\/startup-593343_1920.jpg 768w, https:\/\/mobility-with-disabilities.org\/wp-content\/uploads\/2020\/04\/startup-593343_1920-300x240.jpg 300w, https:\/\/mobility-with-disabilities.org\/wp-content\/uploads\/2020\/04\/startup-593343_1920-24x19.jpg 24w, https:\/\/mobility-with-disabilities.org\/wp-content\/uploads\/2020\/04\/startup-593343_1920-36x29.jpg 36w, https:\/\/mobility-with-disabilities.org\/wp-content\/uploads\/2020\/04\/startup-593343_1920-48x38.jpg 48w\" data-src=\"https:\/\/mobility-with-disabilities.org\/wp-content\/uploads\/2020\/04\/startup-593343_1920.jpg\" loading=\"lazy\"><figcaption>Brainstorming und Verwendung von Post-its<\/figcaption><\/figure><\/div>\n<\/div>\n\n<div class=\"wp-block-columns\">\n<div class=\"wp-block-column\">\n<p>Die folgenden Dokumente werden von den Beh\u00f6rden f\u00fcr allgemeine und berufliche Bildung ausgestellt:<\/p>\n\n\n\n<p>Der <strong>Europass Mobilit\u00e4t<\/strong> ist ein Instrument zur F\u00f6rderung Ihrer w\u00e4hrend Ihrer Mobilit\u00e4t erworbenen F\u00e4higkeiten. Er ist derjenige, der Ihre Erfahrung am meisten sch\u00e4tzen wird. Sie k\u00f6nnen die verschiedenen Schritte bez\u00fcglich des Europasses nach Ihrer Mobilit\u00e4t mit der Person in der entsendenden Struktur durchf\u00fchren.<\/p>\n\n\n\n<p><strong>Die Zeugniserl\u00e4uterung<\/strong> ist ein Instrument, das die von Inhabern von Berufsbildungszeugnissen erworbenen Kenntnisse und F\u00e4higkeiten darstellt, w\u00e4hrend der Diplomzusatz die Inhaber von Hochschuldiplomen betrifft.<\/p>\n<\/div>\n\n\n\n<div class=\"wp-block-column\">\n<p>Sie k\u00f6nnen versuchen, Ihre Erfahrungen mit Hilfe verschiedener Akteure zu verbessern, wie z.B. <strong>Professoren<\/strong> von Ihrer Gast- und Entsendeuniversit\u00e4t, <strong>ESN-Vereinigungen<\/strong> vor Ort oder in der Umgebung, oder auch <strong>Fachleute aus der Welt der Behinderung<\/strong> (Verb\u00e4nde, Jugenddienste des Rathauses, Rathausdienst f\u00fcr Menschen mit Behinderungen usw.), sie sind da, um Ihnen zu helfen und Sie bei Ihrem Mobilit\u00e4tsprojekt, aber auch bei Ihrer beruflichen Integration zu unterst\u00fctzen.<\/p>\n\n\n\n<p>Weitere Informationen \u00fcber lokale Vereine, die kulturelle Veranstaltungen und Aktivit\u00e4ten organisieren, finden Sie in den lokalen ESN-Sektionen <a href=\"https:\/\/esn.org\/sections\">https:\/\/esn.org\/sections<\/a><\/p>\n<\/div>\n<\/div>\n\n<section class=\"wp-block-uagb-columns uagb-columns__wrap uagb-columns__background-undefined uagb-columns__stack-mobile uagb-columns__valign-undefined uagb-columns__gap-0 alignundefined uagb-block-9fe8ca6e\"><div class=\"uagb-columns__overlay\"><\/div><div class=\"uagb-columns__inner-wrap uagb-columns__columns-3\">\n<div class=\"wp-block-uagb-column uagb-column__wrap uagb-column__background-undefined uagb-block-c971b005\"><div class=\"uagb-column__overlay\"><\/div><div class=\"uagb-column__inner-wrap\">\n<p><\/p>\n<\/div><\/div>\n\n\n\n<div class=\"wp-block-uagb-column uagb-column__wrap uagb-column__background-undefined uagb-block-5f6f8262\"><div class=\"uagb-column__overlay\"><\/div><div class=\"uagb-column__inner-wrap\">\n<div class=\"wp-block-group has-text-color has-background\" style=\"background-color:#3343bc;color:#ffffff\"><div class=\"wp-block-group__inner-container\">\n<p>Sie m\u00f6chten Ihre Erfahrungen im Ausland weitergeben? Sie m\u00f6chten zeigen, welche Kompetenzen Sie entwickelt haben? Besuchen Sie die Seite &#8220;Sie haben es geschafft!&#8221;:<\/p>\n<\/div><\/div>\n\n\n\n<div class=\"wp-block-image\"><figure class=\"aligncenter size-large is-resized\"><noscript><img src=\"https:\/\/mobility-with-disabilities.org\/wp-content\/uploads\/2021\/06\/orange_TDI.png\" alt class=\"wp-image-4492\" width=\"96\" height=\"114\"><\/noscript><img src=\"data:image\/svg+xml,%3Csvg%20xmlns%3D%22http%3A%2F%2Fwww.w3.org%2F2000%2Fsvg%22%20viewBox%3D%220%200%2096%20114%22%3E%3C%2Fsvg%3E\" alt class=\"wp-image-4492 lazyload\" width=\"96\" height=\"114\" data-src=\"https:\/\/mobility-with-disabilities.org\/wp-content\/uploads\/2021\/06\/orange_TDI.png\" loading=\"lazy\"><\/figure><\/div>\n\n\n\n<p class=\"has-text-align-center\"><strong><a href=\"http:\/\/mobility-with-disabilities.org\/they-did-it\/\">Sie haben es geschafft!<\/a><\/strong><\/p>\n<\/div><\/div>\n\n\n\n<div class=\"wp-block-uagb-column uagb-column__wrap uagb-column__background-undefined uagb-block-cfe98de0\"><div class=\"uagb-column__overlay\"><\/div><div class=\"uagb-column__inner-wrap\"><\/div><\/div>\n<\/div><\/section>\n","protected":false},"excerpt":{"rendered":"<p>Jugendliche mit Behinderungen ZUR\u00dcCKKOMMEN Nach der R\u00fcckkehr ist es wichtig, das w\u00e4hrend des Auslandsaufenthaltes Gelernte hervorzuheben. Das ist eine gro\u00dfe &#8230; <a title=\"Zur\u00fcckkommen\" class=\"read-more\" href=\"https:\/\/mobility-with-disabilities.org\/de\/fuer-jugendliche-mit-behinderungen\/zurueckkommen\/\">Weiterlesen <span class=\"screen-reader-text\">Zur\u00fcckkommen<\/span><\/a><\/p>\n","protected":false},"author":1,"featured_media":0,"parent":4981,"menu_order":0,"comment_status":"closed","ping_status":"closed","template":"","meta":{"_bbp_topic_count":0,"_bbp_reply_count":0,"_bbp_total_topic_count":0,"_bbp_total_reply_count":0,"_bbp_voice_count":0,"_bbp_anonymous_reply_count":0,"_bbp_topic_count_hidden":0,"_bbp_reply_count_hidden":0,"_bbp_forum_subforum_count":0},"yoast_head":"<!-- This site is optimized with the Yoast SEO plugin v17.9 - https:\/\/yoast.com\/wordpress\/plugins\/seo\/ -->\n<title>Zur\u00fcckkommen - Mobility With Disabilities<\/title>\n<meta name=\"description\" content=\"Diese Seite ist der R\u00fcckkehr der Mobilit\u00e4t gewidmet, wie Sie Ihre internationale Mobilit\u00e4t erfolgreich f\u00f6rdern k\u00f6nnen und mit welchen Instrumenten.\" \/>\n<meta name=\"robots\" content=\"index, follow, max-snippet:-1, max-image-preview:large, max-video-preview:-1\" \/>\n<link rel=\"canonical\" href=\"https:\/\/mobility-with-disabilities.org\/de\/fuer-jugendliche-mit-behinderungen\/zurueckkommen\/\" \/>\n<meta property=\"og:locale\" content=\"de_DE\" \/>\n<meta property=\"og:type\" content=\"article\" \/>\n<meta property=\"og:title\" content=\"Zur\u00fcckkommen - Mobility With Disabilities\" \/>\n<meta property=\"og:description\" content=\"Diese Seite ist der R\u00fcckkehr der Mobilit\u00e4t gewidmet, wie Sie Ihre internationale Mobilit\u00e4t erfolgreich f\u00f6rdern k\u00f6nnen und mit welchen Instrumenten.\" \/>\n<meta property=\"og:url\" content=\"https:\/\/mobility-with-disabilities.org\/de\/fuer-jugendliche-mit-behinderungen\/zurueckkommen\/\" \/>\n<meta property=\"og:site_name\" content=\"Mobility With Disabilities\" \/>\n<meta property=\"og:image\" content=\"https:\/\/mobility-with-disabilities.org\/wp-content\/uploads\/2021\/06\/orange_youthwdis.png\" \/>\n<meta name=\"twitter:card\" content=\"summary_large_image\" \/>\n<meta name=\"twitter:label1\" content=\"Gesch\u00e4tzte Lesezeit\" \/>\n\t<meta name=\"twitter:data1\" content=\"3\u00a0Minuten\" \/>\n<script type=\"application\/ld+json\" class=\"yoast-schema-graph\">{\"@context\":\"https:\/\/schema.org\",\"@graph\":[{\"@type\":\"Organization\",\"@id\":\"https:\/\/mobility-with-disabilities.org\/#organization\",\"name\":\"Mobility with disabilities\",\"url\":\"https:\/\/mobility-with-disabilities.org\/\",\"sameAs\":[],\"logo\":{\"@type\":\"ImageObject\",\"@id\":\"https:\/\/mobility-with-disabilities.org\/#logo\",\"inLanguage\":\"de\",\"url\":\"https:\/\/mobility-with-disabilities.org\/wp-content\/uploads\/2019\/11\/logo-Transparent.png\",\"contentUrl\":\"https:\/\/mobility-with-disabilities.org\/wp-content\/uploads\/2019\/11\/logo-Transparent.png\",\"width\":1904,\"height\":638,\"caption\":\"Mobility with disabilities\"},\"image\":{\"@id\":\"https:\/\/mobility-with-disabilities.org\/#logo\"}},{\"@type\":\"WebSite\",\"@id\":\"https:\/\/mobility-with-disabilities.org\/#website\",\"url\":\"https:\/\/mobility-with-disabilities.org\/\",\"name\":\"Mobility With Disabilities\",\"description\":\"\",\"publisher\":{\"@id\":\"https:\/\/mobility-with-disabilities.org\/#organization\"},\"potentialAction\":[{\"@type\":\"SearchAction\",\"target\":{\"@type\":\"EntryPoint\",\"urlTemplate\":\"https:\/\/mobility-with-disabilities.org\/?s={search_term_string}\"},\"query-input\":\"required name=search_term_string\"}],\"inLanguage\":\"de\"},{\"@type\":\"ImageObject\",\"@id\":\"https:\/\/mobility-with-disabilities.org\/de\/fuer-jugendliche-mit-behinderungen\/zurueckkommen\/#primaryimage\",\"inLanguage\":\"de\",\"url\":\"https:\/\/mobility-with-disabilities.org\/wp-content\/uploads\/2021\/06\/orange_youthwdis.png\",\"contentUrl\":\"https:\/\/mobility-with-disabilities.org\/wp-content\/uploads\/2021\/06\/orange_youthwdis.png\",\"width\":232,\"height\":265},{\"@type\":\"WebPage\",\"@id\":\"https:\/\/mobility-with-disabilities.org\/de\/fuer-jugendliche-mit-behinderungen\/zurueckkommen\/#webpage\",\"url\":\"https:\/\/mobility-with-disabilities.org\/de\/fuer-jugendliche-mit-behinderungen\/zurueckkommen\/\",\"name\":\"Zur\\u00fcckkommen - Mobility With Disabilities\",\"isPartOf\":{\"@id\":\"https:\/\/mobility-with-disabilities.org\/#website\"},\"primaryImageOfPage\":{\"@id\":\"https:\/\/mobility-with-disabilities.org\/de\/fuer-jugendliche-mit-behinderungen\/zurueckkommen\/#primaryimage\"},\"datePublished\":\"2021-07-30T07:42:17+00:00\",\"dateModified\":\"2021-07-30T07:42:17+00:00\",\"description\":\"Diese Seite ist der R\\u00fcckkehr der Mobilit\\u00e4t gewidmet, wie Sie Ihre internationale Mobilit\\u00e4t erfolgreich f\\u00f6rdern k\\u00f6nnen und mit welchen Instrumenten.\",\"breadcrumb\":{\"@id\":\"https:\/\/mobility-with-disabilities.org\/de\/fuer-jugendliche-mit-behinderungen\/zurueckkommen\/#breadcrumb\"},\"inLanguage\":\"de\",\"potentialAction\":[{\"@type\":\"ReadAction\",\"target\":[\"https:\/\/mobility-with-disabilities.org\/de\/fuer-jugendliche-mit-behinderungen\/zurueckkommen\/\"]}]},{\"@type\":\"BreadcrumbList\",\"@id\":\"https:\/\/mobility-with-disabilities.org\/de\/fuer-jugendliche-mit-behinderungen\/zurueckkommen\/#breadcrumb\",\"itemListElement\":[{\"@type\":\"ListItem\",\"position\":1,\"name\":\"Accueil\",\"item\":\"https:\/\/mobility-with-disabilities.org\/de\/\"},{\"@type\":\"ListItem\",\"position\":2,\"name\":\"F\\u00fcr Jugendliche mit Behinderungen\",\"item\":\"https:\/\/mobility-with-disabilities.org\/de\/fuer-jugendliche-mit-behinderungen\/\"},{\"@type\":\"ListItem\",\"position\":3,\"name\":\"Zur\\u00fcckkommen\"}]}]}<\/script>\n<!-- \/ Yoast SEO plugin. -->","yoast_head_json":{"title":"Zur\u00fcckkommen - Mobility With Disabilities","description":"Diese Seite ist der R\u00fcckkehr der Mobilit\u00e4t gewidmet, wie Sie Ihre internationale Mobilit\u00e4t erfolgreich f\u00f6rdern k\u00f6nnen und mit welchen Instrumenten.","robots":{"index":"index","follow":"follow","max-snippet":"max-snippet:-1","max-image-preview":"max-image-preview:large","max-video-preview":"max-video-preview:-1"},"canonical":"https:\/\/mobility-with-disabilities.org\/de\/fuer-jugendliche-mit-behinderungen\/zurueckkommen\/","og_locale":"de_DE","og_type":"article","og_title":"Zur\u00fcckkommen - Mobility With Disabilities","og_description":"Diese Seite ist der R\u00fcckkehr der Mobilit\u00e4t gewidmet, wie Sie Ihre internationale Mobilit\u00e4t erfolgreich f\u00f6rdern k\u00f6nnen und mit welchen Instrumenten.","og_url":"https:\/\/mobility-with-disabilities.org\/de\/fuer-jugendliche-mit-behinderungen\/zurueckkommen\/","og_site_name":"Mobility With Disabilities","og_image":[{"url":"https:\/\/mobility-with-disabilities.org\/wp-content\/uploads\/2021\/06\/orange_youthwdis.png"}],"twitter_card":"summary_large_image","twitter_misc":{"Gesch\u00e4tzte Lesezeit":"3\u00a0Minuten"},"schema":{"@context":"https:\/\/schema.org","@graph":[{"@type":"Organization","@id":"https:\/\/mobility-with-disabilities.org\/#organization","name":"Mobility with disabilities","url":"https:\/\/mobility-with-disabilities.org\/","sameAs":[],"logo":{"@type":"ImageObject","@id":"https:\/\/mobility-with-disabilities.org\/#logo","inLanguage":"de","url":"https:\/\/mobility-with-disabilities.org\/wp-content\/uploads\/2019\/11\/logo-Transparent.png","contentUrl":"https:\/\/mobility-with-disabilities.org\/wp-content\/uploads\/2019\/11\/logo-Transparent.png","width":1904,"height":638,"caption":"Mobility with disabilities"},"image":{"@id":"https:\/\/mobility-with-disabilities.org\/#logo"}},{"@type":"WebSite","@id":"https:\/\/mobility-with-disabilities.org\/#website","url":"https:\/\/mobility-with-disabilities.org\/","name":"Mobility With Disabilities","description":"","publisher":{"@id":"https:\/\/mobility-with-disabilities.org\/#organization"},"potentialAction":[{"@type":"SearchAction","target":{"@type":"EntryPoint","urlTemplate":"https:\/\/mobility-with-disabilities.org\/?s={search_term_string}"},"query-input":"required name=search_term_string"}],"inLanguage":"de"},{"@type":"ImageObject","@id":"https:\/\/mobility-with-disabilities.org\/de\/fuer-jugendliche-mit-behinderungen\/zurueckkommen\/#primaryimage","inLanguage":"de","url":"https:\/\/mobility-with-disabilities.org\/wp-content\/uploads\/2021\/06\/orange_youthwdis.png","contentUrl":"https:\/\/mobility-with-disabilities.org\/wp-content\/uploads\/2021\/06\/orange_youthwdis.png","width":232,"height":265},{"@type":"WebPage","@id":"https:\/\/mobility-with-disabilities.org\/de\/fuer-jugendliche-mit-behinderungen\/zurueckkommen\/#webpage","url":"https:\/\/mobility-with-disabilities.org\/de\/fuer-jugendliche-mit-behinderungen\/zurueckkommen\/","name":"Zur\u00fcckkommen - Mobility With Disabilities","isPartOf":{"@id":"https:\/\/mobility-with-disabilities.org\/#website"},"primaryImageOfPage":{"@id":"https:\/\/mobility-with-disabilities.org\/de\/fuer-jugendliche-mit-behinderungen\/zurueckkommen\/#primaryimage"},"datePublished":"2021-07-30T07:42:17+00:00","dateModified":"2021-07-30T07:42:17+00:00","description":"Diese Seite ist der R\u00fcckkehr der Mobilit\u00e4t gewidmet, wie Sie Ihre internationale Mobilit\u00e4t erfolgreich f\u00f6rdern k\u00f6nnen und mit welchen Instrumenten.","breadcrumb":{"@id":"https:\/\/mobility-with-disabilities.org\/de\/fuer-jugendliche-mit-behinderungen\/zurueckkommen\/#breadcrumb"},"inLanguage":"de","potentialAction":[{"@type":"ReadAction","target":["https:\/\/mobility-with-disabilities.org\/de\/fuer-jugendliche-mit-behinderungen\/zurueckkommen\/"]}]},{"@type":"BreadcrumbList","@id":"https:\/\/mobility-with-disabilities.org\/de\/fuer-jugendliche-mit-behinderungen\/zurueckkommen\/#breadcrumb","itemListElement":[{"@type":"ListItem","position":1,"name":"Accueil","item":"https:\/\/mobility-with-disabilities.org\/de\/"},{"@type":"ListItem","position":2,"name":"F\u00fcr Jugendliche mit Behinderungen","item":"https:\/\/mobility-with-disabilities.org\/de\/fuer-jugendliche-mit-behinderungen\/"},{"@type":"ListItem","position":3,"name":"Zur\u00fcckkommen"}]}]}},"uagb_featured_image_src":{"full":false,"thumbnail":false,"medium":false,"medium_large":false,"large":false,"1536x1536":false,"2048x2048":false,"alm-thumbnail":false,"course_thumbnail":false,"profile_24":false,"profile_48":false,"profile_96":false,"profile_150":false,"profile_300":false},"uagb_author_info":{"display_name":"IMD","author_link":"https:\/\/mobility-with-disabilities.org\/de\/author\/admin4690\/"},"uagb_comment_info":0,"uagb_excerpt":"Jugendliche mit Behinderungen ZUR\u00dcCKKOMMEN Nach der R\u00fcckkehr ist es wichtig, das w\u00e4hrend des Auslandsaufenthaltes Gelernte hervorzuheben. Das ist eine gro\u00dfe ... Weiterlesen Zur\u00fcckkommen","_links":{"self":[{"href":"https:\/\/mobility-with-disabilities.org\/de\/wp-json\/wp\/v2\/pages\/4983"}],"collection":[{"href":"https:\/\/mobility-with-disabilities.org\/de\/wp-json\/wp\/v2\/pages"}],"about":[{"href":"https:\/\/mobility-with-disabilities.org\/de\/wp-json\/wp\/v2\/types\/page"}],"author":[{"embeddable":true,"href":"https:\/\/mobility-with-disabilities.org\/de\/wp-json\/wp\/v2\/users\/1"}],"replies":[{"embeddable":true,"href":"https:\/\/mobility-with-disabilities.org\/de\/wp-json\/wp\/v2\/comments?post=4983"}],"version-history":[{"count":1,"href":"https:\/\/mobility-with-disabilities.org\/de\/wp-json\/wp\/v2\/pages\/4983\/revisions"}],"predecessor-version":[{"id":4984,"href":"https:\/\/mobility-with-disabilities.org\/de\/wp-json\/wp\/v2\/pages\/4983\/revisions\/4984"}],"up":[{"embeddable":true,"href":"https:\/\/mobility-with-disabilities.org\/de\/wp-json\/wp\/v2\/pages\/4981"}],"wp:attachment":[{"href":"https:\/\/mobility-with-disabilities.org\/de\/wp-json\/wp\/v2\/media?parent=4983"}],"curies":[{"name":"wp","href":"https:\/\/api.w.org\/{rel}","templated":true}]}}