{"id":4987,"date":"2021-07-30T11:53:16","date_gmt":"2021-07-30T09:53:16","guid":{"rendered":"https:\/\/mobility-with-disabilities.org\/fuer-jugendliche-mit-behinderungen\/soziales-leben\/"},"modified":"2021-07-30T11:53:18","modified_gmt":"2021-07-30T09:53:18","slug":"soziales-leben","status":"publish","type":"page","link":"https:\/\/mobility-with-disabilities.org\/de\/fuer-jugendliche-mit-behinderungen\/soziales-leben\/","title":{"rendered":"Soziales Leben"},"content":{"rendered":"<div class=\"wp-block-image\"><figure class=\"aligncenter size-large is-resized\"><noscript><img src=\"https:\/\/mobility-with-disabilities.org\/wp-content\/uploads\/2021\/06\/orange_youthwdis.png\" alt=\"Jugendliche mit Behinderungen\" class=\"wp-image-4502\" width=\"114\" height=\"132\"><\/noscript><img src=\"data:image\/svg+xml,%3Csvg%20xmlns%3D%22http%3A%2F%2Fwww.w3.org%2F2000%2Fsvg%22%20viewBox%3D%220%200%20114%20132%22%3E%3C%2Fsvg%3E\" alt=\"Jugendliche mit Behinderungen\" class=\"wp-image-4502 lazyload\" width=\"114\" height=\"132\" data-src=\"https:\/\/mobility-with-disabilities.org\/wp-content\/uploads\/2021\/06\/orange_youthwdis.png\" loading=\"lazy\"><\/figure><\/div>\n\n<h2 class=\"has-text-align-center\"><a href=\"http:\/\/mobility-with-disabilities.org\/for-youth-with-disabilities\/\">Jugendliche mit Behinderungen<\/a><\/h2>\n\n<div class=\"wp-block-image\"><figure class=\"aligncenter size-full is-resized\"><noscript><img src=\"https:\/\/mobility-with-disabilities.org\/wp-content\/uploads\/2021\/06\/bleu_daily_life.png\" alt class=\"wp-image-4392\" width=\"96\" height=\"87\"><\/noscript><img src=\"data:image\/svg+xml,%3Csvg%20xmlns%3D%22http%3A%2F%2Fwww.w3.org%2F2000%2Fsvg%22%20viewBox%3D%220%200%2096%2087%22%3E%3C%2Fsvg%3E\" alt class=\"wp-image-4392 lazyload\" width=\"96\" height=\"87\" data-src=\"https:\/\/mobility-with-disabilities.org\/wp-content\/uploads\/2021\/06\/bleu_daily_life.png\" loading=\"lazy\"><\/figure><\/div>\n\n<h1 class=\"has-text-align-center block-media-title has-text-color\" style=\"color:#d14905\"> SOZIALES LEBEN<\/h1>\n\n<p>Wenn Sie dort sind, ist es gut, Ihre Freiwilligenarbeit, Ihr Studium oder Ihr Praktikum zu absolvieren, aber noch besser ist es, das Land zu genie\u00dfen. Es gibt viele M\u00f6glichkeiten f\u00fcr Sie. <\/p>\n\n<div class=\"wp-block-columns are-vertically-aligned-center\">\n<div class=\"wp-block-column is-vertically-aligned-center\">\n<h3><strong>1. Vor Ihrer Ankunft<\/strong><\/h3>\n\n\n\n<p>Sie k\u00f6nnen sich im Rathaus Ihrer Gaststadt \u00fcber die bestehenden Aktivit\u00e4ten informieren. Es sollte k\u00f6rperliche Aktivit\u00e4ten geben (Spazierg\u00e4nge, Sport, etc.) oder kulturelle Ausfl\u00fcge (Museen, Ausstellungen, Konzerte, Kino, etc.).<\/p>\n\n\n\n<p>Denken Sie daran, sich \u00fcber Behindertenverb\u00e4nde in Ihrem Zielland zu informieren. Um sie zu finden, k\u00f6nnen Sie sich an die auf der Karte (im Baugewerbe) eingetragenen Personen wenden, die Sie an spezifischere Verb\u00e4nde verweisen oder Ihnen direkt die gesuchten Informationen geben.<\/p>\n\n\n\n<p>Z\u00f6gern Sie nicht, sich auf den Websites der Fremdenverkehrs\u00e4mter oder in gedruckten Reisef\u00fchrern \u00fcber Ihr Gastland zu informieren.<\/p>\n<\/div>\n\n\n\n<div class=\"wp-block-column is-vertically-aligned-center\">\n<figure class=\"wp-block-image size-full\"><noscript><img width=\"768\" height=\"512\" src=\"https:\/\/mobility-with-disabilities.org\/wp-content\/uploads\/2020\/04\/pexels-photo-3009773opt.jpg\" alt class=\"wp-image-2261\" srcset=\"https:\/\/mobility-with-disabilities.org\/wp-content\/uploads\/2020\/04\/pexels-photo-3009773opt.jpg 768w, https:\/\/mobility-with-disabilities.org\/wp-content\/uploads\/2020\/04\/pexels-photo-3009773opt-300x200.jpg 300w, https:\/\/mobility-with-disabilities.org\/wp-content\/uploads\/2020\/04\/pexels-photo-3009773opt-24x16.jpg 24w, https:\/\/mobility-with-disabilities.org\/wp-content\/uploads\/2020\/04\/pexels-photo-3009773opt-36x24.jpg 36w, https:\/\/mobility-with-disabilities.org\/wp-content\/uploads\/2020\/04\/pexels-photo-3009773opt-48x32.jpg 48w\" sizes=\"(max-width: 768px) 100vw, 768px\"><\/noscript><img width=\"768\" height=\"512\" src=\"data:image\/svg+xml,%3Csvg%20xmlns%3D%22http%3A%2F%2Fwww.w3.org%2F2000%2Fsvg%22%20viewBox%3D%220%200%20768%20512%22%3E%3C%2Fsvg%3E\" alt class=\"wp-image-2261 lazyload\" srcset=\"data:image\/svg+xml,%3Csvg%20xmlns%3D%22http%3A%2F%2Fwww.w3.org%2F2000%2Fsvg%22%20viewBox%3D%220%200%20768%20512%22%3E%3C%2Fsvg%3E 768w\" sizes=\"(max-width: 768px) 100vw, 768px\" data-srcset=\"https:\/\/mobility-with-disabilities.org\/wp-content\/uploads\/2020\/04\/pexels-photo-3009773opt.jpg 768w, https:\/\/mobility-with-disabilities.org\/wp-content\/uploads\/2020\/04\/pexels-photo-3009773opt-300x200.jpg 300w, https:\/\/mobility-with-disabilities.org\/wp-content\/uploads\/2020\/04\/pexels-photo-3009773opt-24x16.jpg 24w, https:\/\/mobility-with-disabilities.org\/wp-content\/uploads\/2020\/04\/pexels-photo-3009773opt-36x24.jpg 36w, https:\/\/mobility-with-disabilities.org\/wp-content\/uploads\/2020\/04\/pexels-photo-3009773opt-48x32.jpg 48w\" data-src=\"https:\/\/mobility-with-disabilities.org\/wp-content\/uploads\/2020\/04\/pexels-photo-3009773opt.jpg\" loading=\"lazy\"><figcaption>Drei Frauen und ein Mann sto\u00dfen in einer Bar an<br><\/figcaption><\/figure>\n\n\n<p><\/p>\n<\/div>\n<\/div>\n\n<p>Sie k\u00f6nnen auch nach Blogs von Menschen mit Behinderungen oder nach Gruppen von Auswanderern aus Ihrem Land auf Facebook suchen. Dies, um die beliebten Aktivit\u00e4ten in Bezug auf das Gastland, Sitten und Gewohnheiten zu kennen, denn jedes Land hat seine eigene Kultur und Wahrnehmung von Behinderung. Z\u00f6gern Sie nicht, die Nachrichtenseite der Website zu konsultieren, dort finden Sie Empfehlungen f\u00fcr Blogs und andere.<\/p>\n\n<p>Wenn Sie ein Student sind, k\u00f6nnen Ihnen die Vereine die besten Orte zum Ausgehen, Essen, Fortbewegen und f\u00fcr Sehensw\u00fcrdigkeiten in der Stadt oder der Region zeigen. Es ist wichtig, mit jungen Menschen in Kontakt zu kommen, denn sie werden Ihnen helfen, sich in Ihrer Gaststadt zu integrieren.<\/p>\n\n<p>Weitere Informationen \u00fcber lokale Vereinigungen, die kulturelle Veranstaltungen und Aktivit\u00e4ten f\u00fcr Studierende organisieren, finden Sie in den lokalen Sektionen von ESN<br><a href=\"https:\/\/esn.org\/sections\" target=\"_blank\" rel=\"noreferrer noopener\">https:\/\/esn.org\/sections<\/a><\/p>\n\n<div style=\"height:50px\" aria-hidden=\"true\" class=\"wp-block-spacer\"><\/div>\n\n<div class=\"wp-block-image\"><figure class=\"aligncenter size-large is-resized\"><noscript><img src=\"https:\/\/mobility-with-disabilities.org\/wp-content\/uploads\/2020\/03\/home-1-150x150.png\" alt class=\"wp-image-1610\" width=\"150\" height=\"150\" srcset=\"https:\/\/mobility-with-disabilities.org\/wp-content\/uploads\/2020\/03\/home-1.png 150w, https:\/\/mobility-with-disabilities.org\/wp-content\/uploads\/2020\/03\/home-1-24x24.png 24w, https:\/\/mobility-with-disabilities.org\/wp-content\/uploads\/2020\/03\/home-1-36x36.png 36w, https:\/\/mobility-with-disabilities.org\/wp-content\/uploads\/2020\/03\/home-1-48x48.png 48w\" sizes=\"(max-width: 150px) 100vw, 150px\"><\/noscript><img src=\"data:image\/svg+xml,%3Csvg%20xmlns%3D%22http%3A%2F%2Fwww.w3.org%2F2000%2Fsvg%22%20viewBox%3D%220%200%20150%20150%22%3E%3C%2Fsvg%3E\" alt class=\"wp-image-1610 lazyload\" width=\"150\" height=\"150\" srcset=\"data:image\/svg+xml,%3Csvg%20xmlns%3D%22http%3A%2F%2Fwww.w3.org%2F2000%2Fsvg%22%20viewBox%3D%220%200%20150%20150%22%3E%3C%2Fsvg%3E 150w\" sizes=\"(max-width: 150px) 100vw, 150px\" data-srcset=\"https:\/\/mobility-with-disabilities.org\/wp-content\/uploads\/2020\/03\/home-1.png 150w, https:\/\/mobility-with-disabilities.org\/wp-content\/uploads\/2020\/03\/home-1-24x24.png 24w, https:\/\/mobility-with-disabilities.org\/wp-content\/uploads\/2020\/03\/home-1-36x36.png 36w, https:\/\/mobility-with-disabilities.org\/wp-content\/uploads\/2020\/03\/home-1-48x48.png 48w\" data-src=\"https:\/\/mobility-with-disabilities.org\/wp-content\/uploads\/2020\/03\/home-1-150x150.png\" loading=\"lazy\"><\/figure><\/div>\n\n<h3 class=\"has-text-align-center\">2. Bleiben Sie in Kontakt mit Ihrer Heimat<\/h3>\n\n<div class=\"wp-block-columns\">\n<div class=\"wp-block-column\">\n<p>W\u00e4hrend der internationalen Mobilit\u00e4t ist es sehr wichtig, mit den Menschen, die Ihnen nahe stehen, in Kontakt zu bleiben. Ob mit der Familie, Freunden, Lehrern usw. <\/p>\n\n\n\n<p>Es gibt viele M\u00f6glichkeiten, regelm\u00e4\u00dfig Kontakt zu halten. Sie k\u00f6nnen herk\u00f6mmliche Mittel wie das Telefon benutzen (wobei Sie wissen, dass Anrufe innerhalb der Europ\u00e4ischen Union kostenlos sind). Um mehr \u00fcber kostenloses Roaming zu erfahren, klicken Sie auf diesen Link:<\/p>\n\n\n\n<p><a href=\"https:\/\/europa.eu\/youreurope\/citizens\/consumers\/internet-telecoms\/mobile-roaming-costs\/index_en.htm\">https:\/\/europa.eu\/youreurope\/citizens\/consumers\/internet-telecoms\/mobile-roaming-costs\/index_en.htm<\/a><\/p>\n\n\n\n<p> Es ist auch m\u00f6glich, soziale Netzwerke (Facebook, Twitter, WhatsApp, Instagram usw.) zu nutzen, die kostenlos und zahlreich sind (achten Sie jedoch auf die Kosten f\u00fcr den Internetzugang bei Ihrem Telefonanbieter). <\/p>\n<\/div>\n\n\n\n<div class=\"wp-block-column\">\n<p>Ansonsten k\u00f6nnen Sie immer noch Briefe oder Postkarten verschicken, wenn Sie es formeller m\u00f6gen. Wenn Sie es vorziehen, k\u00f6nnen Sie einen Blog erstellen oder Videos ver\u00f6ffentlichen (YouTube, Instagram, Snapchat usw.), um Ihre Verwandten an Ihren verschiedenen Erfahrungen teilhaben zu lassen. <\/p>\n\n\n\n<p>Es ist auch eine Gelegenheit, Ihre Erfahrungen weiterzugeben und anderen jungen Menschen mit Behinderungen zu zeigen, dass ein Leben im Ausland m\u00f6glich ist! <\/p>\n\n\n\n<div class=\"wp-block-image\"><figure class=\"aligncenter size-large is-resized\"><noscript><img src=\"https:\/\/mobility-with-disabilities.org\/wp-content\/uploads\/2021\/06\/orange_TDI.png\" alt class=\"wp-image-4492\" width=\"106\" height=\"126\"><\/noscript><img src=\"data:image\/svg+xml,%3Csvg%20xmlns%3D%22http%3A%2F%2Fwww.w3.org%2F2000%2Fsvg%22%20viewBox%3D%220%200%20106%20126%22%3E%3C%2Fsvg%3E\" alt class=\"wp-image-4492 lazyload\" width=\"106\" height=\"126\" data-src=\"https:\/\/mobility-with-disabilities.org\/wp-content\/uploads\/2021\/06\/orange_TDI.png\" loading=\"lazy\"><\/figure><\/div>\n\n\n\n<p class=\"has-text-align-center\"><strong><a href=\"http:\/\/mobility-with-disabilities.org\/they-did-it\/\">Sie haben es geschafft!<\/a><\/strong><\/p>\n<\/div>\n<\/div>\n\n<h3>3. VOR ORT<\/h3>\n\n<h4><strong>Zug\u00e4nglichkeit<\/strong><\/h4>\n\n<p>Auf der HandiPlanet-Website <a rel=\"noreferrer noopener\" aria-label=\" (opens in a new tab)\" href=\"https:\/\/handiplanet.com\/\" target=\"_blank\">https:\/\/handiplanet.com\/<\/a> sind f\u00fcr mehrere Gro\u00dfst\u00e4dte die Sehensw\u00fcrdigkeiten und Orte aufgef\u00fchrt, die f\u00fcr Menschen mit Behinderungen zug\u00e4nglich sind.<\/p>\n\n<p>Um an kulturellen Aktivit\u00e4ten und Solidarit\u00e4tsveranstaltungen teilzunehmen, k\u00f6nnen Sie sich an die n\u00e4chstgelegene ESN-Sektion wenden. Den Kontakt finden Sie unter diesem Link: <a href=\"https:\/\/esn.org\/sections\">https:\/\/esn.org\/sections<\/a><\/p>\n\n<div class=\"wp-block-columns are-vertically-aligned-center\">\n<div class=\"wp-block-column is-vertically-aligned-center\">\n<figure class=\"wp-block-image size-large\"><noscript><img width=\"768\" height=\"512\" src=\"https:\/\/mobility-with-disabilities.org\/wp-content\/uploads\/2020\/04\/pexels-photo-4064227opt.jpg\" alt class=\"wp-image-2266\" srcset=\"https:\/\/mobility-with-disabilities.org\/wp-content\/uploads\/2020\/04\/pexels-photo-4064227opt.jpg 768w, https:\/\/mobility-with-disabilities.org\/wp-content\/uploads\/2020\/04\/pexels-photo-4064227opt-300x200.jpg 300w, https:\/\/mobility-with-disabilities.org\/wp-content\/uploads\/2020\/04\/pexels-photo-4064227opt-24x16.jpg 24w, https:\/\/mobility-with-disabilities.org\/wp-content\/uploads\/2020\/04\/pexels-photo-4064227opt-36x24.jpg 36w, https:\/\/mobility-with-disabilities.org\/wp-content\/uploads\/2020\/04\/pexels-photo-4064227opt-48x32.jpg 48w\" sizes=\"(max-width: 768px) 100vw, 768px\"><\/noscript><img width=\"768\" height=\"512\" src=\"data:image\/svg+xml,%3Csvg%20xmlns%3D%22http%3A%2F%2Fwww.w3.org%2F2000%2Fsvg%22%20viewBox%3D%220%200%20768%20512%22%3E%3C%2Fsvg%3E\" alt class=\"wp-image-2266 lazyload\" srcset=\"data:image\/svg+xml,%3Csvg%20xmlns%3D%22http%3A%2F%2Fwww.w3.org%2F2000%2Fsvg%22%20viewBox%3D%220%200%20768%20512%22%3E%3C%2Fsvg%3E 768w\" sizes=\"(max-width: 768px) 100vw, 768px\" data-srcset=\"https:\/\/mobility-with-disabilities.org\/wp-content\/uploads\/2020\/04\/pexels-photo-4064227opt.jpg 768w, https:\/\/mobility-with-disabilities.org\/wp-content\/uploads\/2020\/04\/pexels-photo-4064227opt-300x200.jpg 300w, https:\/\/mobility-with-disabilities.org\/wp-content\/uploads\/2020\/04\/pexels-photo-4064227opt-24x16.jpg 24w, https:\/\/mobility-with-disabilities.org\/wp-content\/uploads\/2020\/04\/pexels-photo-4064227opt-36x24.jpg 36w, https:\/\/mobility-with-disabilities.org\/wp-content\/uploads\/2020\/04\/pexels-photo-4064227opt-48x32.jpg 48w\" data-src=\"https:\/\/mobility-with-disabilities.org\/wp-content\/uploads\/2020\/04\/pexels-photo-4064227opt.jpg\" loading=\"lazy\"><figcaption>Eine Frau, die vor ihrem Computer ein Telefongespr\u00e4ch f\u00fchrt <\/figcaption><\/figure><\/div>\n\n\n\n<div class=\"wp-block-column is-vertically-aligned-center\">\n<h4><strong>F\u00fcr den Notfall<\/strong><\/h4>\n\n\n\n<p>Eine Notfallkarte, auf der alle Telefonkontakte aufgef\u00fchrt sind, die im Falle eines Problems kontaktiert werden k\u00f6nnen (Nummern der Betreuungspersonen, Nummer der Botschaft oder des Konsulats, Adresse und Nummer des n\u00e4chstgelegenen Krankenhauses), ist unerl\u00e4sslich.<\/p>\n\n\n\n<p>In Notf\u00e4llen lautet die europ\u00e4ische Notrufnummer <strong>112<\/strong>. Dies ist eine Freenummer.<\/p>\n<\/div>\n<\/div>\n\n<h4>N\u00fctzliche Dokumente<\/h4>\n\n<div class=\"wp-block-columns\">\n<div class=\"wp-block-column\">\n<div class=\"wp-block-file aligncenter\"><a href=\"http:\/\/mobility-with-disabilities.org\/wp-content\/uploads\/2020\/03\/Fiche-contact-urgence-EN-HZ.pdf\">Merkblatt, zum Ausdrucken f\u00fcr den Notfall<br><\/a><a href=\"http:\/\/mobility-with-disabilities.org\/wp-content\/uploads\/2020\/03\/Fiche-contact-urgence-EN-HZ.pdf\" class=\"wp-block-file__button\" download>Herunterladen<\/a><\/div>\n<\/div>\n\n\n\n<div class=\"wp-block-column\"><\/div>\n\n\n\n<div class=\"wp-block-column\"><\/div>\n<\/div>\n","protected":false},"excerpt":{"rendered":"<p>Jugendliche mit Behinderungen SOZIALES LEBEN Wenn Sie dort sind, ist es gut, Ihre Freiwilligenarbeit, Ihr Studium oder Ihr Praktikum zu &#8230; <a title=\"Soziales Leben\" class=\"read-more\" href=\"https:\/\/mobility-with-disabilities.org\/de\/fuer-jugendliche-mit-behinderungen\/soziales-leben\/\">Weiterlesen <span class=\"screen-reader-text\">Soziales Leben<\/span><\/a><\/p>\n","protected":false},"author":1,"featured_media":0,"parent":4981,"menu_order":0,"comment_status":"closed","ping_status":"closed","template":"","meta":{"_bbp_topic_count":0,"_bbp_reply_count":0,"_bbp_total_topic_count":0,"_bbp_total_reply_count":0,"_bbp_voice_count":0,"_bbp_anonymous_reply_count":0,"_bbp_topic_count_hidden":0,"_bbp_reply_count_hidden":0,"_bbp_forum_subforum_count":0},"yoast_head":"<!-- This site is optimized with the Yoast SEO plugin v17.9 - https:\/\/yoast.com\/wordpress\/plugins\/seo\/ -->\n<title>Soziales Leben - Mobility With Disabilities<\/title>\n<meta name=\"description\" content=\"Hier finden Sie Informationen und Ratschl\u00e4ge f\u00fcr das t\u00e4gliche Leben (Zug\u00e4nglichkeit und Sicherheit, soziales Leben, Notf\u00e4lle, Kontakt zu Ihrem Zuhause).\" \/>\n<meta name=\"robots\" content=\"index, follow, max-snippet:-1, max-image-preview:large, max-video-preview:-1\" \/>\n<link rel=\"canonical\" href=\"https:\/\/mobility-with-disabilities.org\/de\/fuer-jugendliche-mit-behinderungen\/soziales-leben\/\" \/>\n<meta property=\"og:locale\" content=\"de_DE\" \/>\n<meta property=\"og:type\" content=\"article\" \/>\n<meta property=\"og:title\" content=\"Soziales Leben - Mobility With Disabilities\" \/>\n<meta property=\"og:description\" content=\"Hier finden Sie Informationen und Ratschl\u00e4ge f\u00fcr das t\u00e4gliche Leben (Zug\u00e4nglichkeit und Sicherheit, soziales Leben, Notf\u00e4lle, Kontakt zu Ihrem Zuhause).\" \/>\n<meta property=\"og:url\" content=\"https:\/\/mobility-with-disabilities.org\/de\/fuer-jugendliche-mit-behinderungen\/soziales-leben\/\" \/>\n<meta property=\"og:site_name\" content=\"Mobility With Disabilities\" \/>\n<meta property=\"article:modified_time\" content=\"2021-07-30T09:53:18+00:00\" \/>\n<meta property=\"og:image\" content=\"https:\/\/mobility-with-disabilities.org\/wp-content\/uploads\/2021\/06\/orange_youthwdis.png\" \/>\n<meta name=\"twitter:card\" content=\"summary_large_image\" \/>\n<meta name=\"twitter:label1\" content=\"Gesch\u00e4tzte Lesezeit\" \/>\n\t<meta name=\"twitter:data1\" content=\"3\u00a0Minuten\" \/>\n<script type=\"application\/ld+json\" class=\"yoast-schema-graph\">{\"@context\":\"https:\/\/schema.org\",\"@graph\":[{\"@type\":\"Organization\",\"@id\":\"https:\/\/mobility-with-disabilities.org\/#organization\",\"name\":\"Mobility with disabilities\",\"url\":\"https:\/\/mobility-with-disabilities.org\/\",\"sameAs\":[],\"logo\":{\"@type\":\"ImageObject\",\"@id\":\"https:\/\/mobility-with-disabilities.org\/#logo\",\"inLanguage\":\"de\",\"url\":\"https:\/\/mobility-with-disabilities.org\/wp-content\/uploads\/2019\/11\/logo-Transparent.png\",\"contentUrl\":\"https:\/\/mobility-with-disabilities.org\/wp-content\/uploads\/2019\/11\/logo-Transparent.png\",\"width\":1904,\"height\":638,\"caption\":\"Mobility with disabilities\"},\"image\":{\"@id\":\"https:\/\/mobility-with-disabilities.org\/#logo\"}},{\"@type\":\"WebSite\",\"@id\":\"https:\/\/mobility-with-disabilities.org\/#website\",\"url\":\"https:\/\/mobility-with-disabilities.org\/\",\"name\":\"Mobility With Disabilities\",\"description\":\"\",\"publisher\":{\"@id\":\"https:\/\/mobility-with-disabilities.org\/#organization\"},\"potentialAction\":[{\"@type\":\"SearchAction\",\"target\":{\"@type\":\"EntryPoint\",\"urlTemplate\":\"https:\/\/mobility-with-disabilities.org\/?s={search_term_string}\"},\"query-input\":\"required name=search_term_string\"}],\"inLanguage\":\"de\"},{\"@type\":\"ImageObject\",\"@id\":\"https:\/\/mobility-with-disabilities.org\/de\/fuer-jugendliche-mit-behinderungen\/soziales-leben\/#primaryimage\",\"inLanguage\":\"de\",\"url\":\"https:\/\/mobility-with-disabilities.org\/wp-content\/uploads\/2021\/06\/orange_youthwdis.png\",\"contentUrl\":\"https:\/\/mobility-with-disabilities.org\/wp-content\/uploads\/2021\/06\/orange_youthwdis.png\",\"width\":232,\"height\":265},{\"@type\":\"WebPage\",\"@id\":\"https:\/\/mobility-with-disabilities.org\/de\/fuer-jugendliche-mit-behinderungen\/soziales-leben\/#webpage\",\"url\":\"https:\/\/mobility-with-disabilities.org\/de\/fuer-jugendliche-mit-behinderungen\/soziales-leben\/\",\"name\":\"Soziales Leben - Mobility With Disabilities\",\"isPartOf\":{\"@id\":\"https:\/\/mobility-with-disabilities.org\/#website\"},\"primaryImageOfPage\":{\"@id\":\"https:\/\/mobility-with-disabilities.org\/de\/fuer-jugendliche-mit-behinderungen\/soziales-leben\/#primaryimage\"},\"datePublished\":\"2021-07-30T09:53:16+00:00\",\"dateModified\":\"2021-07-30T09:53:18+00:00\",\"description\":\"Hier finden Sie Informationen und Ratschl\\u00e4ge f\\u00fcr das t\\u00e4gliche Leben (Zug\\u00e4nglichkeit und Sicherheit, soziales Leben, Notf\\u00e4lle, Kontakt zu Ihrem Zuhause).\",\"breadcrumb\":{\"@id\":\"https:\/\/mobility-with-disabilities.org\/de\/fuer-jugendliche-mit-behinderungen\/soziales-leben\/#breadcrumb\"},\"inLanguage\":\"de\",\"potentialAction\":[{\"@type\":\"ReadAction\",\"target\":[\"https:\/\/mobility-with-disabilities.org\/de\/fuer-jugendliche-mit-behinderungen\/soziales-leben\/\"]}]},{\"@type\":\"BreadcrumbList\",\"@id\":\"https:\/\/mobility-with-disabilities.org\/de\/fuer-jugendliche-mit-behinderungen\/soziales-leben\/#breadcrumb\",\"itemListElement\":[{\"@type\":\"ListItem\",\"position\":1,\"name\":\"Accueil\",\"item\":\"https:\/\/mobility-with-disabilities.org\/de\/\"},{\"@type\":\"ListItem\",\"position\":2,\"name\":\"F\\u00fcr Jugendliche mit Behinderungen\",\"item\":\"https:\/\/mobility-with-disabilities.org\/de\/fuer-jugendliche-mit-behinderungen\/\"},{\"@type\":\"ListItem\",\"position\":3,\"name\":\"Soziales Leben\"}]}]}<\/script>\n<!-- \/ Yoast SEO plugin. -->","yoast_head_json":{"title":"Soziales Leben - Mobility With Disabilities","description":"Hier finden Sie Informationen und Ratschl\u00e4ge f\u00fcr das t\u00e4gliche Leben (Zug\u00e4nglichkeit und Sicherheit, soziales Leben, Notf\u00e4lle, Kontakt zu Ihrem Zuhause).","robots":{"index":"index","follow":"follow","max-snippet":"max-snippet:-1","max-image-preview":"max-image-preview:large","max-video-preview":"max-video-preview:-1"},"canonical":"https:\/\/mobility-with-disabilities.org\/de\/fuer-jugendliche-mit-behinderungen\/soziales-leben\/","og_locale":"de_DE","og_type":"article","og_title":"Soziales Leben - Mobility With Disabilities","og_description":"Hier finden Sie Informationen und Ratschl\u00e4ge f\u00fcr das t\u00e4gliche Leben (Zug\u00e4nglichkeit und Sicherheit, soziales Leben, Notf\u00e4lle, Kontakt zu Ihrem Zuhause).","og_url":"https:\/\/mobility-with-disabilities.org\/de\/fuer-jugendliche-mit-behinderungen\/soziales-leben\/","og_site_name":"Mobility With Disabilities","article_modified_time":"2021-07-30T09:53:18+00:00","og_image":[{"url":"https:\/\/mobility-with-disabilities.org\/wp-content\/uploads\/2021\/06\/orange_youthwdis.png"}],"twitter_card":"summary_large_image","twitter_misc":{"Gesch\u00e4tzte Lesezeit":"3\u00a0Minuten"},"schema":{"@context":"https:\/\/schema.org","@graph":[{"@type":"Organization","@id":"https:\/\/mobility-with-disabilities.org\/#organization","name":"Mobility with disabilities","url":"https:\/\/mobility-with-disabilities.org\/","sameAs":[],"logo":{"@type":"ImageObject","@id":"https:\/\/mobility-with-disabilities.org\/#logo","inLanguage":"de","url":"https:\/\/mobility-with-disabilities.org\/wp-content\/uploads\/2019\/11\/logo-Transparent.png","contentUrl":"https:\/\/mobility-with-disabilities.org\/wp-content\/uploads\/2019\/11\/logo-Transparent.png","width":1904,"height":638,"caption":"Mobility with disabilities"},"image":{"@id":"https:\/\/mobility-with-disabilities.org\/#logo"}},{"@type":"WebSite","@id":"https:\/\/mobility-with-disabilities.org\/#website","url":"https:\/\/mobility-with-disabilities.org\/","name":"Mobility With Disabilities","description":"","publisher":{"@id":"https:\/\/mobility-with-disabilities.org\/#organization"},"potentialAction":[{"@type":"SearchAction","target":{"@type":"EntryPoint","urlTemplate":"https:\/\/mobility-with-disabilities.org\/?s={search_term_string}"},"query-input":"required name=search_term_string"}],"inLanguage":"de"},{"@type":"ImageObject","@id":"https:\/\/mobility-with-disabilities.org\/de\/fuer-jugendliche-mit-behinderungen\/soziales-leben\/#primaryimage","inLanguage":"de","url":"https:\/\/mobility-with-disabilities.org\/wp-content\/uploads\/2021\/06\/orange_youthwdis.png","contentUrl":"https:\/\/mobility-with-disabilities.org\/wp-content\/uploads\/2021\/06\/orange_youthwdis.png","width":232,"height":265},{"@type":"WebPage","@id":"https:\/\/mobility-with-disabilities.org\/de\/fuer-jugendliche-mit-behinderungen\/soziales-leben\/#webpage","url":"https:\/\/mobility-with-disabilities.org\/de\/fuer-jugendliche-mit-behinderungen\/soziales-leben\/","name":"Soziales Leben - Mobility With Disabilities","isPartOf":{"@id":"https:\/\/mobility-with-disabilities.org\/#website"},"primaryImageOfPage":{"@id":"https:\/\/mobility-with-disabilities.org\/de\/fuer-jugendliche-mit-behinderungen\/soziales-leben\/#primaryimage"},"datePublished":"2021-07-30T09:53:16+00:00","dateModified":"2021-07-30T09:53:18+00:00","description":"Hier finden Sie Informationen und Ratschl\u00e4ge f\u00fcr das t\u00e4gliche Leben (Zug\u00e4nglichkeit und Sicherheit, soziales Leben, Notf\u00e4lle, Kontakt zu Ihrem Zuhause).","breadcrumb":{"@id":"https:\/\/mobility-with-disabilities.org\/de\/fuer-jugendliche-mit-behinderungen\/soziales-leben\/#breadcrumb"},"inLanguage":"de","potentialAction":[{"@type":"ReadAction","target":["https:\/\/mobility-with-disabilities.org\/de\/fuer-jugendliche-mit-behinderungen\/soziales-leben\/"]}]},{"@type":"BreadcrumbList","@id":"https:\/\/mobility-with-disabilities.org\/de\/fuer-jugendliche-mit-behinderungen\/soziales-leben\/#breadcrumb","itemListElement":[{"@type":"ListItem","position":1,"name":"Accueil","item":"https:\/\/mobility-with-disabilities.org\/de\/"},{"@type":"ListItem","position":2,"name":"F\u00fcr Jugendliche mit Behinderungen","item":"https:\/\/mobility-with-disabilities.org\/de\/fuer-jugendliche-mit-behinderungen\/"},{"@type":"ListItem","position":3,"name":"Soziales Leben"}]}]}},"uagb_featured_image_src":{"full":false,"thumbnail":false,"medium":false,"medium_large":false,"large":false,"1536x1536":false,"2048x2048":false,"alm-thumbnail":false,"course_thumbnail":false,"profile_24":false,"profile_48":false,"profile_96":false,"profile_150":false,"profile_300":false},"uagb_author_info":{"display_name":"IMD","author_link":"https:\/\/mobility-with-disabilities.org\/de\/author\/admin4690\/"},"uagb_comment_info":0,"uagb_excerpt":"Jugendliche mit Behinderungen SOZIALES LEBEN Wenn Sie dort sind, ist es gut, Ihre Freiwilligenarbeit, Ihr Studium oder Ihr Praktikum zu ... Weiterlesen Soziales Leben","_links":{"self":[{"href":"https:\/\/mobility-with-disabilities.org\/de\/wp-json\/wp\/v2\/pages\/4987"}],"collection":[{"href":"https:\/\/mobility-with-disabilities.org\/de\/wp-json\/wp\/v2\/pages"}],"about":[{"href":"https:\/\/mobility-with-disabilities.org\/de\/wp-json\/wp\/v2\/types\/page"}],"author":[{"embeddable":true,"href":"https:\/\/mobility-with-disabilities.org\/de\/wp-json\/wp\/v2\/users\/1"}],"replies":[{"embeddable":true,"href":"https:\/\/mobility-with-disabilities.org\/de\/wp-json\/wp\/v2\/comments?post=4987"}],"version-history":[{"count":1,"href":"https:\/\/mobility-with-disabilities.org\/de\/wp-json\/wp\/v2\/pages\/4987\/revisions"}],"predecessor-version":[{"id":4988,"href":"https:\/\/mobility-with-disabilities.org\/de\/wp-json\/wp\/v2\/pages\/4987\/revisions\/4988"}],"up":[{"embeddable":true,"href":"https:\/\/mobility-with-disabilities.org\/de\/wp-json\/wp\/v2\/pages\/4981"}],"wp:attachment":[{"href":"https:\/\/mobility-with-disabilities.org\/de\/wp-json\/wp\/v2\/media?parent=4987"}],"curies":[{"name":"wp","href":"https:\/\/api.w.org\/{rel}","templated":true}]}}