{"id":4992,"date":"2021-07-30T12:51:37","date_gmt":"2021-07-30T10:51:37","guid":{"rendered":"https:\/\/mobility-with-disabilities.org\/fuer-jugendliche-mit-behinderungen\/vorbereiten\/"},"modified":"2021-07-30T12:51:38","modified_gmt":"2021-07-30T10:51:38","slug":"vorbereiten","status":"publish","type":"page","link":"https:\/\/mobility-with-disabilities.org\/de\/fuer-jugendliche-mit-behinderungen\/vorbereiten\/","title":{"rendered":"Vorbereiten"},"content":{"rendered":"<div class=\"wp-block-image\"><figure class=\"aligncenter size-large is-resized\"><noscript><img src=\"https:\/\/mobility-with-disabilities.org\/wp-content\/uploads\/2021\/06\/orange_youthwdis.png\" alt=\"Jugendliche mit Behinderungen\" class=\"wp-image-4502\" width=\"118\" height=\"135\"><\/noscript><img src=\"data:image\/svg+xml,%3Csvg%20xmlns%3D%22http%3A%2F%2Fwww.w3.org%2F2000%2Fsvg%22%20viewBox%3D%220%200%20118%20135%22%3E%3C%2Fsvg%3E\" alt=\"Jugendliche mit Behinderungen\" class=\"wp-image-4502 lazyload\" width=\"118\" height=\"135\" data-src=\"https:\/\/mobility-with-disabilities.org\/wp-content\/uploads\/2021\/06\/orange_youthwdis.png\" loading=\"lazy\"><\/figure><\/div>\n\n<h2 class=\"has-text-align-center\"><a href=\"http:\/\/mobility-with-disabilities.org\/for-youth-with-disabilities\/\">Jugendliche mit Behinderungen <\/a><\/h2>\n\n<div class=\"wp-block-image\"><figure class=\"aligncenter size-large is-resized\"><noscript><img src=\"https:\/\/mobility-with-disabilities.org\/wp-content\/uploads\/2021\/06\/blue_checklist.png\" alt class=\"wp-image-4407\" width=\"80\" height=\"90\"><\/noscript><img src=\"data:image\/svg+xml,%3Csvg%20xmlns%3D%22http%3A%2F%2Fwww.w3.org%2F2000%2Fsvg%22%20viewBox%3D%220%200%2080%2090%22%3E%3C%2Fsvg%3E\" alt class=\"wp-image-4407 lazyload\" width=\"80\" height=\"90\" data-src=\"https:\/\/mobility-with-disabilities.org\/wp-content\/uploads\/2021\/06\/blue_checklist.png\" loading=\"lazy\"><\/figure><\/div>\n\n<h1 class=\"has-text-align-center block-media-title has-text-color\" style=\"color:#d14905\">VORBEREITEN<\/h1>\n\n<h3><strong>1. Reisehinweise<\/strong><\/h3>\n\n<p>Vergewissern Sie sich, dass alle Ihre wichtigen Dokumente (Ihre Gesundheitsbrosch\u00fcre, Rezepte f\u00fcr Medikamente) in zweifacher Ausfertigung (in Ihrer Muttersprache und in Englisch oder der offiziellen Sprache des Reiseziels) gut vorbereitet sind. Es ist ratsam, eine Mappe mit diesen Dokumenten sowie mit den f\u00fcr die Reise wesentlichen Dokumenten vorzubereiten: Personalausweis, Reisepass, eventuelles Visum, Notfallkontaktkarte, Invalidit\u00e4tskarte, Europ\u00e4ische Krankenversicherungskarte [EHIC] usw.<\/p>\n\n<p>Wenn m\u00f6glich, nehmen Sie die gescannten Versionen dieser Dokumente auf einem USB-Stick mit.<\/p>\n\n<p>Es ist wichtig, dass Sie vorher mit Ihrem Arzt und Fach\u00e4rzten sprechen, um ein Dokument mit medizinischen Kontraindikationen zu erstellen. Bitte beachten Sie, dass einige Komponenten oder Medikamente f\u00fcr bestimmte Reiseziele verboten oder nicht verf\u00fcgbar sind. Es kann ein Kit zur Verf\u00fcgung gestellt werden, um alle Medikamente oder Produkte an einem Ort zu konzentrieren (planen Sie zus\u00e4tzliche Tage oder sogar Wochen auf Lager).<\/p>\n\n<p>Die Fluggesellschaften bieten ein &#8220;NCAD&#8221;-Formular [Informationsblatt f\u00fcr Flugg\u00e4ste, die besondere Hilfe ben\u00f6tigen] an, das vor der Reise zusammen mit dem behandelnden Arzt ausgef\u00fcllt werden muss, um den Bedarf w\u00e4hrend des Fluges abzusch\u00e4tzen. Sie m\u00fcssen sich an Ihre Fluggesellschaft wenden, um es direkt zu erhalten.<\/p>\n\n<h3><strong>2. Gesundheit und Versicherung<\/strong><\/h3>\n\n<p>Zus\u00e4tzlich zu seinem nationalen Sozialschutzsystem ist es wichtig, \u00fcber \u00c4nderungen der Situation zu informieren und sicherzustellen, dass keine Schritte unternommen werden, um die Organisation zu verhindern (einschlie\u00dflich eines Wechsels des Wohnsitzlandes).<\/p>\n\n<p>F\u00fcr die Europ\u00e4ische Union gibt es eine <a href=\"https:\/\/ec.europa.eu\/social\/main.jsp?catId=559\" target=\"_blank\" rel=\"noreferrer noopener\" aria-label=\" (\u00f6ffnet in einem neuen Tab)\">Europ\u00e4ische Krankenversicherungskarte<\/a>, die eine direkte Deckung des \u00f6ffentlichen Gesundheitssystems des Empf\u00e4ngerlandes ohne vorheriges T\u00e4tigwerden und zu den gleichen Bedingungen wie bei nationalen Versicherten gew\u00e4hrleistet. Diese EHIC-Karte muss kostenlos bei der nationalen Krankenkasse bestellt werden. Wird die Karte nicht rechtzeitig vor der Abreise zugestellt, ist eine vorl\u00e4ufige Bescheinigung erh\u00e4ltlich.<\/p>\n\n<p>In addition to basic social protection, it is advisable to find out about additional coverages and insurance policies. You can check whether the reimbursement coverage extends to European or international mobility, and on which aspects.<\/p>\n\n<h3><strong>3. Unterkunft<\/strong><\/h3>\n\n<p>Im Rahmen eines von einer Universit\u00e4t betreuten Austauschs oder Studienaufenthalts gibt es Studentenwohnheime, aber die Pl\u00e4tze sind begrenzt. Sie m\u00fcssen sich umgehend mit der Abteilung f\u00fcr internationale Beziehungen der Gasthochschule in Verbindung setzen, um die Verf\u00fcgbarkeit von Studentenzimmern zu pr\u00fcfen. Der Behindertenbeauftragte Ihrer Heimathochschule kann Ihnen bei diesen Verfahren helfen. Da Universit\u00e4tswohnheime manchmal voll oder nicht angepasst sind, z\u00f6gern Sie nicht, sich an die Studentenvereinigungen oder die Universit\u00e4tsverwaltungen zu wenden. Es gibt auch andere M\u00f6glichkeiten zu studieren, z. B. in Wohngemeinschaften oder Zimmern in Privath\u00e4usern. <\/p>\n\n<p>Nehmen Sie sich die Zeit, sich mit den Ansprechpartnern vor Ort zu treffen, um sich vorher zu vergewissern, dass alle Bedingungen f\u00fcr die Zug\u00e4nglichkeit erf\u00fcllt sind, auch \u00fcber die Umgebung und die Nachbarschaft in Ihrem eigenen (Sie k\u00f6nnen um Fotos bitten oder eine Liste mit Fragen zur Unterkunft schicken).<\/p>\n\n<p>F\u00fcr Informationen \u00fcber die Unterkunfts- und Zug\u00e4nglichkeitspolitik in den europ\u00e4ischen L\u00e4ndern wenden Sie sich bitte an die auf der Karte aufgef\u00fchrten Organisationen (in K\u00fcrze).<\/p>\n\n<div class=\"wp-block-columns are-vertically-aligned-center\">\n<div class=\"wp-block-column is-vertically-aligned-center\">\n<figure class=\"wp-block-image size-full\"><noscript><img width=\"750\" height=\"1000\" src=\"https:\/\/mobility-with-disabilities.org\/wp-content\/uploads\/2019\/11\/audi-nissen-lzaftQp_tj8-unsplash2.jpg\" alt=\"Paralympics-Sportler aus dem Vereinigten K\u00f6nigreich beim Bogenschie\u00dfen\" class=\"wp-image-1557\" srcset=\"https:\/\/mobility-with-disabilities.org\/wp-content\/uploads\/2019\/11\/audi-nissen-lzaftQp_tj8-unsplash2.jpg 750w, https:\/\/mobility-with-disabilities.org\/wp-content\/uploads\/2019\/11\/audi-nissen-lzaftQp_tj8-unsplash2-225x300.jpg 225w\" sizes=\"(max-width: 750px) 100vw, 750px\"><\/noscript><img width=\"750\" height=\"1000\" src=\"data:image\/svg+xml,%3Csvg%20xmlns%3D%22http%3A%2F%2Fwww.w3.org%2F2000%2Fsvg%22%20viewBox%3D%220%200%20750%201000%22%3E%3C%2Fsvg%3E\" alt=\"Paralympics-Sportler aus dem Vereinigten K\u00f6nigreich beim Bogenschie\u00dfen\" class=\"wp-image-1557 lazyload\" srcset=\"data:image\/svg+xml,%3Csvg%20xmlns%3D%22http%3A%2F%2Fwww.w3.org%2F2000%2Fsvg%22%20viewBox%3D%220%200%20750%201000%22%3E%3C%2Fsvg%3E 750w\" sizes=\"(max-width: 750px) 100vw, 750px\" data-srcset=\"https:\/\/mobility-with-disabilities.org\/wp-content\/uploads\/2019\/11\/audi-nissen-lzaftQp_tj8-unsplash2.jpg 750w, https:\/\/mobility-with-disabilities.org\/wp-content\/uploads\/2019\/11\/audi-nissen-lzaftQp_tj8-unsplash2-225x300.jpg 225w\" data-src=\"https:\/\/mobility-with-disabilities.org\/wp-content\/uploads\/2019\/11\/audi-nissen-lzaftQp_tj8-unsplash2.jpg\" loading=\"lazy\"><figcaption>Paralympics-Sportler aus dem Vereinigten K\u00f6nigreich beim Bogenschie\u00dfen<\/figcaption><\/figure><\/div>\n\n\n\n<div class=\"wp-block-column is-vertically-aligned-center\">\n<h3><strong>4. mit einer lokalen Struktur in Kontakt treten<\/strong><\/h3>\n\n\n\n<p>Wenn Sie Student sind, k\u00f6nnen Sie sich verschiedenen Strukturen n\u00e4hern:<\/p>\n\n\n\n<ul><li>Das B\u00fcro f\u00fcr internationale Beziehungen Ihrer Gastuniversit\u00e4t.<\/li><\/ul>\n\n\n<ul><li><a rel=\"noreferrer noopener\" aria-label=\"Mapped (opens in a new tab)\" href=\"https:\/\/mapped.eu\/\" target=\"_blank\">Mapped<\/a> Dort finden Sie Informationen \u00fcber Orte, die f\u00fcr verschiedene Behinderungen zug\u00e4nglich sind.<\/li><\/ul>\n\n\n<ul><li>Die Studentenverb\u00e4nde Ihrer Gastuniversit\u00e4t.<\/li><\/ul>\n\n\n<p>Auch wenn Sie nicht studieren, gibt es n\u00fctzliche Strukturen f\u00fcr Sie:<\/p>\n\n\n\n<ul><li>Ihre sendenden und empfangenden Strukturen k\u00f6nnen Sie mit Informationen versorgen.<\/li><\/ul>\n\n\n<ul><li>Erasmus + nationale Agenturen.<\/li><\/ul>\n\n\n<ul><li><a href=\"https:\/\/esn.org\/sections\" target=\"_blank\" rel=\"noreferrer noopener\" aria-label=\" (opens in a new tab)\">Erasmus Student Network (ESN) Verb\u00e4nde<\/a>, die in ganz Europa vertreten sind.<\/li><\/ul>\n\n\n<p><\/p>\n<\/div>\n<\/div>\n\n<p>Um weitere Kontakte in Ihrem Land und Ihrer Zielstadt zu erhalten, k\u00f6nnen Sie sich an die Strukturen wenden, die auf unserer Karte (in K\u00fcrze) aufgef\u00fchrt sind. Sie werden Sie an die richtigen Personen weiterleiten.<\/p>\n\n<div style=\"height:32px\" aria-hidden=\"true\" class=\"wp-block-spacer\"><\/div>\n","protected":false},"excerpt":{"rendered":"<p>Jugendliche mit Behinderungen VORBEREITEN 1. Reisehinweise Vergewissern Sie sich, dass alle Ihre wichtigen Dokumente (Ihre Gesundheitsbrosch\u00fcre, Rezepte f\u00fcr Medikamente) in &#8230; <a title=\"Vorbereiten\" class=\"read-more\" href=\"https:\/\/mobility-with-disabilities.org\/de\/fuer-jugendliche-mit-behinderungen\/vorbereiten\/\">Weiterlesen <span class=\"screen-reader-text\">Vorbereiten<\/span><\/a><\/p>\n","protected":false},"author":1,"featured_media":0,"parent":4981,"menu_order":0,"comment_status":"closed","ping_status":"closed","template":"","meta":{"_bbp_topic_count":0,"_bbp_reply_count":0,"_bbp_total_topic_count":0,"_bbp_total_reply_count":0,"_bbp_voice_count":0,"_bbp_anonymous_reply_count":0,"_bbp_topic_count_hidden":0,"_bbp_reply_count_hidden":0,"_bbp_forum_subforum_count":0},"yoast_head":"<!-- This site is optimized with the Yoast SEO plugin v17.9 - https:\/\/yoast.com\/wordpress\/plugins\/seo\/ -->\n<title>Vorbereiten - Mobility With Disabilities<\/title>\n<meta name=\"description\" content=\"Hier finden Sie alle Ratschl\u00e4ge, die Sie ben\u00f6tigen, um Ihre internationale Mobilit\u00e4t optimal vorzubereiten (Reisen, Unterkunft, Gesundheit, lokale Strukturen).\" \/>\n<meta name=\"robots\" content=\"index, follow, max-snippet:-1, max-image-preview:large, max-video-preview:-1\" \/>\n<link rel=\"canonical\" href=\"https:\/\/mobility-with-disabilities.org\/de\/fuer-jugendliche-mit-behinderungen\/vorbereiten\/\" \/>\n<meta property=\"og:locale\" content=\"de_DE\" \/>\n<meta property=\"og:type\" content=\"article\" \/>\n<meta property=\"og:title\" content=\"Vorbereiten - Mobility With Disabilities\" \/>\n<meta property=\"og:description\" content=\"Hier finden Sie alle Ratschl\u00e4ge, die Sie ben\u00f6tigen, um Ihre internationale Mobilit\u00e4t optimal vorzubereiten (Reisen, Unterkunft, Gesundheit, lokale Strukturen).\" \/>\n<meta property=\"og:url\" content=\"https:\/\/mobility-with-disabilities.org\/de\/fuer-jugendliche-mit-behinderungen\/vorbereiten\/\" \/>\n<meta property=\"og:site_name\" content=\"Mobility With Disabilities\" \/>\n<meta property=\"article:modified_time\" content=\"2021-07-30T10:51:38+00:00\" \/>\n<meta property=\"og:image\" content=\"https:\/\/mobility-with-disabilities.org\/wp-content\/uploads\/2021\/06\/orange_youthwdis.png\" \/>\n<meta name=\"twitter:card\" content=\"summary_large_image\" \/>\n<meta name=\"twitter:label1\" content=\"Gesch\u00e4tzte Lesezeit\" \/>\n\t<meta name=\"twitter:data1\" content=\"3\u00a0Minuten\" \/>\n<script type=\"application\/ld+json\" class=\"yoast-schema-graph\">{\"@context\":\"https:\/\/schema.org\",\"@graph\":[{\"@type\":\"Organization\",\"@id\":\"https:\/\/mobility-with-disabilities.org\/#organization\",\"name\":\"Mobility with disabilities\",\"url\":\"https:\/\/mobility-with-disabilities.org\/\",\"sameAs\":[],\"logo\":{\"@type\":\"ImageObject\",\"@id\":\"https:\/\/mobility-with-disabilities.org\/#logo\",\"inLanguage\":\"de\",\"url\":\"https:\/\/mobility-with-disabilities.org\/wp-content\/uploads\/2019\/11\/logo-Transparent.png\",\"contentUrl\":\"https:\/\/mobility-with-disabilities.org\/wp-content\/uploads\/2019\/11\/logo-Transparent.png\",\"width\":1904,\"height\":638,\"caption\":\"Mobility with disabilities\"},\"image\":{\"@id\":\"https:\/\/mobility-with-disabilities.org\/#logo\"}},{\"@type\":\"WebSite\",\"@id\":\"https:\/\/mobility-with-disabilities.org\/#website\",\"url\":\"https:\/\/mobility-with-disabilities.org\/\",\"name\":\"Mobility With Disabilities\",\"description\":\"\",\"publisher\":{\"@id\":\"https:\/\/mobility-with-disabilities.org\/#organization\"},\"potentialAction\":[{\"@type\":\"SearchAction\",\"target\":{\"@type\":\"EntryPoint\",\"urlTemplate\":\"https:\/\/mobility-with-disabilities.org\/?s={search_term_string}\"},\"query-input\":\"required name=search_term_string\"}],\"inLanguage\":\"de\"},{\"@type\":\"ImageObject\",\"@id\":\"https:\/\/mobility-with-disabilities.org\/de\/fuer-jugendliche-mit-behinderungen\/vorbereiten\/#primaryimage\",\"inLanguage\":\"de\",\"url\":\"https:\/\/mobility-with-disabilities.org\/wp-content\/uploads\/2021\/06\/orange_youthwdis.png\",\"contentUrl\":\"https:\/\/mobility-with-disabilities.org\/wp-content\/uploads\/2021\/06\/orange_youthwdis.png\",\"width\":232,\"height\":265},{\"@type\":\"WebPage\",\"@id\":\"https:\/\/mobility-with-disabilities.org\/de\/fuer-jugendliche-mit-behinderungen\/vorbereiten\/#webpage\",\"url\":\"https:\/\/mobility-with-disabilities.org\/de\/fuer-jugendliche-mit-behinderungen\/vorbereiten\/\",\"name\":\"Vorbereiten - Mobility With Disabilities\",\"isPartOf\":{\"@id\":\"https:\/\/mobility-with-disabilities.org\/#website\"},\"primaryImageOfPage\":{\"@id\":\"https:\/\/mobility-with-disabilities.org\/de\/fuer-jugendliche-mit-behinderungen\/vorbereiten\/#primaryimage\"},\"datePublished\":\"2021-07-30T10:51:37+00:00\",\"dateModified\":\"2021-07-30T10:51:38+00:00\",\"description\":\"Hier finden Sie alle Ratschl\\u00e4ge, die Sie ben\\u00f6tigen, um Ihre internationale Mobilit\\u00e4t optimal vorzubereiten (Reisen, Unterkunft, Gesundheit, lokale Strukturen).\",\"breadcrumb\":{\"@id\":\"https:\/\/mobility-with-disabilities.org\/de\/fuer-jugendliche-mit-behinderungen\/vorbereiten\/#breadcrumb\"},\"inLanguage\":\"de\",\"potentialAction\":[{\"@type\":\"ReadAction\",\"target\":[\"https:\/\/mobility-with-disabilities.org\/de\/fuer-jugendliche-mit-behinderungen\/vorbereiten\/\"]}]},{\"@type\":\"BreadcrumbList\",\"@id\":\"https:\/\/mobility-with-disabilities.org\/de\/fuer-jugendliche-mit-behinderungen\/vorbereiten\/#breadcrumb\",\"itemListElement\":[{\"@type\":\"ListItem\",\"position\":1,\"name\":\"Accueil\",\"item\":\"https:\/\/mobility-with-disabilities.org\/de\/\"},{\"@type\":\"ListItem\",\"position\":2,\"name\":\"F\\u00fcr Jugendliche mit Behinderungen\",\"item\":\"https:\/\/mobility-with-disabilities.org\/de\/fuer-jugendliche-mit-behinderungen\/\"},{\"@type\":\"ListItem\",\"position\":3,\"name\":\"Vorbereiten\"}]}]}<\/script>\n<!-- \/ Yoast SEO plugin. -->","yoast_head_json":{"title":"Vorbereiten - Mobility With Disabilities","description":"Hier finden Sie alle Ratschl\u00e4ge, die Sie ben\u00f6tigen, um Ihre internationale Mobilit\u00e4t optimal vorzubereiten (Reisen, Unterkunft, Gesundheit, lokale Strukturen).","robots":{"index":"index","follow":"follow","max-snippet":"max-snippet:-1","max-image-preview":"max-image-preview:large","max-video-preview":"max-video-preview:-1"},"canonical":"https:\/\/mobility-with-disabilities.org\/de\/fuer-jugendliche-mit-behinderungen\/vorbereiten\/","og_locale":"de_DE","og_type":"article","og_title":"Vorbereiten - Mobility With Disabilities","og_description":"Hier finden Sie alle Ratschl\u00e4ge, die Sie ben\u00f6tigen, um Ihre internationale Mobilit\u00e4t optimal vorzubereiten (Reisen, Unterkunft, Gesundheit, lokale Strukturen).","og_url":"https:\/\/mobility-with-disabilities.org\/de\/fuer-jugendliche-mit-behinderungen\/vorbereiten\/","og_site_name":"Mobility With Disabilities","article_modified_time":"2021-07-30T10:51:38+00:00","og_image":[{"url":"https:\/\/mobility-with-disabilities.org\/wp-content\/uploads\/2021\/06\/orange_youthwdis.png"}],"twitter_card":"summary_large_image","twitter_misc":{"Gesch\u00e4tzte Lesezeit":"3\u00a0Minuten"},"schema":{"@context":"https:\/\/schema.org","@graph":[{"@type":"Organization","@id":"https:\/\/mobility-with-disabilities.org\/#organization","name":"Mobility with disabilities","url":"https:\/\/mobility-with-disabilities.org\/","sameAs":[],"logo":{"@type":"ImageObject","@id":"https:\/\/mobility-with-disabilities.org\/#logo","inLanguage":"de","url":"https:\/\/mobility-with-disabilities.org\/wp-content\/uploads\/2019\/11\/logo-Transparent.png","contentUrl":"https:\/\/mobility-with-disabilities.org\/wp-content\/uploads\/2019\/11\/logo-Transparent.png","width":1904,"height":638,"caption":"Mobility with disabilities"},"image":{"@id":"https:\/\/mobility-with-disabilities.org\/#logo"}},{"@type":"WebSite","@id":"https:\/\/mobility-with-disabilities.org\/#website","url":"https:\/\/mobility-with-disabilities.org\/","name":"Mobility With Disabilities","description":"","publisher":{"@id":"https:\/\/mobility-with-disabilities.org\/#organization"},"potentialAction":[{"@type":"SearchAction","target":{"@type":"EntryPoint","urlTemplate":"https:\/\/mobility-with-disabilities.org\/?s={search_term_string}"},"query-input":"required name=search_term_string"}],"inLanguage":"de"},{"@type":"ImageObject","@id":"https:\/\/mobility-with-disabilities.org\/de\/fuer-jugendliche-mit-behinderungen\/vorbereiten\/#primaryimage","inLanguage":"de","url":"https:\/\/mobility-with-disabilities.org\/wp-content\/uploads\/2021\/06\/orange_youthwdis.png","contentUrl":"https:\/\/mobility-with-disabilities.org\/wp-content\/uploads\/2021\/06\/orange_youthwdis.png","width":232,"height":265},{"@type":"WebPage","@id":"https:\/\/mobility-with-disabilities.org\/de\/fuer-jugendliche-mit-behinderungen\/vorbereiten\/#webpage","url":"https:\/\/mobility-with-disabilities.org\/de\/fuer-jugendliche-mit-behinderungen\/vorbereiten\/","name":"Vorbereiten - Mobility With Disabilities","isPartOf":{"@id":"https:\/\/mobility-with-disabilities.org\/#website"},"primaryImageOfPage":{"@id":"https:\/\/mobility-with-disabilities.org\/de\/fuer-jugendliche-mit-behinderungen\/vorbereiten\/#primaryimage"},"datePublished":"2021-07-30T10:51:37+00:00","dateModified":"2021-07-30T10:51:38+00:00","description":"Hier finden Sie alle Ratschl\u00e4ge, die Sie ben\u00f6tigen, um Ihre internationale Mobilit\u00e4t optimal vorzubereiten (Reisen, Unterkunft, Gesundheit, lokale Strukturen).","breadcrumb":{"@id":"https:\/\/mobility-with-disabilities.org\/de\/fuer-jugendliche-mit-behinderungen\/vorbereiten\/#breadcrumb"},"inLanguage":"de","potentialAction":[{"@type":"ReadAction","target":["https:\/\/mobility-with-disabilities.org\/de\/fuer-jugendliche-mit-behinderungen\/vorbereiten\/"]}]},{"@type":"BreadcrumbList","@id":"https:\/\/mobility-with-disabilities.org\/de\/fuer-jugendliche-mit-behinderungen\/vorbereiten\/#breadcrumb","itemListElement":[{"@type":"ListItem","position":1,"name":"Accueil","item":"https:\/\/mobility-with-disabilities.org\/de\/"},{"@type":"ListItem","position":2,"name":"F\u00fcr Jugendliche mit Behinderungen","item":"https:\/\/mobility-with-disabilities.org\/de\/fuer-jugendliche-mit-behinderungen\/"},{"@type":"ListItem","position":3,"name":"Vorbereiten"}]}]}},"uagb_featured_image_src":{"full":false,"thumbnail":false,"medium":false,"medium_large":false,"large":false,"1536x1536":false,"2048x2048":false,"alm-thumbnail":false,"course_thumbnail":false,"profile_24":false,"profile_48":false,"profile_96":false,"profile_150":false,"profile_300":false},"uagb_author_info":{"display_name":"IMD","author_link":"https:\/\/mobility-with-disabilities.org\/de\/author\/admin4690\/"},"uagb_comment_info":0,"uagb_excerpt":"Jugendliche mit Behinderungen VORBEREITEN 1. Reisehinweise Vergewissern Sie sich, dass alle Ihre wichtigen Dokumente (Ihre Gesundheitsbrosch\u00fcre, Rezepte f\u00fcr Medikamente) in ... Weiterlesen Vorbereiten","_links":{"self":[{"href":"https:\/\/mobility-with-disabilities.org\/de\/wp-json\/wp\/v2\/pages\/4992"}],"collection":[{"href":"https:\/\/mobility-with-disabilities.org\/de\/wp-json\/wp\/v2\/pages"}],"about":[{"href":"https:\/\/mobility-with-disabilities.org\/de\/wp-json\/wp\/v2\/types\/page"}],"author":[{"embeddable":true,"href":"https:\/\/mobility-with-disabilities.org\/de\/wp-json\/wp\/v2\/users\/1"}],"replies":[{"embeddable":true,"href":"https:\/\/mobility-with-disabilities.org\/de\/wp-json\/wp\/v2\/comments?post=4992"}],"version-history":[{"count":1,"href":"https:\/\/mobility-with-disabilities.org\/de\/wp-json\/wp\/v2\/pages\/4992\/revisions"}],"predecessor-version":[{"id":4993,"href":"https:\/\/mobility-with-disabilities.org\/de\/wp-json\/wp\/v2\/pages\/4992\/revisions\/4993"}],"up":[{"embeddable":true,"href":"https:\/\/mobility-with-disabilities.org\/de\/wp-json\/wp\/v2\/pages\/4981"}],"wp:attachment":[{"href":"https:\/\/mobility-with-disabilities.org\/de\/wp-json\/wp\/v2\/media?parent=4992"}],"curies":[{"name":"wp","href":"https:\/\/api.w.org\/{rel}","templated":true}]}}