{"id":4994,"date":"2021-07-30T13:01:45","date_gmt":"2021-07-30T11:01:45","guid":{"rendered":"https:\/\/mobility-with-disabilities.org\/fuer-jugendarbeiter-und-organisationen\/"},"modified":"2021-07-30T13:01:45","modified_gmt":"2021-07-30T11:01:45","slug":"fuer-jugendarbeiter-und-organisationen","status":"publish","type":"page","link":"https:\/\/mobility-with-disabilities.org\/de\/fuer-jugendarbeiter-und-organisationen\/","title":{"rendered":"F\u00fcr jugendarbeiter und organisationen"},"content":{"rendered":"<div class=\"wp-block-image\"><figure class=\"aligncenter size-large is-resized\"><noscript><img src=\"https:\/\/mobility-with-disabilities.org\/wp-content\/uploads\/2021\/06\/orange_youthworker.png\" alt=\"f\u00fcr jugendarbeiter \" class=\"wp-image-4507\" width=\"126\" height=\"131\" srcset=\"https:\/\/mobility-with-disabilities.org\/wp-content\/uploads\/2021\/06\/orange_youthworker.png 256w, https:\/\/mobility-with-disabilities.org\/wp-content\/uploads\/2021\/06\/orange_youthworker-24x24.png 24w\" sizes=\"(max-width: 126px) 100vw, 126px\"><\/noscript><img src=\"data:image\/svg+xml,%3Csvg%20xmlns%3D%22http%3A%2F%2Fwww.w3.org%2F2000%2Fsvg%22%20viewBox%3D%220%200%20126%20131%22%3E%3C%2Fsvg%3E\" alt=\"f\u00fcr jugendarbeiter \" class=\"wp-image-4507 lazyload\" width=\"126\" height=\"131\" srcset=\"data:image\/svg+xml,%3Csvg%20xmlns%3D%22http%3A%2F%2Fwww.w3.org%2F2000%2Fsvg%22%20viewBox%3D%220%200%20126%20131%22%3E%3C%2Fsvg%3E 126w\" sizes=\"(max-width: 126px) 100vw, 126px\" data-srcset=\"https:\/\/mobility-with-disabilities.org\/wp-content\/uploads\/2021\/06\/orange_youthworker.png 256w, https:\/\/mobility-with-disabilities.org\/wp-content\/uploads\/2021\/06\/orange_youthworker-24x24.png 24w\" data-src=\"https:\/\/mobility-with-disabilities.org\/wp-content\/uploads\/2021\/06\/orange_youthworker.png\" loading=\"lazy\"><\/figure><\/div>\n\n<h1 class=\"has-text-align-center\">F\u00fcr jugendarbeiter und organisationen<\/h1>\n\n<h2 class=\"has-text-align-center has-text-color\" style=\"color:#d14905\"><strong>3 M\u00d6GLICHKEITEN ZUR UNTERST\u00dcTZUNG<\/strong> <strong>JUNGER MENSCHEN BEI IHREM MOBILIT\u00c4TSPROJEKT<\/strong><\/h2>\n\n<p class=\"has-text-align-center\">Wenn ein junger Mensch mit Behinderung ins Ausland geht, sei es f\u00fcr ein Studiensemester, ein Praktikum oder einen Zivildienst, kann er mit verschiedenen Herausforderungen konfrontiert werden. Als Jugendbetreuer und\/oder Jugendorganisation verf\u00fcgen Sie \u00fcber verschiedene Mittel und Ressourcen, um diesen jungen Menschen auf ihrer interkulturellen Reise zu helfen und sie zu unterst\u00fctzen. <\/p>\n\n<p class=\"has-text-align-center\">Von der Idee, ins Ausland zu gehen, bis hin zur Suche nach logistischen L\u00f6sungen f\u00fcr die R\u00fcckkehr in die Heimat, m\u00fcssen Sie in jeden Teil des Prozesses einbezogen werden, und hier sind einige Informationen dazu! <\/p>\n\n<div class=\"wp-block-columns ways\">\n<div class=\"wp-block-column is-vertically-aligned-center\" style=\"flex-basis:20%\">\n<div class=\"wp-block-image\"><figure class=\"alignright size-full is-resized\"><a href=\"https:\/\/mobility-with-disabilities.org\/for-youth-workers-organization\/disability-and-international-mobility-it-is-possible\/\"><noscript><img src=\"https:\/\/mobility-with-disabilities.org\/wp-content\/uploads\/2021\/06\/blue_disability-and-international-mobility.png\" alt class=\"wp-image-4417\" width=\"94\" height=\"87\"><\/noscript><img src=\"data:image\/svg+xml,%3Csvg%20xmlns%3D%22http%3A%2F%2Fwww.w3.org%2F2000%2Fsvg%22%20viewBox%3D%220%200%2094%2087%22%3E%3C%2Fsvg%3E\" alt class=\"wp-image-4417 lazyload\" width=\"94\" height=\"87\" data-src=\"https:\/\/mobility-with-disabilities.org\/wp-content\/uploads\/2021\/06\/blue_disability-and-international-mobility.png\" loading=\"lazy\"><\/a><\/figure><\/div>\n<\/div>\n\n\n\n<div class=\"wp-block-column\" style=\"flex-basis:30%\">\n<h3><strong><a href=\"https:\/\/mobility-with-disabilities.org\/for-youth-workers-organization\/disability-and-international-mobility-it-is-possible\/\">Behinderung und internationale Mobilit\u00e4t, das passt zusammen! <\/a><\/strong><\/h3>\n\n\n\n<p> <\/p>\n\n\n\n<div class=\"wp-block-button aligncenter\"><a class=\"wp-block-button__link\" href=\"https:\/\/mobility-with-disabilities.org\/for-youth-workers-organization\/disability-and-international-mobility-it-is-possible\/\">LOS GEHT&#8217;S!<\/a><\/div>\n<\/div>\n\n\n\n<div class=\"wp-block-column is-vertically-aligned-center\" style=\"flex-basis:20%\">\n<div class=\"wp-block-image\"><figure class=\"alignright size-full is-resized\"><a href=\"https:\/\/mobility-with-disabilities.org\/for-youth-workers-organization\/support-a-young-person-going-abroad\/\"><noscript><img src=\"https:\/\/mobility-with-disabilities.org\/wp-content\/uploads\/2021\/06\/blue_support.png\" alt class=\"wp-image-4432\" width=\"80\" height=\"86\"><\/noscript><img src=\"data:image\/svg+xml,%3Csvg%20xmlns%3D%22http%3A%2F%2Fwww.w3.org%2F2000%2Fsvg%22%20viewBox%3D%220%200%2080%2086%22%3E%3C%2Fsvg%3E\" alt class=\"wp-image-4432 lazyload\" width=\"80\" height=\"86\" data-src=\"https:\/\/mobility-with-disabilities.org\/wp-content\/uploads\/2021\/06\/blue_support.png\" loading=\"lazy\"><\/a><\/figure><\/div>\n\n\n\n<p><\/p>\n<\/div>\n\n\n\n<div class=\"wp-block-column\" style=\"flex-basis:30%\">\n<h3 id=\"block-6d78980f-00e4-46ea-8466-b9d66fdf5c8f\"><strong><a href=\"https:\/\/mobility-with-disabilities.org\/for-youth-workers-organization\/support-a-young-person-going-abroad\/\">Unterst\u00fctzung eines jungen Menschen mit Behinderung bei einem Auslandsaufenthalt<\/a><\/strong><\/h3>\n\n\n\n<div class=\"wp-block-buttons is-content-justification-center\">\n<div class=\"wp-block-button\"><a class=\"wp-block-button__link\" href=\"https:\/\/mobility-with-disabilities.org\/for-youth-workers-organization\/support-a-young-person-going-abroad\/\">LOS GEHT&#8217;S!<\/a><\/div>\n<\/div>\n<\/div>\n<\/div>\n\n<div class=\"wp-block-columns ways\">\n<div class=\"wp-block-column\" style=\"flex-basis:20%\"><\/div>\n\n\n\n<div class=\"wp-block-column is-vertically-aligned-center\" style=\"flex-basis:20%\">\n<div class=\"wp-block-image\"><figure class=\"alignright size-full is-resized\"><a href=\"https:\/\/mobility-with-disabilities.org\/for-youth-workers-organization\/host-a-young-person-with-disabilities\/\"><noscript><img src=\"https:\/\/mobility-with-disabilities.org\/wp-content\/uploads\/2021\/06\/blue_host.png\" alt class=\"wp-image-4422\" width=\"91\" height=\"67\"><\/noscript><img src=\"data:image\/svg+xml,%3Csvg%20xmlns%3D%22http%3A%2F%2Fwww.w3.org%2F2000%2Fsvg%22%20viewBox%3D%220%200%2091%2067%22%3E%3C%2Fsvg%3E\" alt class=\"wp-image-4422 lazyload\" width=\"91\" height=\"67\" data-src=\"https:\/\/mobility-with-disabilities.org\/wp-content\/uploads\/2021\/06\/blue_host.png\" loading=\"lazy\"><\/a><\/figure><\/div>\n\n\n\n<p><\/p>\n<\/div>\n\n\n\n<div class=\"wp-block-column\" style=\"flex-basis:30%\">\n<h3><strong><a href=\"https:\/\/mobility-with-disabilities.org\/for-youth-workers-organization\/host-a-young-person-with-disabilities\/\">Einen jungen Menschen mit Behinderung im Ausland aufnehmen <\/a><\/strong><\/h3>\n\n\n\n<p> <\/p>\n\n\n\n<div class=\"wp-block-button aligncenter\"><a class=\"wp-block-button__link\" href=\"https:\/\/mobility-with-disabilities.org\/for-youth-workers-organization\/host-a-young-person-with-disabilities\/\">LOS GEHT&#8217;S!<\/a><\/div>\n<\/div>\n\n\n\n<div class=\"wp-block-column\" style=\"flex-basis:30%\"><\/div>\n<\/div>\n\n<div class=\"wp-block-cover alignfull has-background-dim has-background-dim-NaN\"><noscript><img width=\"2560\" height=\"1709\" class=\"wp-block-cover__image-background wp-image-1604\" alt src=\"https:\/\/mobility-with-disabilities.org\/wp-content\/uploads\/2019\/11\/nathan-anderson-FHiJWoBodrs-unsplash-scaled.jpg\" data-object-fit=\"cover\" srcset=\"https:\/\/mobility-with-disabilities.org\/wp-content\/uploads\/2019\/11\/nathan-anderson-FHiJWoBodrs-unsplash-scaled.jpg 2560w, https:\/\/mobility-with-disabilities.org\/wp-content\/uploads\/2019\/11\/nathan-anderson-FHiJWoBodrs-unsplash-300x200.jpg 300w, https:\/\/mobility-with-disabilities.org\/wp-content\/uploads\/2019\/11\/nathan-anderson-FHiJWoBodrs-unsplash-1024x684.jpg 1024w, https:\/\/mobility-with-disabilities.org\/wp-content\/uploads\/2019\/11\/nathan-anderson-FHiJWoBodrs-unsplash-768x513.jpg 768w, https:\/\/mobility-with-disabilities.org\/wp-content\/uploads\/2019\/11\/nathan-anderson-FHiJWoBodrs-unsplash-1536x1025.jpg 1536w, https:\/\/mobility-with-disabilities.org\/wp-content\/uploads\/2019\/11\/nathan-anderson-FHiJWoBodrs-unsplash-2048x1367.jpg 2048w\" sizes=\"(max-width: 2560px) 100vw, 2560px\"><\/noscript><img width=\"2560\" height=\"1709\" class=\"wp-block-cover__image-background wp-image-1604 lazyload\" alt src=\"data:image\/svg+xml,%3Csvg%20xmlns%3D%22http%3A%2F%2Fwww.w3.org%2F2000%2Fsvg%22%20viewBox%3D%220%200%202560%201709%22%3E%3C%2Fsvg%3E\" data-object-fit=\"cover\" srcset=\"data:image\/svg+xml,%3Csvg%20xmlns%3D%22http%3A%2F%2Fwww.w3.org%2F2000%2Fsvg%22%20viewBox%3D%220%200%202560%201709%22%3E%3C%2Fsvg%3E 2560w\" sizes=\"(max-width: 2560px) 100vw, 2560px\" data-srcset=\"https:\/\/mobility-with-disabilities.org\/wp-content\/uploads\/2019\/11\/nathan-anderson-FHiJWoBodrs-unsplash-scaled.jpg 2560w, https:\/\/mobility-with-disabilities.org\/wp-content\/uploads\/2019\/11\/nathan-anderson-FHiJWoBodrs-unsplash-300x200.jpg 300w, https:\/\/mobility-with-disabilities.org\/wp-content\/uploads\/2019\/11\/nathan-anderson-FHiJWoBodrs-unsplash-1024x684.jpg 1024w, https:\/\/mobility-with-disabilities.org\/wp-content\/uploads\/2019\/11\/nathan-anderson-FHiJWoBodrs-unsplash-768x513.jpg 768w, https:\/\/mobility-with-disabilities.org\/wp-content\/uploads\/2019\/11\/nathan-anderson-FHiJWoBodrs-unsplash-1536x1025.jpg 1536w, https:\/\/mobility-with-disabilities.org\/wp-content\/uploads\/2019\/11\/nathan-anderson-FHiJWoBodrs-unsplash-2048x1367.jpg 2048w\" data-src=\"https:\/\/mobility-with-disabilities.org\/wp-content\/uploads\/2019\/11\/nathan-anderson-FHiJWoBodrs-unsplash-scaled.jpg\" loading=\"lazy\"><div class=\"wp-block-cover__inner-container\">\n<p class=\"has-text-align-center\"><strong>Weitere Ressourcen finden Sie im Info-Center, auf der Karte und auf der Ressourcen-Seite.<\/strong><\/p>\n\n\n\n<p class=\"has-text-align-center\"><strong>Diese Informationen werden regelm\u00e4\u00dfig mit neuen Ratschl\u00e4gen und Ressourcen aktualisiert. Wenn Sie einen Beitrag leisten m\u00f6chten, schreiben Sie bitte an contact@mobility-with-disabilities.org<\/strong><\/p>\n<\/div><\/div>\n","protected":false},"excerpt":{"rendered":"<p>F\u00fcr jugendarbeiter und organisationen 3 M\u00d6GLICHKEITEN ZUR UNTERST\u00dcTZUNG JUNGER MENSCHEN BEI IHREM MOBILIT\u00c4TSPROJEKT Wenn ein junger Mensch mit Behinderung ins &#8230; <a title=\"F\u00fcr jugendarbeiter und organisationen\" class=\"read-more\" href=\"https:\/\/mobility-with-disabilities.org\/de\/fuer-jugendarbeiter-und-organisationen\/\">Weiterlesen <span class=\"screen-reader-text\">F\u00fcr jugendarbeiter und organisationen<\/span><\/a><\/p>\n","protected":false},"author":1,"featured_media":0,"parent":0,"menu_order":0,"comment_status":"closed","ping_status":"closed","template":"","meta":{"_bbp_topic_count":0,"_bbp_reply_count":0,"_bbp_total_topic_count":0,"_bbp_total_reply_count":0,"_bbp_voice_count":0,"_bbp_anonymous_reply_count":0,"_bbp_topic_count_hidden":0,"_bbp_reply_count_hidden":0,"_bbp_forum_subforum_count":0},"yoast_head":"<!-- This site is optimized with the Yoast SEO plugin v17.9 - https:\/\/yoast.com\/wordpress\/plugins\/seo\/ -->\n<title>F\u00fcr jugendarbeiter und organisationen - Mobility With Disabilities<\/title>\n<meta name=\"robots\" content=\"index, follow, max-snippet:-1, max-image-preview:large, max-video-preview:-1\" \/>\n<link rel=\"canonical\" href=\"https:\/\/mobility-with-disabilities.org\/de\/fuer-jugendarbeiter-und-organisationen\/\" \/>\n<meta property=\"og:locale\" content=\"de_DE\" \/>\n<meta property=\"og:type\" content=\"article\" \/>\n<meta property=\"og:title\" content=\"F\u00fcr jugendarbeiter und organisationen - Mobility With Disabilities\" \/>\n<meta property=\"og:description\" content=\"F\u00fcr jugendarbeiter und organisationen 3 M\u00d6GLICHKEITEN ZUR UNTERST\u00dcTZUNG JUNGER MENSCHEN BEI IHREM MOBILIT\u00c4TSPROJEKT Wenn ein junger Mensch mit Behinderung ins ... Weiterlesen F\u00fcr jugendarbeiter und organisationen\" \/>\n<meta property=\"og:url\" content=\"https:\/\/mobility-with-disabilities.org\/de\/fuer-jugendarbeiter-und-organisationen\/\" \/>\n<meta property=\"og:site_name\" content=\"Mobility With Disabilities\" \/>\n<meta property=\"og:image\" content=\"https:\/\/mobility-with-disabilities.org\/wp-content\/uploads\/2021\/06\/orange_youthworker.png\" \/>\n<meta name=\"twitter:card\" content=\"summary_large_image\" \/>\n<meta name=\"twitter:label1\" content=\"Gesch\u00e4tzte Lesezeit\" \/>\n\t<meta name=\"twitter:data1\" content=\"1\u00a0Minute\" \/>\n<script type=\"application\/ld+json\" class=\"yoast-schema-graph\">{\"@context\":\"https:\/\/schema.org\",\"@graph\":[{\"@type\":\"Organization\",\"@id\":\"https:\/\/mobility-with-disabilities.org\/#organization\",\"name\":\"Mobility with disabilities\",\"url\":\"https:\/\/mobility-with-disabilities.org\/\",\"sameAs\":[],\"logo\":{\"@type\":\"ImageObject\",\"@id\":\"https:\/\/mobility-with-disabilities.org\/#logo\",\"inLanguage\":\"de\",\"url\":\"https:\/\/mobility-with-disabilities.org\/wp-content\/uploads\/2019\/11\/logo-Transparent.png\",\"contentUrl\":\"https:\/\/mobility-with-disabilities.org\/wp-content\/uploads\/2019\/11\/logo-Transparent.png\",\"width\":1904,\"height\":638,\"caption\":\"Mobility with disabilities\"},\"image\":{\"@id\":\"https:\/\/mobility-with-disabilities.org\/#logo\"}},{\"@type\":\"WebSite\",\"@id\":\"https:\/\/mobility-with-disabilities.org\/#website\",\"url\":\"https:\/\/mobility-with-disabilities.org\/\",\"name\":\"Mobility With Disabilities\",\"description\":\"\",\"publisher\":{\"@id\":\"https:\/\/mobility-with-disabilities.org\/#organization\"},\"potentialAction\":[{\"@type\":\"SearchAction\",\"target\":{\"@type\":\"EntryPoint\",\"urlTemplate\":\"https:\/\/mobility-with-disabilities.org\/?s={search_term_string}\"},\"query-input\":\"required name=search_term_string\"}],\"inLanguage\":\"de\"},{\"@type\":\"ImageObject\",\"@id\":\"https:\/\/mobility-with-disabilities.org\/de\/fuer-jugendarbeiter-und-organisationen\/#primaryimage\",\"inLanguage\":\"de\",\"url\":\"https:\/\/mobility-with-disabilities.org\/wp-content\/uploads\/2021\/06\/orange_youthworker.png\",\"contentUrl\":\"https:\/\/mobility-with-disabilities.org\/wp-content\/uploads\/2021\/06\/orange_youthworker.png\",\"width\":256,\"height\":266},{\"@type\":\"WebPage\",\"@id\":\"https:\/\/mobility-with-disabilities.org\/de\/fuer-jugendarbeiter-und-organisationen\/#webpage\",\"url\":\"https:\/\/mobility-with-disabilities.org\/de\/fuer-jugendarbeiter-und-organisationen\/\",\"name\":\"F\\u00fcr jugendarbeiter und organisationen - Mobility With Disabilities\",\"isPartOf\":{\"@id\":\"https:\/\/mobility-with-disabilities.org\/#website\"},\"primaryImageOfPage\":{\"@id\":\"https:\/\/mobility-with-disabilities.org\/de\/fuer-jugendarbeiter-und-organisationen\/#primaryimage\"},\"datePublished\":\"2021-07-30T11:01:45+00:00\",\"dateModified\":\"2021-07-30T11:01:45+00:00\",\"breadcrumb\":{\"@id\":\"https:\/\/mobility-with-disabilities.org\/de\/fuer-jugendarbeiter-und-organisationen\/#breadcrumb\"},\"inLanguage\":\"de\",\"potentialAction\":[{\"@type\":\"ReadAction\",\"target\":[\"https:\/\/mobility-with-disabilities.org\/de\/fuer-jugendarbeiter-und-organisationen\/\"]}]},{\"@type\":\"BreadcrumbList\",\"@id\":\"https:\/\/mobility-with-disabilities.org\/de\/fuer-jugendarbeiter-und-organisationen\/#breadcrumb\",\"itemListElement\":[{\"@type\":\"ListItem\",\"position\":1,\"name\":\"Accueil\",\"item\":\"https:\/\/mobility-with-disabilities.org\/de\/\"},{\"@type\":\"ListItem\",\"position\":2,\"name\":\"F\\u00fcr jugendarbeiter und organisationen\"}]}]}<\/script>\n<!-- \/ Yoast SEO plugin. -->","yoast_head_json":{"title":"F\u00fcr jugendarbeiter und organisationen - Mobility With Disabilities","robots":{"index":"index","follow":"follow","max-snippet":"max-snippet:-1","max-image-preview":"max-image-preview:large","max-video-preview":"max-video-preview:-1"},"canonical":"https:\/\/mobility-with-disabilities.org\/de\/fuer-jugendarbeiter-und-organisationen\/","og_locale":"de_DE","og_type":"article","og_title":"F\u00fcr jugendarbeiter und organisationen - Mobility With Disabilities","og_description":"F\u00fcr jugendarbeiter und organisationen 3 M\u00d6GLICHKEITEN ZUR UNTERST\u00dcTZUNG JUNGER MENSCHEN BEI IHREM MOBILIT\u00c4TSPROJEKT Wenn ein junger Mensch mit Behinderung ins ... Weiterlesen F\u00fcr jugendarbeiter und organisationen","og_url":"https:\/\/mobility-with-disabilities.org\/de\/fuer-jugendarbeiter-und-organisationen\/","og_site_name":"Mobility With Disabilities","og_image":[{"url":"https:\/\/mobility-with-disabilities.org\/wp-content\/uploads\/2021\/06\/orange_youthworker.png"}],"twitter_card":"summary_large_image","twitter_misc":{"Gesch\u00e4tzte Lesezeit":"1\u00a0Minute"},"schema":{"@context":"https:\/\/schema.org","@graph":[{"@type":"Organization","@id":"https:\/\/mobility-with-disabilities.org\/#organization","name":"Mobility with disabilities","url":"https:\/\/mobility-with-disabilities.org\/","sameAs":[],"logo":{"@type":"ImageObject","@id":"https:\/\/mobility-with-disabilities.org\/#logo","inLanguage":"de","url":"https:\/\/mobility-with-disabilities.org\/wp-content\/uploads\/2019\/11\/logo-Transparent.png","contentUrl":"https:\/\/mobility-with-disabilities.org\/wp-content\/uploads\/2019\/11\/logo-Transparent.png","width":1904,"height":638,"caption":"Mobility with disabilities"},"image":{"@id":"https:\/\/mobility-with-disabilities.org\/#logo"}},{"@type":"WebSite","@id":"https:\/\/mobility-with-disabilities.org\/#website","url":"https:\/\/mobility-with-disabilities.org\/","name":"Mobility With Disabilities","description":"","publisher":{"@id":"https:\/\/mobility-with-disabilities.org\/#organization"},"potentialAction":[{"@type":"SearchAction","target":{"@type":"EntryPoint","urlTemplate":"https:\/\/mobility-with-disabilities.org\/?s={search_term_string}"},"query-input":"required name=search_term_string"}],"inLanguage":"de"},{"@type":"ImageObject","@id":"https:\/\/mobility-with-disabilities.org\/de\/fuer-jugendarbeiter-und-organisationen\/#primaryimage","inLanguage":"de","url":"https:\/\/mobility-with-disabilities.org\/wp-content\/uploads\/2021\/06\/orange_youthworker.png","contentUrl":"https:\/\/mobility-with-disabilities.org\/wp-content\/uploads\/2021\/06\/orange_youthworker.png","width":256,"height":266},{"@type":"WebPage","@id":"https:\/\/mobility-with-disabilities.org\/de\/fuer-jugendarbeiter-und-organisationen\/#webpage","url":"https:\/\/mobility-with-disabilities.org\/de\/fuer-jugendarbeiter-und-organisationen\/","name":"F\u00fcr jugendarbeiter und organisationen - Mobility With Disabilities","isPartOf":{"@id":"https:\/\/mobility-with-disabilities.org\/#website"},"primaryImageOfPage":{"@id":"https:\/\/mobility-with-disabilities.org\/de\/fuer-jugendarbeiter-und-organisationen\/#primaryimage"},"datePublished":"2021-07-30T11:01:45+00:00","dateModified":"2021-07-30T11:01:45+00:00","breadcrumb":{"@id":"https:\/\/mobility-with-disabilities.org\/de\/fuer-jugendarbeiter-und-organisationen\/#breadcrumb"},"inLanguage":"de","potentialAction":[{"@type":"ReadAction","target":["https:\/\/mobility-with-disabilities.org\/de\/fuer-jugendarbeiter-und-organisationen\/"]}]},{"@type":"BreadcrumbList","@id":"https:\/\/mobility-with-disabilities.org\/de\/fuer-jugendarbeiter-und-organisationen\/#breadcrumb","itemListElement":[{"@type":"ListItem","position":1,"name":"Accueil","item":"https:\/\/mobility-with-disabilities.org\/de\/"},{"@type":"ListItem","position":2,"name":"F\u00fcr jugendarbeiter und organisationen"}]}]}},"uagb_featured_image_src":{"full":false,"thumbnail":false,"medium":false,"medium_large":false,"large":false,"1536x1536":false,"2048x2048":false,"alm-thumbnail":false,"course_thumbnail":false,"profile_24":false,"profile_48":false,"profile_96":false,"profile_150":false,"profile_300":false},"uagb_author_info":{"display_name":"IMD","author_link":"https:\/\/mobility-with-disabilities.org\/de\/author\/admin4690\/"},"uagb_comment_info":0,"uagb_excerpt":"F\u00fcr jugendarbeiter und organisationen 3 M\u00d6GLICHKEITEN ZUR UNTERST\u00dcTZUNG JUNGER MENSCHEN BEI IHREM MOBILIT\u00c4TSPROJEKT Wenn ein junger Mensch mit Behinderung ins ... Weiterlesen F\u00fcr jugendarbeiter und organisationen","_links":{"self":[{"href":"https:\/\/mobility-with-disabilities.org\/de\/wp-json\/wp\/v2\/pages\/4994"}],"collection":[{"href":"https:\/\/mobility-with-disabilities.org\/de\/wp-json\/wp\/v2\/pages"}],"about":[{"href":"https:\/\/mobility-with-disabilities.org\/de\/wp-json\/wp\/v2\/types\/page"}],"author":[{"embeddable":true,"href":"https:\/\/mobility-with-disabilities.org\/de\/wp-json\/wp\/v2\/users\/1"}],"replies":[{"embeddable":true,"href":"https:\/\/mobility-with-disabilities.org\/de\/wp-json\/wp\/v2\/comments?post=4994"}],"version-history":[{"count":1,"href":"https:\/\/mobility-with-disabilities.org\/de\/wp-json\/wp\/v2\/pages\/4994\/revisions"}],"predecessor-version":[{"id":4995,"href":"https:\/\/mobility-with-disabilities.org\/de\/wp-json\/wp\/v2\/pages\/4994\/revisions\/4995"}],"wp:attachment":[{"href":"https:\/\/mobility-with-disabilities.org\/de\/wp-json\/wp\/v2\/media?parent=4994"}],"curies":[{"name":"wp","href":"https:\/\/api.w.org\/{rel}","templated":true}]}}