{"id":4998,"date":"2021-07-30T15:06:40","date_gmt":"2021-07-30T13:06:40","guid":{"rendered":"https:\/\/mobility-with-disabilities.org\/fuer-jugendarbeiter-und-organisationen\/behinderung-und-internationale-mobilitaet-sie-ist-vereinbar\/"},"modified":"2021-07-30T15:06:41","modified_gmt":"2021-07-30T13:06:41","slug":"behinderung-und-internationale-mobilitaet-sie-ist-vereinbar","status":"publish","type":"page","link":"https:\/\/mobility-with-disabilities.org\/de\/fuer-jugendarbeiter-und-organisationen\/behinderung-und-internationale-mobilitaet-sie-ist-vereinbar\/","title":{"rendered":"Behinderung und internationale Mobilit\u00e4t, sie ist vereinbar."},"content":{"rendered":"<div class=\"wp-block-image\"><figure class=\"aligncenter size-large is-resized\"><noscript><img src=\"https:\/\/mobility-with-disabilities.org\/wp-content\/uploads\/2021\/06\/orange_youthworker.png\" alt=\"f\u00fcr jugendarbeiter und organisationen\" class=\"wp-image-4507\" width=\"130\" height=\"135\" srcset=\"https:\/\/mobility-with-disabilities.org\/wp-content\/uploads\/2021\/06\/orange_youthworker.png 256w, https:\/\/mobility-with-disabilities.org\/wp-content\/uploads\/2021\/06\/orange_youthworker-24x24.png 24w\" sizes=\"(max-width: 130px) 100vw, 130px\"><\/noscript><img src=\"data:image\/svg+xml,%3Csvg%20xmlns%3D%22http%3A%2F%2Fwww.w3.org%2F2000%2Fsvg%22%20viewBox%3D%220%200%20130%20135%22%3E%3C%2Fsvg%3E\" alt=\"f\u00fcr jugendarbeiter und organisationen\" class=\"wp-image-4507 lazyload\" width=\"130\" height=\"135\" srcset=\"data:image\/svg+xml,%3Csvg%20xmlns%3D%22http%3A%2F%2Fwww.w3.org%2F2000%2Fsvg%22%20viewBox%3D%220%200%20130%20135%22%3E%3C%2Fsvg%3E 130w\" sizes=\"(max-width: 130px) 100vw, 130px\" data-srcset=\"https:\/\/mobility-with-disabilities.org\/wp-content\/uploads\/2021\/06\/orange_youthworker.png 256w, https:\/\/mobility-with-disabilities.org\/wp-content\/uploads\/2021\/06\/orange_youthworker-24x24.png 24w\" data-src=\"https:\/\/mobility-with-disabilities.org\/wp-content\/uploads\/2021\/06\/orange_youthworker.png\" loading=\"lazy\"><\/figure><\/div>\n\n<h2 class=\"has-text-align-center\">F\u00dcR JUGENDARBEITER &amp; ORGANISATIONEN<\/h2>\n\n<div class=\"wp-block-image\"><figure class=\"aligncenter size-full is-resized\"><noscript><img src=\"https:\/\/mobility-with-disabilities.org\/wp-content\/uploads\/2021\/06\/blue_disability-and-international-mobility.png\" alt class=\"wp-image-4417\" width=\"71\" height=\"66\"><\/noscript><img src=\"data:image\/svg+xml,%3Csvg%20xmlns%3D%22http%3A%2F%2Fwww.w3.org%2F2000%2Fsvg%22%20viewBox%3D%220%200%2071%2066%22%3E%3C%2Fsvg%3E\" alt class=\"wp-image-4417 lazyload\" width=\"71\" height=\"66\" data-src=\"https:\/\/mobility-with-disabilities.org\/wp-content\/uploads\/2021\/06\/blue_disability-and-international-mobility.png\" loading=\"lazy\"><\/figure><\/div>\n\n<h1 class=\"has-text-align-center block-media-title has-text-color\" style=\"color:#d14905\">Behinderung und internationale Mobilit\u00e4t, sie ist vereinbar.<\/h1>\n\n<p class=\"has-text-align-center\">In diesem Abschnitt wird eine allgemeine Definition des Begriffs &#8220;Behinderung&#8221; gegeben und es werden die verschiedenen Ma\u00dfnahmen beschrieben, die von der Europ\u00e4ischen Union durchgef\u00fchrt werden, um jungen Menschen mit Behinderungen die Teilnahme an der internationalen Mobilit\u00e4t zu erm\u00f6glichen.<\/p>\n\n<h3><span style=\"color:#d44c04\" class=\"has-inline-color\">1. Was ist Behinderung?<\/span><\/h3>\n\n<p>Nach der <strong>Weltgesundheitsorganisation<\/strong> ist ein Mensch mit einer Behinderung &#8220;in seiner Aktivit\u00e4t eingeschr\u00e4nkt oder in seiner Teilhabe an der Gesellschaft durch eine wesentliche, dauerhafte oder bleibende Beeintr\u00e4chtigung einer oder mehrerer k\u00f6rperlicher, sensorischer, geistiger, kognitiver oder psychologischer Funktionen, durch eine Mehrfachbehinderung oder durch einen behindernden Gesundheitszustand eingeschr\u00e4nkt&#8221;. Die Definitionen und die Anerkennung von Behinderung variieren jedoch je nach Land und Kultur.<\/p>\n\n<p>Das <strong>\u00dcbereinkommen der Vereinten Nationen \u00fcber die Rechte von Menschen mit Behinderungen (UNCRPD)<\/strong>, das im Jahr <strong>2006<\/strong> von den Vereinten Nationen angenommen wurde, ist ein internationales Instrument, das Mindeststandards f\u00fcr die Rechte von Menschen mit Behinderungen festlegt. Es &#8220;f\u00f6rdert, sch\u00fctzt und gew\u00e4hrleistet&#8221; die Gleichheit, die Menschenrechte und die Grundfreiheiten aller Menschen mit Behinderungen. Es gew\u00e4hrleistet das Recht auf Autonomie, Selbstachtung, Integrit\u00e4t, Bildung und Lernen von Menschen mit Behinderungen und erinnert an die Verurteilung von Diskriminierung und Missbrauch gegen sie. Sie ist von allen EU-Mitgliedstaaten unterzeichnet und ratifiziert worden. Die EU-L\u00e4nder sind daher verpflichtet, diese Konvention einzuhalten, aber jedes Land hat auch seine eigenen Rechtsvorschriften. <\/p>\n\n<p>Nach Angaben der <strong>Weltgesundheitsorganisation<\/strong> leben auf der Welt fast eine Milliarde Menschen mit Behinderungen. Die meisten von ihnen k\u00e4mpfen darum, ihren Platz in unserer Gesellschaft einzunehmen, und werden bestimmter M\u00f6glichkeiten beraubt. Verb\u00e4nde und Stiftungen, die sich zumeist aus Vertretern dieser Bev\u00f6lkerungsgruppe als aktive Mitglieder, Projekttr\u00e4ger oder Teilnehmer an innovativen Initiativen und Beitr\u00e4gen zusammensetzen, setzen sich f\u00fcr die Bek\u00e4mpfung dieser Diskriminierungen ein. Allerdings werden diese Ma\u00dfnahmen, auch wenn sie unverzichtbar sind, haupts\u00e4chlich in dem begrenzten Bereich der Anpassung von Orten durchgef\u00fchrt.<\/p>\n\n<h3 class=\"has-text-color\" style=\"color:#3444bc\"><span style=\"color:#d44c04\" class=\"has-inline-color\">2. Anerkennung von Behinderungen in Europa<\/span><\/h3>\n\n<p>Es hat lange gedauert, bis sich die Europ\u00e4ische Union in der Behindertenpolitik engagiert hat. Die Bem\u00fchungen begannen in den sp\u00e4ten 80er Jahren und f\u00fchrten zun\u00e4chst zum <strong>Helios-Programm<\/strong> und zur Gr\u00fcndung des <strong>Europ\u00e4ischen Behindertenforums<\/strong> im Jahr <strong>1997<\/strong> (Europarat). Mit dem <strong>Vertrag von Amsterdam<\/strong> (<strong>1999<\/strong>) wird das Recht auf Nichtdiskriminierung verankert und dient dank Artikel 13 und der EU-Richtlinie zur Gleichbehandlung in Besch\u00e4ftigung und Beruf als Grundlage f\u00fcr Menschen mit Behinderungen. Diese Politik wurde durch die <strong>EU-Charta der Grundrechte<\/strong> in ihrem Artikel 21 bekr\u00e4ftigt, der jede Diskriminierung aufgrund eines beliebigen Grundes, einschlie\u00dflich einer Behinderung, verbietet. Au\u00dferdem wird in Artikel 26 das Recht von Menschen mit Behinderungen auf Unabh\u00e4ngigkeit, Inklusion und das Recht auf Teilhabe an den Angelegenheiten jeder Gemeinschaft anerkannt. Im Jahr <strong>2010<\/strong> verabschiedete die Kommission die <strong>Europ\u00e4ische Strategie f\u00fcr Menschen mit Behinderungen<\/strong> (2010-2020) und ratifizierte im Jahr <strong>2011<\/strong> die <strong>UNCRPD<\/strong>. <\/p>\n\n<p>Auf europ\u00e4ischer Ebene variieren die Zahlen der Menschen mit Behinderungen je nach Quelle, da sie nicht dieselbe Definition von Behinderung haben und nicht dieselbe Methodik zur Erhebung der Bev\u00f6lkerung verwenden. Zwischen 43 Millionen (laut Eurostat) und 80 Millionen (laut Europarat) Europ\u00e4er haben eine Behinderung oder eine Beeintr\u00e4chtigung, aber es ist schwierig, einen Anteil an jungen Menschen mit Behinderungen zu ermitteln. In der Tat sind Statistiken \u00fcber diesen Teil der Bev\u00f6lkerung schwer zu finden, da junge Menschen eine weniger sichtbare Gruppe sind, ebenso wie Menschen mit Behinderungen (Europarat). Au\u00dferdem ist das Verst\u00e4ndnis von Behinderungen von Land zu Land unterschiedlich. Au\u00dferdem \u00fcberl\u00e4sst die <strong>Europ\u00e4ische Strategie f\u00fcr Menschen mit Behinderungen<\/strong> den Mitgliedsstaaten die Entscheidung \u00fcber die Definition von Behinderung. <\/p>\n\n<p>Es sei daran erinnert, dass nicht alle L\u00e4nder die gleiche Auffassung und manchmal auch nicht die gleiche gesetzliche Definition von Behinderung haben. Sie variiert je nach Kultur, aber auch je nach politischem und repr\u00e4sentativem System des Landes. Einige L\u00e4nder haben nationale Gesetze, die die Verbreitung von integrativen Initiativen erm\u00f6glichen, andere arbeiten eher mit regionalen oder lokalen Regelungen. <\/p>\n\n<p><strong>Schweden<\/strong> ist ein sehr gutes Beispiel f\u00fcr die Integration von Menschen mit Behinderungen, sowohl in der Gesetzgebung als auch in der Organisation des Verkehrs, des Arbeitsmarktes und der Zug\u00e4nglichkeit. Dies spiegelt sich in der Definition von Behinderung in der schwedischen Gesetzgebung wider. Nach diesem Konzept liegt eine Behinderung vor, wenn eine Person auf eine unzug\u00e4ngliche Umgebung trifft. F\u00fcr die Schweden bezieht sich eine Behinderung also nicht auf die angeborenen F\u00e4higkeiten einer Person, sondern vielmehr auf die Beziehung zwischen einer Person und ihrer Umwelt. <\/p>\n\n<h3 class=\"has-text-color\" style=\"color:#3444bc\"><span style=\"color:#d44c04\" class=\"has-inline-color\">3. Wie unterst\u00fctzt Europa die Mobilit\u00e4t von jungen Menschen mit Behinderungen?<\/span><\/h3>\n\n<p>Was die Mobilit\u00e4t von Menschen mit Behinderungen betrifft, so machen sie weniger als 0,5 % der j\u00e4hrlichen Mobilit\u00e4ten aus. Die Internationalisierung der europ\u00e4ischen Studierenden schreitet voran, aber es gibt immer noch viele Hindernisse f\u00fcr Menschen mit Behinderungen. <\/p>\n\n<p>Aus diesem Grund hat sich<strong> Erasmus+<\/strong> verpflichtet, Menschen mit Behinderungen mit zus\u00e4tzlichen finanziellen Hilfen zu unterst\u00fctzen, die die bestehenden Hilfen (z. B. Zusch\u00fcsse nach sozialen Kriterien) erg\u00e4nzen. Nach Angaben der E+ Agentur erm\u00f6glicht diese Unterst\u00fctzung &#8220;die Deckung zus\u00e4tzlicher Kosten, die Teilnehmer mit Behinderungen und ihre Begleitpersonen direkt betreffen. Das Programm stellt auch zus\u00e4tzliche Mittel bereit, um den betroffenen Teilnehmern den Zugang zu einer angepassten technischen und p\u00e4dagogischen Unterst\u00fctzung zu erm\u00f6glichen. Im Jahr <strong>2020<\/strong> werden jedoch nur 0,11 % bis 0,15 % der Studierenden und Auszubildenden von dieser besonderen Unterst\u00fctzung profitieren.  Weitere Informationen finden Sie auf der <strong><a href=\"https:\/\/epfime.inclusivemobility.eu\/\">EPFIME-Projekt<\/a> <\/strong>Website, die sich jedoch nur auf <strong>Studentenmobilit\u00e4t<\/strong> bezieht.<\/p>\n\n<p>European universities often have specialised disability departments, the <strong><a href=\"https:\/\/www.european-agency.org\/\">European Agency for Inclusive and Adapted Education<\/a><\/strong> has listed these services on its website. For each country there is a list of key contacts, a description of the inclusive education system in place in the country, resources, figures and project examples. There is also a section to keep up to date with the latest information on the issue within the country. <\/p>\n\n<p>Bevor ein junger Mensch mit einer Behinderung ein Zielland f\u00fcr seine Mobilit\u00e4t w\u00e4hlt, kann er sich also \u00fcber die verschiedenen Bestimmungen informieren und seine Wahl mit Zuversicht treffen. Die interaktive Website <a href=\"https:\/\/mapped.eu\/\">MappED<\/a>, die vom <strong>Erasmus Student Network<\/strong> entwickelt wurde, erm\u00f6glicht es, die Zug\u00e4nglichkeit von Hochschuleinrichtungen zu \u00fcberpr\u00fcfen und bietet eine Reihe praktischer Informationen. Deshalb hat die Europ\u00e4ische Kommission den <strong>Access City Award<\/strong> f\u00fcr St\u00e4dte ins Leben gerufen, die einen besseren Zugang zu Verkehrsmitteln und \u00f6ffentlichen Einrichtungen f\u00fcr Menschen mit eingeschr\u00e4nkter Mobilit\u00e4t bieten. <\/p>\n\n<p>Wir m\u00f6chten auch hinzuf\u00fcgen, dass das neue Programm Erasmus+ 2020-2021 der Inklusion Priorit\u00e4t einr\u00e4umt. In diesem Sinne wird der Zugang zur internationalen Mobilit\u00e4t f\u00fcr junge Menschen mit geringeren M\u00f6glichkeiten, wie es bei jungen Menschen mit Behinderungen der Fall ist, verbessert. (F\u00fcr weitere Informationen: <a href=\"https:\/\/www.eacea.ec.europa.eu\/news-events\/news\/new-erasmus-programme-2021-2027-has-launched-2021-03-25_en\">Das neue Programm 2021-2027)<\/a><\/p>\n\n<p>Aber auch junge Menschen mit Behinderungen brauchen Unterst\u00fctzung und Ressourcen, um ihr Projekt bestm\u00f6glich zu entwickeln. Auf den anderen Seiten der Website erfahren Sie mehr \u00fcber die Unterst\u00fctzung der jungen Menschen vor der Abreise und w\u00e4hrend der Mobilit\u00e4t.<\/p>\n\n<div class=\"wp-block-image\"><figure class=\"aligncenter size-large is-resized\"><noscript><img src=\"https:\/\/mobility-with-disabilities.org\/wp-content\/uploads\/2021\/05\/en-te\u0302te-NL1-1-1024x467.png\" alt=\"Zeichnung einer Gruppe von Menschen aller Altersgruppen mit einer sichtbaren oder unsichtbaren Behinderung\" class=\"wp-image-3902\" width=\"688\" height=\"313\"><\/noscript><img src=\"data:image\/svg+xml,%3Csvg%20xmlns%3D%22http%3A%2F%2Fwww.w3.org%2F2000%2Fsvg%22%20viewBox%3D%220%200%20688%20313%22%3E%3C%2Fsvg%3E\" alt=\"Zeichnung einer Gruppe von Menschen aller Altersgruppen mit einer sichtbaren oder unsichtbaren Behinderung\" class=\"wp-image-3902 lazyload\" width=\"688\" height=\"313\" data-src=\"https:\/\/mobility-with-disabilities.org\/wp-content\/uploads\/2021\/05\/en-te\u0302te-NL1-1-1024x467.png\" loading=\"lazy\"><\/figure><\/div>\n","protected":false},"excerpt":{"rendered":"<p>F\u00dcR JUGENDARBEITER &amp; ORGANISATIONEN Behinderung und internationale Mobilit\u00e4t, sie ist vereinbar. In diesem Abschnitt wird eine allgemeine Definition des Begriffs &#8230; <a title=\"Behinderung und internationale Mobilit\u00e4t, sie ist vereinbar.\" class=\"read-more\" href=\"https:\/\/mobility-with-disabilities.org\/de\/fuer-jugendarbeiter-und-organisationen\/behinderung-und-internationale-mobilitaet-sie-ist-vereinbar\/\">Weiterlesen <span class=\"screen-reader-text\">Behinderung und internationale Mobilit\u00e4t, sie ist vereinbar.<\/span><\/a><\/p>\n","protected":false},"author":1,"featured_media":0,"parent":4994,"menu_order":0,"comment_status":"closed","ping_status":"closed","template":"","meta":{"_bbp_topic_count":0,"_bbp_reply_count":0,"_bbp_total_topic_count":0,"_bbp_total_reply_count":0,"_bbp_voice_count":0,"_bbp_anonymous_reply_count":0,"_bbp_topic_count_hidden":0,"_bbp_reply_count_hidden":0,"_bbp_forum_subforum_count":0},"yoast_head":"<!-- This site is optimized with the Yoast SEO plugin v17.9 - https:\/\/yoast.com\/wordpress\/plugins\/seo\/ -->\n<title>Behinderung und internationale Mobilit\u00e4t, sie ist vereinbar. - Mobility With Disabilities<\/title>\n<meta name=\"robots\" content=\"index, follow, max-snippet:-1, max-image-preview:large, max-video-preview:-1\" \/>\n<link rel=\"canonical\" href=\"https:\/\/mobility-with-disabilities.org\/de\/fuer-jugendarbeiter-und-organisationen\/behinderung-und-internationale-mobilitaet-sie-ist-vereinbar\/\" \/>\n<meta property=\"og:locale\" content=\"de_DE\" \/>\n<meta property=\"og:type\" content=\"article\" \/>\n<meta property=\"og:title\" content=\"Behinderung und internationale Mobilit\u00e4t, sie ist vereinbar. - Mobility With Disabilities\" \/>\n<meta property=\"og:description\" content=\"F\u00dcR JUGENDARBEITER &amp; ORGANISATIONEN Behinderung und internationale Mobilit\u00e4t, sie ist vereinbar. In diesem Abschnitt wird eine allgemeine Definition des Begriffs ... Weiterlesen Behinderung und internationale Mobilit\u00e4t, sie ist vereinbar.\" \/>\n<meta property=\"og:url\" content=\"https:\/\/mobility-with-disabilities.org\/de\/fuer-jugendarbeiter-und-organisationen\/behinderung-und-internationale-mobilitaet-sie-ist-vereinbar\/\" \/>\n<meta property=\"og:site_name\" content=\"Mobility With Disabilities\" \/>\n<meta property=\"article:modified_time\" content=\"2021-07-30T13:06:41+00:00\" \/>\n<meta property=\"og:image\" content=\"https:\/\/mobility-with-disabilities.org\/wp-content\/uploads\/2021\/06\/orange_youthworker.png\" \/>\n<meta name=\"twitter:card\" content=\"summary_large_image\" \/>\n<meta name=\"twitter:label1\" content=\"Gesch\u00e4tzte Lesezeit\" \/>\n\t<meta name=\"twitter:data1\" content=\"6\u00a0Minuten\" \/>\n<script type=\"application\/ld+json\" class=\"yoast-schema-graph\">{\"@context\":\"https:\/\/schema.org\",\"@graph\":[{\"@type\":\"Organization\",\"@id\":\"https:\/\/mobility-with-disabilities.org\/#organization\",\"name\":\"Mobility with disabilities\",\"url\":\"https:\/\/mobility-with-disabilities.org\/\",\"sameAs\":[],\"logo\":{\"@type\":\"ImageObject\",\"@id\":\"https:\/\/mobility-with-disabilities.org\/#logo\",\"inLanguage\":\"de\",\"url\":\"https:\/\/mobility-with-disabilities.org\/wp-content\/uploads\/2019\/11\/logo-Transparent.png\",\"contentUrl\":\"https:\/\/mobility-with-disabilities.org\/wp-content\/uploads\/2019\/11\/logo-Transparent.png\",\"width\":1904,\"height\":638,\"caption\":\"Mobility with disabilities\"},\"image\":{\"@id\":\"https:\/\/mobility-with-disabilities.org\/#logo\"}},{\"@type\":\"WebSite\",\"@id\":\"https:\/\/mobility-with-disabilities.org\/#website\",\"url\":\"https:\/\/mobility-with-disabilities.org\/\",\"name\":\"Mobility With Disabilities\",\"description\":\"\",\"publisher\":{\"@id\":\"https:\/\/mobility-with-disabilities.org\/#organization\"},\"potentialAction\":[{\"@type\":\"SearchAction\",\"target\":{\"@type\":\"EntryPoint\",\"urlTemplate\":\"https:\/\/mobility-with-disabilities.org\/?s={search_term_string}\"},\"query-input\":\"required name=search_term_string\"}],\"inLanguage\":\"de\"},{\"@type\":\"ImageObject\",\"@id\":\"https:\/\/mobility-with-disabilities.org\/de\/fuer-jugendarbeiter-und-organisationen\/behinderung-und-internationale-mobilitaet-sie-ist-vereinbar\/#primaryimage\",\"inLanguage\":\"de\",\"url\":\"https:\/\/mobility-with-disabilities.org\/wp-content\/uploads\/2021\/06\/orange_youthworker.png\",\"contentUrl\":\"https:\/\/mobility-with-disabilities.org\/wp-content\/uploads\/2021\/06\/orange_youthworker.png\",\"width\":256,\"height\":266},{\"@type\":\"WebPage\",\"@id\":\"https:\/\/mobility-with-disabilities.org\/de\/fuer-jugendarbeiter-und-organisationen\/behinderung-und-internationale-mobilitaet-sie-ist-vereinbar\/#webpage\",\"url\":\"https:\/\/mobility-with-disabilities.org\/de\/fuer-jugendarbeiter-und-organisationen\/behinderung-und-internationale-mobilitaet-sie-ist-vereinbar\/\",\"name\":\"Behinderung und internationale Mobilit\\u00e4t, sie ist vereinbar. - Mobility With Disabilities\",\"isPartOf\":{\"@id\":\"https:\/\/mobility-with-disabilities.org\/#website\"},\"primaryImageOfPage\":{\"@id\":\"https:\/\/mobility-with-disabilities.org\/de\/fuer-jugendarbeiter-und-organisationen\/behinderung-und-internationale-mobilitaet-sie-ist-vereinbar\/#primaryimage\"},\"datePublished\":\"2021-07-30T13:06:40+00:00\",\"dateModified\":\"2021-07-30T13:06:41+00:00\",\"breadcrumb\":{\"@id\":\"https:\/\/mobility-with-disabilities.org\/de\/fuer-jugendarbeiter-und-organisationen\/behinderung-und-internationale-mobilitaet-sie-ist-vereinbar\/#breadcrumb\"},\"inLanguage\":\"de\",\"potentialAction\":[{\"@type\":\"ReadAction\",\"target\":[\"https:\/\/mobility-with-disabilities.org\/de\/fuer-jugendarbeiter-und-organisationen\/behinderung-und-internationale-mobilitaet-sie-ist-vereinbar\/\"]}]},{\"@type\":\"BreadcrumbList\",\"@id\":\"https:\/\/mobility-with-disabilities.org\/de\/fuer-jugendarbeiter-und-organisationen\/behinderung-und-internationale-mobilitaet-sie-ist-vereinbar\/#breadcrumb\",\"itemListElement\":[{\"@type\":\"ListItem\",\"position\":1,\"name\":\"Accueil\",\"item\":\"https:\/\/mobility-with-disabilities.org\/de\/\"},{\"@type\":\"ListItem\",\"position\":2,\"name\":\"F\\u00fcr jugendarbeiter und organisationen\",\"item\":\"https:\/\/mobility-with-disabilities.org\/de\/fuer-jugendarbeiter-und-organisationen\/\"},{\"@type\":\"ListItem\",\"position\":3,\"name\":\"Behinderung und internationale Mobilit\\u00e4t, sie ist vereinbar.\"}]}]}<\/script>\n<!-- \/ Yoast SEO plugin. -->","yoast_head_json":{"title":"Behinderung und internationale Mobilit\u00e4t, sie ist vereinbar. - Mobility With Disabilities","robots":{"index":"index","follow":"follow","max-snippet":"max-snippet:-1","max-image-preview":"max-image-preview:large","max-video-preview":"max-video-preview:-1"},"canonical":"https:\/\/mobility-with-disabilities.org\/de\/fuer-jugendarbeiter-und-organisationen\/behinderung-und-internationale-mobilitaet-sie-ist-vereinbar\/","og_locale":"de_DE","og_type":"article","og_title":"Behinderung und internationale Mobilit\u00e4t, sie ist vereinbar. - Mobility With Disabilities","og_description":"F\u00dcR JUGENDARBEITER &amp; ORGANISATIONEN Behinderung und internationale Mobilit\u00e4t, sie ist vereinbar. In diesem Abschnitt wird eine allgemeine Definition des Begriffs ... Weiterlesen Behinderung und internationale Mobilit\u00e4t, sie ist vereinbar.","og_url":"https:\/\/mobility-with-disabilities.org\/de\/fuer-jugendarbeiter-und-organisationen\/behinderung-und-internationale-mobilitaet-sie-ist-vereinbar\/","og_site_name":"Mobility With Disabilities","article_modified_time":"2021-07-30T13:06:41+00:00","og_image":[{"url":"https:\/\/mobility-with-disabilities.org\/wp-content\/uploads\/2021\/06\/orange_youthworker.png"}],"twitter_card":"summary_large_image","twitter_misc":{"Gesch\u00e4tzte Lesezeit":"6\u00a0Minuten"},"schema":{"@context":"https:\/\/schema.org","@graph":[{"@type":"Organization","@id":"https:\/\/mobility-with-disabilities.org\/#organization","name":"Mobility with disabilities","url":"https:\/\/mobility-with-disabilities.org\/","sameAs":[],"logo":{"@type":"ImageObject","@id":"https:\/\/mobility-with-disabilities.org\/#logo","inLanguage":"de","url":"https:\/\/mobility-with-disabilities.org\/wp-content\/uploads\/2019\/11\/logo-Transparent.png","contentUrl":"https:\/\/mobility-with-disabilities.org\/wp-content\/uploads\/2019\/11\/logo-Transparent.png","width":1904,"height":638,"caption":"Mobility with disabilities"},"image":{"@id":"https:\/\/mobility-with-disabilities.org\/#logo"}},{"@type":"WebSite","@id":"https:\/\/mobility-with-disabilities.org\/#website","url":"https:\/\/mobility-with-disabilities.org\/","name":"Mobility With Disabilities","description":"","publisher":{"@id":"https:\/\/mobility-with-disabilities.org\/#organization"},"potentialAction":[{"@type":"SearchAction","target":{"@type":"EntryPoint","urlTemplate":"https:\/\/mobility-with-disabilities.org\/?s={search_term_string}"},"query-input":"required name=search_term_string"}],"inLanguage":"de"},{"@type":"ImageObject","@id":"https:\/\/mobility-with-disabilities.org\/de\/fuer-jugendarbeiter-und-organisationen\/behinderung-und-internationale-mobilitaet-sie-ist-vereinbar\/#primaryimage","inLanguage":"de","url":"https:\/\/mobility-with-disabilities.org\/wp-content\/uploads\/2021\/06\/orange_youthworker.png","contentUrl":"https:\/\/mobility-with-disabilities.org\/wp-content\/uploads\/2021\/06\/orange_youthworker.png","width":256,"height":266},{"@type":"WebPage","@id":"https:\/\/mobility-with-disabilities.org\/de\/fuer-jugendarbeiter-und-organisationen\/behinderung-und-internationale-mobilitaet-sie-ist-vereinbar\/#webpage","url":"https:\/\/mobility-with-disabilities.org\/de\/fuer-jugendarbeiter-und-organisationen\/behinderung-und-internationale-mobilitaet-sie-ist-vereinbar\/","name":"Behinderung und internationale Mobilit\u00e4t, sie ist vereinbar. - Mobility With Disabilities","isPartOf":{"@id":"https:\/\/mobility-with-disabilities.org\/#website"},"primaryImageOfPage":{"@id":"https:\/\/mobility-with-disabilities.org\/de\/fuer-jugendarbeiter-und-organisationen\/behinderung-und-internationale-mobilitaet-sie-ist-vereinbar\/#primaryimage"},"datePublished":"2021-07-30T13:06:40+00:00","dateModified":"2021-07-30T13:06:41+00:00","breadcrumb":{"@id":"https:\/\/mobility-with-disabilities.org\/de\/fuer-jugendarbeiter-und-organisationen\/behinderung-und-internationale-mobilitaet-sie-ist-vereinbar\/#breadcrumb"},"inLanguage":"de","potentialAction":[{"@type":"ReadAction","target":["https:\/\/mobility-with-disabilities.org\/de\/fuer-jugendarbeiter-und-organisationen\/behinderung-und-internationale-mobilitaet-sie-ist-vereinbar\/"]}]},{"@type":"BreadcrumbList","@id":"https:\/\/mobility-with-disabilities.org\/de\/fuer-jugendarbeiter-und-organisationen\/behinderung-und-internationale-mobilitaet-sie-ist-vereinbar\/#breadcrumb","itemListElement":[{"@type":"ListItem","position":1,"name":"Accueil","item":"https:\/\/mobility-with-disabilities.org\/de\/"},{"@type":"ListItem","position":2,"name":"F\u00fcr jugendarbeiter und organisationen","item":"https:\/\/mobility-with-disabilities.org\/de\/fuer-jugendarbeiter-und-organisationen\/"},{"@type":"ListItem","position":3,"name":"Behinderung und internationale Mobilit\u00e4t, sie ist vereinbar."}]}]}},"uagb_featured_image_src":{"full":false,"thumbnail":false,"medium":false,"medium_large":false,"large":false,"1536x1536":false,"2048x2048":false,"alm-thumbnail":false,"course_thumbnail":false,"profile_24":false,"profile_48":false,"profile_96":false,"profile_150":false,"profile_300":false},"uagb_author_info":{"display_name":"IMD","author_link":"https:\/\/mobility-with-disabilities.org\/de\/author\/admin4690\/"},"uagb_comment_info":0,"uagb_excerpt":"F\u00dcR JUGENDARBEITER &amp; ORGANISATIONEN Behinderung und internationale Mobilit\u00e4t, sie ist vereinbar. In diesem Abschnitt wird eine allgemeine Definition des Begriffs ... Weiterlesen Behinderung und internationale Mobilit\u00e4t, sie ist vereinbar.","_links":{"self":[{"href":"https:\/\/mobility-with-disabilities.org\/de\/wp-json\/wp\/v2\/pages\/4998"}],"collection":[{"href":"https:\/\/mobility-with-disabilities.org\/de\/wp-json\/wp\/v2\/pages"}],"about":[{"href":"https:\/\/mobility-with-disabilities.org\/de\/wp-json\/wp\/v2\/types\/page"}],"author":[{"embeddable":true,"href":"https:\/\/mobility-with-disabilities.org\/de\/wp-json\/wp\/v2\/users\/1"}],"replies":[{"embeddable":true,"href":"https:\/\/mobility-with-disabilities.org\/de\/wp-json\/wp\/v2\/comments?post=4998"}],"version-history":[{"count":1,"href":"https:\/\/mobility-with-disabilities.org\/de\/wp-json\/wp\/v2\/pages\/4998\/revisions"}],"predecessor-version":[{"id":4999,"href":"https:\/\/mobility-with-disabilities.org\/de\/wp-json\/wp\/v2\/pages\/4998\/revisions\/4999"}],"up":[{"embeddable":true,"href":"https:\/\/mobility-with-disabilities.org\/de\/wp-json\/wp\/v2\/pages\/4994"}],"wp:attachment":[{"href":"https:\/\/mobility-with-disabilities.org\/de\/wp-json\/wp\/v2\/media?parent=4998"}],"curies":[{"name":"wp","href":"https:\/\/api.w.org\/{rel}","templated":true}]}}