{"id":5016,"date":"2021-08-02T17:27:34","date_gmt":"2021-08-02T15:27:34","guid":{"rendered":"https:\/\/mobility-with-disabilities.org\/ressourcen-werkzeuge\/"},"modified":"2021-08-06T11:42:41","modified_gmt":"2021-08-06T09:42:41","slug":"ressourcen-werkzeuge","status":"publish","type":"page","link":"https:\/\/mobility-with-disabilities.org\/de\/ressourcen-werkzeuge\/","title":{"rendered":"Ressourcen &#8211; Werkzeuge"},"content":{"rendered":"<h1>Ressourcen &#8211; Werkzeuge<\/h1>\n\n<div class=\"wp-block-columns\">\n<div class=\"wp-block-column\">\n<h2>Verwandte Nachrichten<\/h2>\n\n\n\n\t\t\t<div class=\"uagb-post-grid small uagb-post__image-position-top uagb-block-0c399e4a   \" data-total=\"0\">\n\n\t\t\t\t<div class=\"uagb-post__items uagb-post__columns-1 is-grid uagb-post__columns-tablet-2 uagb-post__columns-mobile-1 uagb-post__equal-height\">\n\n\t\t\t\t\t\t\t\t<\/div>\n\t\t\t\t\t\t\t\t\t<p class=\"uagb-post__no-posts\">\n\t\t\t\t\t\tNo post found!\t\t\t\t\t<\/p>\n\t\t\t\t\t\t\t\t<\/div>\n\t\t\t\n\n\n<div class=\"wp-block-group nodisplay\"><div class=\"wp-block-group__inner-container\">\n<p>Geben Sie Stichworte ein oder verwenden Sie die unten stehenden Filter, um n\u00fctzliche Ressourcen oder Dokumente auf unserer Website zu finden.<\/p>\n\n\n\n\t\t\t\t<form action method=\"post\" class=\"searchandfilter\">\n\t\t\t\t\t<div>\n\t\t\t\t\t\t<ul><li><input type=\"text\" name=\"ofsearch\" placeholder=\"Search &hellip;\" value><\/li><li><select name=\"ofcategory\" id=\"ofcategory\" class=\"postform\">\n\t<option value=\"0\" selected=\"selected\">Alle Kategorien<\/option>\n\t<option class=\"level-0\" value=\"52\">Unkategorisiert<\/option>\n<\/select>\n<input type=\"hidden\" name=\"ofcategory_operator\" value=\"and\"><\/li><li><select name=\"ofpost_tag\" id=\"ofpost_tag\" class=\"postform\">\n<\/select>\n<input type=\"hidden\" name=\"ofpost_tag_operator\" value=\"and\"><\/li><li><select name=\"ofpost_format\" id=\"ofpost_format\" class=\"postform\">\n<\/select>\n<input type=\"hidden\" name=\"ofpost_format_operator\" value=\"and\"><\/li><li><select name=\"oftopic-tag\" id=\"oftopic-tag\" class=\"postform\">\n\t<option value=\"0\" selected=\"selected\">Alle Schlagw\u00f6rter<\/option>\n\t<option class=\"level-0\" value=\"50\">Experience<\/option>\n\t<option class=\"level-0\" value=\"51\">France<\/option>\n<\/select>\n<input type=\"hidden\" name=\"oftopic-tag_operator\" value=\"and\"><\/li><li><input type=\"hidden\" name=\"ofsubmitted\" value=\"1\">\n\t\t\t\t\t\t\t<input type=\"submit\" value=\"Submit\">\n\t\t\t\t\t\t<\/li><\/ul><\/div>\n\t\t\t\t<\/form>\n\n\n\n<p><em><strong>Retirer dans &#8220;additionnal CSS class&#8221; : nodisplay dans le bloc &#8220;group&#8221; pour faire appara\u00eetre ce shortcode<\/strong><\/em><\/p>\n<\/div><\/div>\n<\/div>\n\n\n\n<div class=\"wp-block-column\">\n<h2>Dokumente &#8211; Medien<\/h2>\n\n\n\n<h3 class=\"has-text-align-center\"><strong>Der Bericht \u00fcber unsere Studie \u00fcber Barrieren und Bed\u00fcrfnisse<\/strong><\/h3>\n\n\n\n<div class=\"wp-block-columns\">\n<div class=\"wp-block-column\">\n<figure class=\"wp-block-image size-medium is-resized\"><noscript><img src=\"https:\/\/mobility-with-disabilities.org\/wp-content\/uploads\/2021\/06\/Inclusive-mobility-barriers-and-needs-from-young-people-with-disabilities-300x169.png\" alt class=\"wp-image-4708\" width=\"200\"><\/noscript><img src=\"data:image\/gif;base64,R0lGODlhAQABAIAAAAAAAP\/\/\/yH5BAEAAAAALAAAAAABAAEAAAIBRAA7\" alt class=\"wp-image-4708 lazyload\" width=\"200\" data-src=\"https:\/\/mobility-with-disabilities.org\/wp-content\/uploads\/2021\/06\/Inclusive-mobility-barriers-and-needs-from-young-people-with-disabilities-300x169.png\" loading=\"lazy\"><\/figure>\n\n\n<div class=\"wp-block-buttons is-content-justification-center\">\n<div class=\"wp-block-button\"><a class=\"wp-block-button__link\">Herunterladen<\/a><\/div>\n<\/div>\n<\/div>\n\n\n\n<div class=\"wp-block-column\">\n<p><strong>Inklusive Mobilit\u00e4t: Barrieren und Bed\u00fcrfnisse von jungen Menschen mit Behinderungen.<\/strong> Dieser Bericht zielt darauf ab, die Herausforderungen besser zu verstehen, mit denen junge Menschen mit Behinderungen konfrontiert sind, wenn sie ins Ausland gehen, und das Bewusstsein f\u00fcr die allgemeinen Barrieren zu sch\u00e4rfen.<\/p>\n<\/div>\n<\/div>\n\n\n\n<h3 class=\"has-text-align-center\"><strong>Die Pr\u00e4sentation der Abschlussveranstaltung<\/strong><\/h3>\n\n\n\n<div class=\"wp-block-columns\">\n<div class=\"wp-block-column\">\n<figure class=\"wp-block-image size-large\"><noscript><img src=\"https:\/\/mobility-with-disabilities.org\/wp-content\/uploads\/2021\/07\/Capture-de\u0301cran-2021-07-13-a\u0300-16.39.08.png\" alt class=\"wp-image-4896\"><\/noscript><img src=\"data:image\/gif;base64,R0lGODlhAQABAIAAAAAAAP\/\/\/yH5BAEAAAAALAAAAAABAAEAAAIBRAA7\" alt class=\"wp-image-4896 lazyload\" data-src=\"https:\/\/mobility-with-disabilities.org\/wp-content\/uploads\/2021\/07\/Capture-de\u0301cran-2021-07-13-a\u0300-16.39.08.png\" loading=\"lazy\"><\/figure>\n\n\n<div class=\"wp-block-buttons is-content-justification-center\">\n<div class=\"wp-block-button\"><a class=\"wp-block-button__link\" href=\"https:\/\/mobility-with-disabilities.org\/wp-content\/uploads\/2021\/07\/International-Mobility-with-Disabilities-Final-event-presentation.pdf\" target=\"_blank\" rel=\"noreferrer noopener\">Herunterladen<\/a><\/div>\n<\/div>\n<\/div>\n\n\n\n<div class=\"wp-block-column\">\n<p>Am 21. Mai 2O21 veranstalteten die Partner ihr letztes Webinar, in dem sie den gesamten Projektverlauf und die letzten Ergebnisse ihrer Arbeit vorstellten. Hier ist die bei dieser Gelegenheit gehaltene Pr\u00e4sentation. <\/p>\n<\/div>\n<\/div>\n\n\n\n<h3 class=\"has-text-align-center\"><strong>Die Brosch\u00fcre mit Empfehlungen f\u00fcr Unterst\u00fctzungsstrukturen f\u00fcr Jugendliche mit Behinderungen<\/strong><\/h3>\n\n\n\n<div class=\"wp-block-columns\">\n<div class=\"wp-block-column\">\n<div class=\"wp-block-image\"><figure class=\"aligncenter size-large is-resized\"><noscript><img src=\"https:\/\/mobility-with-disabilities.org\/wp-content\/uploads\/2021\/07\/Capture-de\u0301cran-2021-07-21-a\u0300-16.22.48.png\" alt=\"Visuelle Darstellung des Deckblatts einer Brosch\u00fcre mit Empfehlungen f\u00fcr entsendende, aufnehmende und koordinierende Organisationen, die im Bereich der internationalen Mobilit\u00e4t junger Menschen t\u00e4tig sind\" class=\"wp-image-4912\" width=\"197\" height=\"231\"><\/noscript><img src=\"data:image\/svg+xml,%3Csvg%20xmlns%3D%22http%3A%2F%2Fwww.w3.org%2F2000%2Fsvg%22%20viewBox%3D%220%200%20197%20231%22%3E%3C%2Fsvg%3E\" alt=\"Visuelle Darstellung des Deckblatts einer Brosch\u00fcre mit Empfehlungen f\u00fcr entsendende, aufnehmende und koordinierende Organisationen, die im Bereich der internationalen Mobilit\u00e4t junger Menschen t\u00e4tig sind\" class=\"wp-image-4912 lazyload\" width=\"197\" height=\"231\" data-src=\"https:\/\/mobility-with-disabilities.org\/wp-content\/uploads\/2021\/07\/Capture-de\u0301cran-2021-07-21-a\u0300-16.22.48.png\" loading=\"lazy\"><\/figure><\/div>\n\n\n\n<div class=\"wp-block-buttons\">\n<div class=\"wp-block-button\"><a class=\"wp-block-button__link\" href=\"https:\/\/mobility-with-disabilities.org\/wp-content\/uploads\/2021\/07\/PRINT-IO4-Recommendations-for-sending-hosting-coordinating-organisations1.pdf\">Druckbare Version herunterladen<\/a><\/div>\n\n\n\n<div class=\"wp-block-button\"><a class=\"wp-block-button__link\" href=\"https:\/\/mobility-with-disabilities.org\/wp-content\/uploads\/2021\/07\/IO4-Recommendations-for-sending-hosting-coordinating-organisations1.pdf\">Klassische Version herunterladen<\/a><\/div>\n<\/div>\n<\/div>\n\n\n\n<div class=\"wp-block-column\">\n<p>Ein weiteres Ziel des Projekts ist es, hilfreiche Instrumente f\u00fcr Organisationen zu entwickeln, die im Bereich der internationalen Mobilit\u00e4t und Jugendarbeit t\u00e4tig sind, damit sie junge Menschen mit Behinderungen in allen Phasen ihrer Auslandserfahrung bestm\u00f6glich unterst\u00fctzen k\u00f6nnen. Diese Brosch\u00fcre wurde zu diesem Zweck entwickelt und enth\u00e4lt Empfehlungen f\u00fcr alle Phasen einer (inklusiven) internationalen Mobilit\u00e4t: \u00d6ffentlichkeitsarbeit, Vorbereitung, vor Ort und R\u00fcckkehr.<\/p>\n<\/div>\n<\/div>\n<\/div>\n<\/div>\n","protected":false},"excerpt":{"rendered":"<p>Ressourcen &#8211; Werkzeuge Verwandte Nachrichten Geben Sie Stichworte ein oder verwenden Sie die unten stehenden Filter, um n\u00fctzliche Ressourcen oder &#8230; <a title=\"Ressourcen &#8211; Werkzeuge\" class=\"read-more\" href=\"https:\/\/mobility-with-disabilities.org\/de\/ressourcen-werkzeuge\/\">Weiterlesen <span class=\"screen-reader-text\">Ressourcen &#8211; Werkzeuge<\/span><\/a><\/p>\n","protected":false},"author":1,"featured_media":0,"parent":0,"menu_order":0,"comment_status":"closed","ping_status":"closed","template":"","meta":{"_bbp_topic_count":0,"_bbp_reply_count":0,"_bbp_total_topic_count":0,"_bbp_total_reply_count":0,"_bbp_voice_count":0,"_bbp_anonymous_reply_count":0,"_bbp_topic_count_hidden":0,"_bbp_reply_count_hidden":0,"_bbp_forum_subforum_count":0},"yoast_head":"<!-- This site is optimized with the Yoast SEO plugin v17.9 - https:\/\/yoast.com\/wordpress\/plugins\/seo\/ -->\n<title>Ressourcen - Werkzeuge - Mobility With Disabilities<\/title>\n<meta name=\"robots\" content=\"index, follow, max-snippet:-1, max-image-preview:large, max-video-preview:-1\" \/>\n<link rel=\"canonical\" href=\"https:\/\/mobility-with-disabilities.org\/de\/ressourcen-werkzeuge\/\" \/>\n<meta property=\"og:locale\" content=\"de_DE\" \/>\n<meta property=\"og:type\" content=\"article\" \/>\n<meta property=\"og:title\" content=\"Ressourcen - Werkzeuge - Mobility With Disabilities\" \/>\n<meta property=\"og:description\" content=\"Ressourcen &#8211; Werkzeuge Verwandte Nachrichten Geben Sie Stichworte ein oder verwenden Sie die unten stehenden Filter, um n\u00fctzliche Ressourcen oder ... Weiterlesen Ressourcen &#8211; Werkzeuge\" \/>\n<meta property=\"og:url\" content=\"https:\/\/mobility-with-disabilities.org\/de\/ressourcen-werkzeuge\/\" \/>\n<meta property=\"og:site_name\" content=\"Mobility With Disabilities\" \/>\n<meta property=\"article:modified_time\" content=\"2021-08-06T09:42:41+00:00\" \/>\n<meta property=\"og:image\" content=\"https:\/\/mobility-with-disabilities.org\/wp-content\/uploads\/2021\/06\/Inclusive-mobility-barriers-and-needs-from-young-people-with-disabilities-300x169.png\" \/>\n<meta name=\"twitter:card\" content=\"summary_large_image\" \/>\n<meta name=\"twitter:label1\" content=\"Gesch\u00e4tzte Lesezeit\" \/>\n\t<meta name=\"twitter:data1\" content=\"1\u00a0Minute\" \/>\n<script type=\"application\/ld+json\" class=\"yoast-schema-graph\">{\"@context\":\"https:\/\/schema.org\",\"@graph\":[{\"@type\":\"Organization\",\"@id\":\"https:\/\/mobility-with-disabilities.org\/#organization\",\"name\":\"Mobility with disabilities\",\"url\":\"https:\/\/mobility-with-disabilities.org\/\",\"sameAs\":[],\"logo\":{\"@type\":\"ImageObject\",\"@id\":\"https:\/\/mobility-with-disabilities.org\/#logo\",\"inLanguage\":\"de\",\"url\":\"https:\/\/mobility-with-disabilities.org\/wp-content\/uploads\/2019\/11\/logo-Transparent.png\",\"contentUrl\":\"https:\/\/mobility-with-disabilities.org\/wp-content\/uploads\/2019\/11\/logo-Transparent.png\",\"width\":1904,\"height\":638,\"caption\":\"Mobility with disabilities\"},\"image\":{\"@id\":\"https:\/\/mobility-with-disabilities.org\/#logo\"}},{\"@type\":\"WebSite\",\"@id\":\"https:\/\/mobility-with-disabilities.org\/#website\",\"url\":\"https:\/\/mobility-with-disabilities.org\/\",\"name\":\"Mobility With Disabilities\",\"description\":\"\",\"publisher\":{\"@id\":\"https:\/\/mobility-with-disabilities.org\/#organization\"},\"potentialAction\":[{\"@type\":\"SearchAction\",\"target\":{\"@type\":\"EntryPoint\",\"urlTemplate\":\"https:\/\/mobility-with-disabilities.org\/?s={search_term_string}\"},\"query-input\":\"required name=search_term_string\"}],\"inLanguage\":\"de\"},{\"@type\":\"ImageObject\",\"@id\":\"https:\/\/mobility-with-disabilities.org\/de\/ressourcen-werkzeuge\/#primaryimage\",\"inLanguage\":\"de\",\"url\":\"https:\/\/mobility-with-disabilities.org\/wp-content\/uploads\/2021\/06\/Inclusive-mobility-barriers-and-needs-from-young-people-with-disabilities-300x169.png\",\"contentUrl\":\"https:\/\/mobility-with-disabilities.org\/wp-content\/uploads\/2021\/06\/Inclusive-mobility-barriers-and-needs-from-young-people-with-disabilities-300x169.png\"},{\"@type\":\"WebPage\",\"@id\":\"https:\/\/mobility-with-disabilities.org\/de\/ressourcen-werkzeuge\/#webpage\",\"url\":\"https:\/\/mobility-with-disabilities.org\/de\/ressourcen-werkzeuge\/\",\"name\":\"Ressourcen - Werkzeuge - Mobility With Disabilities\",\"isPartOf\":{\"@id\":\"https:\/\/mobility-with-disabilities.org\/#website\"},\"primaryImageOfPage\":{\"@id\":\"https:\/\/mobility-with-disabilities.org\/de\/ressourcen-werkzeuge\/#primaryimage\"},\"datePublished\":\"2021-08-02T15:27:34+00:00\",\"dateModified\":\"2021-08-06T09:42:41+00:00\",\"breadcrumb\":{\"@id\":\"https:\/\/mobility-with-disabilities.org\/de\/ressourcen-werkzeuge\/#breadcrumb\"},\"inLanguage\":\"de\",\"potentialAction\":[{\"@type\":\"ReadAction\",\"target\":[\"https:\/\/mobility-with-disabilities.org\/de\/ressourcen-werkzeuge\/\"]}]},{\"@type\":\"BreadcrumbList\",\"@id\":\"https:\/\/mobility-with-disabilities.org\/de\/ressourcen-werkzeuge\/#breadcrumb\",\"itemListElement\":[{\"@type\":\"ListItem\",\"position\":1,\"name\":\"Accueil\",\"item\":\"https:\/\/mobility-with-disabilities.org\/de\/\"},{\"@type\":\"ListItem\",\"position\":2,\"name\":\"Ressourcen &#8211; Werkzeuge\"}]}]}<\/script>\n<!-- \/ Yoast SEO plugin. -->","yoast_head_json":{"title":"Ressourcen - Werkzeuge - Mobility With Disabilities","robots":{"index":"index","follow":"follow","max-snippet":"max-snippet:-1","max-image-preview":"max-image-preview:large","max-video-preview":"max-video-preview:-1"},"canonical":"https:\/\/mobility-with-disabilities.org\/de\/ressourcen-werkzeuge\/","og_locale":"de_DE","og_type":"article","og_title":"Ressourcen - Werkzeuge - Mobility With Disabilities","og_description":"Ressourcen &#8211; Werkzeuge Verwandte Nachrichten Geben Sie Stichworte ein oder verwenden Sie die unten stehenden Filter, um n\u00fctzliche Ressourcen oder ... Weiterlesen Ressourcen &#8211; Werkzeuge","og_url":"https:\/\/mobility-with-disabilities.org\/de\/ressourcen-werkzeuge\/","og_site_name":"Mobility With Disabilities","article_modified_time":"2021-08-06T09:42:41+00:00","og_image":[{"url":"https:\/\/mobility-with-disabilities.org\/wp-content\/uploads\/2021\/06\/Inclusive-mobility-barriers-and-needs-from-young-people-with-disabilities-300x169.png"}],"twitter_card":"summary_large_image","twitter_misc":{"Gesch\u00e4tzte Lesezeit":"1\u00a0Minute"},"schema":{"@context":"https:\/\/schema.org","@graph":[{"@type":"Organization","@id":"https:\/\/mobility-with-disabilities.org\/#organization","name":"Mobility with disabilities","url":"https:\/\/mobility-with-disabilities.org\/","sameAs":[],"logo":{"@type":"ImageObject","@id":"https:\/\/mobility-with-disabilities.org\/#logo","inLanguage":"de","url":"https:\/\/mobility-with-disabilities.org\/wp-content\/uploads\/2019\/11\/logo-Transparent.png","contentUrl":"https:\/\/mobility-with-disabilities.org\/wp-content\/uploads\/2019\/11\/logo-Transparent.png","width":1904,"height":638,"caption":"Mobility with disabilities"},"image":{"@id":"https:\/\/mobility-with-disabilities.org\/#logo"}},{"@type":"WebSite","@id":"https:\/\/mobility-with-disabilities.org\/#website","url":"https:\/\/mobility-with-disabilities.org\/","name":"Mobility With Disabilities","description":"","publisher":{"@id":"https:\/\/mobility-with-disabilities.org\/#organization"},"potentialAction":[{"@type":"SearchAction","target":{"@type":"EntryPoint","urlTemplate":"https:\/\/mobility-with-disabilities.org\/?s={search_term_string}"},"query-input":"required name=search_term_string"}],"inLanguage":"de"},{"@type":"ImageObject","@id":"https:\/\/mobility-with-disabilities.org\/de\/ressourcen-werkzeuge\/#primaryimage","inLanguage":"de","url":"https:\/\/mobility-with-disabilities.org\/wp-content\/uploads\/2021\/06\/Inclusive-mobility-barriers-and-needs-from-young-people-with-disabilities-300x169.png","contentUrl":"https:\/\/mobility-with-disabilities.org\/wp-content\/uploads\/2021\/06\/Inclusive-mobility-barriers-and-needs-from-young-people-with-disabilities-300x169.png"},{"@type":"WebPage","@id":"https:\/\/mobility-with-disabilities.org\/de\/ressourcen-werkzeuge\/#webpage","url":"https:\/\/mobility-with-disabilities.org\/de\/ressourcen-werkzeuge\/","name":"Ressourcen - Werkzeuge - Mobility With Disabilities","isPartOf":{"@id":"https:\/\/mobility-with-disabilities.org\/#website"},"primaryImageOfPage":{"@id":"https:\/\/mobility-with-disabilities.org\/de\/ressourcen-werkzeuge\/#primaryimage"},"datePublished":"2021-08-02T15:27:34+00:00","dateModified":"2021-08-06T09:42:41+00:00","breadcrumb":{"@id":"https:\/\/mobility-with-disabilities.org\/de\/ressourcen-werkzeuge\/#breadcrumb"},"inLanguage":"de","potentialAction":[{"@type":"ReadAction","target":["https:\/\/mobility-with-disabilities.org\/de\/ressourcen-werkzeuge\/"]}]},{"@type":"BreadcrumbList","@id":"https:\/\/mobility-with-disabilities.org\/de\/ressourcen-werkzeuge\/#breadcrumb","itemListElement":[{"@type":"ListItem","position":1,"name":"Accueil","item":"https:\/\/mobility-with-disabilities.org\/de\/"},{"@type":"ListItem","position":2,"name":"Ressourcen &#8211; Werkzeuge"}]}]}},"uagb_featured_image_src":{"full":false,"thumbnail":false,"medium":false,"medium_large":false,"large":false,"1536x1536":false,"2048x2048":false,"alm-thumbnail":false,"course_thumbnail":false,"profile_24":false,"profile_48":false,"profile_96":false,"profile_150":false,"profile_300":false},"uagb_author_info":{"display_name":"IMD","author_link":"https:\/\/mobility-with-disabilities.org\/de\/author\/admin4690\/"},"uagb_comment_info":0,"uagb_excerpt":"Ressourcen &#8211; Werkzeuge Verwandte Nachrichten Geben Sie Stichworte ein oder verwenden Sie die unten stehenden Filter, um n\u00fctzliche Ressourcen oder ... Weiterlesen Ressourcen &#8211; Werkzeuge","_links":{"self":[{"href":"https:\/\/mobility-with-disabilities.org\/de\/wp-json\/wp\/v2\/pages\/5016"}],"collection":[{"href":"https:\/\/mobility-with-disabilities.org\/de\/wp-json\/wp\/v2\/pages"}],"about":[{"href":"https:\/\/mobility-with-disabilities.org\/de\/wp-json\/wp\/v2\/types\/page"}],"author":[{"embeddable":true,"href":"https:\/\/mobility-with-disabilities.org\/de\/wp-json\/wp\/v2\/users\/1"}],"replies":[{"embeddable":true,"href":"https:\/\/mobility-with-disabilities.org\/de\/wp-json\/wp\/v2\/comments?post=5016"}],"version-history":[{"count":3,"href":"https:\/\/mobility-with-disabilities.org\/de\/wp-json\/wp\/v2\/pages\/5016\/revisions"}],"predecessor-version":[{"id":5104,"href":"https:\/\/mobility-with-disabilities.org\/de\/wp-json\/wp\/v2\/pages\/5016\/revisions\/5104"}],"wp:attachment":[{"href":"https:\/\/mobility-with-disabilities.org\/de\/wp-json\/wp\/v2\/media?parent=5016"}],"curies":[{"name":"wp","href":"https:\/\/api.w.org\/{rel}","templated":true}]}}