{"id":5038,"date":"2021-08-03T13:54:37","date_gmt":"2021-08-03T11:54:37","guid":{"rendered":"https:\/\/mobility-with-disabilities.org\/sie-haben-es-geschafft\/"},"modified":"2021-08-03T13:54:37","modified_gmt":"2021-08-03T11:54:37","slug":"sie-haben-es-geschafft","status":"publish","type":"page","link":"https:\/\/mobility-with-disabilities.org\/de\/sie-haben-es-geschafft\/","title":{"rendered":"Sie haben es geschafft!"},"content":{"rendered":"<div class=\"wp-block-image\"><figure class=\"aligncenter size-large is-resized\"><noscript><img src=\"https:\/\/mobility-with-disabilities.org\/wp-content\/uploads\/2021\/06\/orange_TDI.png\" alt class=\"wp-image-4492\" width=\"114\" height=\"137\"><\/noscript><img src=\"data:image\/svg+xml,%3Csvg%20xmlns%3D%22http%3A%2F%2Fwww.w3.org%2F2000%2Fsvg%22%20viewBox%3D%220%200%20114%20137%22%3E%3C%2Fsvg%3E\" alt class=\"wp-image-4492 lazyload\" width=\"114\" height=\"137\" data-src=\"https:\/\/mobility-with-disabilities.org\/wp-content\/uploads\/2021\/06\/orange_TDI.png\" loading=\"lazy\"><\/figure><\/div>\n\n<h1 class=\"has-text-align-center\">Sie haben es geschafft!<\/h1>\n\n\t\t\t<div class=\"uagb-post-grid  uagb-post__image-position-top uagb-block-4f092dd3   \" data-total=\"1\">\n\n\t\t\t\t<div class=\"uagb-post__items uagb-post__columns-1 is-grid uagb-post__columns-tablet-2 uagb-post__columns-mobile-1 uagb-post__equal-height\">\n\n\t\t\t\t\t\t\t\t<article>\n\t\t\t\t\t\t\t\t\t\t<div class=\"uagb-post__inner-wrap\">\n\t\t\t\t\t\t\t\t\t\t\t\t\t\t\t<div class=\"uagb-post__image\">\n\t\t\t\t<a href=\"https:\/\/mobility-with-disabilities.org\/de\/2021\/09\/08\/urlaubsreisen-begleiten-allein-und-in-der-gruppe-fabian-pia-und-mark-im-interview\/\" target=\"_self\" rel=\"bookmark noopener noreferrer\"><noscript><img width=\"1024\" height=\"768\" src=\"https:\/\/mobility-with-disabilities.org\/wp-content\/uploads\/2021\/09\/anton-sharov-_kkx1WekVRY-unsplash-1024x768.jpg\" class=\"attachment-large size-large\" alt srcset=\"https:\/\/mobility-with-disabilities.org\/wp-content\/uploads\/2021\/09\/anton-sharov-_kkx1WekVRY-unsplash-1024x768.jpg 1024w, https:\/\/mobility-with-disabilities.org\/wp-content\/uploads\/2021\/09\/anton-sharov-_kkx1WekVRY-unsplash-300x225.jpg 300w, https:\/\/mobility-with-disabilities.org\/wp-content\/uploads\/2021\/09\/anton-sharov-_kkx1WekVRY-unsplash-768x576.jpg 768w, https:\/\/mobility-with-disabilities.org\/wp-content\/uploads\/2021\/09\/anton-sharov-_kkx1WekVRY-unsplash-1536x1152.jpg 1536w, https:\/\/mobility-with-disabilities.org\/wp-content\/uploads\/2021\/09\/anton-sharov-_kkx1WekVRY-unsplash-2048x1536.jpg 2048w\" sizes=\"(max-width: 1024px) 100vw, 1024px\"><\/noscript><img width=\"1024\" height=\"768\" src=\"data:image\/svg+xml,%3Csvg%20xmlns%3D%22http%3A%2F%2Fwww.w3.org%2F2000%2Fsvg%22%20viewBox%3D%220%200%201024%20768%22%3E%3C%2Fsvg%3E\" class=\"attachment-large size-large lazyload\" alt srcset=\"data:image\/svg+xml,%3Csvg%20xmlns%3D%22http%3A%2F%2Fwww.w3.org%2F2000%2Fsvg%22%20viewBox%3D%220%200%201024%20768%22%3E%3C%2Fsvg%3E 1024w\" sizes=\"(max-width: 1024px) 100vw, 1024px\" data-srcset=\"https:\/\/mobility-with-disabilities.org\/wp-content\/uploads\/2021\/09\/anton-sharov-_kkx1WekVRY-unsplash-1024x768.jpg 1024w, https:\/\/mobility-with-disabilities.org\/wp-content\/uploads\/2021\/09\/anton-sharov-_kkx1WekVRY-unsplash-300x225.jpg 300w, https:\/\/mobility-with-disabilities.org\/wp-content\/uploads\/2021\/09\/anton-sharov-_kkx1WekVRY-unsplash-768x576.jpg 768w, https:\/\/mobility-with-disabilities.org\/wp-content\/uploads\/2021\/09\/anton-sharov-_kkx1WekVRY-unsplash-1536x1152.jpg 1536w, https:\/\/mobility-with-disabilities.org\/wp-content\/uploads\/2021\/09\/anton-sharov-_kkx1WekVRY-unsplash-2048x1536.jpg 2048w\" data-src=\"https:\/\/mobility-with-disabilities.org\/wp-content\/uploads\/2021\/09\/anton-sharov-_kkx1WekVRY-unsplash-1024x768.jpg\" loading=\"lazy\">\t\t\t\t<\/a>\n\t\t\t<\/div>\n\t\t\t\t\t\t<div class=\"uagb-post__text\"> \n\t\t\t\t<h3 class=\"uagb-post__title\">\n\t\t\t\t\t<a href=\"https:\/\/mobility-with-disabilities.org\/de\/2021\/09\/08\/urlaubsreisen-begleiten-allein-und-in-der-gruppe-fabian-pia-und-mark-im-interview\/\" target=\"_self\" rel=\"bookmark noopener noreferrer\">Urlaubsreisen begleiten \u2013 allein und in der Gruppe Fabian, Pia und Mark im Interview<\/a>\n\t\t\t\t<\/h3>\n\t\t\t<\/div>\n\t\t\t\t\t\t<div class=\"uagb-post__text\"> \n\t\t\t<div class=\"uagb-post-grid-byline\">\n\t\t\t\t\t\t\t\t<time datetime=\"2021-09-08T15:04:37+02:00\" class=\"uagb-post__date\">\n\t\t\t\t\t<span class=\"dashicons-calendar dashicons\"><\/span>\n\t\t\t\t\t8 September 2021\t\t\t\t<\/time>\n\t\t\t\t\t\t<span class=\"uagb-post__taxonomy\">\n\t\t\t\t<span class=\"dashicons-tag dashicons\"><\/span>\n\t\t\t\t<a href=\"https:\/\/mobility-with-disabilities.org\/de\/category\/unkategorisiert\/\">Unkategorisiert<\/a>, <a href=\"https:\/\/mobility-with-disabilities.org\/de\/category\/unkategorisiert\/\">Unkategorisiert<\/a>\t\t\t<\/span>\n\t\t\t\t\t\t<\/div>\n\t\t\t<\/div>\n\t\t\t\t\t\t\t<div class=\"uagb-post__text\"> \n\t\t\t\t\t<div class=\"uagb-post__excerpt\">\n\t\t\t\t\t\tDie drei Heilerziehungspfleger*innen haben sich durch ihre Ausbildung in Berlin kennengelernt und arbeiten seitdem in verschiedenen Kontexten in der Behindertenhilfe. Wir bedanken und herzlich f\u00fcr das Interview.\n\nM: Mark, 30, aus \u2026\t\t\t\t\t<\/div>\n\t\t\t<\/div>\n\t\t\t\t\t\t<div class=\"uagb-post__text\"> \n\t\t\t\t<div class=\"uagb-post__cta\">\n\t\t\t\t\t<a class=\"uagb-post__link uagb-text-link\" href=\"https:\/\/mobility-with-disabilities.org\/de\/2021\/09\/08\/urlaubsreisen-begleiten-allein-und-in-der-gruppe-fabian-pia-und-mark-im-interview\/\" target=\"_self\" rel=\"bookmark noopener noreferrer\">Weiterlesen<\/a>\n\t\t\t\t<\/div>\n\t\t\t<\/div>\n\t\t\t\t\t\t\t\t<\/div>\n\t\t\t\t\t\t\t\t\t<\/article>\n\t\t\t\t\t\t\t\t<\/div>\n\t\t\t\t\t\t\t<\/div>\n\t\t\t\n<p>Testimonials folgen in K\u00fcrze! <\/p>\n\n<p>Wenn Sie im Rahmen eines Mobilit\u00e4tsprogramms ins Ausland gereist sind, k\u00f6nnen Sie Ihre eigenen Erfahrungen und Ratschl\u00e4ge mitteilen, indem Sie den Fragebogen beantworten. Schicken Sie Ihre Antworten und ein Foto von Ihnen an die folgende E-Mail-Adresse:<br><a href=\"mailto:contact@mobility-with-disabilities.org\">contact@mobility-with-disabilities.org<\/a> <\/p>\n\n<div class=\"wp-block-file\"><a href=\"http:\/\/mobility-with-disabilities.org\/wp-content\/uploads\/2020\/04\/Testimonial-questionnaire_IMD.docx\">Fragebogen f\u00fcr Zeugnisse<\/a><a href=\"http:\/\/mobility-with-disabilities.org\/wp-content\/uploads\/2020\/04\/Testimonial-questionnaire_IMD.docx\" class=\"wp-block-file__button\" download>Herunterladen<\/a><\/div>\n\n<p>Sie k\u00f6nnen auch andere Zeugnisse entdecken <a rel=\"noreferrer noopener\" aria-label=\"on MappED (opens in a new tab)\" href=\"https:\/\/mapped.eu\/testimonials\" target=\"_blank\">auf MappED<\/a>.<\/p>\n","protected":false},"excerpt":{"rendered":"<p>Sie haben es geschafft! Testimonials folgen in K\u00fcrze! Wenn Sie im Rahmen eines Mobilit\u00e4tsprogramms ins Ausland gereist sind, k\u00f6nnen Sie &#8230; <a title=\"Sie haben es geschafft!\" class=\"read-more\" href=\"https:\/\/mobility-with-disabilities.org\/de\/sie-haben-es-geschafft\/\">Weiterlesen <span class=\"screen-reader-text\">Sie haben es geschafft!<\/span><\/a><\/p>\n","protected":false},"author":1,"featured_media":0,"parent":0,"menu_order":0,"comment_status":"closed","ping_status":"closed","template":"","meta":{"_bbp_topic_count":0,"_bbp_reply_count":0,"_bbp_total_topic_count":0,"_bbp_total_reply_count":0,"_bbp_voice_count":0,"_bbp_anonymous_reply_count":0,"_bbp_topic_count_hidden":0,"_bbp_reply_count_hidden":0,"_bbp_forum_subforum_count":0},"yoast_head":"<!-- This site is optimized with the Yoast SEO plugin v17.9 - https:\/\/yoast.com\/wordpress\/plugins\/seo\/ -->\n<title>Sie haben es geschafft! - Mobility With Disabilities<\/title>\n<meta name=\"description\" content=\"Entdecken Sie alle Zeugnisse von jungen Menschen mit Behinderungen, die internationale Mobilit\u00e4t erreicht haben.\" \/>\n<meta name=\"robots\" content=\"index, follow, max-snippet:-1, max-image-preview:large, max-video-preview:-1\" \/>\n<link rel=\"canonical\" href=\"https:\/\/mobility-with-disabilities.org\/de\/sie-haben-es-geschafft\/\" \/>\n<meta property=\"og:locale\" content=\"de_DE\" \/>\n<meta property=\"og:type\" content=\"article\" \/>\n<meta property=\"og:title\" content=\"Sie haben es geschafft! - Mobility With Disabilities\" \/>\n<meta property=\"og:description\" content=\"Entdecken Sie alle Zeugnisse von jungen Menschen mit Behinderungen, die internationale Mobilit\u00e4t erreicht haben.\" \/>\n<meta property=\"og:url\" content=\"https:\/\/mobility-with-disabilities.org\/de\/sie-haben-es-geschafft\/\" \/>\n<meta property=\"og:site_name\" content=\"Mobility With Disabilities\" \/>\n<meta property=\"og:image\" content=\"https:\/\/mobility-with-disabilities.org\/wp-content\/uploads\/2021\/06\/orange_TDI.png\" \/>\n<meta name=\"twitter:card\" content=\"summary_large_image\" \/>\n<script type=\"application\/ld+json\" class=\"yoast-schema-graph\">{\"@context\":\"https:\/\/schema.org\",\"@graph\":[{\"@type\":\"Organization\",\"@id\":\"https:\/\/mobility-with-disabilities.org\/#organization\",\"name\":\"Mobility with disabilities\",\"url\":\"https:\/\/mobility-with-disabilities.org\/\",\"sameAs\":[],\"logo\":{\"@type\":\"ImageObject\",\"@id\":\"https:\/\/mobility-with-disabilities.org\/#logo\",\"inLanguage\":\"de\",\"url\":\"https:\/\/mobility-with-disabilities.org\/wp-content\/uploads\/2019\/11\/logo-Transparent.png\",\"contentUrl\":\"https:\/\/mobility-with-disabilities.org\/wp-content\/uploads\/2019\/11\/logo-Transparent.png\",\"width\":1904,\"height\":638,\"caption\":\"Mobility with disabilities\"},\"image\":{\"@id\":\"https:\/\/mobility-with-disabilities.org\/#logo\"}},{\"@type\":\"WebSite\",\"@id\":\"https:\/\/mobility-with-disabilities.org\/#website\",\"url\":\"https:\/\/mobility-with-disabilities.org\/\",\"name\":\"Mobility With Disabilities\",\"description\":\"\",\"publisher\":{\"@id\":\"https:\/\/mobility-with-disabilities.org\/#organization\"},\"potentialAction\":[{\"@type\":\"SearchAction\",\"target\":{\"@type\":\"EntryPoint\",\"urlTemplate\":\"https:\/\/mobility-with-disabilities.org\/?s={search_term_string}\"},\"query-input\":\"required name=search_term_string\"}],\"inLanguage\":\"de\"},{\"@type\":\"ImageObject\",\"@id\":\"https:\/\/mobility-with-disabilities.org\/de\/sie-haben-es-geschafft\/#primaryimage\",\"inLanguage\":\"de\",\"url\":\"https:\/\/mobility-with-disabilities.org\/wp-content\/uploads\/2021\/06\/orange_TDI.png\",\"contentUrl\":\"https:\/\/mobility-with-disabilities.org\/wp-content\/uploads\/2021\/06\/orange_TDI.png\",\"width\":211,\"height\":252},{\"@type\":\"WebPage\",\"@id\":\"https:\/\/mobility-with-disabilities.org\/de\/sie-haben-es-geschafft\/#webpage\",\"url\":\"https:\/\/mobility-with-disabilities.org\/de\/sie-haben-es-geschafft\/\",\"name\":\"Sie haben es geschafft! - Mobility With Disabilities\",\"isPartOf\":{\"@id\":\"https:\/\/mobility-with-disabilities.org\/#website\"},\"primaryImageOfPage\":{\"@id\":\"https:\/\/mobility-with-disabilities.org\/de\/sie-haben-es-geschafft\/#primaryimage\"},\"datePublished\":\"2021-08-03T11:54:37+00:00\",\"dateModified\":\"2021-08-03T11:54:37+00:00\",\"description\":\"Entdecken Sie alle Zeugnisse von jungen Menschen mit Behinderungen, die internationale Mobilit\\u00e4t erreicht haben.\",\"breadcrumb\":{\"@id\":\"https:\/\/mobility-with-disabilities.org\/de\/sie-haben-es-geschafft\/#breadcrumb\"},\"inLanguage\":\"de\",\"potentialAction\":[{\"@type\":\"ReadAction\",\"target\":[\"https:\/\/mobility-with-disabilities.org\/de\/sie-haben-es-geschafft\/\"]}]},{\"@type\":\"BreadcrumbList\",\"@id\":\"https:\/\/mobility-with-disabilities.org\/de\/sie-haben-es-geschafft\/#breadcrumb\",\"itemListElement\":[{\"@type\":\"ListItem\",\"position\":1,\"name\":\"Accueil\",\"item\":\"https:\/\/mobility-with-disabilities.org\/de\/\"},{\"@type\":\"ListItem\",\"position\":2,\"name\":\"Sie haben es geschafft!\"}]}]}<\/script>\n<!-- \/ Yoast SEO plugin. -->","yoast_head_json":{"title":"Sie haben es geschafft! - Mobility With Disabilities","description":"Entdecken Sie alle Zeugnisse von jungen Menschen mit Behinderungen, die internationale Mobilit\u00e4t erreicht haben.","robots":{"index":"index","follow":"follow","max-snippet":"max-snippet:-1","max-image-preview":"max-image-preview:large","max-video-preview":"max-video-preview:-1"},"canonical":"https:\/\/mobility-with-disabilities.org\/de\/sie-haben-es-geschafft\/","og_locale":"de_DE","og_type":"article","og_title":"Sie haben es geschafft! - Mobility With Disabilities","og_description":"Entdecken Sie alle Zeugnisse von jungen Menschen mit Behinderungen, die internationale Mobilit\u00e4t erreicht haben.","og_url":"https:\/\/mobility-with-disabilities.org\/de\/sie-haben-es-geschafft\/","og_site_name":"Mobility With Disabilities","og_image":[{"url":"https:\/\/mobility-with-disabilities.org\/wp-content\/uploads\/2021\/06\/orange_TDI.png"}],"twitter_card":"summary_large_image","schema":{"@context":"https:\/\/schema.org","@graph":[{"@type":"Organization","@id":"https:\/\/mobility-with-disabilities.org\/#organization","name":"Mobility with disabilities","url":"https:\/\/mobility-with-disabilities.org\/","sameAs":[],"logo":{"@type":"ImageObject","@id":"https:\/\/mobility-with-disabilities.org\/#logo","inLanguage":"de","url":"https:\/\/mobility-with-disabilities.org\/wp-content\/uploads\/2019\/11\/logo-Transparent.png","contentUrl":"https:\/\/mobility-with-disabilities.org\/wp-content\/uploads\/2019\/11\/logo-Transparent.png","width":1904,"height":638,"caption":"Mobility with disabilities"},"image":{"@id":"https:\/\/mobility-with-disabilities.org\/#logo"}},{"@type":"WebSite","@id":"https:\/\/mobility-with-disabilities.org\/#website","url":"https:\/\/mobility-with-disabilities.org\/","name":"Mobility With Disabilities","description":"","publisher":{"@id":"https:\/\/mobility-with-disabilities.org\/#organization"},"potentialAction":[{"@type":"SearchAction","target":{"@type":"EntryPoint","urlTemplate":"https:\/\/mobility-with-disabilities.org\/?s={search_term_string}"},"query-input":"required name=search_term_string"}],"inLanguage":"de"},{"@type":"ImageObject","@id":"https:\/\/mobility-with-disabilities.org\/de\/sie-haben-es-geschafft\/#primaryimage","inLanguage":"de","url":"https:\/\/mobility-with-disabilities.org\/wp-content\/uploads\/2021\/06\/orange_TDI.png","contentUrl":"https:\/\/mobility-with-disabilities.org\/wp-content\/uploads\/2021\/06\/orange_TDI.png","width":211,"height":252},{"@type":"WebPage","@id":"https:\/\/mobility-with-disabilities.org\/de\/sie-haben-es-geschafft\/#webpage","url":"https:\/\/mobility-with-disabilities.org\/de\/sie-haben-es-geschafft\/","name":"Sie haben es geschafft! - Mobility With Disabilities","isPartOf":{"@id":"https:\/\/mobility-with-disabilities.org\/#website"},"primaryImageOfPage":{"@id":"https:\/\/mobility-with-disabilities.org\/de\/sie-haben-es-geschafft\/#primaryimage"},"datePublished":"2021-08-03T11:54:37+00:00","dateModified":"2021-08-03T11:54:37+00:00","description":"Entdecken Sie alle Zeugnisse von jungen Menschen mit Behinderungen, die internationale Mobilit\u00e4t erreicht haben.","breadcrumb":{"@id":"https:\/\/mobility-with-disabilities.org\/de\/sie-haben-es-geschafft\/#breadcrumb"},"inLanguage":"de","potentialAction":[{"@type":"ReadAction","target":["https:\/\/mobility-with-disabilities.org\/de\/sie-haben-es-geschafft\/"]}]},{"@type":"BreadcrumbList","@id":"https:\/\/mobility-with-disabilities.org\/de\/sie-haben-es-geschafft\/#breadcrumb","itemListElement":[{"@type":"ListItem","position":1,"name":"Accueil","item":"https:\/\/mobility-with-disabilities.org\/de\/"},{"@type":"ListItem","position":2,"name":"Sie haben es geschafft!"}]}]}},"uagb_featured_image_src":{"full":false,"thumbnail":false,"medium":false,"medium_large":false,"large":false,"1536x1536":false,"2048x2048":false,"alm-thumbnail":false,"course_thumbnail":false,"profile_24":false,"profile_48":false,"profile_96":false,"profile_150":false,"profile_300":false},"uagb_author_info":{"display_name":"IMD","author_link":"https:\/\/mobility-with-disabilities.org\/de\/author\/admin4690\/"},"uagb_comment_info":0,"uagb_excerpt":"Sie haben es geschafft! Testimonials folgen in K\u00fcrze! Wenn Sie im Rahmen eines Mobilit\u00e4tsprogramms ins Ausland gereist sind, k\u00f6nnen Sie ... Weiterlesen Sie haben es geschafft!","_links":{"self":[{"href":"https:\/\/mobility-with-disabilities.org\/de\/wp-json\/wp\/v2\/pages\/5038"}],"collection":[{"href":"https:\/\/mobility-with-disabilities.org\/de\/wp-json\/wp\/v2\/pages"}],"about":[{"href":"https:\/\/mobility-with-disabilities.org\/de\/wp-json\/wp\/v2\/types\/page"}],"author":[{"embeddable":true,"href":"https:\/\/mobility-with-disabilities.org\/de\/wp-json\/wp\/v2\/users\/1"}],"replies":[{"embeddable":true,"href":"https:\/\/mobility-with-disabilities.org\/de\/wp-json\/wp\/v2\/comments?post=5038"}],"version-history":[{"count":1,"href":"https:\/\/mobility-with-disabilities.org\/de\/wp-json\/wp\/v2\/pages\/5038\/revisions"}],"predecessor-version":[{"id":5039,"href":"https:\/\/mobility-with-disabilities.org\/de\/wp-json\/wp\/v2\/pages\/5038\/revisions\/5039"}],"wp:attachment":[{"href":"https:\/\/mobility-with-disabilities.org\/de\/wp-json\/wp\/v2\/media?parent=5038"}],"curies":[{"name":"wp","href":"https:\/\/api.w.org\/{rel}","templated":true}]}}