{"id":1295,"date":"2020-03-27T13:04:21","date_gmt":"2020-03-27T12:04:21","guid":{"rendered":"http:\/\/mobility-with-disabilities.org\/le-retour\/"},"modified":"2021-06-15T13:19:35","modified_gmt":"2021-06-15T11:19:35","slug":"le-retour","status":"publish","type":"page","link":"https:\/\/mobility-with-disabilities.org\/fr\/jeunes-situation-handicap\/le-retour\/","title":{"rendered":"Le retour"},"content":{"rendered":"<div class=\"wp-block-image\"><figure class=\"aligncenter size-full is-resized\"><noscript><img src=\"https:\/\/mobility-with-disabilities.org\/wp-content\/uploads\/2021\/06\/orange_youthwdis.png\" alt=\"young with disabilities\" class=\"wp-image-4503\" width=\"130\" height=\"135\"><\/noscript><img src=\"data:image\/svg+xml,%3Csvg%20xmlns%3D%22http%3A%2F%2Fwww.w3.org%2F2000%2Fsvg%22%20viewBox%3D%220%200%20130%20135%22%3E%3C%2Fsvg%3E\" alt=\"young with disabilities\" class=\"wp-image-4503 lazyload\" width=\"130\" height=\"135\" data-src=\"https:\/\/mobility-with-disabilities.org\/wp-content\/uploads\/2021\/06\/orange_youthwdis.png\" loading=\"lazy\"><\/figure><\/div>\n\n\n\n<h2 class=\"has-text-align-center\"><a href=\"http:\/\/mobility-with-disabilities.org\/for-youth-with-disabilities\/\">Jeunes en situation de handicap<\/a><\/h2>\n\n\n\n<div class=\"wp-block-image\"><figure class=\"aligncenter size-full is-resized\"><noscript><img src=\"https:\/\/mobility-with-disabilities.org\/wp-content\/uploads\/2021\/06\/blue_coming-back.png\" alt class=\"wp-image-4413\" width=\"80\"><\/noscript><img src=\"data:image\/gif;base64,R0lGODlhAQABAIAAAAAAAP\/\/\/yH5BAEAAAAALAAAAAABAAEAAAIBRAA7\" alt class=\"wp-image-4413 lazyload\" width=\"80\" data-src=\"https:\/\/mobility-with-disabilities.org\/wp-content\/uploads\/2021\/06\/blue_coming-back.png\" loading=\"lazy\"><\/figure><\/div>\n\n\n\n<h1 class=\"has-text-align-center block-media-title has-text-color\" style=\"color:#d14905\"> LE RETOUR<\/h1>\n\n\n\n<p>Une fois revenu, il est important de mettre en avant ce que tu as appris pendant ton s\u00e9jour \u00e0 l&#8217;international. C&#8217;est d&#8217;une grande aide pour ton futur professionnel et personnel.  C\u2019est \u00e0 toi de d\u00e9terminer ce qui t\u2019a le plus enrichi. <\/p>\n\n\n\n<h3>Valorise tes nouvelles comp\u00e9tences<\/h3>\n\n\n\n<p>Pour r\u00e9ussir \u00e0 comprendre les comp\u00e9tences que tu as pu acqu\u00e9rir, il est important de r\u00e9fl\u00e9chir \u00e0 ce que tu as pu d\u00e9velopper comme \u201c<strong>softs skills<\/strong>\u201d, plus \u00e0 m\u00eame d\u2019\u00eatre d\u00e9velopp\u00e9s durant ta mobilit\u00e9 et donc \u00e0 la valorisation de celle-ci. Les softs skills sont des comp\u00e9tences \u00e9motionnelles et relationnelles (exemple : cr\u00e9ativit\u00e9 communication adaptation..) contrairement aux \u201c<strong>hards skills<\/strong>\u201d qui sont des comp\u00e9tences techniques (dipl\u00f4mes, notes, certificats, comp\u00e9tences formelles).<\/p>\n\n\n\n<p>Tu peux faire un bilan de tes softs skills \u00e0 la fin de ta mobilit\u00e9 mais il est important d\u2019anticiper ce bilan pendant ta mobilit\u00e9. Interroge toi ce que tu as pu apprendre (comment ce voyage m\u2019a fait progresser ? quelles sont les comp\u00e9tences que j\u2019ai pu d\u00e9velopper ? etc). Des comp\u00e9tences tel que l\u2019adaptation, la tol\u00e9rance, l\u2019esprit d\u2019\u00e9quipe ou encore l\u2019apprentissage d\u2019une langue, sont des comp\u00e9tences qui peuvent \u00eatre valoris\u00e9 sur un CV ou lors d\u2019un entretien. <\/p>\n\n\n\n<div class=\"wp-block-columns are-vertically-aligned-center\">\n<div class=\"wp-block-column is-vertically-aligned-center\">\n<h3>Quelques outils pour t&#8217;aider<\/h3>\n\n\n\n<ul><li>Tu peux utiliser l\u2019outil <a href=\"https:\/\/www.aki-app.org\/en\/\">AKI<\/a> qui t\u2019aidera \u00e0 comprendre les \u201csofts skills\u201d (la capacit\u00e9 d\u2019adaptation, l&#8217;intelligence \u00e9motionnelle, communication, cr\u00e9ativit\u00e9..) que tu as pu d\u00e9velopper.<\/li><\/ul>\n\n\n\n<ul><li>De plus, il existe le <a href=\"https:\/\/www.youthpass.eu\/\"><span class=\"s2\">Youthpass&nbsp;,<\/span><\/a> qui te permet de mettre en avant tes comp\u00e9tences acquises durant ta mobilit\u00e9 internationale. C\u2019est un outil reconnu dans toute L\u2019union Europ\u00e9enne, qui sera \u00e0 valoriser au retour de ta mobilit\u00e9. Le Youthpass favorise le soutien et le d\u00e9veloppement de<span class=\"Apple-converted-space\">&nbsp; <\/span>l&#8217;apprentissage personnel non formel. Tu peux demander \u00e0 un.e r\u00e9f\u00e9rent.e de ta structure d&#8217;envoi ou d&#8217;accueil de te cr\u00e9er le youthpass.<\/li><\/ul>\n\n\n\n<ul><li>Il y a aussi<a href=\"https:\/\/europass.cedefop.europa.eu\/fr\/documents\/european-skills-passport\/europass-mobility\"><span class=\"s2\">&nbsp; l\u2019Europass<\/span><\/a>.<span class=\"Apple-converted-space\">&nbsp; <\/span>L\u2019objectif est <span class=\"s3\">d\u2019aider les citoyens \u00e0 valoriser leurs comp\u00e9tences et qualifications de mani\u00e8re mani\u00e8re efficace pour leur donner un avantage sur le march\u00e9 du travail. L\u2019Europass se compose de cinq documents, ils sont disponibles en lignes : <\/span><ul><li>Le CV aide \u00e0 pr\u00e9senter ses comp\u00e9tences et qualifications efficacement et clairement pour chercher du travail. <\/li><li>Le Passeport de langues est un outil d\u2019\u00e9valuation pour renseigner de ton niveau linguistique. <\/li><\/ul><\/li><\/ul>\n<\/div>\n\n\n\n<div class=\"wp-block-column is-vertically-aligned-center\">\n<figure class=\"wp-block-image size-large\"><noscript><img width=\"768\" height=\"614\" src=\"https:\/\/mobility-with-disabilities.org\/wp-content\/uploads\/2020\/04\/startup-593343_1920.jpg\" alt class=\"wp-image-2552\" srcset=\"https:\/\/mobility-with-disabilities.org\/wp-content\/uploads\/2020\/04\/startup-593343_1920.jpg 768w, https:\/\/mobility-with-disabilities.org\/wp-content\/uploads\/2020\/04\/startup-593343_1920-300x240.jpg 300w, https:\/\/mobility-with-disabilities.org\/wp-content\/uploads\/2020\/04\/startup-593343_1920-24x19.jpg 24w, https:\/\/mobility-with-disabilities.org\/wp-content\/uploads\/2020\/04\/startup-593343_1920-36x29.jpg 36w, https:\/\/mobility-with-disabilities.org\/wp-content\/uploads\/2020\/04\/startup-593343_1920-48x38.jpg 48w\" sizes=\"(max-width: 768px) 100vw, 768px\"><\/noscript><img width=\"768\" height=\"614\" src=\"data:image\/svg+xml,%3Csvg%20xmlns%3D%22http%3A%2F%2Fwww.w3.org%2F2000%2Fsvg%22%20viewBox%3D%220%200%20768%20614%22%3E%3C%2Fsvg%3E\" alt class=\"wp-image-2552 lazyload\" srcset=\"data:image\/svg+xml,%3Csvg%20xmlns%3D%22http%3A%2F%2Fwww.w3.org%2F2000%2Fsvg%22%20viewBox%3D%220%200%20768%20614%22%3E%3C%2Fsvg%3E 768w\" sizes=\"(max-width: 768px) 100vw, 768px\" data-srcset=\"https:\/\/mobility-with-disabilities.org\/wp-content\/uploads\/2020\/04\/startup-593343_1920.jpg 768w, https:\/\/mobility-with-disabilities.org\/wp-content\/uploads\/2020\/04\/startup-593343_1920-300x240.jpg 300w, https:\/\/mobility-with-disabilities.org\/wp-content\/uploads\/2020\/04\/startup-593343_1920-24x19.jpg 24w, https:\/\/mobility-with-disabilities.org\/wp-content\/uploads\/2020\/04\/startup-593343_1920-36x29.jpg 36w, https:\/\/mobility-with-disabilities.org\/wp-content\/uploads\/2020\/04\/startup-593343_1920-48x38.jpg 48w\" data-src=\"https:\/\/mobility-with-disabilities.org\/wp-content\/uploads\/2020\/04\/startup-593343_1920.jpg\" loading=\"lazy\"><figcaption>Personnes en r\u00e9union utilisant des post-its<\/figcaption><\/figure>\n<\/div>\n<\/div>\n\n\n\n<div class=\"wp-block-columns\">\n<div class=\"wp-block-column\">\n<p>Les documents suivants sont  d\u00e9livr\u00e9s par les autorit\u00e9s comp\u00e9tentes en mati\u00e8re d\u2019enseignement et de formation:<\/p>\n\n\n\n<p><strong>L\u2019Europass Mobilit\u00e9<\/strong> est un outil pour promouvoir tes comp\u00e9tences acquises durant ta mobilit\u00e9. C\u2019est celui qui valorisera le plus ton exp\u00e9rience. Tu peux r\u00e9aliser les diff\u00e9rentes d\u00e9marches concernant l\u2019Europass apr\u00e8s ta mobilit\u00e9 avec la personne de la structure d\u2019envoi.<\/p>\n\n\n\n<p><strong>Le Suppl\u00e9ment au certificat<\/strong> est outil qui pr\u00e9sente les savoirs et comp\u00e9tences acquis par les titulaires de certificats de l\u2019enseignement et formation professionnels alors que le Suppl\u00e9ment au dipl\u00f4me concerne les titulaires de dipl\u00f4mes de l\u2019enseignement sup\u00e9rieur.<\/p>\n<\/div>\n\n\n\n<div class=\"wp-block-column\">\n<p>Tu peux essayer de valoriser ton exp\u00e9rience \u00e0 l\u2019aide de divers acteurs, tel que des <strong>professeurs<\/strong> de ton universit\u00e9 d&#8217;accueil et d\u2019envoi, les <strong>associations ESN<\/strong> sur place ou aux alentours, ou encore des <strong>professionnels du monde du handicap<\/strong> (associations, services jeunes de la mairie, service de la mairie pour les personnes en situation de handicap..), ils sont l\u00e0 pour t\u2019aider et t\u2019accompagner dans ton projet de mobilit\u00e9 mais aussi \u00e0 ton insertion professionnelle.<\/p>\n\n\n\n<p><span style=\"font-weight: 400;\">Pour b\u00e9n\u00e9ficier d\u2019activit\u00e9s culturelles et d\u2019engagements solidaires, n\u2019h\u00e9sites pas \u00e0 te rapproche de l\u2019association ESN de ta ville. Tu peux trouver leurs contacts en suivant ce lien :<\/span><a href=\"https:\/\/esn.org\/sections\"> <span style=\"font-weight: 400;\">https:\/\/esn.org\/sections<\/span><\/a><\/p>\n<\/div>\n<\/div>\n\n\n\n<section class=\"wp-block-uagb-columns uagb-columns__wrap uagb-columns__background-undefined uagb-columns__stack-mobile uagb-columns__valign-undefined uagb-columns__gap-0 alignundefined uagb-block-cb5b0370\"><div class=\"uagb-columns__overlay\"><\/div><div class=\"uagb-columns__inner-wrap uagb-columns__columns-3\">\n<div class=\"wp-block-uagb-column uagb-column__wrap uagb-column__background-undefined uagb-block-3f7a5cf8\"><div class=\"uagb-column__overlay\"><\/div><div class=\"uagb-column__inner-wrap\">\n<p><\/p>\n<\/div><\/div>\n\n\n\n<div class=\"wp-block-uagb-column uagb-column__wrap uagb-column__background-undefined uagb-block-1c996a1c\"><div class=\"uagb-column__overlay\"><\/div><div class=\"uagb-column__inner-wrap\">\n<div class=\"wp-block-group has-text-color has-background\" style=\"background-color:#3343bc;color:#ffffff\"><div class=\"wp-block-group__inner-container\">\n<p>Tu souhaites partager ton exp\u00e9rience de mobilit\u00e9 ? Tu veux montrer les comp\u00e9tences que tu as d\u00e9velopp\u00e9 ? Va sur la page &#8220;Ils l\u2019ont fait!&#8221; :<\/p>\n<\/div><\/div>\n\n\n\n<div class=\"wp-block-image\"><figure class=\"aligncenter size-large is-resized\"><a href=\"http:\/\/mobility-with-disabilities.org\/ils-lont-fait\/?lang=fr\"><noscript><img src=\"https:\/\/mobility-with-disabilities.org\/wp-content\/uploads\/2019\/11\/They-Did-it.png\" alt class=\"wp-image-1085\" width=\"108\" height=\"108\" srcset=\"https:\/\/mobility-with-disabilities.org\/wp-content\/uploads\/2019\/11\/They-Did-it.png 215w, https:\/\/mobility-with-disabilities.org\/wp-content\/uploads\/2019\/11\/They-Did-it-150x150.png 150w\" sizes=\"(max-width: 108px) 100vw, 108px\"><\/noscript><img src=\"data:image\/svg+xml,%3Csvg%20xmlns%3D%22http%3A%2F%2Fwww.w3.org%2F2000%2Fsvg%22%20viewBox%3D%220%200%20108%20108%22%3E%3C%2Fsvg%3E\" alt class=\"wp-image-1085 lazyload\" width=\"108\" height=\"108\" srcset=\"data:image\/svg+xml,%3Csvg%20xmlns%3D%22http%3A%2F%2Fwww.w3.org%2F2000%2Fsvg%22%20viewBox%3D%220%200%20108%20108%22%3E%3C%2Fsvg%3E 108w\" sizes=\"(max-width: 108px) 100vw, 108px\" data-srcset=\"https:\/\/mobility-with-disabilities.org\/wp-content\/uploads\/2019\/11\/They-Did-it.png 215w, https:\/\/mobility-with-disabilities.org\/wp-content\/uploads\/2019\/11\/They-Did-it-150x150.png 150w\" data-src=\"https:\/\/mobility-with-disabilities.org\/wp-content\/uploads\/2019\/11\/They-Did-it.png\" loading=\"lazy\"><\/a><\/figure><\/div>\n\n\n\n<p class=\"has-text-align-center\"><strong><a href=\"http:\/\/mobility-with-disabilities.org\/they-did-it\/\">ILS L&#8217;ONT FAIT!<\/a><\/strong><\/p>\n<\/div><\/div>\n\n\n\n<div class=\"wp-block-uagb-column uagb-column__wrap uagb-column__background-undefined uagb-block-24816557\"><div class=\"uagb-column__overlay\"><\/div><div class=\"uagb-column__inner-wrap\"><\/div><\/div>\n<\/div><\/section>\n","protected":false},"excerpt":{"rendered":"<p>Jeunes en situation de handicap LE RETOUR Une fois revenu, il est important de mettre en avant ce que tu &#8230; <a title=\"Le retour\" class=\"read-more\" href=\"https:\/\/mobility-with-disabilities.org\/fr\/jeunes-situation-handicap\/le-retour\/\">Lire la suite <span class=\"screen-reader-text\">Le retour<\/span><\/a><\/p>\n","protected":false},"author":1,"featured_media":0,"parent":1470,"menu_order":0,"comment_status":"closed","ping_status":"closed","template":"","meta":{"_bbp_topic_count":0,"_bbp_reply_count":0,"_bbp_total_topic_count":0,"_bbp_total_reply_count":0,"_bbp_voice_count":0,"_bbp_anonymous_reply_count":0,"_bbp_topic_count_hidden":0,"_bbp_reply_count_hidden":0,"_bbp_forum_subforum_count":0},"yoast_head":"<!-- This site is optimized with the Yoast SEO plugin v17.9 - https:\/\/yoast.com\/wordpress\/plugins\/seo\/ -->\n<title>Le retour - Mobility With Disabilities<\/title>\n<meta name=\"description\" content=\"Cette page est d\u00e9di\u00e9e au retour de la mobilit\u00e9, comment r\u00e9ussir \u00e0 valoriser sa mobilit\u00e9 internationale et avec quels outils.\" \/>\n<meta name=\"robots\" content=\"index, follow, max-snippet:-1, max-image-preview:large, max-video-preview:-1\" \/>\n<link rel=\"canonical\" href=\"https:\/\/mobility-with-disabilities.org\/fr\/jeunes-situation-handicap\/le-retour\/\" \/>\n<meta property=\"og:locale\" content=\"fr_FR\" \/>\n<meta property=\"og:type\" content=\"article\" \/>\n<meta property=\"og:title\" content=\"Le retour - Mobility With Disabilities\" \/>\n<meta property=\"og:description\" content=\"Cette page est d\u00e9di\u00e9e au retour de la mobilit\u00e9, comment r\u00e9ussir \u00e0 valoriser sa mobilit\u00e9 internationale et avec quels outils.\" \/>\n<meta property=\"og:url\" content=\"https:\/\/mobility-with-disabilities.org\/fr\/jeunes-situation-handicap\/le-retour\/\" \/>\n<meta property=\"og:site_name\" content=\"Mobility With Disabilities\" \/>\n<meta property=\"article:modified_time\" content=\"2021-06-15T11:19:35+00:00\" \/>\n<meta property=\"og:image\" content=\"https:\/\/mobility-with-disabilities.org\/wp-content\/uploads\/2021\/06\/orange_youthwdis.png\" \/>\n<meta name=\"twitter:card\" content=\"summary_large_image\" \/>\n<meta name=\"twitter:label1\" content=\"Dur\u00e9e de lecture estim\u00e9e\" \/>\n\t<meta name=\"twitter:data1\" content=\"4 minutes\" \/>\n<script type=\"application\/ld+json\" class=\"yoast-schema-graph\">{\"@context\":\"https:\/\/schema.org\",\"@graph\":[{\"@type\":\"Organization\",\"@id\":\"https:\/\/mobility-with-disabilities.org\/#organization\",\"name\":\"Mobility with disabilities\",\"url\":\"https:\/\/mobility-with-disabilities.org\/\",\"sameAs\":[],\"logo\":{\"@type\":\"ImageObject\",\"@id\":\"https:\/\/mobility-with-disabilities.org\/#logo\",\"inLanguage\":\"fr-FR\",\"url\":\"https:\/\/mobility-with-disabilities.org\/wp-content\/uploads\/2019\/11\/logo-Transparent.png\",\"contentUrl\":\"https:\/\/mobility-with-disabilities.org\/wp-content\/uploads\/2019\/11\/logo-Transparent.png\",\"width\":1904,\"height\":638,\"caption\":\"Mobility with disabilities\"},\"image\":{\"@id\":\"https:\/\/mobility-with-disabilities.org\/#logo\"}},{\"@type\":\"WebSite\",\"@id\":\"https:\/\/mobility-with-disabilities.org\/#website\",\"url\":\"https:\/\/mobility-with-disabilities.org\/\",\"name\":\"Mobility With Disabilities\",\"description\":\"\",\"publisher\":{\"@id\":\"https:\/\/mobility-with-disabilities.org\/#organization\"},\"potentialAction\":[{\"@type\":\"SearchAction\",\"target\":{\"@type\":\"EntryPoint\",\"urlTemplate\":\"https:\/\/mobility-with-disabilities.org\/?s={search_term_string}\"},\"query-input\":\"required name=search_term_string\"}],\"inLanguage\":\"fr-FR\"},{\"@type\":\"ImageObject\",\"@id\":\"https:\/\/mobility-with-disabilities.org\/fr\/jeunes-situation-handicap\/le-retour\/#primaryimage\",\"inLanguage\":\"fr-FR\",\"url\":\"https:\/\/mobility-with-disabilities.org\/wp-content\/uploads\/2021\/06\/orange_youthwdis.png\",\"contentUrl\":\"https:\/\/mobility-with-disabilities.org\/wp-content\/uploads\/2021\/06\/orange_youthwdis.png\",\"width\":232,\"height\":265},{\"@type\":\"WebPage\",\"@id\":\"https:\/\/mobility-with-disabilities.org\/fr\/jeunes-situation-handicap\/le-retour\/#webpage\",\"url\":\"https:\/\/mobility-with-disabilities.org\/fr\/jeunes-situation-handicap\/le-retour\/\",\"name\":\"Le retour - Mobility With Disabilities\",\"isPartOf\":{\"@id\":\"https:\/\/mobility-with-disabilities.org\/#website\"},\"primaryImageOfPage\":{\"@id\":\"https:\/\/mobility-with-disabilities.org\/fr\/jeunes-situation-handicap\/le-retour\/#primaryimage\"},\"datePublished\":\"2020-03-27T12:04:21+00:00\",\"dateModified\":\"2021-06-15T11:19:35+00:00\",\"description\":\"Cette page est d\\u00e9di\\u00e9e au retour de la mobilit\\u00e9, comment r\\u00e9ussir \\u00e0 valoriser sa mobilit\\u00e9 internationale et avec quels outils.\",\"breadcrumb\":{\"@id\":\"https:\/\/mobility-with-disabilities.org\/fr\/jeunes-situation-handicap\/le-retour\/#breadcrumb\"},\"inLanguage\":\"fr-FR\",\"potentialAction\":[{\"@type\":\"ReadAction\",\"target\":[\"https:\/\/mobility-with-disabilities.org\/fr\/jeunes-situation-handicap\/le-retour\/\"]}]},{\"@type\":\"BreadcrumbList\",\"@id\":\"https:\/\/mobility-with-disabilities.org\/fr\/jeunes-situation-handicap\/le-retour\/#breadcrumb\",\"itemListElement\":[{\"@type\":\"ListItem\",\"position\":1,\"name\":\"Accueil\",\"item\":\"https:\/\/mobility-with-disabilities.org\/fr\/\"},{\"@type\":\"ListItem\",\"position\":2,\"name\":\"Jeunes en situation de handicap\",\"item\":\"https:\/\/mobility-with-disabilities.org\/fr\/jeunes-situation-handicap\/\"},{\"@type\":\"ListItem\",\"position\":3,\"name\":\"Le retour\"}]}]}<\/script>\n<!-- \/ Yoast SEO plugin. -->","yoast_head_json":{"title":"Le retour - Mobility With Disabilities","description":"Cette page est d\u00e9di\u00e9e au retour de la mobilit\u00e9, comment r\u00e9ussir \u00e0 valoriser sa mobilit\u00e9 internationale et avec quels outils.","robots":{"index":"index","follow":"follow","max-snippet":"max-snippet:-1","max-image-preview":"max-image-preview:large","max-video-preview":"max-video-preview:-1"},"canonical":"https:\/\/mobility-with-disabilities.org\/fr\/jeunes-situation-handicap\/le-retour\/","og_locale":"fr_FR","og_type":"article","og_title":"Le retour - Mobility With Disabilities","og_description":"Cette page est d\u00e9di\u00e9e au retour de la mobilit\u00e9, comment r\u00e9ussir \u00e0 valoriser sa mobilit\u00e9 internationale et avec quels outils.","og_url":"https:\/\/mobility-with-disabilities.org\/fr\/jeunes-situation-handicap\/le-retour\/","og_site_name":"Mobility With Disabilities","article_modified_time":"2021-06-15T11:19:35+00:00","og_image":[{"url":"https:\/\/mobility-with-disabilities.org\/wp-content\/uploads\/2021\/06\/orange_youthwdis.png"}],"twitter_card":"summary_large_image","twitter_misc":{"Dur\u00e9e de lecture estim\u00e9e":"4 minutes"},"schema":{"@context":"https:\/\/schema.org","@graph":[{"@type":"Organization","@id":"https:\/\/mobility-with-disabilities.org\/#organization","name":"Mobility with disabilities","url":"https:\/\/mobility-with-disabilities.org\/","sameAs":[],"logo":{"@type":"ImageObject","@id":"https:\/\/mobility-with-disabilities.org\/#logo","inLanguage":"fr-FR","url":"https:\/\/mobility-with-disabilities.org\/wp-content\/uploads\/2019\/11\/logo-Transparent.png","contentUrl":"https:\/\/mobility-with-disabilities.org\/wp-content\/uploads\/2019\/11\/logo-Transparent.png","width":1904,"height":638,"caption":"Mobility with disabilities"},"image":{"@id":"https:\/\/mobility-with-disabilities.org\/#logo"}},{"@type":"WebSite","@id":"https:\/\/mobility-with-disabilities.org\/#website","url":"https:\/\/mobility-with-disabilities.org\/","name":"Mobility With Disabilities","description":"","publisher":{"@id":"https:\/\/mobility-with-disabilities.org\/#organization"},"potentialAction":[{"@type":"SearchAction","target":{"@type":"EntryPoint","urlTemplate":"https:\/\/mobility-with-disabilities.org\/?s={search_term_string}"},"query-input":"required name=search_term_string"}],"inLanguage":"fr-FR"},{"@type":"ImageObject","@id":"https:\/\/mobility-with-disabilities.org\/fr\/jeunes-situation-handicap\/le-retour\/#primaryimage","inLanguage":"fr-FR","url":"https:\/\/mobility-with-disabilities.org\/wp-content\/uploads\/2021\/06\/orange_youthwdis.png","contentUrl":"https:\/\/mobility-with-disabilities.org\/wp-content\/uploads\/2021\/06\/orange_youthwdis.png","width":232,"height":265},{"@type":"WebPage","@id":"https:\/\/mobility-with-disabilities.org\/fr\/jeunes-situation-handicap\/le-retour\/#webpage","url":"https:\/\/mobility-with-disabilities.org\/fr\/jeunes-situation-handicap\/le-retour\/","name":"Le retour - Mobility With Disabilities","isPartOf":{"@id":"https:\/\/mobility-with-disabilities.org\/#website"},"primaryImageOfPage":{"@id":"https:\/\/mobility-with-disabilities.org\/fr\/jeunes-situation-handicap\/le-retour\/#primaryimage"},"datePublished":"2020-03-27T12:04:21+00:00","dateModified":"2021-06-15T11:19:35+00:00","description":"Cette page est d\u00e9di\u00e9e au retour de la mobilit\u00e9, comment r\u00e9ussir \u00e0 valoriser sa mobilit\u00e9 internationale et avec quels outils.","breadcrumb":{"@id":"https:\/\/mobility-with-disabilities.org\/fr\/jeunes-situation-handicap\/le-retour\/#breadcrumb"},"inLanguage":"fr-FR","potentialAction":[{"@type":"ReadAction","target":["https:\/\/mobility-with-disabilities.org\/fr\/jeunes-situation-handicap\/le-retour\/"]}]},{"@type":"BreadcrumbList","@id":"https:\/\/mobility-with-disabilities.org\/fr\/jeunes-situation-handicap\/le-retour\/#breadcrumb","itemListElement":[{"@type":"ListItem","position":1,"name":"Accueil","item":"https:\/\/mobility-with-disabilities.org\/fr\/"},{"@type":"ListItem","position":2,"name":"Jeunes en situation de handicap","item":"https:\/\/mobility-with-disabilities.org\/fr\/jeunes-situation-handicap\/"},{"@type":"ListItem","position":3,"name":"Le retour"}]}]}},"uagb_featured_image_src":{"full":false,"thumbnail":false,"medium":false,"medium_large":false,"large":false,"1536x1536":false,"2048x2048":false,"alm-thumbnail":false,"course_thumbnail":false,"profile_24":false,"profile_48":false,"profile_96":false,"profile_150":false,"profile_300":false},"uagb_author_info":{"display_name":"IMD","author_link":"https:\/\/mobility-with-disabilities.org\/fr\/author\/admin4690\/"},"uagb_comment_info":0,"uagb_excerpt":"Jeunes en situation de handicap LE RETOUR Une fois revenu, il est important de mettre en avant ce que tu ... Lire la suite Le retour","_links":{"self":[{"href":"https:\/\/mobility-with-disabilities.org\/fr\/wp-json\/wp\/v2\/pages\/1295"}],"collection":[{"href":"https:\/\/mobility-with-disabilities.org\/fr\/wp-json\/wp\/v2\/pages"}],"about":[{"href":"https:\/\/mobility-with-disabilities.org\/fr\/wp-json\/wp\/v2\/types\/page"}],"author":[{"embeddable":true,"href":"https:\/\/mobility-with-disabilities.org\/fr\/wp-json\/wp\/v2\/users\/1"}],"replies":[{"embeddable":true,"href":"https:\/\/mobility-with-disabilities.org\/fr\/wp-json\/wp\/v2\/comments?post=1295"}],"version-history":[{"count":30,"href":"https:\/\/mobility-with-disabilities.org\/fr\/wp-json\/wp\/v2\/pages\/1295\/revisions"}],"predecessor-version":[{"id":4622,"href":"https:\/\/mobility-with-disabilities.org\/fr\/wp-json\/wp\/v2\/pages\/1295\/revisions\/4622"}],"up":[{"embeddable":true,"href":"https:\/\/mobility-with-disabilities.org\/fr\/wp-json\/wp\/v2\/pages\/1470"}],"wp:attachment":[{"href":"https:\/\/mobility-with-disabilities.org\/fr\/wp-json\/wp\/v2\/media?parent=1295"}],"curies":[{"name":"wp","href":"https:\/\/api.w.org\/{rel}","templated":true}]}}