{"id":1381,"date":"2020-03-27T16:14:33","date_gmt":"2020-03-27T15:14:33","guid":{"rendered":"http:\/\/mobility-with-disabilities.org\/vie-quotidienne\/"},"modified":"2021-06-15T15:32:47","modified_gmt":"2021-06-15T13:32:47","slug":"vie-quotidienne","status":"publish","type":"page","link":"https:\/\/mobility-with-disabilities.org\/fr\/jeunes-situation-handicap\/vie-quotidienne\/","title":{"rendered":"Vie quotidienne"},"content":{"rendered":"<div class=\"wp-block-image\"><figure class=\"aligncenter size-large is-resized\"><noscript><img src=\"https:\/\/mobility-with-disabilities.org\/wp-content\/uploads\/2021\/06\/orange_youthwdis.png\" alt=\"young with disabilities\" class=\"wp-image-4503\" width=\"130\" height=\"135\"><\/noscript><img src=\"data:image\/svg+xml,%3Csvg%20xmlns%3D%22http%3A%2F%2Fwww.w3.org%2F2000%2Fsvg%22%20viewBox%3D%220%200%20130%20135%22%3E%3C%2Fsvg%3E\" alt=\"young with disabilities\" class=\"wp-image-4503 lazyload\" width=\"130\" height=\"135\" data-src=\"https:\/\/mobility-with-disabilities.org\/wp-content\/uploads\/2021\/06\/orange_youthwdis.png\" loading=\"lazy\"><\/figure><\/div>\n\n\n\n<h2 class=\"has-text-align-center\"><a href=\"http:\/\/mobility-with-disabilities.org\/jeunes-handicapes\/\">Jeunes en situation de handicap<\/a><\/h2>\n\n\n\n<div class=\"wp-block-image\"><figure class=\"aligncenter size-large is-resized\"><noscript><img src=\"https:\/\/mobility-with-disabilities.org\/wp-content\/uploads\/2021\/06\/bleu_daily_life.png\" alt class=\"wp-image-4393\" width=\"80\"><\/noscript><img src=\"data:image\/gif;base64,R0lGODlhAQABAIAAAAAAAP\/\/\/yH5BAEAAAAALAAAAAABAAEAAAIBRAA7\" alt class=\"wp-image-4393 lazyload\" width=\"80\" data-src=\"https:\/\/mobility-with-disabilities.org\/wp-content\/uploads\/2021\/06\/bleu_daily_life.png\" loading=\"lazy\"><\/figure><\/div>\n\n\n\n<h1 class=\"has-text-align-center block-media-title has-text-color\" style=\"color:#d14905\"> VIE QUOTIDIENNE<\/h1>\n\n\n\n<p>Lorsque tu es sur place, \u00e0 r\u00e9aliser ton volontariat, tes \u00e9tudes ou ton stage c&#8217;est bien, mais c&#8217;est encore mieux de profiter du pays. De nombreuses possibilit\u00e9s s&#8217;offrent \u00e0 toi. <\/p>\n\n\n\n<div class=\"wp-block-columns are-vertically-aligned-center\">\n<div class=\"wp-block-column is-vertically-aligned-center\">\n<h3><strong>1.&nbsp; Avant d\u2019arriver sur place :<\/strong><\/h3>\n\n\n\n<p>Tu peux te renseigner aupr\u00e8s de la mairie de ta ville d&#8217;accueil sur les activit\u00e9s qui existent. Il doit y avoir notamment des activit\u00e9s physiques (marches, sport, etc..) ou des sorties culturelles (mus\u00e9s, expositions, concerts, cin\u00e9ma etc..).<\/p>\n\n\n\n<p>Pense \u00e0 te renseigner sur les associations du handicap pr\u00e9sentes dans ton pays de destination. Pour les trouver, tu peux contacter les personnes enregistr\u00e9es sur la carte (lien vers la carte), et elles te renverront vers des associations plus sp\u00e9cifiques ou te donneront directement les informations que tu cherches.<\/p>\n\n\n\n<p>De plus, pour te renseigner sur ton pays d&#8217;accueil n\u2019h\u00e9site pas \u00e0 consulter les sites d&#8217;agence de tourisme, ou les guides papier. <\/p>\n<\/div>\n\n\n\n<div class=\"wp-block-column is-vertically-aligned-center\">\n<figure class=\"wp-block-image size-full\"><noscript><img width=\"768\" height=\"512\" src=\"https:\/\/mobility-with-disabilities.org\/wp-content\/uploads\/2020\/04\/pexels-photo-3009773opt.jpg\" alt class=\"wp-image-2260\" srcset=\"https:\/\/mobility-with-disabilities.org\/wp-content\/uploads\/2020\/04\/pexels-photo-3009773opt.jpg 768w, https:\/\/mobility-with-disabilities.org\/wp-content\/uploads\/2020\/04\/pexels-photo-3009773opt-300x200.jpg 300w, https:\/\/mobility-with-disabilities.org\/wp-content\/uploads\/2020\/04\/pexels-photo-3009773opt-24x16.jpg 24w, https:\/\/mobility-with-disabilities.org\/wp-content\/uploads\/2020\/04\/pexels-photo-3009773opt-36x24.jpg 36w, https:\/\/mobility-with-disabilities.org\/wp-content\/uploads\/2020\/04\/pexels-photo-3009773opt-48x32.jpg 48w\" sizes=\"(max-width: 768px) 100vw, 768px\"><\/noscript><img width=\"768\" height=\"512\" src=\"data:image\/svg+xml,%3Csvg%20xmlns%3D%22http%3A%2F%2Fwww.w3.org%2F2000%2Fsvg%22%20viewBox%3D%220%200%20768%20512%22%3E%3C%2Fsvg%3E\" alt class=\"wp-image-2260 lazyload\" srcset=\"data:image\/svg+xml,%3Csvg%20xmlns%3D%22http%3A%2F%2Fwww.w3.org%2F2000%2Fsvg%22%20viewBox%3D%220%200%20768%20512%22%3E%3C%2Fsvg%3E 768w\" sizes=\"(max-width: 768px) 100vw, 768px\" data-srcset=\"https:\/\/mobility-with-disabilities.org\/wp-content\/uploads\/2020\/04\/pexels-photo-3009773opt.jpg 768w, https:\/\/mobility-with-disabilities.org\/wp-content\/uploads\/2020\/04\/pexels-photo-3009773opt-300x200.jpg 300w, https:\/\/mobility-with-disabilities.org\/wp-content\/uploads\/2020\/04\/pexels-photo-3009773opt-24x16.jpg 24w, https:\/\/mobility-with-disabilities.org\/wp-content\/uploads\/2020\/04\/pexels-photo-3009773opt-36x24.jpg 36w, https:\/\/mobility-with-disabilities.org\/wp-content\/uploads\/2020\/04\/pexels-photo-3009773opt-48x32.jpg 48w\" data-src=\"https:\/\/mobility-with-disabilities.org\/wp-content\/uploads\/2020\/04\/pexels-photo-3009773opt.jpg\" loading=\"lazy\"><figcaption><span style=\"font-weight: 400;\">&nbsp;Trois femmes et un homme trinquant \u00e0 un bar<\/span><\/figcaption><\/figure>\n\n\n\n<p><\/p>\n<\/div>\n<\/div>\n\n\n\n<p> Tu peux aussi rechercher  les blogs de personnes en situation de handicap, ou encore les groupes d\u2019expatri\u00e9s de ton pays sur facebook. Cela pour conna\u00eetre les activit\u00e9s populaires concernant le pays d&#8217;accueil, les coutumes, moeurs car chaque pays \u00e0 sa propre culture et perception du handicap. N\u2019h\u00e9site pas \u00e0 consulter la page actualit\u00e9 du site, tu trouveras des recommandations de blogs et autres. <\/p>\n\n\n\n<p>Si tu es \u00e9tudiant, les associations  peuvent te donner les bonnes adresses pour sortir, manger, se d\u00e9placer, les choses \u00e0 voir dans la ville ou la r\u00e9gion. Il est important de se rapprocher des jeunes car ils t\u2019aideront \u00e0 t\u2019int\u00e9grer dans ta ville d&#8217;accueil.  <\/p>\n\n\n\n<p><span style=\"font-weight: 400;\">Pour b\u00e9n\u00e9ficier d\u2019activit\u00e9s culturelles et d\u2019engagements solidaires, n\u2019h\u00e9sites pas \u00e0 te rapproche de l\u2019association ESN de ta ville. Tu peux trouver leurs contacts en suivant ce lien : <\/span><a href=\"https:\/\/esn.org\/sections\"><span style=\"font-weight: 400;\">https:\/\/esn.org\/sections<\/span><\/a><\/p>\n\n\n\n<div style=\"height:50px\" aria-hidden=\"true\" class=\"wp-block-spacer\"><\/div>\n\n\n\n<div class=\"wp-block-image\"><figure class=\"aligncenter size-large is-resized\"><noscript><img src=\"https:\/\/mobility-with-disabilities.org\/wp-content\/uploads\/2020\/03\/home-1-150x150.png\" alt class=\"wp-image-1402\" width=\"150\" height=\"150\" srcset=\"https:\/\/mobility-with-disabilities.org\/wp-content\/uploads\/2020\/03\/home-1.png 150w, https:\/\/mobility-with-disabilities.org\/wp-content\/uploads\/2020\/03\/home-1-24x24.png 24w, https:\/\/mobility-with-disabilities.org\/wp-content\/uploads\/2020\/03\/home-1-36x36.png 36w, https:\/\/mobility-with-disabilities.org\/wp-content\/uploads\/2020\/03\/home-1-48x48.png 48w\" sizes=\"(max-width: 150px) 100vw, 150px\"><\/noscript><img src=\"data:image\/svg+xml,%3Csvg%20xmlns%3D%22http%3A%2F%2Fwww.w3.org%2F2000%2Fsvg%22%20viewBox%3D%220%200%20150%20150%22%3E%3C%2Fsvg%3E\" alt class=\"wp-image-1402 lazyload\" width=\"150\" height=\"150\" srcset=\"data:image\/svg+xml,%3Csvg%20xmlns%3D%22http%3A%2F%2Fwww.w3.org%2F2000%2Fsvg%22%20viewBox%3D%220%200%20150%20150%22%3E%3C%2Fsvg%3E 150w\" sizes=\"(max-width: 150px) 100vw, 150px\" data-srcset=\"https:\/\/mobility-with-disabilities.org\/wp-content\/uploads\/2020\/03\/home-1.png 150w, https:\/\/mobility-with-disabilities.org\/wp-content\/uploads\/2020\/03\/home-1-24x24.png 24w, https:\/\/mobility-with-disabilities.org\/wp-content\/uploads\/2020\/03\/home-1-36x36.png 36w, https:\/\/mobility-with-disabilities.org\/wp-content\/uploads\/2020\/03\/home-1-48x48.png 48w\" data-src=\"https:\/\/mobility-with-disabilities.org\/wp-content\/uploads\/2020\/03\/home-1-150x150.png\" loading=\"lazy\"><\/figure><\/div>\n\n\n\n<h3 class=\"has-text-align-center\">2. Reste en contact avec ta famille et tes amis<\/h3>\n\n\n\n<div class=\"wp-block-columns\">\n<div class=\"wp-block-column\">\n<p>Lors d\u2019une mobilit\u00e9 internationale il est essentiel de continuer \u00e0 garder un lien avec ses proches. Que \u00e7a soit avec de la famille, des amis, des professeurs etc\u2026<\/p>\n\n\n\n<p>Il existe de nombreuses possibilit\u00e9s pour garder un contact r\u00e9gulier. Tu peux utiliser des moyens classiques comme le t\u00e9l\u00e9phone (sachant que les appels pass\u00e9s dans l\u2019Union Europ\u00e9enne sont gratuits) (sachant que les appels au sein de l\u2019Union europ\u00e9enne sont gratuits), pour en savoir plus sur l\u2019itin\u00e9rance gratuite  cliquez sur ce lien : <\/p>\n\n\n\n<p><a href=\"https:\/\/europa.eu\/youreurope\/citizens\/consumers\/internet-telecoms\/mobile-roaming-costs\/index_fr.htm\">https:\/\/europa.eu\/youreurope\/citizens\/consumers\/internet-telecoms\/mobile-roaming-costs\/index_fr.htm<\/a><\/p>\n\n\n\n<p>Il est aussi possible de passer par les r\u00e9seaux sociaux (Facebook, Twitter, what\u2019s app, Instagram \u2026) qui sont gratuits et nombreux (Attention cependant avec ton op\u00e9rateur t\u00e9l\u00e9phonique au co\u00fbt d&#8217;Internet).<\/p>\n<\/div>\n\n\n\n<div class=\"wp-block-column\">\n<p> Sinon, de mani\u00e8re plus formelle, tu peux encore envoyer des lettres ou des cartes postales. Si tu pr\u00e9f\u00e8res, tu peux cr\u00e9er un blog ou de partager des vid\u00e9os (YouTube, Instagram, Snapchat&#8230;) pour partager tes diff\u00e9rentes exp\u00e9riences aupr\u00e8s de tes proches.<\/p>\n\n\n\n<p>C&#8217;est aussi l&#8217;occasion de t\u00e9moigner de ton exp\u00e9rience pour  montrer \u00e0 d&#8217;autres jeunes en situation de handicap que vivre \u00e0 l&#8217;\u00e9tranger c&#8217;est possible ! Tu trouveras plusieurs t\u00e9moignages sur la page de la plateforme ci-dessous.<\/p>\n\n\n\n<div class=\"wp-block-image\"><figure class=\"aligncenter size-large is-resized\"><noscript><img src=\"https:\/\/mobility-with-disabilities.org\/wp-content\/uploads\/2021\/06\/orange_TDI.png\" alt class=\"wp-image-4493\" width=\"106\" height=\"126\"><\/noscript><img src=\"data:image\/svg+xml,%3Csvg%20xmlns%3D%22http%3A%2F%2Fwww.w3.org%2F2000%2Fsvg%22%20viewBox%3D%220%200%20106%20126%22%3E%3C%2Fsvg%3E\" alt class=\"wp-image-4493 lazyload\" width=\"106\" height=\"126\" data-src=\"https:\/\/mobility-with-disabilities.org\/wp-content\/uploads\/2021\/06\/orange_TDI.png\" loading=\"lazy\"><\/figure><\/div>\n\n\n\n<p class=\"has-text-align-center\"><strong><a href=\"http:\/\/mobility-with-disabilities.org\/they-did-it\/\">Ils l&#8217;ont fait!<\/a><\/strong><\/p>\n<\/div>\n<\/div>\n\n\n\n<h3>3. SUR PLACE<\/h3>\n\n\n\n<h4><strong>Accessibilit\u00e9<\/strong><\/h4>\n\n\n\n<p>Le site HandiPlanet <a href=\"https:\/\/handiplanet.com\/\">https:\/\/handiplanet.com\/<\/a> recense pour plusieurs grandes villes les attractivit\u00e9s et lieux accessibles aux personnes en situation de handicap.<\/p>\n\n\n\n<p><span style=\"font-weight: 400;\">Pour b\u00e9n\u00e9ficier d\u2019activit\u00e9s culturelles et d\u2019engagements solidaires, n\u2019h\u00e9sites pas \u00e0 te rapproche de l\u2019association ESN de ta ville. Tu peux trouver leurs contacts en suivant ce lien : <\/span><a href=\"https:\/\/esn.org\/sections\"><span style=\"font-weight: 400;\">https:\/\/esn.org\/sections<\/span><\/a><\/p>\n\n\n\n<div class=\"wp-block-columns are-vertically-aligned-center\">\n<div class=\"wp-block-column is-vertically-aligned-center\">\n<figure class=\"wp-block-image size-large\"><noscript><img width=\"768\" height=\"512\" src=\"https:\/\/mobility-with-disabilities.org\/wp-content\/uploads\/2020\/04\/pexels-photo-4064227opt.jpg\" alt class=\"wp-image-2265\" srcset=\"https:\/\/mobility-with-disabilities.org\/wp-content\/uploads\/2020\/04\/pexels-photo-4064227opt.jpg 768w, https:\/\/mobility-with-disabilities.org\/wp-content\/uploads\/2020\/04\/pexels-photo-4064227opt-300x200.jpg 300w, https:\/\/mobility-with-disabilities.org\/wp-content\/uploads\/2020\/04\/pexels-photo-4064227opt-24x16.jpg 24w, https:\/\/mobility-with-disabilities.org\/wp-content\/uploads\/2020\/04\/pexels-photo-4064227opt-36x24.jpg 36w, https:\/\/mobility-with-disabilities.org\/wp-content\/uploads\/2020\/04\/pexels-photo-4064227opt-48x32.jpg 48w\" sizes=\"(max-width: 768px) 100vw, 768px\"><\/noscript><img width=\"768\" height=\"512\" src=\"data:image\/svg+xml,%3Csvg%20xmlns%3D%22http%3A%2F%2Fwww.w3.org%2F2000%2Fsvg%22%20viewBox%3D%220%200%20768%20512%22%3E%3C%2Fsvg%3E\" alt class=\"wp-image-2265 lazyload\" srcset=\"data:image\/svg+xml,%3Csvg%20xmlns%3D%22http%3A%2F%2Fwww.w3.org%2F2000%2Fsvg%22%20viewBox%3D%220%200%20768%20512%22%3E%3C%2Fsvg%3E 768w\" sizes=\"(max-width: 768px) 100vw, 768px\" data-srcset=\"https:\/\/mobility-with-disabilities.org\/wp-content\/uploads\/2020\/04\/pexels-photo-4064227opt.jpg 768w, https:\/\/mobility-with-disabilities.org\/wp-content\/uploads\/2020\/04\/pexels-photo-4064227opt-300x200.jpg 300w, https:\/\/mobility-with-disabilities.org\/wp-content\/uploads\/2020\/04\/pexels-photo-4064227opt-24x16.jpg 24w, https:\/\/mobility-with-disabilities.org\/wp-content\/uploads\/2020\/04\/pexels-photo-4064227opt-36x24.jpg 36w, https:\/\/mobility-with-disabilities.org\/wp-content\/uploads\/2020\/04\/pexels-photo-4064227opt-48x32.jpg 48w\" data-src=\"https:\/\/mobility-with-disabilities.org\/wp-content\/uploads\/2020\/04\/pexels-photo-4064227opt.jpg\" loading=\"lazy\"><figcaption>Une femme t\u00e9l\u00e9phonant et travaillant sur son ordinateur<\/figcaption><\/figure>\n<\/div>\n\n\n\n<div class=\"wp-block-column is-vertically-aligned-center\">\n<h4><b>En cas d\u2019urgence<\/b><\/h4>\n\n\n\n<p>Une fiche urgence reprenant tous les contacts t\u00e9l\u00e9phoniques \u00e0 contacter si une difficult\u00e9 survient (les num\u00e9ros des aidants, le num\u00e9ro de l\u2019ambassade ou du consulat, l\u2019adresse et le num\u00e9ro de l&#8217;h\u00f4pital le plus proche) est indispensable. <\/p>\n\n\n\n<p>En cas d\u2019urgence, le num\u00e9ro d\u2019urgence europ\u00e9en est le<b> 112<\/b>. Ce num\u00e9ro est gratuit.<\/p>\n<\/div>\n<\/div>\n\n\n\n<h4>Document utile<\/h4>\n\n\n\n<div class=\"wp-block-columns\">\n<div class=\"wp-block-column\">\n<div class=\"wp-block-file aligncenter\"><a href=\"http:\/\/mobility-with-disabilities.org\/wp-content\/uploads\/2020\/03\/Fiche-contact-urgence-EN-HZ.pdf\">Fiche pratique \u00e0 imprimer, en cas d&#8217;urgence<\/a><a href=\"http:\/\/mobility-with-disabilities.org\/wp-content\/uploads\/2020\/03\/Fiche-contact-urgence-EN-HZ.pdf\" class=\"wp-block-file__button\" download>T\u00e9l\u00e9charger<\/a><\/div>\n<\/div>\n\n\n\n<div class=\"wp-block-column\"><\/div>\n\n\n\n<div class=\"wp-block-column\"><\/div>\n<\/div>\n","protected":false},"excerpt":{"rendered":"<p>Jeunes en situation de handicap VIE QUOTIDIENNE Lorsque tu es sur place, \u00e0 r\u00e9aliser ton volontariat, tes \u00e9tudes ou ton &#8230; <a title=\"Vie quotidienne\" class=\"read-more\" href=\"https:\/\/mobility-with-disabilities.org\/fr\/jeunes-situation-handicap\/vie-quotidienne\/\">Lire la suite <span class=\"screen-reader-text\">Vie quotidienne<\/span><\/a><\/p>\n","protected":false},"author":1,"featured_media":0,"parent":1470,"menu_order":0,"comment_status":"closed","ping_status":"closed","template":"","meta":{"_bbp_topic_count":0,"_bbp_reply_count":0,"_bbp_total_topic_count":0,"_bbp_total_reply_count":0,"_bbp_voice_count":0,"_bbp_anonymous_reply_count":0,"_bbp_topic_count_hidden":0,"_bbp_reply_count_hidden":0,"_bbp_forum_subforum_count":0},"yoast_head":"<!-- This site is optimized with the Yoast SEO plugin v17.9 - https:\/\/yoast.com\/wordpress\/plugins\/seo\/ -->\n<title>Vie quotidienne - Mobility With Disabilities<\/title>\n<meta name=\"description\" content=\"Retrouvez ici l\u2019ensemble des informations et conseils relatif \u00e0 la vie quotidienne (accessibilit\u00e9 et s\u00e9curit\u00e9, vie sociale, en cas d&#039;urgence, restez en contact avec votre domicile\" \/>\n<meta name=\"robots\" content=\"index, follow, max-snippet:-1, max-image-preview:large, max-video-preview:-1\" \/>\n<link rel=\"canonical\" href=\"https:\/\/mobility-with-disabilities.org\/fr\/jeunes-situation-handicap\/vie-quotidienne\/\" \/>\n<meta property=\"og:locale\" content=\"fr_FR\" \/>\n<meta property=\"og:type\" content=\"article\" \/>\n<meta property=\"og:title\" content=\"Vie quotidienne - Mobility With Disabilities\" \/>\n<meta property=\"og:description\" content=\"Retrouvez ici l\u2019ensemble des informations et conseils relatif \u00e0 la vie quotidienne (accessibilit\u00e9 et s\u00e9curit\u00e9, vie sociale, en cas d&#039;urgence, restez en contact avec votre domicile\" \/>\n<meta property=\"og:url\" content=\"https:\/\/mobility-with-disabilities.org\/fr\/jeunes-situation-handicap\/vie-quotidienne\/\" \/>\n<meta property=\"og:site_name\" content=\"Mobility With Disabilities\" \/>\n<meta property=\"article:modified_time\" content=\"2021-06-15T13:32:47+00:00\" \/>\n<meta property=\"og:image\" content=\"https:\/\/mobility-with-disabilities.org\/wp-content\/uploads\/2021\/06\/orange_youthwdis.png\" \/>\n<meta name=\"twitter:card\" content=\"summary_large_image\" \/>\n<meta name=\"twitter:label1\" content=\"Dur\u00e9e de lecture estim\u00e9e\" \/>\n\t<meta name=\"twitter:data1\" content=\"4 minutes\" \/>\n<script type=\"application\/ld+json\" class=\"yoast-schema-graph\">{\"@context\":\"https:\/\/schema.org\",\"@graph\":[{\"@type\":\"Organization\",\"@id\":\"https:\/\/mobility-with-disabilities.org\/#organization\",\"name\":\"Mobility with disabilities\",\"url\":\"https:\/\/mobility-with-disabilities.org\/\",\"sameAs\":[],\"logo\":{\"@type\":\"ImageObject\",\"@id\":\"https:\/\/mobility-with-disabilities.org\/#logo\",\"inLanguage\":\"fr-FR\",\"url\":\"https:\/\/mobility-with-disabilities.org\/wp-content\/uploads\/2019\/11\/logo-Transparent.png\",\"contentUrl\":\"https:\/\/mobility-with-disabilities.org\/wp-content\/uploads\/2019\/11\/logo-Transparent.png\",\"width\":1904,\"height\":638,\"caption\":\"Mobility with disabilities\"},\"image\":{\"@id\":\"https:\/\/mobility-with-disabilities.org\/#logo\"}},{\"@type\":\"WebSite\",\"@id\":\"https:\/\/mobility-with-disabilities.org\/#website\",\"url\":\"https:\/\/mobility-with-disabilities.org\/\",\"name\":\"Mobility With Disabilities\",\"description\":\"\",\"publisher\":{\"@id\":\"https:\/\/mobility-with-disabilities.org\/#organization\"},\"potentialAction\":[{\"@type\":\"SearchAction\",\"target\":{\"@type\":\"EntryPoint\",\"urlTemplate\":\"https:\/\/mobility-with-disabilities.org\/?s={search_term_string}\"},\"query-input\":\"required name=search_term_string\"}],\"inLanguage\":\"fr-FR\"},{\"@type\":\"ImageObject\",\"@id\":\"https:\/\/mobility-with-disabilities.org\/fr\/jeunes-situation-handicap\/vie-quotidienne\/#primaryimage\",\"inLanguage\":\"fr-FR\",\"url\":\"https:\/\/mobility-with-disabilities.org\/wp-content\/uploads\/2021\/06\/orange_youthwdis.png\",\"contentUrl\":\"https:\/\/mobility-with-disabilities.org\/wp-content\/uploads\/2021\/06\/orange_youthwdis.png\",\"width\":232,\"height\":265},{\"@type\":\"WebPage\",\"@id\":\"https:\/\/mobility-with-disabilities.org\/fr\/jeunes-situation-handicap\/vie-quotidienne\/#webpage\",\"url\":\"https:\/\/mobility-with-disabilities.org\/fr\/jeunes-situation-handicap\/vie-quotidienne\/\",\"name\":\"Vie quotidienne - Mobility With Disabilities\",\"isPartOf\":{\"@id\":\"https:\/\/mobility-with-disabilities.org\/#website\"},\"primaryImageOfPage\":{\"@id\":\"https:\/\/mobility-with-disabilities.org\/fr\/jeunes-situation-handicap\/vie-quotidienne\/#primaryimage\"},\"datePublished\":\"2020-03-27T15:14:33+00:00\",\"dateModified\":\"2021-06-15T13:32:47+00:00\",\"description\":\"Retrouvez ici l\\u2019ensemble des informations et conseils relatif \\u00e0 la vie quotidienne (accessibilit\\u00e9 et s\\u00e9curit\\u00e9, vie sociale, en cas d'urgence, restez en contact avec votre domicile\",\"breadcrumb\":{\"@id\":\"https:\/\/mobility-with-disabilities.org\/fr\/jeunes-situation-handicap\/vie-quotidienne\/#breadcrumb\"},\"inLanguage\":\"fr-FR\",\"potentialAction\":[{\"@type\":\"ReadAction\",\"target\":[\"https:\/\/mobility-with-disabilities.org\/fr\/jeunes-situation-handicap\/vie-quotidienne\/\"]}]},{\"@type\":\"BreadcrumbList\",\"@id\":\"https:\/\/mobility-with-disabilities.org\/fr\/jeunes-situation-handicap\/vie-quotidienne\/#breadcrumb\",\"itemListElement\":[{\"@type\":\"ListItem\",\"position\":1,\"name\":\"Accueil\",\"item\":\"https:\/\/mobility-with-disabilities.org\/fr\/\"},{\"@type\":\"ListItem\",\"position\":2,\"name\":\"Jeunes en situation de handicap\",\"item\":\"https:\/\/mobility-with-disabilities.org\/fr\/jeunes-situation-handicap\/\"},{\"@type\":\"ListItem\",\"position\":3,\"name\":\"Vie quotidienne\"}]}]}<\/script>\n<!-- \/ Yoast SEO plugin. -->","yoast_head_json":{"title":"Vie quotidienne - Mobility With Disabilities","description":"Retrouvez ici l\u2019ensemble des informations et conseils relatif \u00e0 la vie quotidienne (accessibilit\u00e9 et s\u00e9curit\u00e9, vie sociale, en cas d'urgence, restez en contact avec votre domicile","robots":{"index":"index","follow":"follow","max-snippet":"max-snippet:-1","max-image-preview":"max-image-preview:large","max-video-preview":"max-video-preview:-1"},"canonical":"https:\/\/mobility-with-disabilities.org\/fr\/jeunes-situation-handicap\/vie-quotidienne\/","og_locale":"fr_FR","og_type":"article","og_title":"Vie quotidienne - Mobility With Disabilities","og_description":"Retrouvez ici l\u2019ensemble des informations et conseils relatif \u00e0 la vie quotidienne (accessibilit\u00e9 et s\u00e9curit\u00e9, vie sociale, en cas d'urgence, restez en contact avec votre domicile","og_url":"https:\/\/mobility-with-disabilities.org\/fr\/jeunes-situation-handicap\/vie-quotidienne\/","og_site_name":"Mobility With Disabilities","article_modified_time":"2021-06-15T13:32:47+00:00","og_image":[{"url":"https:\/\/mobility-with-disabilities.org\/wp-content\/uploads\/2021\/06\/orange_youthwdis.png"}],"twitter_card":"summary_large_image","twitter_misc":{"Dur\u00e9e de lecture estim\u00e9e":"4 minutes"},"schema":{"@context":"https:\/\/schema.org","@graph":[{"@type":"Organization","@id":"https:\/\/mobility-with-disabilities.org\/#organization","name":"Mobility with disabilities","url":"https:\/\/mobility-with-disabilities.org\/","sameAs":[],"logo":{"@type":"ImageObject","@id":"https:\/\/mobility-with-disabilities.org\/#logo","inLanguage":"fr-FR","url":"https:\/\/mobility-with-disabilities.org\/wp-content\/uploads\/2019\/11\/logo-Transparent.png","contentUrl":"https:\/\/mobility-with-disabilities.org\/wp-content\/uploads\/2019\/11\/logo-Transparent.png","width":1904,"height":638,"caption":"Mobility with disabilities"},"image":{"@id":"https:\/\/mobility-with-disabilities.org\/#logo"}},{"@type":"WebSite","@id":"https:\/\/mobility-with-disabilities.org\/#website","url":"https:\/\/mobility-with-disabilities.org\/","name":"Mobility With Disabilities","description":"","publisher":{"@id":"https:\/\/mobility-with-disabilities.org\/#organization"},"potentialAction":[{"@type":"SearchAction","target":{"@type":"EntryPoint","urlTemplate":"https:\/\/mobility-with-disabilities.org\/?s={search_term_string}"},"query-input":"required name=search_term_string"}],"inLanguage":"fr-FR"},{"@type":"ImageObject","@id":"https:\/\/mobility-with-disabilities.org\/fr\/jeunes-situation-handicap\/vie-quotidienne\/#primaryimage","inLanguage":"fr-FR","url":"https:\/\/mobility-with-disabilities.org\/wp-content\/uploads\/2021\/06\/orange_youthwdis.png","contentUrl":"https:\/\/mobility-with-disabilities.org\/wp-content\/uploads\/2021\/06\/orange_youthwdis.png","width":232,"height":265},{"@type":"WebPage","@id":"https:\/\/mobility-with-disabilities.org\/fr\/jeunes-situation-handicap\/vie-quotidienne\/#webpage","url":"https:\/\/mobility-with-disabilities.org\/fr\/jeunes-situation-handicap\/vie-quotidienne\/","name":"Vie quotidienne - Mobility With Disabilities","isPartOf":{"@id":"https:\/\/mobility-with-disabilities.org\/#website"},"primaryImageOfPage":{"@id":"https:\/\/mobility-with-disabilities.org\/fr\/jeunes-situation-handicap\/vie-quotidienne\/#primaryimage"},"datePublished":"2020-03-27T15:14:33+00:00","dateModified":"2021-06-15T13:32:47+00:00","description":"Retrouvez ici l\u2019ensemble des informations et conseils relatif \u00e0 la vie quotidienne (accessibilit\u00e9 et s\u00e9curit\u00e9, vie sociale, en cas d'urgence, restez en contact avec votre domicile","breadcrumb":{"@id":"https:\/\/mobility-with-disabilities.org\/fr\/jeunes-situation-handicap\/vie-quotidienne\/#breadcrumb"},"inLanguage":"fr-FR","potentialAction":[{"@type":"ReadAction","target":["https:\/\/mobility-with-disabilities.org\/fr\/jeunes-situation-handicap\/vie-quotidienne\/"]}]},{"@type":"BreadcrumbList","@id":"https:\/\/mobility-with-disabilities.org\/fr\/jeunes-situation-handicap\/vie-quotidienne\/#breadcrumb","itemListElement":[{"@type":"ListItem","position":1,"name":"Accueil","item":"https:\/\/mobility-with-disabilities.org\/fr\/"},{"@type":"ListItem","position":2,"name":"Jeunes en situation de handicap","item":"https:\/\/mobility-with-disabilities.org\/fr\/jeunes-situation-handicap\/"},{"@type":"ListItem","position":3,"name":"Vie quotidienne"}]}]}},"uagb_featured_image_src":{"full":false,"thumbnail":false,"medium":false,"medium_large":false,"large":false,"1536x1536":false,"2048x2048":false,"alm-thumbnail":false,"course_thumbnail":false,"profile_24":false,"profile_48":false,"profile_96":false,"profile_150":false,"profile_300":false},"uagb_author_info":{"display_name":"IMD","author_link":"https:\/\/mobility-with-disabilities.org\/fr\/author\/admin4690\/"},"uagb_comment_info":0,"uagb_excerpt":"Jeunes en situation de handicap VIE QUOTIDIENNE Lorsque tu es sur place, \u00e0 r\u00e9aliser ton volontariat, tes \u00e9tudes ou ton ... Lire la suite Vie quotidienne","_links":{"self":[{"href":"https:\/\/mobility-with-disabilities.org\/fr\/wp-json\/wp\/v2\/pages\/1381"}],"collection":[{"href":"https:\/\/mobility-with-disabilities.org\/fr\/wp-json\/wp\/v2\/pages"}],"about":[{"href":"https:\/\/mobility-with-disabilities.org\/fr\/wp-json\/wp\/v2\/types\/page"}],"author":[{"embeddable":true,"href":"https:\/\/mobility-with-disabilities.org\/fr\/wp-json\/wp\/v2\/users\/1"}],"replies":[{"embeddable":true,"href":"https:\/\/mobility-with-disabilities.org\/fr\/wp-json\/wp\/v2\/comments?post=1381"}],"version-history":[{"count":39,"href":"https:\/\/mobility-with-disabilities.org\/fr\/wp-json\/wp\/v2\/pages\/1381\/revisions"}],"predecessor-version":[{"id":4658,"href":"https:\/\/mobility-with-disabilities.org\/fr\/wp-json\/wp\/v2\/pages\/1381\/revisions\/4658"}],"up":[{"embeddable":true,"href":"https:\/\/mobility-with-disabilities.org\/fr\/wp-json\/wp\/v2\/pages\/1470"}],"wp:attachment":[{"href":"https:\/\/mobility-with-disabilities.org\/fr\/wp-json\/wp\/v2\/media?parent=1381"}],"curies":[{"name":"wp","href":"https:\/\/api.w.org\/{rel}","templated":true}]}}