{"id":1415,"date":"2020-03-27T16:35:31","date_gmt":"2020-03-27T15:35:31","guid":{"rendered":"http:\/\/mobility-with-disabilities.org\/se-preparer\/"},"modified":"2021-07-22T18:30:09","modified_gmt":"2021-07-22T16:30:09","slug":"se-preparer","status":"publish","type":"page","link":"https:\/\/mobility-with-disabilities.org\/fr\/jeunes-situation-handicap\/se-preparer\/","title":{"rendered":"Se pr\u00e9parer"},"content":{"rendered":"<div class=\"wp-block-image\"><figure class=\"aligncenter size-large is-resized\"><noscript><img src=\"https:\/\/mobility-with-disabilities.org\/wp-content\/uploads\/2021\/06\/orange_youthwdis.png\" alt=\"young with disabilities\" class=\"wp-image-4502\" width=\"118\" height=\"135\"><\/noscript><img src=\"data:image\/svg+xml,%3Csvg%20xmlns%3D%22http%3A%2F%2Fwww.w3.org%2F2000%2Fsvg%22%20viewBox%3D%220%200%20118%20135%22%3E%3C%2Fsvg%3E\" alt=\"young with disabilities\" class=\"wp-image-4502 lazyload\" width=\"118\" height=\"135\" data-src=\"https:\/\/mobility-with-disabilities.org\/wp-content\/uploads\/2021\/06\/orange_youthwdis.png\" loading=\"lazy\"><\/figure><\/div>\n\n<h2 class=\"has-text-align-center\"><a href=\"http:\/\/mobility-with-disabilities.org\/for-youth-with-disabilities\/\">Jeunes en situation de handicap<\/a><\/h2>\n\n<div class=\"wp-block-image\"><figure class=\"aligncenter size-large is-resized\"><noscript><img src=\"https:\/\/mobility-with-disabilities.org\/wp-content\/uploads\/2021\/06\/blue_checklist.png\" alt class=\"wp-image-4407\" width=\"80\" height=\"90\"><\/noscript><img src=\"data:image\/svg+xml,%3Csvg%20xmlns%3D%22http%3A%2F%2Fwww.w3.org%2F2000%2Fsvg%22%20viewBox%3D%220%200%2080%2090%22%3E%3C%2Fsvg%3E\" alt class=\"wp-image-4407 lazyload\" width=\"80\" height=\"90\" data-src=\"https:\/\/mobility-with-disabilities.org\/wp-content\/uploads\/2021\/06\/blue_checklist.png\" loading=\"lazy\"><\/figure><\/div>\n\n<h1 class=\"has-text-align-center block-media-title has-text-color\" style=\"color:#d14905\"><noscript><img width=\"112\" height=\"112\" class=\"wp-image-1417\" style=\"width: 80px;\" src=\"https:\/\/mobility-with-disabilities.org\/wp-content\/uploads\/2019\/11\/Check-List.png\" alt=\"Prepare\"><\/noscript><img width=\"112\" height=\"112\" class=\"wp-image-1417 lazyload\" style=\"width: 80px;\" src=\"data:image\/svg+xml,%3Csvg%20xmlns%3D%22http%3A%2F%2Fwww.w3.org%2F2000%2Fsvg%22%20viewBox%3D%220%200%20112%20112%22%3E%3C%2Fsvg%3E\" alt=\"Prepare\" data-src=\"https:\/\/mobility-with-disabilities.org\/wp-content\/uploads\/2019\/11\/Check-List.png\" loading=\"lazy\">SE PR\u00c9PARER<\/h1>\n\n<h3><strong>1. <\/strong><b>Conseils de voyage<\/b><\/h3>\n\n<p>Assure toi que tous tes documents importants (ton carnet de sant\u00e9, le ordonnances de m\u00e9dicaments) soient bien pr\u00e9par\u00e9s en deux exemplaires papiers (dans ta langue natale, et en anglais ou la langue officielle de la destination). Il est conseill\u00e9 de pr\u00e9parer une pochette avec ces documents, ainsi que ceux indispensables au voyage : pi\u00e8ce d\u2019identit\u00e9, passeport, visa \u00e9ventuel, fiche de contacts d\u2019urgence, carte d\u2019invalidit\u00e9, carte europ\u00e9enne d\u2019assurance maladie etc\u2026<\/p>\n\n<p>Si possible, emportez les versions scann\u00e9es de ces documents sur une clef USB. <\/p>\n\n<p>Il est important de voir en amont son m\u00e9decin traitant et ses sp\u00e9cialistes pour pr\u00e9parer un document reprenant les contre indications m\u00e9dicales. Attention certains composants ou m\u00e9dicaments sont interdits ou indisponibles pour certaines destinations. Une trousse peut \u00eatre pr\u00e9vue pour concentrer tous les m\u00e9dicaments ou produits au m\u00eame endroit (pr\u00e9voir des jours suppl\u00e9mentaires, voire semaines en stock). <\/p>\n\n<p>Les compagnies a\u00e9riennes proposent un formulaires \u201cINCAD\u201d \u00e0 renseigner en amont du voyage avec le m\u00e9decin traitant pour estimer les besoins pendant le vol. Il faut se rapprocher de sa compagnie a\u00e9rienne pour le r\u00e9cup\u00e9rer directement. <\/p>\n\n<h3><strong>2. <\/strong><b>Sant\u00e9 et assurances<\/b><\/h3>\n\n<p>Outre son syst\u00e8me national de protection social, il est important de renseigner les changements de situation et de s\u2019assurer que des d\u00e9marches ne sont pas \u00e0 entreprendre pour pr\u00e9venir l\u2019organisme (notamment du changement de pays de r\u00e9sidence). <\/p>\n\n<p>Pour l\u2019Union Europ\u00e9enne, une <a href=\"https:\/\/ec.europa.eu\/social\/main.jsp?catId=559\"><span class=\"s2\">carte europ\u00e9enne d\u2019assurance maladie<\/span><\/a> existe afin de garantir la prise en charge direct au syst\u00e8me de sant\u00e9 public du pays destinataire sans d\u00e9marche pr\u00e9alable et dans les m\u00eames conditions que les assur\u00e9s nationaux. Cette carte CEAM doit \u00eatre command\u00e9e gratuitement aupr\u00e8s de sa caisse de sant\u00e9 nationale. Si la carte n\u2019est pas d\u00e9livr\u00e9e dans les d\u00e9lais avant le d\u00e9part, un certificat provisoire est alors disponible.<\/p>\n\n<p>Outre la protection sociale de base, il est conseill\u00e9 de se renseigner sur les couvertures compl\u00e9mentaires et les assurances contract\u00e9es.Tu peux v\u00e9rifier que la couverture des remboursements s\u2019\u00e9tend bien \u00e0 la mobilit\u00e9 europ\u00e9enne ou internationale, et sur quels volets. <\/p>\n\n<h3><strong>3. <\/strong><b>Logement<\/b><\/h3>\n\n<p>Dans le cadre d\u2019un \u00e9change encadr\u00e9 par un s\u00e9jour universitaire ou d\u2019\u00e9tude, des r\u00e9sidences \u00e9tudiantes existent mais les places sont limit\u00e9es. Il faut alors se rapprocher rapidement des services de relations internationales de l\u2019\u00e9tablissement d\u2019accueil pour voir les disponibilit\u00e9s des chambres \u00e9tudiantes. Le r\u00e9f\u00e9rent handicap de ton \u00e9tablissement d\u2019origine peut alors t&#8217;accompagner dans ces d\u00e9marches. Les r\u00e9sidences universitaires \u00e9tant parfois remplies ou non adapt\u00e9es, n\u2019h\u00e9site pas \u00e0 te rapprocher des associations \u00e9tudiantes ou les administrations universitaires. Il existe d\u2019autres plans \u00e0 \u00e9tudier tels que les colocations ou appartements partag\u00e9s, les chambres chez l\u2019habitant. <\/p>\n\n<p>Prends bien le temps de joindre les contacts sur place afin de t\u2019assurer que toutes les conditions d\u2019accessibilit\u00e9 soient bien r\u00e9unies au pr\u00e9alable, m\u00eame sur les alentours et le quartier en propre (tu peux demander des photos ou envoyer une liste de question sur le logement).<\/p>\n\n<p>Pour avoir des informations sur les logements et la politique d\u2019accessibilit\u00e9 dans les pays europ\u00e9ens, contacte les organismes list\u00e9s sur la carte (\u00e0 venir).<\/p>\n\n<div class=\"wp-block-columns are-vertically-aligned-center\">\n<div class=\"wp-block-column is-vertically-aligned-center\">\n<figure class=\"wp-block-image size-full\"><noscript><img width=\"750\" height=\"1000\" src=\"https:\/\/mobility-with-disabilities.org\/wp-content\/uploads\/2019\/11\/audi-nissen-lzaftQp_tj8-unsplash2.jpg\" alt=\"Athl\u00e8te paralympique de l\u2019\u00e9quipe du Royaume-Uni tirant \u00e0 l\u2019arc\" class=\"wp-image-1303\" srcset=\"https:\/\/mobility-with-disabilities.org\/wp-content\/uploads\/2019\/11\/audi-nissen-lzaftQp_tj8-unsplash2.jpg 750w, https:\/\/mobility-with-disabilities.org\/wp-content\/uploads\/2019\/11\/audi-nissen-lzaftQp_tj8-unsplash2-225x300.jpg 225w\" sizes=\"(max-width: 750px) 100vw, 750px\"><\/noscript><img width=\"750\" height=\"1000\" src=\"data:image\/svg+xml,%3Csvg%20xmlns%3D%22http%3A%2F%2Fwww.w3.org%2F2000%2Fsvg%22%20viewBox%3D%220%200%20750%201000%22%3E%3C%2Fsvg%3E\" alt=\"Athl\u00e8te paralympique de l\u2019\u00e9quipe du Royaume-Uni tirant \u00e0 l\u2019arc\" class=\"wp-image-1303 lazyload\" srcset=\"data:image\/svg+xml,%3Csvg%20xmlns%3D%22http%3A%2F%2Fwww.w3.org%2F2000%2Fsvg%22%20viewBox%3D%220%200%20750%201000%22%3E%3C%2Fsvg%3E 750w\" sizes=\"(max-width: 750px) 100vw, 750px\" data-srcset=\"https:\/\/mobility-with-disabilities.org\/wp-content\/uploads\/2019\/11\/audi-nissen-lzaftQp_tj8-unsplash2.jpg 750w, https:\/\/mobility-with-disabilities.org\/wp-content\/uploads\/2019\/11\/audi-nissen-lzaftQp_tj8-unsplash2-225x300.jpg 225w\" data-src=\"https:\/\/mobility-with-disabilities.org\/wp-content\/uploads\/2019\/11\/audi-nissen-lzaftQp_tj8-unsplash2.jpg\" loading=\"lazy\"><figcaption>Athl\u00e8te paralympique de l\u2019\u00e9quipe du Royaume-Uni tirant \u00e0 l\u2019arc<\/figcaption><\/figure><\/div>\n\n\n\n<div class=\"wp-block-column is-vertically-aligned-center\">\n<h3>4. Contacter une structure locale<\/h3>\n\n\n\n<p>Si tu es \u00e9tudiant, tu peux te rapprocher de plusieurs structures&nbsp;: <\/p>\n\n\n\n<ul><li>Le bureau des relations internationales de ton universit\u00e9 d\u2019accueil.<\/li><\/ul>\n\n\n<ul><li><a href=\"https:\/\/mapped.eu\/\" target=\"_blank\" rel=\"noreferrer noopener\" aria-label=\"Mapped (opens in a new tab)\">Mapped<\/a><span class=\"s1\">&nbsp;peut te fournir des informations concernant les lieux accessibles aux diff\u00e9rents handicaps.<\/span><\/li><\/ul>\n\n\n<ul><li>Les associations \u00e9tudiantes de ton Universit\u00e9 d\u2019accueil.<\/li><\/ul>\n\n\n<p>Si tu n\u2019es pas \u00e9tudiant, il existe aussi des structures utiles pour toi&nbsp;: <\/p>\n\n\n\n<ul><li>Tes structures d\u2019envoi et d\u2019accueil peuvent te renseigner <\/li><\/ul>\n\n\n<ul><li>Les agences nationales Erasmus+<\/li><\/ul>\n\n\n<ul><li><a href=\"https:\/\/esn.org\/sections\">Les associations Erasmus Student Network (ESN) <\/a>pr\u00e9sentes dans toute l\u2019Europe.<\/li><\/ul>\n\n\n<p><\/p>\n<\/div>\n<\/div>\n\n<p>Pour obtenir plus de contacts dans ton pays et ta ville de destination, tu peux contacter les structures list\u00e9es sur notre carte (\u00e0 venir). Elles te redirigeront vers les bonnes personnes. <\/p>\n\n<div style=\"height:32px\" aria-hidden=\"true\" class=\"wp-block-spacer\"><\/div>\n","protected":false},"excerpt":{"rendered":"<p>Jeunes en situation de handicap SE PR\u00c9PARER 1. Conseils de voyage Assure toi que tous tes documents importants (ton carnet &#8230; <a title=\"Se pr\u00e9parer\" class=\"read-more\" href=\"https:\/\/mobility-with-disabilities.org\/fr\/jeunes-situation-handicap\/se-preparer\/\">Lire la suite <span class=\"screen-reader-text\">Se pr\u00e9parer<\/span><\/a><\/p>\n","protected":false},"author":1,"featured_media":0,"parent":1470,"menu_order":0,"comment_status":"closed","ping_status":"closed","template":"","meta":{"_bbp_topic_count":0,"_bbp_reply_count":0,"_bbp_total_topic_count":0,"_bbp_total_reply_count":0,"_bbp_voice_count":0,"_bbp_anonymous_reply_count":0,"_bbp_topic_count_hidden":0,"_bbp_reply_count_hidden":0,"_bbp_forum_subforum_count":0},"yoast_head":"<!-- This site is optimized with the Yoast SEO plugin v17.9 - https:\/\/yoast.com\/wordpress\/plugins\/seo\/ -->\n<title>Se pr\u00e9parer - Mobility With Disabilities<\/title>\n<meta name=\"description\" content=\"Retrouvez l\u2019ensemble des conseils pour pr\u00e9parer au mieux sa mobilit\u00e9 internationale (voyage, logement, sant\u00e9, structure locale).\" \/>\n<meta name=\"robots\" content=\"index, follow, max-snippet:-1, max-image-preview:large, max-video-preview:-1\" \/>\n<link rel=\"canonical\" href=\"https:\/\/mobility-with-disabilities.org\/fr\/jeunes-situation-handicap\/se-preparer\/\" \/>\n<meta property=\"og:locale\" content=\"fr_FR\" \/>\n<meta property=\"og:type\" content=\"article\" \/>\n<meta property=\"og:title\" content=\"Se pr\u00e9parer - Mobility With Disabilities\" \/>\n<meta property=\"og:description\" content=\"Retrouvez l\u2019ensemble des conseils pour pr\u00e9parer au mieux sa mobilit\u00e9 internationale (voyage, logement, sant\u00e9, structure locale).\" \/>\n<meta property=\"og:url\" content=\"https:\/\/mobility-with-disabilities.org\/fr\/jeunes-situation-handicap\/se-preparer\/\" \/>\n<meta property=\"og:site_name\" content=\"Mobility With Disabilities\" \/>\n<meta property=\"article:modified_time\" content=\"2021-07-22T16:30:09+00:00\" \/>\n<meta property=\"og:image\" content=\"https:\/\/mobility-with-disabilities.org\/wp-content\/uploads\/2021\/06\/orange_youthwdis.png\" \/>\n<meta name=\"twitter:card\" content=\"summary_large_image\" \/>\n<meta name=\"twitter:label1\" content=\"Dur\u00e9e de lecture estim\u00e9e\" \/>\n\t<meta name=\"twitter:data1\" content=\"4 minutes\" \/>\n<script type=\"application\/ld+json\" class=\"yoast-schema-graph\">{\"@context\":\"https:\/\/schema.org\",\"@graph\":[{\"@type\":\"Organization\",\"@id\":\"https:\/\/mobility-with-disabilities.org\/#organization\",\"name\":\"Mobility with disabilities\",\"url\":\"https:\/\/mobility-with-disabilities.org\/\",\"sameAs\":[],\"logo\":{\"@type\":\"ImageObject\",\"@id\":\"https:\/\/mobility-with-disabilities.org\/#logo\",\"inLanguage\":\"fr-FR\",\"url\":\"https:\/\/mobility-with-disabilities.org\/wp-content\/uploads\/2019\/11\/logo-Transparent.png\",\"contentUrl\":\"https:\/\/mobility-with-disabilities.org\/wp-content\/uploads\/2019\/11\/logo-Transparent.png\",\"width\":1904,\"height\":638,\"caption\":\"Mobility with disabilities\"},\"image\":{\"@id\":\"https:\/\/mobility-with-disabilities.org\/#logo\"}},{\"@type\":\"WebSite\",\"@id\":\"https:\/\/mobility-with-disabilities.org\/#website\",\"url\":\"https:\/\/mobility-with-disabilities.org\/\",\"name\":\"Mobility With Disabilities\",\"description\":\"\",\"publisher\":{\"@id\":\"https:\/\/mobility-with-disabilities.org\/#organization\"},\"potentialAction\":[{\"@type\":\"SearchAction\",\"target\":{\"@type\":\"EntryPoint\",\"urlTemplate\":\"https:\/\/mobility-with-disabilities.org\/?s={search_term_string}\"},\"query-input\":\"required name=search_term_string\"}],\"inLanguage\":\"fr-FR\"},{\"@type\":\"ImageObject\",\"@id\":\"https:\/\/mobility-with-disabilities.org\/fr\/jeunes-situation-handicap\/se-preparer\/#primaryimage\",\"inLanguage\":\"fr-FR\",\"url\":\"https:\/\/mobility-with-disabilities.org\/wp-content\/uploads\/2021\/06\/orange_youthwdis.png\",\"contentUrl\":\"https:\/\/mobility-with-disabilities.org\/wp-content\/uploads\/2021\/06\/orange_youthwdis.png\",\"width\":232,\"height\":265},{\"@type\":\"WebPage\",\"@id\":\"https:\/\/mobility-with-disabilities.org\/fr\/jeunes-situation-handicap\/se-preparer\/#webpage\",\"url\":\"https:\/\/mobility-with-disabilities.org\/fr\/jeunes-situation-handicap\/se-preparer\/\",\"name\":\"Se pr\\u00e9parer - Mobility With Disabilities\",\"isPartOf\":{\"@id\":\"https:\/\/mobility-with-disabilities.org\/#website\"},\"primaryImageOfPage\":{\"@id\":\"https:\/\/mobility-with-disabilities.org\/fr\/jeunes-situation-handicap\/se-preparer\/#primaryimage\"},\"datePublished\":\"2020-03-27T15:35:31+00:00\",\"dateModified\":\"2021-07-22T16:30:09+00:00\",\"description\":\"Retrouvez l\\u2019ensemble des conseils pour pr\\u00e9parer au mieux sa mobilit\\u00e9 internationale (voyage, logement, sant\\u00e9, structure locale).\",\"breadcrumb\":{\"@id\":\"https:\/\/mobility-with-disabilities.org\/fr\/jeunes-situation-handicap\/se-preparer\/#breadcrumb\"},\"inLanguage\":\"fr-FR\",\"potentialAction\":[{\"@type\":\"ReadAction\",\"target\":[\"https:\/\/mobility-with-disabilities.org\/fr\/jeunes-situation-handicap\/se-preparer\/\"]}]},{\"@type\":\"BreadcrumbList\",\"@id\":\"https:\/\/mobility-with-disabilities.org\/fr\/jeunes-situation-handicap\/se-preparer\/#breadcrumb\",\"itemListElement\":[{\"@type\":\"ListItem\",\"position\":1,\"name\":\"Accueil\",\"item\":\"https:\/\/mobility-with-disabilities.org\/fr\/\"},{\"@type\":\"ListItem\",\"position\":2,\"name\":\"Jeunes en situation de handicap\",\"item\":\"https:\/\/mobility-with-disabilities.org\/fr\/jeunes-situation-handicap\/\"},{\"@type\":\"ListItem\",\"position\":3,\"name\":\"Se pr\\u00e9parer\"}]}]}<\/script>\n<!-- \/ Yoast SEO plugin. -->","yoast_head_json":{"title":"Se pr\u00e9parer - Mobility With Disabilities","description":"Retrouvez l\u2019ensemble des conseils pour pr\u00e9parer au mieux sa mobilit\u00e9 internationale (voyage, logement, sant\u00e9, structure locale).","robots":{"index":"index","follow":"follow","max-snippet":"max-snippet:-1","max-image-preview":"max-image-preview:large","max-video-preview":"max-video-preview:-1"},"canonical":"https:\/\/mobility-with-disabilities.org\/fr\/jeunes-situation-handicap\/se-preparer\/","og_locale":"fr_FR","og_type":"article","og_title":"Se pr\u00e9parer - Mobility With Disabilities","og_description":"Retrouvez l\u2019ensemble des conseils pour pr\u00e9parer au mieux sa mobilit\u00e9 internationale (voyage, logement, sant\u00e9, structure locale).","og_url":"https:\/\/mobility-with-disabilities.org\/fr\/jeunes-situation-handicap\/se-preparer\/","og_site_name":"Mobility With Disabilities","article_modified_time":"2021-07-22T16:30:09+00:00","og_image":[{"url":"https:\/\/mobility-with-disabilities.org\/wp-content\/uploads\/2021\/06\/orange_youthwdis.png"}],"twitter_card":"summary_large_image","twitter_misc":{"Dur\u00e9e de lecture estim\u00e9e":"4 minutes"},"schema":{"@context":"https:\/\/schema.org","@graph":[{"@type":"Organization","@id":"https:\/\/mobility-with-disabilities.org\/#organization","name":"Mobility with disabilities","url":"https:\/\/mobility-with-disabilities.org\/","sameAs":[],"logo":{"@type":"ImageObject","@id":"https:\/\/mobility-with-disabilities.org\/#logo","inLanguage":"fr-FR","url":"https:\/\/mobility-with-disabilities.org\/wp-content\/uploads\/2019\/11\/logo-Transparent.png","contentUrl":"https:\/\/mobility-with-disabilities.org\/wp-content\/uploads\/2019\/11\/logo-Transparent.png","width":1904,"height":638,"caption":"Mobility with disabilities"},"image":{"@id":"https:\/\/mobility-with-disabilities.org\/#logo"}},{"@type":"WebSite","@id":"https:\/\/mobility-with-disabilities.org\/#website","url":"https:\/\/mobility-with-disabilities.org\/","name":"Mobility With Disabilities","description":"","publisher":{"@id":"https:\/\/mobility-with-disabilities.org\/#organization"},"potentialAction":[{"@type":"SearchAction","target":{"@type":"EntryPoint","urlTemplate":"https:\/\/mobility-with-disabilities.org\/?s={search_term_string}"},"query-input":"required name=search_term_string"}],"inLanguage":"fr-FR"},{"@type":"ImageObject","@id":"https:\/\/mobility-with-disabilities.org\/fr\/jeunes-situation-handicap\/se-preparer\/#primaryimage","inLanguage":"fr-FR","url":"https:\/\/mobility-with-disabilities.org\/wp-content\/uploads\/2021\/06\/orange_youthwdis.png","contentUrl":"https:\/\/mobility-with-disabilities.org\/wp-content\/uploads\/2021\/06\/orange_youthwdis.png","width":232,"height":265},{"@type":"WebPage","@id":"https:\/\/mobility-with-disabilities.org\/fr\/jeunes-situation-handicap\/se-preparer\/#webpage","url":"https:\/\/mobility-with-disabilities.org\/fr\/jeunes-situation-handicap\/se-preparer\/","name":"Se pr\u00e9parer - Mobility With Disabilities","isPartOf":{"@id":"https:\/\/mobility-with-disabilities.org\/#website"},"primaryImageOfPage":{"@id":"https:\/\/mobility-with-disabilities.org\/fr\/jeunes-situation-handicap\/se-preparer\/#primaryimage"},"datePublished":"2020-03-27T15:35:31+00:00","dateModified":"2021-07-22T16:30:09+00:00","description":"Retrouvez l\u2019ensemble des conseils pour pr\u00e9parer au mieux sa mobilit\u00e9 internationale (voyage, logement, sant\u00e9, structure locale).","breadcrumb":{"@id":"https:\/\/mobility-with-disabilities.org\/fr\/jeunes-situation-handicap\/se-preparer\/#breadcrumb"},"inLanguage":"fr-FR","potentialAction":[{"@type":"ReadAction","target":["https:\/\/mobility-with-disabilities.org\/fr\/jeunes-situation-handicap\/se-preparer\/"]}]},{"@type":"BreadcrumbList","@id":"https:\/\/mobility-with-disabilities.org\/fr\/jeunes-situation-handicap\/se-preparer\/#breadcrumb","itemListElement":[{"@type":"ListItem","position":1,"name":"Accueil","item":"https:\/\/mobility-with-disabilities.org\/fr\/"},{"@type":"ListItem","position":2,"name":"Jeunes en situation de handicap","item":"https:\/\/mobility-with-disabilities.org\/fr\/jeunes-situation-handicap\/"},{"@type":"ListItem","position":3,"name":"Se pr\u00e9parer"}]}]}},"uagb_featured_image_src":{"full":false,"thumbnail":false,"medium":false,"medium_large":false,"large":false,"1536x1536":false,"2048x2048":false,"alm-thumbnail":false,"course_thumbnail":false,"profile_24":false,"profile_48":false,"profile_96":false,"profile_150":false,"profile_300":false},"uagb_author_info":{"display_name":"IMD","author_link":"https:\/\/mobility-with-disabilities.org\/fr\/author\/admin4690\/"},"uagb_comment_info":0,"uagb_excerpt":"Jeunes en situation de handicap SE PR\u00c9PARER 1. Conseils de voyage Assure toi que tous tes documents importants (ton carnet ... Lire la suite Se pr\u00e9parer","_links":{"self":[{"href":"https:\/\/mobility-with-disabilities.org\/fr\/wp-json\/wp\/v2\/pages\/1415"}],"collection":[{"href":"https:\/\/mobility-with-disabilities.org\/fr\/wp-json\/wp\/v2\/pages"}],"about":[{"href":"https:\/\/mobility-with-disabilities.org\/fr\/wp-json\/wp\/v2\/types\/page"}],"author":[{"embeddable":true,"href":"https:\/\/mobility-with-disabilities.org\/fr\/wp-json\/wp\/v2\/users\/1"}],"replies":[{"embeddable":true,"href":"https:\/\/mobility-with-disabilities.org\/fr\/wp-json\/wp\/v2\/comments?post=1415"}],"version-history":[{"count":29,"href":"https:\/\/mobility-with-disabilities.org\/fr\/wp-json\/wp\/v2\/pages\/1415\/revisions"}],"predecessor-version":[{"id":4946,"href":"https:\/\/mobility-with-disabilities.org\/fr\/wp-json\/wp\/v2\/pages\/1415\/revisions\/4946"}],"up":[{"embeddable":true,"href":"https:\/\/mobility-with-disabilities.org\/fr\/wp-json\/wp\/v2\/pages\/1470"}],"wp:attachment":[{"href":"https:\/\/mobility-with-disabilities.org\/fr\/wp-json\/wp\/v2\/media?parent=1415"}],"curies":[{"name":"wp","href":"https:\/\/api.w.org\/{rel}","templated":true}]}}