{"id":2896,"date":"2020-06-18T11:14:58","date_gmt":"2020-06-18T09:14:58","guid":{"rendered":"https:\/\/mobility-with-disabilities.org\/utilisation-des-cookies\/"},"modified":"2020-06-18T11:20:57","modified_gmt":"2020-06-18T09:20:57","slug":"utilisation-des-cookies","status":"publish","type":"page","link":"https:\/\/mobility-with-disabilities.org\/fr\/utilisation-des-cookies\/","title":{"rendered":"Utilisation des cookies"},"content":{"rendered":"<div class=\"wp-block-image\"><figure class=\"aligncenter size-large is-resized\"><noscript><img src=\"https:\/\/mobility-with-disabilities.org\/wp-content\/uploads\/2020\/06\/cookie-orange.png\" alt class=\"wp-image-2890\" width=\"100\" srcset=\"https:\/\/mobility-with-disabilities.org\/wp-content\/uploads\/2020\/06\/cookie-orange.png 300w, https:\/\/mobility-with-disabilities.org\/wp-content\/uploads\/2020\/06\/cookie-orange-24x24.png 24w, https:\/\/mobility-with-disabilities.org\/wp-content\/uploads\/2020\/06\/cookie-orange-36x36.png 36w, https:\/\/mobility-with-disabilities.org\/wp-content\/uploads\/2020\/06\/cookie-orange-48x48.png 48w\" sizes=\"(max-width: 300px) 100vw, 300px\"><\/noscript><img src=\"data:image\/gif;base64,R0lGODlhAQABAIAAAAAAAP\/\/\/yH5BAEAAAAALAAAAAABAAEAAAIBRAA7\" alt class=\"wp-image-2890 lazyload\" width=\"100\" srcset=\"data:image\/gif;base64,R0lGODlhAQABAIAAAAAAAP\/\/\/yH5BAEAAAAALAAAAAABAAEAAAIBRAA7 100w\" sizes=\"(max-width: 300px) 100vw, 300px\" data-srcset=\"https:\/\/mobility-with-disabilities.org\/wp-content\/uploads\/2020\/06\/cookie-orange.png 300w, https:\/\/mobility-with-disabilities.org\/wp-content\/uploads\/2020\/06\/cookie-orange-24x24.png 24w, https:\/\/mobility-with-disabilities.org\/wp-content\/uploads\/2020\/06\/cookie-orange-36x36.png 36w, https:\/\/mobility-with-disabilities.org\/wp-content\/uploads\/2020\/06\/cookie-orange-48x48.png 48w\" data-src=\"https:\/\/mobility-with-disabilities.org\/wp-content\/uploads\/2020\/06\/cookie-orange.png\" loading=\"lazy\"><\/figure><\/div>\n\n<h1>Utilisation des cookies<\/h1>\n\n<h3>1. DESCRIPTION<\/h3>\n\n<p><span style=\"font-weight: 400;\">Cette notice d\u2019utilisation des cookies d\u00e9crit ce que sont les cookies et comment l\u2019op\u00e9rateur du site (\u201cop\u00e9rateur du site\u201d, \u201cnous\u201d) les utilise sur <\/span><a href=\"http:\/\/www.mobility-with-disabilities.org\"><span style=\"font-weight: 400;\">www.mobility-with-disabilities.org<\/span><\/a><span style=\"font-weight: 400;\"> ainsi que pour ses produits et services associ\u00e9s (\u201csite internet\u201d ou \u201cservices\u201d).&nbsp;<\/span><\/p>\n\n<p>Merci de prendre connaissance de cette politique pour comprendre quel type de cookies nous utilisons, les informations qui sont collect\u00e9es et comment celle-ci est utilis\u00e9e. Cette notice d\u00e9crit \u00e9galement les possibilit\u00e9s qui vous sont disponibles pour accepter ou refuser ces cookies.&nbsp;&#13;\n&#13;\nPour plus d\u2019informations sur comment nous collectons, utilisons et stockons vous donn\u00e9es personnelles, merci de lire nos Conditions d\u2019utilisation.<\/p>\n\n<h3>2. WHAT ARE COOKIES?<\/h3>\n\n<p>Les cookies sont des donn\u00e9es h\u00e9berg\u00e9es dans des documents textes, enregistr\u00e9s sur votre ordinateur ou sur d\u2019autres outils informatiques quand une page web est affich\u00e9e sur un navigateur. Leur usage est tr\u00e8s r\u00e9pandu et sert \u00e0 se rappeler de votre identifiant et de vos pr\u00e9f\u00e9rences, que ce soit pour une visite unique (via des \u201ccookies de session\u201d) ou pour des visites multiples et r\u00e9p\u00e9t\u00e9es (via des \u201ccookies persistants\u201d). &#13;\n<\/p>\n\n<p>Les cookies de session sont des cookies temporaires utilis\u00e9es durant la dur\u00e9e de votre navigation sur le site internet, et ils expirent quand vous fermez le navigateur.<\/p>\n\n<p>Les cookies persistants sont utilis\u00e9s pour garder en m\u00e9moire vos pr\u00e9f\u00e9rences sur notre site internet, et restent sur votre ordinateur ou outil mobile m\u00eame apr\u00e8s que vous ayez ferm\u00e9 votre navigateur ou red\u00e9marr\u00e9 votre ordinateur. Ils permettent une exp\u00e9rience qualitative continue pendant que vous utilisez le site internet ou ses services. <\/p>\n\n<p>Les cookies peuvent \u00eatre install\u00e9s par le site internet (\u201ccookie nominatif\u201d) ou par des tiers comme ceux qui diffusent de la publicit\u00e9 ou des services d\u2019analyse pour le site internet (\u201ccookies tiers\u201d). Ces cookies tiers vous reconnaissent quand vous visitez notre site internet mais aussi sur d\u2019autres sites internet. <\/p>\n\n<h3>3. WHAT TYPE OF COOKIES DO WE USE?<\/h3>\n\n<p>Les cookies n\u00e9cessaires nous permettent de vous offrir la meilleure exp\u00e9rience possible pour acc\u00e9der et naviguer sur notre site internet et utiliser ses services. Par exemple, ces cookies nous permettent de reconna\u00eetre que vous avez cr\u00e9er un compte et que vous vous y \u00eates connect\u00e9. <\/p>\n\n<h3>4. WHAT ARE YOUR COOKIE OPTIONS?<\/h3>\n\n<p><span style=\"font-weight: 400;\">Si vous n\u2019appr\u00e9ciez pas l\u2019id\u00e9e des cookies ou de certains types de cookies, vous pouvez vos r\u00e9glages de navigation pour supprimer les cookies qui ont d\u00e9j\u00e0 \u00e9t\u00e9 install\u00e9s ou pour refuser l\u2019installation de nouveaux cookies. Pour en savoir plus sur comment proc\u00e9der ou pour en savoir plus sur les cookies, vous pouvez visiter <\/span><a href=\"http:\/\/www.internetcookies.org\"><span style=\"font-weight: 400;\">www.internetcookies.org<\/span><\/a><span style=\"font-weight: 400;\">.&nbsp; <\/span><\/p>\n\n<h3>5. CHANGES AND AMENDMENTS<\/h3>\n\n<p>Nous nous r\u00e9servons le droit de modifier ce r\u00e8glement relatif au site internet ou \u00e0 ses services \u00e0 tout moment, rendant celui-ci effectif d\u00e8s sa mise \u00e0 jour sur le site internet. Quand une mise \u00e0 jour sera effectu\u00e9e, vous en serez notifi\u00e9 par email. Poursuivre son utilisation du site internet apr\u00e8s ces changements vaut pour un renouvellement de votre acceptation. <\/p>\n\n<h3>6. ACCEPTANCE OF THIS POLICY<\/h3>\n\n<p>Vous confirmez avoir pris connaissance de ce r\u00e8glement et acceptez tous ses termes et conditions. En utilisant ce site internet ou ses services, vous acceptez de respecter ce r\u00e8glement. Si vous n\u2019acceptez pas les termes et conditions de ce r\u00e8glement, vous n\u2019\u00eates pas autoris\u00e9 \u00e0 faire usage du site internet et de ses services. &#13;\n<\/p>\n\n<h3>7. CONTACTING US<\/h3>\n\n<p>Si vous avez la moindre question au sujet de ce r\u00e8glement ou de notre utilisation des cookies, veuillez nous contacter. &#13;\n<\/p>\n","protected":false},"excerpt":{"rendered":"<p>Utilisation des cookies 1. DESCRIPTION Cette notice d\u2019utilisation des cookies d\u00e9crit ce que sont les cookies et comment l\u2019op\u00e9rateur du &#8230; <a title=\"Utilisation des cookies\" class=\"read-more\" href=\"https:\/\/mobility-with-disabilities.org\/fr\/utilisation-des-cookies\/\">Lire la suite <span class=\"screen-reader-text\">Utilisation des cookies<\/span><\/a><\/p>\n","protected":false},"author":1,"featured_media":0,"parent":0,"menu_order":0,"comment_status":"closed","ping_status":"closed","template":"","meta":{"_bbp_topic_count":0,"_bbp_reply_count":0,"_bbp_total_topic_count":0,"_bbp_total_reply_count":0,"_bbp_voice_count":0,"_bbp_anonymous_reply_count":0,"_bbp_topic_count_hidden":0,"_bbp_reply_count_hidden":0,"_bbp_forum_subforum_count":0},"yoast_head":"<!-- This site is optimized with the Yoast SEO plugin v17.9 - https:\/\/yoast.com\/wordpress\/plugins\/seo\/ -->\n<title>Utilisation des cookies - Mobility With Disabilities<\/title>\n<meta name=\"robots\" content=\"index, follow, max-snippet:-1, max-image-preview:large, max-video-preview:-1\" \/>\n<link rel=\"canonical\" href=\"https:\/\/mobility-with-disabilities.org\/fr\/utilisation-des-cookies\/\" \/>\n<meta property=\"og:locale\" content=\"fr_FR\" \/>\n<meta property=\"og:type\" content=\"article\" \/>\n<meta property=\"og:title\" content=\"Utilisation des cookies - Mobility With Disabilities\" \/>\n<meta property=\"og:description\" content=\"Utilisation des cookies 1. DESCRIPTION Cette notice d\u2019utilisation des cookies d\u00e9crit ce que sont les cookies et comment l\u2019op\u00e9rateur du ... Lire la suite Utilisation des cookies\" \/>\n<meta property=\"og:url\" content=\"https:\/\/mobility-with-disabilities.org\/fr\/utilisation-des-cookies\/\" \/>\n<meta property=\"og:site_name\" content=\"Mobility With Disabilities\" \/>\n<meta property=\"article:modified_time\" content=\"2020-06-18T09:20:57+00:00\" \/>\n<meta property=\"og:image\" content=\"https:\/\/mobility-with-disabilities.org\/wp-content\/uploads\/2020\/06\/cookie-orange.png\" \/>\n<meta name=\"twitter:card\" content=\"summary_large_image\" \/>\n<meta name=\"twitter:label1\" content=\"Dur\u00e9e de lecture estim\u00e9e\" \/>\n\t<meta name=\"twitter:data1\" content=\"3 minutes\" \/>\n<script type=\"application\/ld+json\" class=\"yoast-schema-graph\">{\"@context\":\"https:\/\/schema.org\",\"@graph\":[{\"@type\":\"Organization\",\"@id\":\"https:\/\/mobility-with-disabilities.org\/#organization\",\"name\":\"Mobility with disabilities\",\"url\":\"https:\/\/mobility-with-disabilities.org\/\",\"sameAs\":[],\"logo\":{\"@type\":\"ImageObject\",\"@id\":\"https:\/\/mobility-with-disabilities.org\/#logo\",\"inLanguage\":\"fr-FR\",\"url\":\"https:\/\/mobility-with-disabilities.org\/wp-content\/uploads\/2019\/11\/logo-Transparent.png\",\"contentUrl\":\"https:\/\/mobility-with-disabilities.org\/wp-content\/uploads\/2019\/11\/logo-Transparent.png\",\"width\":1904,\"height\":638,\"caption\":\"Mobility with disabilities\"},\"image\":{\"@id\":\"https:\/\/mobility-with-disabilities.org\/#logo\"}},{\"@type\":\"WebSite\",\"@id\":\"https:\/\/mobility-with-disabilities.org\/#website\",\"url\":\"https:\/\/mobility-with-disabilities.org\/\",\"name\":\"Mobility With Disabilities\",\"description\":\"\",\"publisher\":{\"@id\":\"https:\/\/mobility-with-disabilities.org\/#organization\"},\"potentialAction\":[{\"@type\":\"SearchAction\",\"target\":{\"@type\":\"EntryPoint\",\"urlTemplate\":\"https:\/\/mobility-with-disabilities.org\/?s={search_term_string}\"},\"query-input\":\"required name=search_term_string\"}],\"inLanguage\":\"fr-FR\"},{\"@type\":\"ImageObject\",\"@id\":\"https:\/\/mobility-with-disabilities.org\/fr\/utilisation-des-cookies\/#primaryimage\",\"inLanguage\":\"fr-FR\",\"url\":\"https:\/\/mobility-with-disabilities.org\/wp-content\/uploads\/2020\/06\/cookie-orange.png\",\"contentUrl\":\"https:\/\/mobility-with-disabilities.org\/wp-content\/uploads\/2020\/06\/cookie-orange.png\",\"width\":300,\"height\":296},{\"@type\":\"WebPage\",\"@id\":\"https:\/\/mobility-with-disabilities.org\/fr\/utilisation-des-cookies\/#webpage\",\"url\":\"https:\/\/mobility-with-disabilities.org\/fr\/utilisation-des-cookies\/\",\"name\":\"Utilisation des cookies - Mobility With Disabilities\",\"isPartOf\":{\"@id\":\"https:\/\/mobility-with-disabilities.org\/#website\"},\"primaryImageOfPage\":{\"@id\":\"https:\/\/mobility-with-disabilities.org\/fr\/utilisation-des-cookies\/#primaryimage\"},\"datePublished\":\"2020-06-18T09:14:58+00:00\",\"dateModified\":\"2020-06-18T09:20:57+00:00\",\"breadcrumb\":{\"@id\":\"https:\/\/mobility-with-disabilities.org\/fr\/utilisation-des-cookies\/#breadcrumb\"},\"inLanguage\":\"fr-FR\",\"potentialAction\":[{\"@type\":\"ReadAction\",\"target\":[\"https:\/\/mobility-with-disabilities.org\/fr\/utilisation-des-cookies\/\"]}]},{\"@type\":\"BreadcrumbList\",\"@id\":\"https:\/\/mobility-with-disabilities.org\/fr\/utilisation-des-cookies\/#breadcrumb\",\"itemListElement\":[{\"@type\":\"ListItem\",\"position\":1,\"name\":\"Accueil\",\"item\":\"https:\/\/mobility-with-disabilities.org\/fr\/\"},{\"@type\":\"ListItem\",\"position\":2,\"name\":\"Utilisation des cookies\"}]}]}<\/script>\n<!-- \/ Yoast SEO plugin. -->","yoast_head_json":{"title":"Utilisation des cookies - Mobility With Disabilities","robots":{"index":"index","follow":"follow","max-snippet":"max-snippet:-1","max-image-preview":"max-image-preview:large","max-video-preview":"max-video-preview:-1"},"canonical":"https:\/\/mobility-with-disabilities.org\/fr\/utilisation-des-cookies\/","og_locale":"fr_FR","og_type":"article","og_title":"Utilisation des cookies - Mobility With Disabilities","og_description":"Utilisation des cookies 1. DESCRIPTION Cette notice d\u2019utilisation des cookies d\u00e9crit ce que sont les cookies et comment l\u2019op\u00e9rateur du ... Lire la suite Utilisation des cookies","og_url":"https:\/\/mobility-with-disabilities.org\/fr\/utilisation-des-cookies\/","og_site_name":"Mobility With Disabilities","article_modified_time":"2020-06-18T09:20:57+00:00","og_image":[{"url":"https:\/\/mobility-with-disabilities.org\/wp-content\/uploads\/2020\/06\/cookie-orange.png"}],"twitter_card":"summary_large_image","twitter_misc":{"Dur\u00e9e de lecture estim\u00e9e":"3 minutes"},"schema":{"@context":"https:\/\/schema.org","@graph":[{"@type":"Organization","@id":"https:\/\/mobility-with-disabilities.org\/#organization","name":"Mobility with disabilities","url":"https:\/\/mobility-with-disabilities.org\/","sameAs":[],"logo":{"@type":"ImageObject","@id":"https:\/\/mobility-with-disabilities.org\/#logo","inLanguage":"fr-FR","url":"https:\/\/mobility-with-disabilities.org\/wp-content\/uploads\/2019\/11\/logo-Transparent.png","contentUrl":"https:\/\/mobility-with-disabilities.org\/wp-content\/uploads\/2019\/11\/logo-Transparent.png","width":1904,"height":638,"caption":"Mobility with disabilities"},"image":{"@id":"https:\/\/mobility-with-disabilities.org\/#logo"}},{"@type":"WebSite","@id":"https:\/\/mobility-with-disabilities.org\/#website","url":"https:\/\/mobility-with-disabilities.org\/","name":"Mobility With Disabilities","description":"","publisher":{"@id":"https:\/\/mobility-with-disabilities.org\/#organization"},"potentialAction":[{"@type":"SearchAction","target":{"@type":"EntryPoint","urlTemplate":"https:\/\/mobility-with-disabilities.org\/?s={search_term_string}"},"query-input":"required name=search_term_string"}],"inLanguage":"fr-FR"},{"@type":"ImageObject","@id":"https:\/\/mobility-with-disabilities.org\/fr\/utilisation-des-cookies\/#primaryimage","inLanguage":"fr-FR","url":"https:\/\/mobility-with-disabilities.org\/wp-content\/uploads\/2020\/06\/cookie-orange.png","contentUrl":"https:\/\/mobility-with-disabilities.org\/wp-content\/uploads\/2020\/06\/cookie-orange.png","width":300,"height":296},{"@type":"WebPage","@id":"https:\/\/mobility-with-disabilities.org\/fr\/utilisation-des-cookies\/#webpage","url":"https:\/\/mobility-with-disabilities.org\/fr\/utilisation-des-cookies\/","name":"Utilisation des cookies - Mobility With Disabilities","isPartOf":{"@id":"https:\/\/mobility-with-disabilities.org\/#website"},"primaryImageOfPage":{"@id":"https:\/\/mobility-with-disabilities.org\/fr\/utilisation-des-cookies\/#primaryimage"},"datePublished":"2020-06-18T09:14:58+00:00","dateModified":"2020-06-18T09:20:57+00:00","breadcrumb":{"@id":"https:\/\/mobility-with-disabilities.org\/fr\/utilisation-des-cookies\/#breadcrumb"},"inLanguage":"fr-FR","potentialAction":[{"@type":"ReadAction","target":["https:\/\/mobility-with-disabilities.org\/fr\/utilisation-des-cookies\/"]}]},{"@type":"BreadcrumbList","@id":"https:\/\/mobility-with-disabilities.org\/fr\/utilisation-des-cookies\/#breadcrumb","itemListElement":[{"@type":"ListItem","position":1,"name":"Accueil","item":"https:\/\/mobility-with-disabilities.org\/fr\/"},{"@type":"ListItem","position":2,"name":"Utilisation des cookies"}]}]}},"uagb_featured_image_src":{"full":false,"thumbnail":false,"medium":false,"medium_large":false,"large":false,"1536x1536":false,"2048x2048":false,"alm-thumbnail":false,"course_thumbnail":false,"profile_24":false,"profile_48":false,"profile_96":false,"profile_150":false,"profile_300":false},"uagb_author_info":{"display_name":"IMD","author_link":"https:\/\/mobility-with-disabilities.org\/fr\/author\/admin4690\/"},"uagb_comment_info":0,"uagb_excerpt":"Utilisation des cookies 1. DESCRIPTION Cette notice d\u2019utilisation des cookies d\u00e9crit ce que sont les cookies et comment l\u2019op\u00e9rateur du ... Lire la suite Utilisation des cookies","_links":{"self":[{"href":"https:\/\/mobility-with-disabilities.org\/fr\/wp-json\/wp\/v2\/pages\/2896"}],"collection":[{"href":"https:\/\/mobility-with-disabilities.org\/fr\/wp-json\/wp\/v2\/pages"}],"about":[{"href":"https:\/\/mobility-with-disabilities.org\/fr\/wp-json\/wp\/v2\/types\/page"}],"author":[{"embeddable":true,"href":"https:\/\/mobility-with-disabilities.org\/fr\/wp-json\/wp\/v2\/users\/1"}],"replies":[{"embeddable":true,"href":"https:\/\/mobility-with-disabilities.org\/fr\/wp-json\/wp\/v2\/comments?post=2896"}],"version-history":[{"count":2,"href":"https:\/\/mobility-with-disabilities.org\/fr\/wp-json\/wp\/v2\/pages\/2896\/revisions"}],"predecessor-version":[{"id":2899,"href":"https:\/\/mobility-with-disabilities.org\/fr\/wp-json\/wp\/v2\/pages\/2896\/revisions\/2899"}],"wp:attachment":[{"href":"https:\/\/mobility-with-disabilities.org\/fr\/wp-json\/wp\/v2\/media?parent=2896"}],"curies":[{"name":"wp","href":"https:\/\/api.w.org\/{rel}","templated":true}]}}