{"id":2928,"date":"2020-06-18T14:30:15","date_gmt":"2020-06-18T12:30:15","guid":{"rendered":"https:\/\/mobility-with-disabilities.org\/ressources-2\/"},"modified":"2021-08-05T15:37:48","modified_gmt":"2021-08-05T13:37:48","slug":"ressources-2","status":"publish","type":"page","link":"https:\/\/mobility-with-disabilities.org\/fr\/ressources-2\/","title":{"rendered":"Ressources &#8211; outils"},"content":{"rendered":"<h1>Ressources &#8211; outils<\/h1>\n\n\n\n<div class=\"wp-block-columns\">\n<div class=\"wp-block-column\">\n<h2>Actualit\u00e9s correspondantes<\/h2>\n\n\n\n\t\t\t<div class=\"uagb-post-grid small uagb-post__image-position-top uagb-block-d5310091   \" data-total=\"1\">\n\n\t\t\t\t<div class=\"uagb-post__items uagb-post__columns-1 is-grid uagb-post__columns-tablet-2 uagb-post__columns-mobile-1 uagb-post__equal-height\">\n\n\t\t\t\t\t\t\t\t<article>\n\t\t\t\t\t\t\t\t\t\t<div class=\"uagb-post__inner-wrap\">\n\t\t\t\t\t\t\t\t\t\t\t\t\t\t\t<div class=\"uagb-post__image\">\n\t\t\t\t<a href=\"https:\/\/mobility-with-disabilities.org\/fr\/2020\/04\/20\/semaine-de-formation-sur-la-mobilite-internationale-et-le-handicap\/\" target=\"_self\" rel=\"bookmark noopener noreferrer\"><noscript><img width=\"768\" height=\"910\" src=\"https:\/\/mobility-with-disabilities.org\/wp-content\/uploads\/2020\/04\/training-reportbd.jpg\" class=\"attachment-large size-large\" alt srcset=\"https:\/\/mobility-with-disabilities.org\/wp-content\/uploads\/2020\/04\/training-reportbd.jpg 768w, https:\/\/mobility-with-disabilities.org\/wp-content\/uploads\/2020\/04\/training-reportbd-253x300.jpg 253w, https:\/\/mobility-with-disabilities.org\/wp-content\/uploads\/2020\/04\/training-reportbd-20x24.jpg 20w, https:\/\/mobility-with-disabilities.org\/wp-content\/uploads\/2020\/04\/training-reportbd-30x36.jpg 30w, https:\/\/mobility-with-disabilities.org\/wp-content\/uploads\/2020\/04\/training-reportbd-41x48.jpg 41w\" sizes=\"(max-width: 768px) 100vw, 768px\"><\/noscript><img width=\"768\" height=\"910\" src=\"data:image\/svg+xml,%3Csvg%20xmlns%3D%22http%3A%2F%2Fwww.w3.org%2F2000%2Fsvg%22%20viewBox%3D%220%200%20768%20910%22%3E%3C%2Fsvg%3E\" class=\"attachment-large size-large lazyload\" alt srcset=\"data:image\/svg+xml,%3Csvg%20xmlns%3D%22http%3A%2F%2Fwww.w3.org%2F2000%2Fsvg%22%20viewBox%3D%220%200%20768%20910%22%3E%3C%2Fsvg%3E 768w\" sizes=\"(max-width: 768px) 100vw, 768px\" data-srcset=\"https:\/\/mobility-with-disabilities.org\/wp-content\/uploads\/2020\/04\/training-reportbd.jpg 768w, https:\/\/mobility-with-disabilities.org\/wp-content\/uploads\/2020\/04\/training-reportbd-253x300.jpg 253w, https:\/\/mobility-with-disabilities.org\/wp-content\/uploads\/2020\/04\/training-reportbd-20x24.jpg 20w, https:\/\/mobility-with-disabilities.org\/wp-content\/uploads\/2020\/04\/training-reportbd-30x36.jpg 30w, https:\/\/mobility-with-disabilities.org\/wp-content\/uploads\/2020\/04\/training-reportbd-41x48.jpg 41w\" data-src=\"https:\/\/mobility-with-disabilities.org\/wp-content\/uploads\/2020\/04\/training-reportbd.jpg\" loading=\"lazy\">\t\t\t\t<\/a>\n\t\t\t<\/div>\n\t\t\t\t\t\t<div class=\"uagb-post__text\"> \n\t\t\t\t<h3 class=\"uagb-post__title\">\n\t\t\t\t\t<a href=\"https:\/\/mobility-with-disabilities.org\/fr\/2020\/04\/20\/semaine-de-formation-sur-la-mobilite-internationale-et-le-handicap\/\" target=\"_self\" rel=\"bookmark noopener noreferrer\">Semaine de formation sur la mobilit\u00e9 internationale et le handicap<\/a>\n\t\t\t\t<\/h3>\n\t\t\t<\/div>\n\t\t\t\t\t\t<div class=\"uagb-post__text\"> \n\t\t\t<div class=\"uagb-post-grid-byline\">\n\t\t\t\t\t\t\t\t<span class=\"uagb-post__author\">\n\t\t\t\t\t<span class=\"dashicons-admin-users dashicons\"><\/span>\n\t\t\t\t\t<a href=\"https:\/\/mobility-with-disabilities.org\/fr\/author\/admin4690\/\" title=\"Articles par IMD\" rel=\"author\">IMD<\/a>\t\t\t\t<\/span>\n\t\t\t\t\t\t\t<time datetime=\"2020-04-20T16:26:17+02:00\" class=\"uagb-post__date\">\n\t\t\t\t\t<span class=\"dashicons-calendar dashicons\"><\/span>\n\t\t\t\t\t20 avril 2020\t\t\t\t<\/time>\n\t\t\t\t\t\t\t<span class=\"uagb-post__comment\">\n\t\t\t\t\t<span class=\"dashicons-admin-comments dashicons\"><\/span>\n\t\t\t\t\tAucun commentaire\t\t\t\t<\/span>\n\t\t\t\t\t\t<\/div>\n\t\t\t<\/div>\n\t\t\t\t\t\t\t<div class=\"uagb-post__text\"> \n\t\t\t\t\t<div class=\"uagb-post__excerpt\">\n\t\t\t\t\t\tLe projet International Mobility with Disabilities informe les jeunes en situation de handicap des opportunit\u00e9s de mobilit\u00e9 internationale et des aides et soutiens de la \u2026\t\t\t\t\t<\/div>\n\t\t\t<\/div>\n\t\t\t\t\t\t<div class=\"uagb-post__text\"> \n\t\t\t\t<div class=\"uagb-post__cta\">\n\t\t\t\t\t<a class=\"uagb-post__link uagb-text-link\" href=\"https:\/\/mobility-with-disabilities.org\/fr\/2020\/04\/20\/semaine-de-formation-sur-la-mobilite-internationale-et-le-handicap\/\" target=\"_self\" rel=\"bookmark noopener noreferrer\">Lire la suite<\/a>\n\t\t\t\t<\/div>\n\t\t\t<\/div>\n\t\t\t\t\t\t\t\t<\/div>\n\t\t\t\t\t\t\t\t\t<\/article>\n\t\t\t\t\t\t\t\t<\/div>\n\t\t\t\t\t\t\t<\/div>\n\t\t\t\n\n\n<div class=\"wp-block-group nodisplay\"><div class=\"wp-block-group__inner-container\">\n<p>Entrez un ou plusieurs mots-cl\u00e9s ou utilisez les filtres ci-dessous pour trouver des ressources et documents utiles du site.<\/p>\n\n\n\n\t\t\t\t<form action method=\"post\" class=\"searchandfilter\">\n\t\t\t\t\t<div>\n\t\t\t\t\t\t<ul><li><input type=\"text\" name=\"ofsearch\" placeholder=\"Search &hellip;\" value><\/li><li><select name=\"ofcategory\" id=\"ofcategory\" class=\"postform\">\n\t<option value=\"0\" selected=\"selected\">Toutes<\/option>\n\t<option class=\"level-0\" value=\"15\">Actualit\u00e9s<\/option>\n\t<option class=\"level-0\" value=\"48\">Ils l&#039;ont fait !<\/option>\n\t<option class=\"level-0\" value=\"80\">L&#8217;Expertise<\/option>\n<\/select>\n<input type=\"hidden\" name=\"ofcategory_operator\" value=\"and\"><\/li><li><select name=\"ofpost_tag\" id=\"ofpost_tag\" class=\"postform\">\n\t<option value=\"0\" selected=\"selected\">Toutes les \u00e9tiquettes<\/option>\n\t<option class=\"level-0\" value=\"119\">accessibilit\u00e9<\/option>\n\t<option class=\"level-0\" value=\"129\">conseil<\/option>\n\t<option class=\"level-0\" value=\"122\">conseils<\/option>\n\t<option class=\"level-0\" value=\"126\">diab\u00e8te<\/option>\n\t<option class=\"level-0\" value=\"120\">\u00e9tats-unis<\/option>\n\t<option class=\"level-0\" value=\"121\">exp\u00e9rience<\/option>\n\t<option class=\"level-0\" value=\"128\">handicap<\/option>\n\t<option class=\"level-0\" value=\"64\">IMD<\/option>\n\t<option class=\"level-0\" value=\"118\">New york<\/option>\n\t<option class=\"level-0\" value=\"63\">rapport<\/option>\n\t<option class=\"level-0\" value=\"123\">t\u00e9moignage<\/option>\n\t<option class=\"level-0\" value=\"117\">voyage<\/option>\n\t<option class=\"level-0\" value=\"127\">voyager<\/option>\n\t<option class=\"level-0\" value=\"65\">Zagreb<\/option>\n<\/select>\n<input type=\"hidden\" name=\"ofpost_tag_operator\" value=\"and\"><\/li><li><select name=\"ofpost_format\" id=\"ofpost_format\" class=\"postform\">\n<\/select>\n<input type=\"hidden\" name=\"ofpost_format_operator\" value=\"and\"><\/li><li><select name=\"oftopic-tag\" id=\"oftopic-tag\" class=\"postform\">\n\t<option value=\"0\" selected=\"selected\">Tous les mots-cl\u00e9s<\/option>\n\t<option class=\"level-0\" value=\"50\">Experience<\/option>\n\t<option class=\"level-0\" value=\"51\">France<\/option>\n<\/select>\n<input type=\"hidden\" name=\"oftopic-tag_operator\" value=\"and\"><\/li><li><input type=\"hidden\" name=\"ofsubmitted\" value=\"1\">\n\t\t\t\t\t\t\t<input type=\"submit\" value=\"Submit\">\n\t\t\t\t\t\t<\/li><\/ul><\/div>\n\t\t\t\t<\/form>\n\n\n\n<p><em><strong>Retirer dans &#8220;additionnal CSS class&#8221; : nodisplay dans le bloc &#8220;group&#8221; pour faire appara\u00eetre ce shortcode<\/strong><\/em><\/p>\n<\/div><\/div>\n<\/div>\n\n\n\n<div class=\"wp-block-column\">\n<h2>Documents &#8211; M\u00e9dias<\/h2>\n\n\n\n<div class=\"wp-block-columns\">\n<div class=\"wp-block-column\">\n<figure class=\"wp-block-image size-medium is-resized\"><noscript><img src=\"https:\/\/mobility-with-disabilities.org\/wp-content\/uploads\/2021\/06\/Inclusive-mobility-barriers-and-needs-from-young-people-with-disabilities-300x169.png\" alt class=\"wp-image-4708\" width=\"200\" height=\"115\"><\/noscript><img src=\"data:image\/svg+xml,%3Csvg%20xmlns%3D%22http%3A%2F%2Fwww.w3.org%2F2000%2Fsvg%22%20viewBox%3D%220%200%20200%20115%22%3E%3C%2Fsvg%3E\" alt class=\"wp-image-4708 lazyload\" width=\"200\" height=\"115\" data-src=\"https:\/\/mobility-with-disabilities.org\/wp-content\/uploads\/2021\/06\/Inclusive-mobility-barriers-and-needs-from-young-people-with-disabilities-300x169.png\" loading=\"lazy\"><\/figure>\n\n\n\n<div class=\"wp-block-buttons is-content-justification-center nodisplay\">\n<div class=\"wp-block-button\"><a class=\"wp-block-button__link\">T\u00e9l\u00e9charger<\/a><\/div>\n<\/div>\n\n\n<div class=\"sdm_download_button_box_default\"><div class=\"sdm_download_link\"><a href=\"https:\/\/mobility-with-disabilities.org\/fr\/\/?smd_process_download=1&amp;download_id=5060\" class=\"sdm_download green\" title=\"Barriers and needs\">Download<\/a><\/div><\/div>\n<\/div>\n\n\n\n<div class=\"wp-block-column\">\n<p><strong>Mobilit\u00e9 inclusive : obstacles et besoins des jeunes en situation de handicap.<\/strong> Ce rapport vise \u00e0 mieux comprendre les d\u00e9fis auxquels sont confront\u00e9s les jeunes en situation de handicap lorsqu&#8217;ils partent \u00e0 l&#8217;\u00e9tranger et \u00e0 les sensibiliser aux obstacles g\u00e9n\u00e9raux rencontr\u00e9s.<\/p>\n<\/div>\n<\/div>\n\n\n\n<h3 class=\"has-text-align-center\"><strong>Pr\u00e9sentation de l&#8217;\u00e9v\u00e9nement final<\/strong><\/h3>\n\n\n\n<div class=\"wp-block-columns\">\n<div class=\"wp-block-column\">\n<figure class=\"wp-block-image size-large\"><noscript><img width=\"611\" height=\"344\" src=\"https:\/\/mobility-with-disabilities.org\/wp-content\/uploads\/2021\/07\/Capture-de\u0301cran-2021-07-13-a\u0300-16.39.08.png\" alt class=\"wp-image-4898\" srcset=\"https:\/\/mobility-with-disabilities.org\/wp-content\/uploads\/2021\/07\/Capture-de\u0301cran-2021-07-13-a\u0300-16.39.08.png 611w, https:\/\/mobility-with-disabilities.org\/wp-content\/uploads\/2021\/07\/Capture-de\u0301cran-2021-07-13-a\u0300-16.39.08-300x169.png 300w\" sizes=\"(max-width: 611px) 100vw, 611px\"><\/noscript><img width=\"611\" height=\"344\" src=\"data:image\/svg+xml,%3Csvg%20xmlns%3D%22http%3A%2F%2Fwww.w3.org%2F2000%2Fsvg%22%20viewBox%3D%220%200%20611%20344%22%3E%3C%2Fsvg%3E\" alt class=\"wp-image-4898 lazyload\" srcset=\"data:image\/svg+xml,%3Csvg%20xmlns%3D%22http%3A%2F%2Fwww.w3.org%2F2000%2Fsvg%22%20viewBox%3D%220%200%20611%20344%22%3E%3C%2Fsvg%3E 611w\" sizes=\"(max-width: 611px) 100vw, 611px\" data-srcset=\"https:\/\/mobility-with-disabilities.org\/wp-content\/uploads\/2021\/07\/Capture-de\u0301cran-2021-07-13-a\u0300-16.39.08.png 611w, https:\/\/mobility-with-disabilities.org\/wp-content\/uploads\/2021\/07\/Capture-de\u0301cran-2021-07-13-a\u0300-16.39.08-300x169.png 300w\" data-src=\"https:\/\/mobility-with-disabilities.org\/wp-content\/uploads\/2021\/07\/Capture-de\u0301cran-2021-07-13-a\u0300-16.39.08.png\" loading=\"lazy\"><\/figure>\n\n\n\n<div class=\"wp-block-buttons is-content-justification-center\">\n<div class=\"wp-block-button\"><a class=\"wp-block-button__link\" href=\"https:\/\/mobility-with-disabilities.org\/wp-content\/uploads\/2021\/07\/International-Mobility-with-Disabilities-Final-event-presentation.pdf\" target=\"_blank\" rel=\"noreferrer noopener\">T\u00e9l\u00e9charger<\/a><\/div>\n<\/div>\n<\/div>\n\n\n\n<div class=\"wp-block-column\">\n<p>Le 21 mai 2O21, les partenaires ont donn\u00e9 leur dernier webinaire, pr\u00e9sentant le parcours global du projet, et les derniers r\u00e9sultats de leur travail. Voici la pr\u00e9sentation faite \u00e0 cette occasion. <\/p>\n<\/div>\n<\/div>\n\n\n\n<h3 class=\"has-text-align-center\"><strong>Le livret de recommandations pour les structures d&#8217;accompagnement des jeunes en situation de handicap<\/strong>.<\/h3>\n\n\n\n<div class=\"wp-block-columns\">\n<div class=\"wp-block-column\">\n<div class=\"wp-block-image\"><figure class=\"aligncenter size-large is-resized\"><noscript><img src=\"https:\/\/mobility-with-disabilities.org\/wp-content\/uploads\/2021\/07\/Capture-de\u0301cran-2021-07-21-a\u0300-16.22.48.png\" alt=\"Visuel repr\u00e9sentant la page de couverture d'un livret de recommandations pour les organisations d'envoi, d'accueil et de coordination travaillant sur la mobilit\u00e9 internationale des jeunes.\" class=\"wp-image-4914\" width=\"197\" height=\"231\" srcset=\"https:\/\/mobility-with-disabilities.org\/wp-content\/uploads\/2021\/07\/Capture-de\u0301cran-2021-07-21-a\u0300-16.22.48.png 440w, https:\/\/mobility-with-disabilities.org\/wp-content\/uploads\/2021\/07\/Capture-de\u0301cran-2021-07-21-a\u0300-16.22.48-256x300.png 256w\" sizes=\"(max-width: 197px) 100vw, 197px\"><\/noscript><img src=\"data:image\/svg+xml,%3Csvg%20xmlns%3D%22http%3A%2F%2Fwww.w3.org%2F2000%2Fsvg%22%20viewBox%3D%220%200%20197%20231%22%3E%3C%2Fsvg%3E\" alt=\"Visuel repr\u00e9sentant la page de couverture d'un livret de recommandations pour les organisations d'envoi, d'accueil et de coordination travaillant sur la mobilit\u00e9 internationale des jeunes.\" class=\"wp-image-4914 lazyload\" width=\"197\" height=\"231\" srcset=\"data:image\/svg+xml,%3Csvg%20xmlns%3D%22http%3A%2F%2Fwww.w3.org%2F2000%2Fsvg%22%20viewBox%3D%220%200%20197%20231%22%3E%3C%2Fsvg%3E 197w\" sizes=\"(max-width: 197px) 100vw, 197px\" data-srcset=\"https:\/\/mobility-with-disabilities.org\/wp-content\/uploads\/2021\/07\/Capture-de\u0301cran-2021-07-21-a\u0300-16.22.48.png 440w, https:\/\/mobility-with-disabilities.org\/wp-content\/uploads\/2021\/07\/Capture-de\u0301cran-2021-07-21-a\u0300-16.22.48-256x300.png 256w\" data-src=\"https:\/\/mobility-with-disabilities.org\/wp-content\/uploads\/2021\/07\/Capture-de\u0301cran-2021-07-21-a\u0300-16.22.48.png\" loading=\"lazy\"><\/figure><\/div>\n\n\n\n<div class=\"wp-block-buttons\">\n<div class=\"wp-block-button\"><a class=\"wp-block-button__link\" href=\"https:\/\/mobility-with-disabilities.org\/wp-content\/uploads\/2021\/07\/PRINT-IO4-Recommendations-for-sending-hosting-coordinating-organisations1.pdf\">t\u00e9l\u00e9charger la version d&#8217;impression<\/a><\/div>\n\n\n\n<div class=\"wp-block-button\"><a class=\"wp-block-button__link\" href=\"https:\/\/mobility-with-disabilities.org\/wp-content\/uploads\/2021\/07\/IO4-Recommendations-for-sending-hosting-coordinating-organisations1.pdf\">t\u00e9l\u00e9charger la version classique<\/a><\/div>\n<\/div>\n<\/div>\n\n\n\n<div class=\"wp-block-column\">\n<p>Un autre objectif du projet est de d\u00e9velopper des outils utiles pour les organisations travaillant dans le domaine de la mobilit\u00e9 internationale et du travail de jeunesse, afin qu&#8217;elles puissent soutenir au mieux les <br>jeunes en situation de handicap \u00e0 toutes les \u00e9tapes de leur exp\u00e9rience \u00e0 l&#8217;\u00e9tranger. Cette brochure a \u00e9t\u00e9 \u00e9labor\u00e9e dans ce but et contient des recommandations pour toutes les phases d&#8217;une mobilit\u00e9 internationale (inclusive) : relations publiques, pr\u00e9paration, sur place et retour.<\/p>\n<\/div>\n<\/div>\n<\/div>\n<\/div>\n","protected":false},"excerpt":{"rendered":"<p>Ressources &#8211; outils Actualit\u00e9s correspondantes Entrez un ou plusieurs mots-cl\u00e9s ou utilisez les filtres ci-dessous pour trouver des ressources et &#8230; <a title=\"Ressources &#8211; outils\" class=\"read-more\" href=\"https:\/\/mobility-with-disabilities.org\/fr\/ressources-2\/\">Lire la suite <span class=\"screen-reader-text\">Ressources &#8211; outils<\/span><\/a><\/p>\n","protected":false},"author":1,"featured_media":0,"parent":0,"menu_order":0,"comment_status":"closed","ping_status":"closed","template":"","meta":{"_bbp_topic_count":0,"_bbp_reply_count":0,"_bbp_total_topic_count":0,"_bbp_total_reply_count":0,"_bbp_voice_count":0,"_bbp_anonymous_reply_count":0,"_bbp_topic_count_hidden":0,"_bbp_reply_count_hidden":0,"_bbp_forum_subforum_count":0},"yoast_head":"<!-- This site is optimized with the Yoast SEO plugin v17.9 - https:\/\/yoast.com\/wordpress\/plugins\/seo\/ -->\n<title>Ressources - outils - Mobility With Disabilities<\/title>\n<meta name=\"robots\" content=\"index, follow, max-snippet:-1, max-image-preview:large, max-video-preview:-1\" \/>\n<link rel=\"canonical\" href=\"https:\/\/mobility-with-disabilities.org\/fr\/ressources-2\/\" \/>\n<meta property=\"og:locale\" content=\"fr_FR\" \/>\n<meta property=\"og:type\" content=\"article\" \/>\n<meta property=\"og:title\" content=\"Ressources - outils - Mobility With Disabilities\" \/>\n<meta property=\"og:description\" content=\"Ressources &#8211; outils Actualit\u00e9s correspondantes Entrez un ou plusieurs mots-cl\u00e9s ou utilisez les filtres ci-dessous pour trouver des ressources et ... Lire la suite Ressources &#8211; outils\" \/>\n<meta property=\"og:url\" content=\"https:\/\/mobility-with-disabilities.org\/fr\/ressources-2\/\" \/>\n<meta property=\"og:site_name\" content=\"Mobility With Disabilities\" \/>\n<meta property=\"article:modified_time\" content=\"2021-08-05T13:37:48+00:00\" \/>\n<meta property=\"og:image\" content=\"https:\/\/mobility-with-disabilities.org\/wp-content\/uploads\/2021\/06\/Inclusive-mobility-barriers-and-needs-from-young-people-with-disabilities-300x169.png\" \/>\n<meta name=\"twitter:card\" content=\"summary_large_image\" \/>\n<meta name=\"twitter:label1\" content=\"Dur\u00e9e de lecture estim\u00e9e\" \/>\n\t<meta name=\"twitter:data1\" content=\"2 minutes\" \/>\n<script type=\"application\/ld+json\" class=\"yoast-schema-graph\">{\"@context\":\"https:\/\/schema.org\",\"@graph\":[{\"@type\":\"Organization\",\"@id\":\"https:\/\/mobility-with-disabilities.org\/#organization\",\"name\":\"Mobility with disabilities\",\"url\":\"https:\/\/mobility-with-disabilities.org\/\",\"sameAs\":[],\"logo\":{\"@type\":\"ImageObject\",\"@id\":\"https:\/\/mobility-with-disabilities.org\/#logo\",\"inLanguage\":\"fr-FR\",\"url\":\"https:\/\/mobility-with-disabilities.org\/wp-content\/uploads\/2019\/11\/logo-Transparent.png\",\"contentUrl\":\"https:\/\/mobility-with-disabilities.org\/wp-content\/uploads\/2019\/11\/logo-Transparent.png\",\"width\":1904,\"height\":638,\"caption\":\"Mobility with disabilities\"},\"image\":{\"@id\":\"https:\/\/mobility-with-disabilities.org\/#logo\"}},{\"@type\":\"WebSite\",\"@id\":\"https:\/\/mobility-with-disabilities.org\/#website\",\"url\":\"https:\/\/mobility-with-disabilities.org\/\",\"name\":\"Mobility With Disabilities\",\"description\":\"\",\"publisher\":{\"@id\":\"https:\/\/mobility-with-disabilities.org\/#organization\"},\"potentialAction\":[{\"@type\":\"SearchAction\",\"target\":{\"@type\":\"EntryPoint\",\"urlTemplate\":\"https:\/\/mobility-with-disabilities.org\/?s={search_term_string}\"},\"query-input\":\"required name=search_term_string\"}],\"inLanguage\":\"fr-FR\"},{\"@type\":\"ImageObject\",\"@id\":\"https:\/\/mobility-with-disabilities.org\/fr\/ressources-2\/#primaryimage\",\"inLanguage\":\"fr-FR\",\"url\":\"https:\/\/mobility-with-disabilities.org\/wp-content\/uploads\/2021\/06\/Inclusive-mobility-barriers-and-needs-from-young-people-with-disabilities-300x169.png\",\"contentUrl\":\"https:\/\/mobility-with-disabilities.org\/wp-content\/uploads\/2021\/06\/Inclusive-mobility-barriers-and-needs-from-young-people-with-disabilities-300x169.png\"},{\"@type\":\"WebPage\",\"@id\":\"https:\/\/mobility-with-disabilities.org\/fr\/ressources-2\/#webpage\",\"url\":\"https:\/\/mobility-with-disabilities.org\/fr\/ressources-2\/\",\"name\":\"Ressources - outils - Mobility With Disabilities\",\"isPartOf\":{\"@id\":\"https:\/\/mobility-with-disabilities.org\/#website\"},\"primaryImageOfPage\":{\"@id\":\"https:\/\/mobility-with-disabilities.org\/fr\/ressources-2\/#primaryimage\"},\"datePublished\":\"2020-06-18T12:30:15+00:00\",\"dateModified\":\"2021-08-05T13:37:48+00:00\",\"breadcrumb\":{\"@id\":\"https:\/\/mobility-with-disabilities.org\/fr\/ressources-2\/#breadcrumb\"},\"inLanguage\":\"fr-FR\",\"potentialAction\":[{\"@type\":\"ReadAction\",\"target\":[\"https:\/\/mobility-with-disabilities.org\/fr\/ressources-2\/\"]}]},{\"@type\":\"BreadcrumbList\",\"@id\":\"https:\/\/mobility-with-disabilities.org\/fr\/ressources-2\/#breadcrumb\",\"itemListElement\":[{\"@type\":\"ListItem\",\"position\":1,\"name\":\"Accueil\",\"item\":\"https:\/\/mobility-with-disabilities.org\/fr\/\"},{\"@type\":\"ListItem\",\"position\":2,\"name\":\"Ressources &#8211; outils\"}]}]}<\/script>\n<!-- \/ Yoast SEO plugin. -->","yoast_head_json":{"title":"Ressources - outils - Mobility With Disabilities","robots":{"index":"index","follow":"follow","max-snippet":"max-snippet:-1","max-image-preview":"max-image-preview:large","max-video-preview":"max-video-preview:-1"},"canonical":"https:\/\/mobility-with-disabilities.org\/fr\/ressources-2\/","og_locale":"fr_FR","og_type":"article","og_title":"Ressources - outils - Mobility With Disabilities","og_description":"Ressources &#8211; outils Actualit\u00e9s correspondantes Entrez un ou plusieurs mots-cl\u00e9s ou utilisez les filtres ci-dessous pour trouver des ressources et ... Lire la suite Ressources &#8211; outils","og_url":"https:\/\/mobility-with-disabilities.org\/fr\/ressources-2\/","og_site_name":"Mobility With Disabilities","article_modified_time":"2021-08-05T13:37:48+00:00","og_image":[{"url":"https:\/\/mobility-with-disabilities.org\/wp-content\/uploads\/2021\/06\/Inclusive-mobility-barriers-and-needs-from-young-people-with-disabilities-300x169.png"}],"twitter_card":"summary_large_image","twitter_misc":{"Dur\u00e9e de lecture estim\u00e9e":"2 minutes"},"schema":{"@context":"https:\/\/schema.org","@graph":[{"@type":"Organization","@id":"https:\/\/mobility-with-disabilities.org\/#organization","name":"Mobility with disabilities","url":"https:\/\/mobility-with-disabilities.org\/","sameAs":[],"logo":{"@type":"ImageObject","@id":"https:\/\/mobility-with-disabilities.org\/#logo","inLanguage":"fr-FR","url":"https:\/\/mobility-with-disabilities.org\/wp-content\/uploads\/2019\/11\/logo-Transparent.png","contentUrl":"https:\/\/mobility-with-disabilities.org\/wp-content\/uploads\/2019\/11\/logo-Transparent.png","width":1904,"height":638,"caption":"Mobility with disabilities"},"image":{"@id":"https:\/\/mobility-with-disabilities.org\/#logo"}},{"@type":"WebSite","@id":"https:\/\/mobility-with-disabilities.org\/#website","url":"https:\/\/mobility-with-disabilities.org\/","name":"Mobility With Disabilities","description":"","publisher":{"@id":"https:\/\/mobility-with-disabilities.org\/#organization"},"potentialAction":[{"@type":"SearchAction","target":{"@type":"EntryPoint","urlTemplate":"https:\/\/mobility-with-disabilities.org\/?s={search_term_string}"},"query-input":"required name=search_term_string"}],"inLanguage":"fr-FR"},{"@type":"ImageObject","@id":"https:\/\/mobility-with-disabilities.org\/fr\/ressources-2\/#primaryimage","inLanguage":"fr-FR","url":"https:\/\/mobility-with-disabilities.org\/wp-content\/uploads\/2021\/06\/Inclusive-mobility-barriers-and-needs-from-young-people-with-disabilities-300x169.png","contentUrl":"https:\/\/mobility-with-disabilities.org\/wp-content\/uploads\/2021\/06\/Inclusive-mobility-barriers-and-needs-from-young-people-with-disabilities-300x169.png"},{"@type":"WebPage","@id":"https:\/\/mobility-with-disabilities.org\/fr\/ressources-2\/#webpage","url":"https:\/\/mobility-with-disabilities.org\/fr\/ressources-2\/","name":"Ressources - outils - Mobility With Disabilities","isPartOf":{"@id":"https:\/\/mobility-with-disabilities.org\/#website"},"primaryImageOfPage":{"@id":"https:\/\/mobility-with-disabilities.org\/fr\/ressources-2\/#primaryimage"},"datePublished":"2020-06-18T12:30:15+00:00","dateModified":"2021-08-05T13:37:48+00:00","breadcrumb":{"@id":"https:\/\/mobility-with-disabilities.org\/fr\/ressources-2\/#breadcrumb"},"inLanguage":"fr-FR","potentialAction":[{"@type":"ReadAction","target":["https:\/\/mobility-with-disabilities.org\/fr\/ressources-2\/"]}]},{"@type":"BreadcrumbList","@id":"https:\/\/mobility-with-disabilities.org\/fr\/ressources-2\/#breadcrumb","itemListElement":[{"@type":"ListItem","position":1,"name":"Accueil","item":"https:\/\/mobility-with-disabilities.org\/fr\/"},{"@type":"ListItem","position":2,"name":"Ressources &#8211; outils"}]}]}},"uagb_featured_image_src":{"full":false,"thumbnail":false,"medium":false,"medium_large":false,"large":false,"1536x1536":false,"2048x2048":false,"alm-thumbnail":false,"course_thumbnail":false,"profile_24":false,"profile_48":false,"profile_96":false,"profile_150":false,"profile_300":false},"uagb_author_info":{"display_name":"IMD","author_link":"https:\/\/mobility-with-disabilities.org\/fr\/author\/admin4690\/"},"uagb_comment_info":0,"uagb_excerpt":"Ressources &#8211; outils Actualit\u00e9s correspondantes Entrez un ou plusieurs mots-cl\u00e9s ou utilisez les filtres ci-dessous pour trouver des ressources et ... Lire la suite Ressources &#8211; outils","_links":{"self":[{"href":"https:\/\/mobility-with-disabilities.org\/fr\/wp-json\/wp\/v2\/pages\/2928"}],"collection":[{"href":"https:\/\/mobility-with-disabilities.org\/fr\/wp-json\/wp\/v2\/pages"}],"about":[{"href":"https:\/\/mobility-with-disabilities.org\/fr\/wp-json\/wp\/v2\/types\/page"}],"author":[{"embeddable":true,"href":"https:\/\/mobility-with-disabilities.org\/fr\/wp-json\/wp\/v2\/users\/1"}],"replies":[{"embeddable":true,"href":"https:\/\/mobility-with-disabilities.org\/fr\/wp-json\/wp\/v2\/comments?post=2928"}],"version-history":[{"count":16,"href":"https:\/\/mobility-with-disabilities.org\/fr\/wp-json\/wp\/v2\/pages\/2928\/revisions"}],"predecessor-version":[{"id":5089,"href":"https:\/\/mobility-with-disabilities.org\/fr\/wp-json\/wp\/v2\/pages\/2928\/revisions\/5089"}],"wp:attachment":[{"href":"https:\/\/mobility-with-disabilities.org\/fr\/wp-json\/wp\/v2\/media?parent=2928"}],"curies":[{"name":"wp","href":"https:\/\/api.w.org\/{rel}","templated":true}]}}