{"id":3972,"date":"2021-05-20T18:50:24","date_gmt":"2021-05-20T16:50:24","guid":{"rendered":"https:\/\/mobility-with-disabilities.org\/?page_id=3972"},"modified":"2021-07-22T18:31:51","modified_gmt":"2021-07-22T16:31:51","slug":"accueillir-une-jeune-en-situation-de-handicap","status":"publish","type":"page","link":"https:\/\/mobility-with-disabilities.org\/fr\/pour-les-travailleurs-et-les-structures-de-jeunesse\/accueillir-une-jeune-en-situation-de-handicap\/","title":{"rendered":"Accueillir un\u00b7e jeune en situation de handicap"},"content":{"rendered":"<div class=\"wp-block-image\"><figure class=\"aligncenter size-full is-resized\"><noscript><img src=\"https:\/\/mobility-with-disabilities.org\/wp-content\/uploads\/2021\/06\/orange_youthworker.png\" alt=\"for youth worker\" class=\"wp-image-4507\" width=\"130\" height=\"135\" srcset=\"https:\/\/mobility-with-disabilities.org\/wp-content\/uploads\/2021\/06\/orange_youthworker.png 256w, https:\/\/mobility-with-disabilities.org\/wp-content\/uploads\/2021\/06\/orange_youthworker-24x24.png 24w\" sizes=\"(max-width: 130px) 100vw, 130px\"><\/noscript><img src=\"data:image\/svg+xml,%3Csvg%20xmlns%3D%22http%3A%2F%2Fwww.w3.org%2F2000%2Fsvg%22%20viewBox%3D%220%200%20130%20135%22%3E%3C%2Fsvg%3E\" alt=\"for youth worker\" class=\"wp-image-4507 lazyload\" width=\"130\" height=\"135\" srcset=\"data:image\/svg+xml,%3Csvg%20xmlns%3D%22http%3A%2F%2Fwww.w3.org%2F2000%2Fsvg%22%20viewBox%3D%220%200%20130%20135%22%3E%3C%2Fsvg%3E 130w\" sizes=\"(max-width: 130px) 100vw, 130px\" data-srcset=\"https:\/\/mobility-with-disabilities.org\/wp-content\/uploads\/2021\/06\/orange_youthworker.png 256w, https:\/\/mobility-with-disabilities.org\/wp-content\/uploads\/2021\/06\/orange_youthworker-24x24.png 24w\" data-src=\"https:\/\/mobility-with-disabilities.org\/wp-content\/uploads\/2021\/06\/orange_youthworker.png\" loading=\"lazy\"><\/figure><\/div>\n\n<h2 class=\"has-text-align-center\">POUR LES TRAVAILLEURS ET LES STRUCTURES JEUNESSE<\/h2>\n\n<div class=\"wp-block-image\"><figure class=\"aligncenter size-full is-resized\"><noscript><img src=\"https:\/\/mobility-with-disabilities.org\/wp-content\/uploads\/2021\/06\/blue_host.png\" alt class=\"wp-image-4422\" width=\"80\"><\/noscript><img src=\"data:image\/gif;base64,R0lGODlhAQABAIAAAAAAAP\/\/\/yH5BAEAAAAALAAAAAABAAEAAAIBRAA7\" alt class=\"wp-image-4422 lazyload\" width=\"80\" data-src=\"https:\/\/mobility-with-disabilities.org\/wp-content\/uploads\/2021\/06\/blue_host.png\" loading=\"lazy\"><\/figure><\/div>\n\n<h1 class=\"has-text-align-center block-media-title has-text-color\" style=\"color:#d14905\"><noscript><img width=\"112\" height=\"112\" class=\"wp-image-1675\" style=\"width: 80px;\" src=\"https:\/\/mobility-with-disabilities.org\/wp-content\/uploads\/2019\/11\/support-a-young-person.png\" alt=\"support a young person\"><\/noscript><img width=\"112\" height=\"112\" class=\"wp-image-1675 lazyload\" style=\"width: 80px;\" src=\"data:image\/svg+xml,%3Csvg%20xmlns%3D%22http%3A%2F%2Fwww.w3.org%2F2000%2Fsvg%22%20viewBox%3D%220%200%20112%20112%22%3E%3C%2Fsvg%3E\" alt=\"support a young person\" data-src=\"https:\/\/mobility-with-disabilities.org\/wp-content\/uploads\/2019\/11\/support-a-young-person.png\" loading=\"lazy\">Accueillir un\u00b7e jeune en situation de handicap<\/h1>\n\n<p class=\"has-text-align-center\">Cette page est d\u00e9di\u00e9e aux structures d\u2019accueil de la mobilit\u00e9 internationale. Comment s\u2019adapter et accueillir des jeunes en situation de handicap ? Comment leur fournir l\u2019information n\u00e9cessaire, les accompagner avant et \u00e0 leur arriv\u00e9e sur place ? Comment permettre \u00e0 ces jeunes de s\u2019\u00e9panouir dans leur mobilit\u00e9 ? Pour plus de conseils, des fiches pratiques sont disponibles dans la bo\u00eete \u00e0 outils. <\/p>\n\n<h3><span class=\"has-inline-color\" style=\"color: #d44c04;\">1. Assurer une bonne communication avant et pendant le s\u00e9jour&#13;\n<\/span><\/h3>\n\n<p><em>Les organisations d&#8217;accueil doivent comprendre les besoins des jeunes en situation de handicap afin de pr\u00e9parer leur arriv\u00e9e et leur int\u00e9gration. Pour cela, la communication <strong>avant<\/strong> et <strong>pendant<\/strong> la mobilit\u00e9 est essentielle.<\/em><\/p>\n\n<p>Si vous accueillez un jeune en situation de handicap dans votre structure, il est essentiel d\u2019avoir en amont connaissance des <strong>besoins sp\u00e9cifiques et am\u00e9nagements<\/strong> dont ce jeune aura besoin <strong>sur place<\/strong>.<\/p>\n\n<p>En attendant l\u2019arriv\u00e9e du jeune, il est pertinent d\u2019\u00eatre <strong>proactif<\/strong> sur la recherche de lieux, logements, transports accessibles. L\u2019\u00e9tablissement d\u2019accueil \u00e9tant implant\u00e9 sur le lieu de la mobilit\u00e9, vous aurez une meilleure connaissance et facilit\u00e9 \u00e0 rechercher les commodit\u00e9s correspondantes au besoin du jeune. Les d\u00e9marches pouvant parfois \u00eatre complexifi\u00e9es par une barri\u00e8re <strong>linguistique<\/strong>, en tant que structure d\u2019accueil, vous pourrez \u00eatre amen\u00e9 \u00e0 \u00eatre l\u2019<strong>interlocuteur<\/strong> pour finaliser les d\u00e9marches. Il peut \u00eatre int\u00e9ressant de vous rapprocher d\u2019<strong>associations nationales ou locales<\/strong> afin de travailler sur des partenariats ou des outils facilitant l\u2019arriv\u00e9e et l\u2019immersion des jeunes en situation de handicap dans votre ville.<\/p>\n\n<h4><strong>\u2192 S\u2019informer et informer&nbsp;<\/strong><\/h4>\n\n<p>S\u2019informer sur les <strong>besoins sp\u00e9cifiques<\/strong> du jeune est donc la premi\u00e8re \u00e9tape. En effet, ces jeunes ne constituent pas un groupe homog\u00e8ne ayant les m\u00eames besoins et les m\u00eames attentes de la part des structures d\u2019accueil. Conna\u00eetre le public que l\u2019on accueille est primordial afin de proposer un bon accompagnement et rediriger vers les structures ad\u00e9quates. La communication se fait donc en amont : dialoguer avec le jeune mais aussi les personnes <strong>qui l&#8217;entourent<\/strong>, que ce soit la famille ou des structures associatives et m\u00e9dicales pour conna\u00eetre la situation du jeune et permettre une arriv\u00e9e sereine dans le pays est essentiel. <\/p>\n\n<p>L&#8217;organisation d&#8217;accueil doit \u00e9galement <strong>informer<\/strong> au sujet de sa volont\u00e9 d&#8217;accueillir des jeunes en situation de handicap dans sa communication pour montrer qu&#8217;elle est <strong>pr\u00eate<\/strong> \u00e0 prendre en compte les sp\u00e9cificit\u00e9s de chacun.<\/p>\n\n<h4><strong>\u2192 Accompagner l\u2019arriv\u00e9e<\/strong><\/h4>\n\n<p>Une fois inform\u00e9es, les structures d\u2019accueil doivent cibler et proposer des services <strong>sp\u00e9cifiques<\/strong> au regard des besoins du jeune. Ces services doivent \u00e9galement r\u00e9pondre aux besoins des jeunes, quel que soit leur handicap ; cela implique de <strong>former le personnel d&#8217;accompagnement<\/strong> pour offrir des services de qualit\u00e9 destin\u00e9s aux jeunes en situation de handicap. La promotion de l&#8217;\u00e9galit\u00e9 des chances pour les jeunes en situation de handicap n\u00e9cessite un soutien <strong>pratique<\/strong> et <strong>logistique<\/strong>, mais l&#8217;objectif est que ces jeunes aient<strong>les m\u00eames opportunit\u00e9s sociales et professionnelles que tout le monde<\/strong>. &#13;\nSupprimer certains obstacles tels que la fracture num\u00e9rique pour leur permettre de prendre part \u00e0 tous les niveaux d\u2019activit\u00e9s p\u00e9dagogiques et autres. L\u2019accessibilit\u00e9 passe donc par, par exemple, la pr\u00e9sence d\u2019un <strong>auxiliaire de vie<\/strong>, d\u2019un logement <strong>adapt\u00e9<\/strong>, d\u2019un interpr\u00e8te en langue des signes, d\u2019un programme d\u2019activit\u00e9s adapt\u00e9, la cr\u00e9ation de contenus adapt\u00e9s aux personnes \u00e0 d\u00e9ficience visuelle, comme par exemple ins\u00e9rer des sous-titres et descriptions en dessous des vid\u00e9os et photos. <\/p>\n\n<p>Encourager la recherche des <strong>meilleures pratiques<\/strong> au sein de la structure d&#8217;accueil, essayer de progresser pour permettre \u00e0 ces jeunes de profiter pleinement de cette exp\u00e9rience. Cela implique de fournir une <strong>assistance technique<\/strong> et des <strong>informations<\/strong> sur le sujet \u00e0 <strong>tous<\/strong> les membres de la structure d&#8217;accueil, y compris les \u00e9tudiants, leurs familles, les enseignants, les administrateurs et le personnel administratif.<\/p>\n\n<p>Certaines questions importantes doivent \u00eatre prises en compte, telles que l&#8217;<strong>accessibilit\u00e9 du logement<\/strong>, des transports et du <strong>soutien m\u00e9dical<\/strong>. Une fois ces questions identifi\u00e9es et r\u00e9solues, l&#8217;\u00e9tape suivante consiste \u00e0 int\u00e9grer le jeune dans la <strong>vie sociale et culturelle<\/strong> de la structure d&#8217;accueil. Bien \u00e9videmment, ces \u00e9tapes ne sont pas les m\u00eames selon le type de mobilit\u00e9. Il ne se pr\u00e9parera pas de la m\u00eame mani\u00e8re pour un service volontaire de 6 mois ou pour une mobilit\u00e9 courte. Les besoins sont diff\u00e9rents, et les questions de sant\u00e9 notamment ne seront pas les m\u00eames.<\/p>\n\n<p>Il est recommand\u00e9, dans un souci de faciliter l\u2019arriv\u00e9e du jeune, de pr\u00e9parer un petit <strong>guide d\u2019accueil sp\u00e9cifique<\/strong> qui comprend dans un premier temps toutes les informations classiques du s\u00e9jour communiqu\u00e9es \u00e0 tous les participants, mais de rajouter dans un deuxi\u00e8me temps quelques petits conseils pour rendre la mobilit\u00e9 plus sereine, comme par exemple :<\/p>\n\n<ul><li>Renseigner tous les <strong>num\u00e9ros d\u2019urgence<\/strong> et d\u00e9signer un r\u00e9f\u00e9rent pour le s\u00e9jour au sein de votre \u00e9quipe. Ce r\u00e9f\u00e9rent devra s\u2019assurer du bon suivi de la mobilit\u00e9 du jeune et pourra \u00eatre contact\u00e9 pour toute question relative \u00e0 l\u2019accessibilit\u00e9.<\/li><\/ul>\n<ul><li>Renseigner des <strong>contacts<\/strong> de praticiens et m\u00e9decins cibl\u00e9s en fonction des besoins.<\/li><\/ul>\n<ul><li>Joindre une carte de la ville avec indications de lignes de transports <strong>accessibles<\/strong>, toilettes publiques accessibles\u2026 ne pas oublier les lieux de divertissements (bars, restaurants, salles de spectacles\u2026) accessibles<\/li><\/ul>\n<h3><span style=\"color:#d44c04\" class=\"has-inline-color\">2. L&#8217;inclusion dans la vie quotidienne<\/span><\/h3>\n\n<p>Comme mentionn\u00e9 pr\u00e9c\u00e9demment, l\u2019int\u00e9gration des jeunes en situation de handicap est possible car les personnes qui l&#8217;entourent dans cette d\u00e9marche de mobilit\u00e9s sont <strong>inform\u00e9es<\/strong>, <strong>form\u00e9es<\/strong> et dialoguent \u00e0 la fois <strong>avec les jeunes concern\u00e9s<\/strong> mais aussi <strong>entre elles<\/strong>. Toutes les structures permettant l\u2019arriv\u00e9e et l\u2019int\u00e9gration du jeune doivent s\u2019identifier mutuellement. <\/p>\n\n<p>L\u2019<strong>int\u00e9gration<\/strong> dans la vie quotidienne de la structure est importante pour que le jeune valorise au maximum sa mobilit\u00e9.L&#8217;<strong>environnement social<\/strong>, la mise en place d&#8217;un syst\u00e8me de bin\u00f4mes au sein de l&#8217;universit\u00e9 par exemple, est essentiel. Inclure le jeune dans les r\u00e9seaux sociaux et lui permettre de conna\u00eetre les structures qui l&#8217;entourent, notamment les associations \u00e9tudiantes, est aussi une partie importante de sa mobilit\u00e9. <\/p>\n\n<p>A ce propos, il s\u2019agit aussi d\u2019inclure le jeune dans les <strong>activit\u00e9s<\/strong> de la structures d\u2019accueil, il faut donc, apr\u00e8s le dialogue, r\u00e9pondre aux besoins du jeunes et permettre sa participation \u00e0 la vie associative par exemple. Il faut donc veiller aux crit\u00e8res d&#8217;<strong>accessibilit\u00e9<\/strong> de certaines activit\u00e9s (sociales, culturelles, sportives), et proposer si besoin des <strong>alternatives<\/strong>. Ainsi, la mise en place d\u2019activit\u00e9s ludiques courtes, divertissantes, expliqu\u00e9es avec un langage ad\u00e9quat, adapt\u00e9s au handicap en question (gr\u00e2ce \u00e0 des supports visuels inclusifs par exemple) peuvent \u00eatre mises en place. La lisibilit\u00e9 du programme, le type d\u2019activit\u00e9, l\u2019accessibilit\u00e9 et l\u2019am\u00e9nagement du lieu en question et des transports, la formation des personnes qui encadrent l\u2019activit\u00e9 notamment sur leur mani\u00e8re d&#8217;interagir avec les participants en fonction du type de handicap. &#13;\n<\/p>\n\n<p>En parall\u00e8le, les \u00e9quipes de la structure d\u2019accueil doivent s\u2019assurer que le programme d\u2019activit\u00e9s est <strong>compatible<\/strong> avec les am\u00e9nagements du jeune. Il est important de rappeler que le jeune ne peut \u00eatre contraint de communiquer toute information personnelle sur son \u00e9tat de sant\u00e9 et son handicap, aussi il est important d&#8217;\u00e9tablir un lien de confiance en amont.<\/p>\n\n<p>La structure d\u2019accueil g\u00e8re la gestion <strong>quotidienne<\/strong> des jeunes pendant leur mobilit\u00e9, mais s\u2019occupe aussi de la <strong>logistique<\/strong> pour les d\u00e9placements organis\u00e9s au sein du s\u00e9jour mais \u00e9galement pour le <strong>retour<\/strong> dans son pays d\u2019origine. Vous pouvez vous r\u00e9ferer \u00e0 la partie sur la structure d\u2019envoi pour les modalit\u00e9s pour l&#8217;organisation d\u2019une mobilit\u00e9.<\/p>\n\n<p>Plus d&#8217;informations peuvent \u00eatre trouv\u00e9es dans la ToolBox de la plateforme<\/p>\n\n<div class=\"wp-block-image\"><figure class=\"aligncenter size-large is-resized\"><noscript><img src=\"https:\/\/mobility-with-disabilities.org\/wp-content\/uploads\/2021\/05\/en-te\u0302te-NL1-3-1024x467.png\" alt=\"Dessin d'un groupe de personnes d'\u00e2ges diff\u00e9rents, avec des handicaps visibles ou non\" class=\"wp-image-3920\" width=\"587\" height=\"267\"><\/noscript><img src=\"data:image\/svg+xml,%3Csvg%20xmlns%3D%22http%3A%2F%2Fwww.w3.org%2F2000%2Fsvg%22%20viewBox%3D%220%200%20587%20267%22%3E%3C%2Fsvg%3E\" alt=\"Dessin d'un groupe de personnes d'\u00e2ges diff\u00e9rents, avec des handicaps visibles ou non\" class=\"wp-image-3920 lazyload\" width=\"587\" height=\"267\" data-src=\"https:\/\/mobility-with-disabilities.org\/wp-content\/uploads\/2021\/05\/en-te\u0302te-NL1-3-1024x467.png\" loading=\"lazy\"><\/figure><\/div>\n\n<p><\/p>\n","protected":false},"excerpt":{"rendered":"<p>POUR LES TRAVAILLEURS ET LES STRUCTURES JEUNESSE Accueillir un\u00b7e jeune en situation de handicap Cette page est d\u00e9di\u00e9e aux structures &#8230; <a title=\"Accueillir un\u00b7e jeune en situation de handicap\" class=\"read-more\" href=\"https:\/\/mobility-with-disabilities.org\/fr\/pour-les-travailleurs-et-les-structures-de-jeunesse\/accueillir-une-jeune-en-situation-de-handicap\/\">Lire la suite <span class=\"screen-reader-text\">Accueillir un\u00b7e jeune en situation de handicap<\/span><\/a><\/p>\n","protected":false},"author":1,"featured_media":0,"parent":3990,"menu_order":0,"comment_status":"closed","ping_status":"closed","template":"","meta":{"_bbp_topic_count":0,"_bbp_reply_count":0,"_bbp_total_topic_count":0,"_bbp_total_reply_count":0,"_bbp_voice_count":0,"_bbp_anonymous_reply_count":0,"_bbp_topic_count_hidden":0,"_bbp_reply_count_hidden":0,"_bbp_forum_subforum_count":0},"yoast_head":"<!-- This site is optimized with the Yoast SEO plugin v17.9 - https:\/\/yoast.com\/wordpress\/plugins\/seo\/ -->\n<title>Accueillir un\u00b7e jeune en situation de handicap - Mobility With Disabilities<\/title>\n<meta name=\"robots\" content=\"index, follow, max-snippet:-1, max-image-preview:large, max-video-preview:-1\" \/>\n<link rel=\"canonical\" href=\"https:\/\/mobility-with-disabilities.org\/fr\/pour-les-travailleurs-et-les-structures-de-jeunesse\/accueillir-une-jeune-en-situation-de-handicap\/\" \/>\n<meta property=\"og:locale\" content=\"fr_FR\" \/>\n<meta property=\"og:type\" content=\"article\" \/>\n<meta property=\"og:title\" content=\"Accueillir un\u00b7e jeune en situation de handicap - Mobility With Disabilities\" \/>\n<meta property=\"og:description\" content=\"POUR LES TRAVAILLEURS ET LES STRUCTURES JEUNESSE Accueillir un\u00b7e jeune en situation de handicap Cette page est d\u00e9di\u00e9e aux structures ... Lire la suite Accueillir un\u00b7e jeune en situation de handicap\" \/>\n<meta property=\"og:url\" content=\"https:\/\/mobility-with-disabilities.org\/fr\/pour-les-travailleurs-et-les-structures-de-jeunesse\/accueillir-une-jeune-en-situation-de-handicap\/\" \/>\n<meta property=\"og:site_name\" content=\"Mobility With Disabilities\" \/>\n<meta property=\"article:modified_time\" content=\"2021-07-22T16:31:51+00:00\" \/>\n<meta property=\"og:image\" content=\"https:\/\/mobility-with-disabilities.org\/wp-content\/uploads\/2021\/06\/orange_youthworker.png\" \/>\n<meta name=\"twitter:card\" content=\"summary_large_image\" \/>\n<meta name=\"twitter:label1\" content=\"Dur\u00e9e de lecture estim\u00e9e\" \/>\n\t<meta name=\"twitter:data1\" content=\"6 minutes\" \/>\n<script type=\"application\/ld+json\" class=\"yoast-schema-graph\">{\"@context\":\"https:\/\/schema.org\",\"@graph\":[{\"@type\":\"Organization\",\"@id\":\"https:\/\/mobility-with-disabilities.org\/#organization\",\"name\":\"Mobility with disabilities\",\"url\":\"https:\/\/mobility-with-disabilities.org\/\",\"sameAs\":[],\"logo\":{\"@type\":\"ImageObject\",\"@id\":\"https:\/\/mobility-with-disabilities.org\/#logo\",\"inLanguage\":\"fr-FR\",\"url\":\"https:\/\/mobility-with-disabilities.org\/wp-content\/uploads\/2019\/11\/logo-Transparent.png\",\"contentUrl\":\"https:\/\/mobility-with-disabilities.org\/wp-content\/uploads\/2019\/11\/logo-Transparent.png\",\"width\":1904,\"height\":638,\"caption\":\"Mobility with disabilities\"},\"image\":{\"@id\":\"https:\/\/mobility-with-disabilities.org\/#logo\"}},{\"@type\":\"WebSite\",\"@id\":\"https:\/\/mobility-with-disabilities.org\/#website\",\"url\":\"https:\/\/mobility-with-disabilities.org\/\",\"name\":\"Mobility With Disabilities\",\"description\":\"\",\"publisher\":{\"@id\":\"https:\/\/mobility-with-disabilities.org\/#organization\"},\"potentialAction\":[{\"@type\":\"SearchAction\",\"target\":{\"@type\":\"EntryPoint\",\"urlTemplate\":\"https:\/\/mobility-with-disabilities.org\/?s={search_term_string}\"},\"query-input\":\"required name=search_term_string\"}],\"inLanguage\":\"fr-FR\"},{\"@type\":\"ImageObject\",\"@id\":\"https:\/\/mobility-with-disabilities.org\/fr\/pour-les-travailleurs-et-les-structures-de-jeunesse\/accueillir-une-jeune-en-situation-de-handicap\/#primaryimage\",\"inLanguage\":\"fr-FR\",\"url\":\"https:\/\/mobility-with-disabilities.org\/wp-content\/uploads\/2021\/06\/orange_youthworker.png\",\"contentUrl\":\"https:\/\/mobility-with-disabilities.org\/wp-content\/uploads\/2021\/06\/orange_youthworker.png\",\"width\":256,\"height\":266},{\"@type\":\"WebPage\",\"@id\":\"https:\/\/mobility-with-disabilities.org\/fr\/pour-les-travailleurs-et-les-structures-de-jeunesse\/accueillir-une-jeune-en-situation-de-handicap\/#webpage\",\"url\":\"https:\/\/mobility-with-disabilities.org\/fr\/pour-les-travailleurs-et-les-structures-de-jeunesse\/accueillir-une-jeune-en-situation-de-handicap\/\",\"name\":\"Accueillir un\\u00b7e jeune en situation de handicap - Mobility With Disabilities\",\"isPartOf\":{\"@id\":\"https:\/\/mobility-with-disabilities.org\/#website\"},\"primaryImageOfPage\":{\"@id\":\"https:\/\/mobility-with-disabilities.org\/fr\/pour-les-travailleurs-et-les-structures-de-jeunesse\/accueillir-une-jeune-en-situation-de-handicap\/#primaryimage\"},\"datePublished\":\"2021-05-20T16:50:24+00:00\",\"dateModified\":\"2021-07-22T16:31:51+00:00\",\"breadcrumb\":{\"@id\":\"https:\/\/mobility-with-disabilities.org\/fr\/pour-les-travailleurs-et-les-structures-de-jeunesse\/accueillir-une-jeune-en-situation-de-handicap\/#breadcrumb\"},\"inLanguage\":\"fr-FR\",\"potentialAction\":[{\"@type\":\"ReadAction\",\"target\":[\"https:\/\/mobility-with-disabilities.org\/fr\/pour-les-travailleurs-et-les-structures-de-jeunesse\/accueillir-une-jeune-en-situation-de-handicap\/\"]}]},{\"@type\":\"BreadcrumbList\",\"@id\":\"https:\/\/mobility-with-disabilities.org\/fr\/pour-les-travailleurs-et-les-structures-de-jeunesse\/accueillir-une-jeune-en-situation-de-handicap\/#breadcrumb\",\"itemListElement\":[{\"@type\":\"ListItem\",\"position\":1,\"name\":\"Accueil\",\"item\":\"https:\/\/mobility-with-disabilities.org\/fr\/\"},{\"@type\":\"ListItem\",\"position\":2,\"name\":\"Pour les travailleurs et les structures de jeunesse\",\"item\":\"https:\/\/mobility-with-disabilities.org\/fr\/pour-les-travailleurs-et-les-structures-de-jeunesse\/\"},{\"@type\":\"ListItem\",\"position\":3,\"name\":\"Accueillir un\\u00b7e jeune en situation de handicap\"}]}]}<\/script>\n<!-- \/ Yoast SEO plugin. -->","yoast_head_json":{"title":"Accueillir un\u00b7e jeune en situation de handicap - Mobility With Disabilities","robots":{"index":"index","follow":"follow","max-snippet":"max-snippet:-1","max-image-preview":"max-image-preview:large","max-video-preview":"max-video-preview:-1"},"canonical":"https:\/\/mobility-with-disabilities.org\/fr\/pour-les-travailleurs-et-les-structures-de-jeunesse\/accueillir-une-jeune-en-situation-de-handicap\/","og_locale":"fr_FR","og_type":"article","og_title":"Accueillir un\u00b7e jeune en situation de handicap - Mobility With Disabilities","og_description":"POUR LES TRAVAILLEURS ET LES STRUCTURES JEUNESSE Accueillir un\u00b7e jeune en situation de handicap Cette page est d\u00e9di\u00e9e aux structures ... Lire la suite Accueillir un\u00b7e jeune en situation de handicap","og_url":"https:\/\/mobility-with-disabilities.org\/fr\/pour-les-travailleurs-et-les-structures-de-jeunesse\/accueillir-une-jeune-en-situation-de-handicap\/","og_site_name":"Mobility With Disabilities","article_modified_time":"2021-07-22T16:31:51+00:00","og_image":[{"url":"https:\/\/mobility-with-disabilities.org\/wp-content\/uploads\/2021\/06\/orange_youthworker.png"}],"twitter_card":"summary_large_image","twitter_misc":{"Dur\u00e9e de lecture estim\u00e9e":"6 minutes"},"schema":{"@context":"https:\/\/schema.org","@graph":[{"@type":"Organization","@id":"https:\/\/mobility-with-disabilities.org\/#organization","name":"Mobility with disabilities","url":"https:\/\/mobility-with-disabilities.org\/","sameAs":[],"logo":{"@type":"ImageObject","@id":"https:\/\/mobility-with-disabilities.org\/#logo","inLanguage":"fr-FR","url":"https:\/\/mobility-with-disabilities.org\/wp-content\/uploads\/2019\/11\/logo-Transparent.png","contentUrl":"https:\/\/mobility-with-disabilities.org\/wp-content\/uploads\/2019\/11\/logo-Transparent.png","width":1904,"height":638,"caption":"Mobility with disabilities"},"image":{"@id":"https:\/\/mobility-with-disabilities.org\/#logo"}},{"@type":"WebSite","@id":"https:\/\/mobility-with-disabilities.org\/#website","url":"https:\/\/mobility-with-disabilities.org\/","name":"Mobility With Disabilities","description":"","publisher":{"@id":"https:\/\/mobility-with-disabilities.org\/#organization"},"potentialAction":[{"@type":"SearchAction","target":{"@type":"EntryPoint","urlTemplate":"https:\/\/mobility-with-disabilities.org\/?s={search_term_string}"},"query-input":"required name=search_term_string"}],"inLanguage":"fr-FR"},{"@type":"ImageObject","@id":"https:\/\/mobility-with-disabilities.org\/fr\/pour-les-travailleurs-et-les-structures-de-jeunesse\/accueillir-une-jeune-en-situation-de-handicap\/#primaryimage","inLanguage":"fr-FR","url":"https:\/\/mobility-with-disabilities.org\/wp-content\/uploads\/2021\/06\/orange_youthworker.png","contentUrl":"https:\/\/mobility-with-disabilities.org\/wp-content\/uploads\/2021\/06\/orange_youthworker.png","width":256,"height":266},{"@type":"WebPage","@id":"https:\/\/mobility-with-disabilities.org\/fr\/pour-les-travailleurs-et-les-structures-de-jeunesse\/accueillir-une-jeune-en-situation-de-handicap\/#webpage","url":"https:\/\/mobility-with-disabilities.org\/fr\/pour-les-travailleurs-et-les-structures-de-jeunesse\/accueillir-une-jeune-en-situation-de-handicap\/","name":"Accueillir un\u00b7e jeune en situation de handicap - Mobility With Disabilities","isPartOf":{"@id":"https:\/\/mobility-with-disabilities.org\/#website"},"primaryImageOfPage":{"@id":"https:\/\/mobility-with-disabilities.org\/fr\/pour-les-travailleurs-et-les-structures-de-jeunesse\/accueillir-une-jeune-en-situation-de-handicap\/#primaryimage"},"datePublished":"2021-05-20T16:50:24+00:00","dateModified":"2021-07-22T16:31:51+00:00","breadcrumb":{"@id":"https:\/\/mobility-with-disabilities.org\/fr\/pour-les-travailleurs-et-les-structures-de-jeunesse\/accueillir-une-jeune-en-situation-de-handicap\/#breadcrumb"},"inLanguage":"fr-FR","potentialAction":[{"@type":"ReadAction","target":["https:\/\/mobility-with-disabilities.org\/fr\/pour-les-travailleurs-et-les-structures-de-jeunesse\/accueillir-une-jeune-en-situation-de-handicap\/"]}]},{"@type":"BreadcrumbList","@id":"https:\/\/mobility-with-disabilities.org\/fr\/pour-les-travailleurs-et-les-structures-de-jeunesse\/accueillir-une-jeune-en-situation-de-handicap\/#breadcrumb","itemListElement":[{"@type":"ListItem","position":1,"name":"Accueil","item":"https:\/\/mobility-with-disabilities.org\/fr\/"},{"@type":"ListItem","position":2,"name":"Pour les travailleurs et les structures de jeunesse","item":"https:\/\/mobility-with-disabilities.org\/fr\/pour-les-travailleurs-et-les-structures-de-jeunesse\/"},{"@type":"ListItem","position":3,"name":"Accueillir un\u00b7e jeune en situation de handicap"}]}]}},"uagb_featured_image_src":{"full":false,"thumbnail":false,"medium":false,"medium_large":false,"large":false,"1536x1536":false,"2048x2048":false,"alm-thumbnail":false,"course_thumbnail":false,"profile_24":false,"profile_48":false,"profile_96":false,"profile_150":false,"profile_300":false},"uagb_author_info":{"display_name":"IMD","author_link":"https:\/\/mobility-with-disabilities.org\/fr\/author\/admin4690\/"},"uagb_comment_info":0,"uagb_excerpt":"POUR LES TRAVAILLEURS ET LES STRUCTURES JEUNESSE Accueillir un\u00b7e jeune en situation de handicap Cette page est d\u00e9di\u00e9e aux structures ... Lire la suite Accueillir un\u00b7e jeune en situation de handicap","_links":{"self":[{"href":"https:\/\/mobility-with-disabilities.org\/fr\/wp-json\/wp\/v2\/pages\/3972"}],"collection":[{"href":"https:\/\/mobility-with-disabilities.org\/fr\/wp-json\/wp\/v2\/pages"}],"about":[{"href":"https:\/\/mobility-with-disabilities.org\/fr\/wp-json\/wp\/v2\/types\/page"}],"author":[{"embeddable":true,"href":"https:\/\/mobility-with-disabilities.org\/fr\/wp-json\/wp\/v2\/users\/1"}],"replies":[{"embeddable":true,"href":"https:\/\/mobility-with-disabilities.org\/fr\/wp-json\/wp\/v2\/comments?post=3972"}],"version-history":[{"count":9,"href":"https:\/\/mobility-with-disabilities.org\/fr\/wp-json\/wp\/v2\/pages\/3972\/revisions"}],"predecessor-version":[{"id":4948,"href":"https:\/\/mobility-with-disabilities.org\/fr\/wp-json\/wp\/v2\/pages\/3972\/revisions\/4948"}],"up":[{"embeddable":true,"href":"https:\/\/mobility-with-disabilities.org\/fr\/wp-json\/wp\/v2\/pages\/3990"}],"wp:attachment":[{"href":"https:\/\/mobility-with-disabilities.org\/fr\/wp-json\/wp\/v2\/media?parent=3972"}],"curies":[{"name":"wp","href":"https:\/\/api.w.org\/{rel}","templated":true}]}}