{"id":3990,"date":"2021-05-20T16:40:18","date_gmt":"2021-05-20T14:40:18","guid":{"rendered":"https:\/\/mobility-with-disabilities.org\/pour-les-travailleurs-et-les-structures-de-jeunesse\/"},"modified":"2021-06-23T16:40:49","modified_gmt":"2021-06-23T14:40:49","slug":"pour-les-travailleurs-et-les-structures-de-jeunesse","status":"publish","type":"page","link":"https:\/\/mobility-with-disabilities.org\/fr\/pour-les-travailleurs-et-les-structures-de-jeunesse\/","title":{"rendered":"Pour les travailleurs et les structures de jeunesse"},"content":{"rendered":"<div class=\"wp-block-image\"><figure class=\"aligncenter size-large is-resized\"><noscript><img src=\"https:\/\/mobility-with-disabilities.org\/wp-content\/uploads\/2021\/06\/orange_youthworker.png\" alt=\"Pour les travailleurs\" class=\"wp-image-4507\" width=\"126\" height=\"131\" srcset=\"https:\/\/mobility-with-disabilities.org\/wp-content\/uploads\/2021\/06\/orange_youthworker.png 256w, https:\/\/mobility-with-disabilities.org\/wp-content\/uploads\/2021\/06\/orange_youthworker-24x24.png 24w\" sizes=\"(max-width: 126px) 100vw, 126px\"><\/noscript><img src=\"data:image\/svg+xml,%3Csvg%20xmlns%3D%22http%3A%2F%2Fwww.w3.org%2F2000%2Fsvg%22%20viewBox%3D%220%200%20126%20131%22%3E%3C%2Fsvg%3E\" alt=\"Pour les travailleurs\" class=\"wp-image-4507 lazyload\" width=\"126\" height=\"131\" srcset=\"data:image\/svg+xml,%3Csvg%20xmlns%3D%22http%3A%2F%2Fwww.w3.org%2F2000%2Fsvg%22%20viewBox%3D%220%200%20126%20131%22%3E%3C%2Fsvg%3E 126w\" sizes=\"(max-width: 126px) 100vw, 126px\" data-srcset=\"https:\/\/mobility-with-disabilities.org\/wp-content\/uploads\/2021\/06\/orange_youthworker.png 256w, https:\/\/mobility-with-disabilities.org\/wp-content\/uploads\/2021\/06\/orange_youthworker-24x24.png 24w\" data-src=\"https:\/\/mobility-with-disabilities.org\/wp-content\/uploads\/2021\/06\/orange_youthworker.png\" loading=\"lazy\"><\/figure><\/div>\n\n<h1 class=\"has-text-align-center\">Pour les travailleurs et les structures de jeunesse<\/h1>\n\n<h2 class=\"has-text-align-center has-text-color\" style=\"color:#d14905\"><strong>3 FA\u00c7ONS D&#8217;ACCOMPAGNER LES JEUNES DANS LEUR PROJET DE MOBILIT\u00c9<\/strong><\/h2>\n\n<p class=\"has-text-align-center\">Partir \u00e0 l&#8217;\u00e9tranger en tant que jeune en situation de handicap, que ce soit pour un semestre d&#8217;\u00e9tudes, un stage ou un service civil, peut \u00eatre confront\u00e9 \u00e0 diff\u00e9rents d\u00e9fis. En tant que travailleur de jeunesse et\/ou organisation de jeunesse, vous disposez de plusieurs moyens et ressources pour aider et soutenir ces jeunes dans leur exp\u00e9rience interculturelle. <\/p>\n\n<p class=\"has-text-align-center\">De l&#8217;id\u00e9e m\u00eame de vouloir partir \u00e0 l&#8217;\u00e9tranger \u00e0 la recherche de solutions logistiques pour leur retour au pays, vous devrez vous impliquer dans chaque partie du processus, et voici quelques informations \u00e0 ce sujet !<\/p>\n\n<div class=\"wp-block-columns ways\">\n<div class=\"wp-block-column is-vertically-aligned-center\" style=\"flex-basis:20%\">\n<div class=\"wp-block-image\"><figure class=\"alignright size-full is-resized\"><a href=\"https:\/\/mobility-with-disabilities.org\/fr\/pour-les-travailleurs-et-les-structures-de-jeunesse\/la-mobilite-internationale-et-le-handicap-cest-possible\/\"><noscript><img src=\"https:\/\/mobility-with-disabilities.org\/wp-content\/uploads\/2021\/06\/blue_disability-and-international-mobility.png\" alt class=\"wp-image-4417\" width=\"94\" height=\"87\"><\/noscript><img src=\"data:image\/svg+xml,%3Csvg%20xmlns%3D%22http%3A%2F%2Fwww.w3.org%2F2000%2Fsvg%22%20viewBox%3D%220%200%2094%2087%22%3E%3C%2Fsvg%3E\" alt class=\"wp-image-4417 lazyload\" width=\"94\" height=\"87\" data-src=\"https:\/\/mobility-with-disabilities.org\/wp-content\/uploads\/2021\/06\/blue_disability-and-international-mobility.png\" loading=\"lazy\"><\/a><\/figure><\/div>\n<\/div>\n\n\n\n<div class=\"wp-block-column\" style=\"flex-basis:30%\">\n<h3><strong>La mobilit\u00e9 internationale et le handicap, c&#8217;est possible !<\/strong><\/h3>\n\n\n\n<p> <\/p>\n\n\n\n<div class=\"wp-block-button aligncenter\"><a class=\"wp-block-button__link\" href=\"https:\/\/mobility-with-disabilities.org\/fr\/pour-les-travailleurs-et-les-structures-de-jeunesse\/la-mobilite-internationale-et-le-handicap-cest-possible\/\">C&#8217;EST PARTI !<\/a><\/div>\n<\/div>\n\n\n\n<div class=\"wp-block-column is-vertically-aligned-center\" style=\"flex-basis:20%\">\n<div class=\"wp-block-image\"><figure class=\"alignright size-full is-resized\"><a href=\"https:\/\/mobility-with-disabilities.org\/fr\/pour-les-travailleurs-et-les-structures-de-jeunesse\/accompagner-un%c2%b7e-jeune-qui-part-en-mobilite\/\"><noscript><img src=\"https:\/\/mobility-with-disabilities.org\/wp-content\/uploads\/2021\/06\/blue_support.png\" alt class=\"wp-image-4432\" width=\"80\" height=\"86\"><\/noscript><img src=\"data:image\/svg+xml,%3Csvg%20xmlns%3D%22http%3A%2F%2Fwww.w3.org%2F2000%2Fsvg%22%20viewBox%3D%220%200%2080%2086%22%3E%3C%2Fsvg%3E\" alt class=\"wp-image-4432 lazyload\" width=\"80\" height=\"86\" data-src=\"https:\/\/mobility-with-disabilities.org\/wp-content\/uploads\/2021\/06\/blue_support.png\" loading=\"lazy\"><\/a><\/figure><\/div>\n\n\n\n<p><\/p>\n<\/div>\n\n\n\n<div class=\"wp-block-column\" style=\"flex-basis:30%\">\n<h3 id=\"block-6d78980f-00e4-46ea-8466-b9d66fdf5c8f\"><strong><a href=\"https:\/\/mobility-with-disabilities.org\/fr\/pour-les-travailleurs-et-les-structures-de-jeunesse\/accompagner-un%c2%b7e-jeune-qui-part-en-mobilite\/\">Accueillir un\u00b7e jeune en situation de handicap<\/a><\/strong><\/h3>\n\n\n\n<div class=\"wp-block-buttons is-content-justification-center\">\n<div class=\"wp-block-button\"><a class=\"wp-block-button__link\" href=\"https:\/\/mobility-with-disabilities.org\/fr\/pour-les-travailleurs-et-les-structures-de-jeunesse\/accompagner-un%c2%b7e-jeune-qui-part-en-mobilite\/\">C&#8217;EST PARTI !<\/a><\/div>\n<\/div>\n<\/div>\n<\/div>\n\n<div class=\"wp-block-columns ways\">\n<div class=\"wp-block-column\" style=\"flex-basis:20%\"><\/div>\n\n\n\n<div class=\"wp-block-column is-vertically-aligned-center\" style=\"flex-basis:20%\">\n<div class=\"wp-block-image\"><figure class=\"alignright size-full is-resized\"><a href=\"https:\/\/mobility-with-disabilities.org\/fr\/pour-les-travailleurs-et-les-structures-de-jeunesse\/accueillir-une-jeune-en-situation-de-handicap\/\"><noscript><img src=\"https:\/\/mobility-with-disabilities.org\/wp-content\/uploads\/2021\/06\/blue_host.png\" alt class=\"wp-image-4422\" width=\"91\" height=\"67\"><\/noscript><img src=\"data:image\/svg+xml,%3Csvg%20xmlns%3D%22http%3A%2F%2Fwww.w3.org%2F2000%2Fsvg%22%20viewBox%3D%220%200%2091%2067%22%3E%3C%2Fsvg%3E\" alt class=\"wp-image-4422 lazyload\" width=\"91\" height=\"67\" data-src=\"https:\/\/mobility-with-disabilities.org\/wp-content\/uploads\/2021\/06\/blue_host.png\" loading=\"lazy\"><\/a><\/figure><\/div>\n\n\n\n<p><\/p>\n<\/div>\n\n\n\n<div class=\"wp-block-column\" style=\"flex-basis:30%\">\n<h3><strong><a href=\"https:\/\/mobility-with-disabilities.org\/fr\/pour-les-travailleurs-et-les-structures-de-jeunesse\/accueillir-une-jeune-en-situation-de-handicap\/\">Accueillir un.e jeune en situation de handicap <\/a><\/strong><\/h3>\n\n\n\n<p> <\/p>\n\n\n\n<div class=\"wp-block-button aligncenter\"><a class=\"wp-block-button__link\" href=\"https:\/\/mobility-with-disabilities.org\/fr\/pour-les-travailleurs-et-les-structures-de-jeunesse\/accueillir-une-jeune-en-situation-de-handicap\/\">C&#8217;EST PARTI !<\/a><\/div>\n<\/div>\n\n\n\n<div class=\"wp-block-column\" style=\"flex-basis:30%\"><\/div>\n<\/div>\n\n<div class=\"wp-block-cover alignfull has-background-dim has-background-dim-NaN\"><noscript><img width=\"2560\" height=\"1709\" class=\"wp-block-cover__image-background wp-image-1449\" alt src=\"https:\/\/mobility-with-disabilities.org\/wp-content\/uploads\/2019\/11\/nathan-anderson-FHiJWoBodrs-unsplash-scaled.jpg\" data-object-fit=\"cover\" srcset=\"https:\/\/mobility-with-disabilities.org\/wp-content\/uploads\/2019\/11\/nathan-anderson-FHiJWoBodrs-unsplash-scaled.jpg 2560w, https:\/\/mobility-with-disabilities.org\/wp-content\/uploads\/2019\/11\/nathan-anderson-FHiJWoBodrs-unsplash-300x200.jpg 300w, https:\/\/mobility-with-disabilities.org\/wp-content\/uploads\/2019\/11\/nathan-anderson-FHiJWoBodrs-unsplash-1024x684.jpg 1024w, https:\/\/mobility-with-disabilities.org\/wp-content\/uploads\/2019\/11\/nathan-anderson-FHiJWoBodrs-unsplash-768x513.jpg 768w, https:\/\/mobility-with-disabilities.org\/wp-content\/uploads\/2019\/11\/nathan-anderson-FHiJWoBodrs-unsplash-1536x1025.jpg 1536w, https:\/\/mobility-with-disabilities.org\/wp-content\/uploads\/2019\/11\/nathan-anderson-FHiJWoBodrs-unsplash-2048x1367.jpg 2048w\" sizes=\"(max-width: 2560px) 100vw, 2560px\"><\/noscript><img width=\"2560\" height=\"1709\" class=\"wp-block-cover__image-background wp-image-1449 lazyload\" alt src=\"data:image\/svg+xml,%3Csvg%20xmlns%3D%22http%3A%2F%2Fwww.w3.org%2F2000%2Fsvg%22%20viewBox%3D%220%200%202560%201709%22%3E%3C%2Fsvg%3E\" data-object-fit=\"cover\" srcset=\"data:image\/svg+xml,%3Csvg%20xmlns%3D%22http%3A%2F%2Fwww.w3.org%2F2000%2Fsvg%22%20viewBox%3D%220%200%202560%201709%22%3E%3C%2Fsvg%3E 2560w\" sizes=\"(max-width: 2560px) 100vw, 2560px\" data-srcset=\"https:\/\/mobility-with-disabilities.org\/wp-content\/uploads\/2019\/11\/nathan-anderson-FHiJWoBodrs-unsplash-scaled.jpg 2560w, https:\/\/mobility-with-disabilities.org\/wp-content\/uploads\/2019\/11\/nathan-anderson-FHiJWoBodrs-unsplash-300x200.jpg 300w, https:\/\/mobility-with-disabilities.org\/wp-content\/uploads\/2019\/11\/nathan-anderson-FHiJWoBodrs-unsplash-1024x684.jpg 1024w, https:\/\/mobility-with-disabilities.org\/wp-content\/uploads\/2019\/11\/nathan-anderson-FHiJWoBodrs-unsplash-768x513.jpg 768w, https:\/\/mobility-with-disabilities.org\/wp-content\/uploads\/2019\/11\/nathan-anderson-FHiJWoBodrs-unsplash-1536x1025.jpg 1536w, https:\/\/mobility-with-disabilities.org\/wp-content\/uploads\/2019\/11\/nathan-anderson-FHiJWoBodrs-unsplash-2048x1367.jpg 2048w\" data-src=\"https:\/\/mobility-with-disabilities.org\/wp-content\/uploads\/2019\/11\/nathan-anderson-FHiJWoBodrs-unsplash-scaled.jpg\" loading=\"lazy\"><div class=\"wp-block-cover__inner-container\">\n<p class=\"has-text-align-center\"><strong>D&#8217;autres ressources peuvent \u00eatre trouv\u00e9es sur le Centre d&#8217;information, ainsi que sur la Carte, et sur la ToolBox.<\/strong><\/p>\n\n\n\n<p class=\"has-text-align-center\"><strong>Ces informations seront r\u00e9guli\u00e8rement mises \u00e0 jour avec de nouveaux conseils et ressources. Si vous souhaitez y contribuer, veuillez \u00e9crire \u00e0 contact@mobility-with-disabilities.org<\/strong>.<\/p>\n<\/div><\/div>\n","protected":false},"excerpt":{"rendered":"<p>Pour les travailleurs et les structures de jeunesse 3 FA\u00c7ONS D&#8217;ACCOMPAGNER LES JEUNES DANS LEUR PROJET DE MOBILIT\u00c9 Partir \u00e0 &#8230; <a title=\"Pour les travailleurs et les structures de jeunesse\" class=\"read-more\" href=\"https:\/\/mobility-with-disabilities.org\/fr\/pour-les-travailleurs-et-les-structures-de-jeunesse\/\">Lire la suite <span class=\"screen-reader-text\">Pour les travailleurs et les structures de jeunesse<\/span><\/a><\/p>\n","protected":false},"author":1,"featured_media":0,"parent":0,"menu_order":0,"comment_status":"closed","ping_status":"closed","template":"","meta":{"_bbp_topic_count":0,"_bbp_reply_count":0,"_bbp_total_topic_count":0,"_bbp_total_reply_count":0,"_bbp_voice_count":0,"_bbp_anonymous_reply_count":0,"_bbp_topic_count_hidden":0,"_bbp_reply_count_hidden":0,"_bbp_forum_subforum_count":0},"yoast_head":"<!-- This site is optimized with the Yoast SEO plugin v17.9 - https:\/\/yoast.com\/wordpress\/plugins\/seo\/ -->\n<title>Pour les travailleurs et les structures de jeunesse - Mobility With Disabilities<\/title>\n<meta name=\"robots\" content=\"index, follow, max-snippet:-1, max-image-preview:large, max-video-preview:-1\" \/>\n<link rel=\"canonical\" href=\"https:\/\/mobility-with-disabilities.org\/fr\/pour-les-travailleurs-et-les-structures-de-jeunesse\/\" \/>\n<meta property=\"og:locale\" content=\"fr_FR\" \/>\n<meta property=\"og:type\" content=\"article\" \/>\n<meta property=\"og:title\" content=\"Pour les travailleurs et les structures de jeunesse - Mobility With Disabilities\" \/>\n<meta property=\"og:description\" content=\"Pour les travailleurs et les structures de jeunesse 3 FA\u00c7ONS D&#8217;ACCOMPAGNER LES JEUNES DANS LEUR PROJET DE MOBILIT\u00c9 Partir \u00e0 ... Lire la suite Pour les travailleurs et les structures de jeunesse\" \/>\n<meta property=\"og:url\" content=\"https:\/\/mobility-with-disabilities.org\/fr\/pour-les-travailleurs-et-les-structures-de-jeunesse\/\" \/>\n<meta property=\"og:site_name\" content=\"Mobility With Disabilities\" \/>\n<meta property=\"article:modified_time\" content=\"2021-06-23T14:40:49+00:00\" \/>\n<meta property=\"og:image\" content=\"https:\/\/mobility-with-disabilities.org\/wp-content\/uploads\/2021\/06\/orange_youthworker.png\" \/>\n<meta name=\"twitter:card\" content=\"summary_large_image\" \/>\n<meta name=\"twitter:label1\" content=\"Dur\u00e9e de lecture estim\u00e9e\" \/>\n\t<meta name=\"twitter:data1\" content=\"2 minutes\" \/>\n<script type=\"application\/ld+json\" class=\"yoast-schema-graph\">{\"@context\":\"https:\/\/schema.org\",\"@graph\":[{\"@type\":\"Organization\",\"@id\":\"https:\/\/mobility-with-disabilities.org\/#organization\",\"name\":\"Mobility with disabilities\",\"url\":\"https:\/\/mobility-with-disabilities.org\/\",\"sameAs\":[],\"logo\":{\"@type\":\"ImageObject\",\"@id\":\"https:\/\/mobility-with-disabilities.org\/#logo\",\"inLanguage\":\"fr-FR\",\"url\":\"https:\/\/mobility-with-disabilities.org\/wp-content\/uploads\/2019\/11\/logo-Transparent.png\",\"contentUrl\":\"https:\/\/mobility-with-disabilities.org\/wp-content\/uploads\/2019\/11\/logo-Transparent.png\",\"width\":1904,\"height\":638,\"caption\":\"Mobility with disabilities\"},\"image\":{\"@id\":\"https:\/\/mobility-with-disabilities.org\/#logo\"}},{\"@type\":\"WebSite\",\"@id\":\"https:\/\/mobility-with-disabilities.org\/#website\",\"url\":\"https:\/\/mobility-with-disabilities.org\/\",\"name\":\"Mobility With Disabilities\",\"description\":\"\",\"publisher\":{\"@id\":\"https:\/\/mobility-with-disabilities.org\/#organization\"},\"potentialAction\":[{\"@type\":\"SearchAction\",\"target\":{\"@type\":\"EntryPoint\",\"urlTemplate\":\"https:\/\/mobility-with-disabilities.org\/?s={search_term_string}\"},\"query-input\":\"required name=search_term_string\"}],\"inLanguage\":\"fr-FR\"},{\"@type\":\"ImageObject\",\"@id\":\"https:\/\/mobility-with-disabilities.org\/fr\/pour-les-travailleurs-et-les-structures-de-jeunesse\/#primaryimage\",\"inLanguage\":\"fr-FR\",\"url\":\"https:\/\/mobility-with-disabilities.org\/wp-content\/uploads\/2021\/06\/orange_youthworker.png\",\"contentUrl\":\"https:\/\/mobility-with-disabilities.org\/wp-content\/uploads\/2021\/06\/orange_youthworker.png\",\"width\":256,\"height\":266},{\"@type\":\"WebPage\",\"@id\":\"https:\/\/mobility-with-disabilities.org\/fr\/pour-les-travailleurs-et-les-structures-de-jeunesse\/#webpage\",\"url\":\"https:\/\/mobility-with-disabilities.org\/fr\/pour-les-travailleurs-et-les-structures-de-jeunesse\/\",\"name\":\"Pour les travailleurs et les structures de jeunesse - Mobility With Disabilities\",\"isPartOf\":{\"@id\":\"https:\/\/mobility-with-disabilities.org\/#website\"},\"primaryImageOfPage\":{\"@id\":\"https:\/\/mobility-with-disabilities.org\/fr\/pour-les-travailleurs-et-les-structures-de-jeunesse\/#primaryimage\"},\"datePublished\":\"2021-05-20T14:40:18+00:00\",\"dateModified\":\"2021-06-23T14:40:49+00:00\",\"breadcrumb\":{\"@id\":\"https:\/\/mobility-with-disabilities.org\/fr\/pour-les-travailleurs-et-les-structures-de-jeunesse\/#breadcrumb\"},\"inLanguage\":\"fr-FR\",\"potentialAction\":[{\"@type\":\"ReadAction\",\"target\":[\"https:\/\/mobility-with-disabilities.org\/fr\/pour-les-travailleurs-et-les-structures-de-jeunesse\/\"]}]},{\"@type\":\"BreadcrumbList\",\"@id\":\"https:\/\/mobility-with-disabilities.org\/fr\/pour-les-travailleurs-et-les-structures-de-jeunesse\/#breadcrumb\",\"itemListElement\":[{\"@type\":\"ListItem\",\"position\":1,\"name\":\"Accueil\",\"item\":\"https:\/\/mobility-with-disabilities.org\/fr\/\"},{\"@type\":\"ListItem\",\"position\":2,\"name\":\"Pour les travailleurs et les structures de jeunesse\"}]}]}<\/script>\n<!-- \/ Yoast SEO plugin. -->","yoast_head_json":{"title":"Pour les travailleurs et les structures de jeunesse - Mobility With Disabilities","robots":{"index":"index","follow":"follow","max-snippet":"max-snippet:-1","max-image-preview":"max-image-preview:large","max-video-preview":"max-video-preview:-1"},"canonical":"https:\/\/mobility-with-disabilities.org\/fr\/pour-les-travailleurs-et-les-structures-de-jeunesse\/","og_locale":"fr_FR","og_type":"article","og_title":"Pour les travailleurs et les structures de jeunesse - Mobility With Disabilities","og_description":"Pour les travailleurs et les structures de jeunesse 3 FA\u00c7ONS D&#8217;ACCOMPAGNER LES JEUNES DANS LEUR PROJET DE MOBILIT\u00c9 Partir \u00e0 ... Lire la suite Pour les travailleurs et les structures de jeunesse","og_url":"https:\/\/mobility-with-disabilities.org\/fr\/pour-les-travailleurs-et-les-structures-de-jeunesse\/","og_site_name":"Mobility With Disabilities","article_modified_time":"2021-06-23T14:40:49+00:00","og_image":[{"url":"https:\/\/mobility-with-disabilities.org\/wp-content\/uploads\/2021\/06\/orange_youthworker.png"}],"twitter_card":"summary_large_image","twitter_misc":{"Dur\u00e9e de lecture estim\u00e9e":"2 minutes"},"schema":{"@context":"https:\/\/schema.org","@graph":[{"@type":"Organization","@id":"https:\/\/mobility-with-disabilities.org\/#organization","name":"Mobility with disabilities","url":"https:\/\/mobility-with-disabilities.org\/","sameAs":[],"logo":{"@type":"ImageObject","@id":"https:\/\/mobility-with-disabilities.org\/#logo","inLanguage":"fr-FR","url":"https:\/\/mobility-with-disabilities.org\/wp-content\/uploads\/2019\/11\/logo-Transparent.png","contentUrl":"https:\/\/mobility-with-disabilities.org\/wp-content\/uploads\/2019\/11\/logo-Transparent.png","width":1904,"height":638,"caption":"Mobility with disabilities"},"image":{"@id":"https:\/\/mobility-with-disabilities.org\/#logo"}},{"@type":"WebSite","@id":"https:\/\/mobility-with-disabilities.org\/#website","url":"https:\/\/mobility-with-disabilities.org\/","name":"Mobility With Disabilities","description":"","publisher":{"@id":"https:\/\/mobility-with-disabilities.org\/#organization"},"potentialAction":[{"@type":"SearchAction","target":{"@type":"EntryPoint","urlTemplate":"https:\/\/mobility-with-disabilities.org\/?s={search_term_string}"},"query-input":"required name=search_term_string"}],"inLanguage":"fr-FR"},{"@type":"ImageObject","@id":"https:\/\/mobility-with-disabilities.org\/fr\/pour-les-travailleurs-et-les-structures-de-jeunesse\/#primaryimage","inLanguage":"fr-FR","url":"https:\/\/mobility-with-disabilities.org\/wp-content\/uploads\/2021\/06\/orange_youthworker.png","contentUrl":"https:\/\/mobility-with-disabilities.org\/wp-content\/uploads\/2021\/06\/orange_youthworker.png","width":256,"height":266},{"@type":"WebPage","@id":"https:\/\/mobility-with-disabilities.org\/fr\/pour-les-travailleurs-et-les-structures-de-jeunesse\/#webpage","url":"https:\/\/mobility-with-disabilities.org\/fr\/pour-les-travailleurs-et-les-structures-de-jeunesse\/","name":"Pour les travailleurs et les structures de jeunesse - Mobility With Disabilities","isPartOf":{"@id":"https:\/\/mobility-with-disabilities.org\/#website"},"primaryImageOfPage":{"@id":"https:\/\/mobility-with-disabilities.org\/fr\/pour-les-travailleurs-et-les-structures-de-jeunesse\/#primaryimage"},"datePublished":"2021-05-20T14:40:18+00:00","dateModified":"2021-06-23T14:40:49+00:00","breadcrumb":{"@id":"https:\/\/mobility-with-disabilities.org\/fr\/pour-les-travailleurs-et-les-structures-de-jeunesse\/#breadcrumb"},"inLanguage":"fr-FR","potentialAction":[{"@type":"ReadAction","target":["https:\/\/mobility-with-disabilities.org\/fr\/pour-les-travailleurs-et-les-structures-de-jeunesse\/"]}]},{"@type":"BreadcrumbList","@id":"https:\/\/mobility-with-disabilities.org\/fr\/pour-les-travailleurs-et-les-structures-de-jeunesse\/#breadcrumb","itemListElement":[{"@type":"ListItem","position":1,"name":"Accueil","item":"https:\/\/mobility-with-disabilities.org\/fr\/"},{"@type":"ListItem","position":2,"name":"Pour les travailleurs et les structures de jeunesse"}]}]}},"uagb_featured_image_src":{"full":false,"thumbnail":false,"medium":false,"medium_large":false,"large":false,"1536x1536":false,"2048x2048":false,"alm-thumbnail":false,"course_thumbnail":false,"profile_24":false,"profile_48":false,"profile_96":false,"profile_150":false,"profile_300":false},"uagb_author_info":{"display_name":"IMD","author_link":"https:\/\/mobility-with-disabilities.org\/fr\/author\/admin4690\/"},"uagb_comment_info":0,"uagb_excerpt":"Pour les travailleurs et les structures de jeunesse 3 FA\u00c7ONS D&#8217;ACCOMPAGNER LES JEUNES DANS LEUR PROJET DE MOBILIT\u00c9 Partir \u00e0 ... Lire la suite Pour les travailleurs et les structures de jeunesse","_links":{"self":[{"href":"https:\/\/mobility-with-disabilities.org\/fr\/wp-json\/wp\/v2\/pages\/3990"}],"collection":[{"href":"https:\/\/mobility-with-disabilities.org\/fr\/wp-json\/wp\/v2\/pages"}],"about":[{"href":"https:\/\/mobility-with-disabilities.org\/fr\/wp-json\/wp\/v2\/types\/page"}],"author":[{"embeddable":true,"href":"https:\/\/mobility-with-disabilities.org\/fr\/wp-json\/wp\/v2\/users\/1"}],"replies":[{"embeddable":true,"href":"https:\/\/mobility-with-disabilities.org\/fr\/wp-json\/wp\/v2\/comments?post=3990"}],"version-history":[{"count":25,"href":"https:\/\/mobility-with-disabilities.org\/fr\/wp-json\/wp\/v2\/pages\/3990\/revisions"}],"predecessor-version":[{"id":4762,"href":"https:\/\/mobility-with-disabilities.org\/fr\/wp-json\/wp\/v2\/pages\/3990\/revisions\/4762"}],"wp:attachment":[{"href":"https:\/\/mobility-with-disabilities.org\/fr\/wp-json\/wp\/v2\/media?parent=3990"}],"curies":[{"name":"wp","href":"https:\/\/api.w.org\/{rel}","templated":true}]}}