{"id":3999,"date":"2021-05-20T17:02:00","date_gmt":"2021-05-20T15:02:00","guid":{"rendered":"https:\/\/mobility-with-disabilities.org\/za-mlade-s-invaliditetom\/pripremite-se\/"},"modified":"2021-07-22T18:29:31","modified_gmt":"2021-07-22T16:29:31","slug":"pripremite-se","status":"publish","type":"page","link":"https:\/\/mobility-with-disabilities.org\/hr\/za-mlade-s-invaliditetom\/pripremite-se\/","title":{"rendered":"Pripremite se"},"content":{"rendered":"<div class=\"wp-block-image\"><figure class=\"aligncenter size-large is-resized\"><noscript><img src=\"https:\/\/mobility-with-disabilities.org\/wp-content\/uploads\/2021\/06\/orange_youthwdis.png\" alt=\"young with disabilities\" class=\"wp-image-4502\" width=\"118\" height=\"135\"><\/noscript><img src=\"data:image\/svg+xml,%3Csvg%20xmlns%3D%22http%3A%2F%2Fwww.w3.org%2F2000%2Fsvg%22%20viewBox%3D%220%200%20118%20135%22%3E%3C%2Fsvg%3E\" alt=\"young with disabilities\" class=\"wp-image-4502 lazyload\" width=\"118\" height=\"135\" data-src=\"https:\/\/mobility-with-disabilities.org\/wp-content\/uploads\/2021\/06\/orange_youthwdis.png\" loading=\"lazy\"><\/figure><\/div>\n\n<h2 class=\"has-text-align-center\"><a href=\"http:\/\/mobility-with-disabilities.org\/for-youth-with-disabilities\/\">Mladi s invaliditetom&#13;\n <\/a><\/h2>\n\n<div class=\"wp-block-image\"><figure class=\"aligncenter size-large is-resized\"><noscript><img src=\"https:\/\/mobility-with-disabilities.org\/wp-content\/uploads\/2021\/06\/blue_checklist.png\" alt class=\"wp-image-4407\" width=\"80\" height=\"90\"><\/noscript><img src=\"data:image\/svg+xml,%3Csvg%20xmlns%3D%22http%3A%2F%2Fwww.w3.org%2F2000%2Fsvg%22%20viewBox%3D%220%200%2080%2090%22%3E%3C%2Fsvg%3E\" alt class=\"wp-image-4407 lazyload\" width=\"80\" height=\"90\" data-src=\"https:\/\/mobility-with-disabilities.org\/wp-content\/uploads\/2021\/06\/blue_checklist.png\" loading=\"lazy\"><\/figure><\/div>\n\n<h1 class=\"has-text-align-center block-media-title has-text-color\" style=\"color:#d14905\"><noscript><img width=\"112\" height=\"112\" class=\"wp-image-1474\" style=\"width: 80px;\" src=\"https:\/\/mobility-with-disabilities.org\/wp-content\/uploads\/2019\/11\/Check-List.png\" alt=\"Pripremite se\"><\/noscript><img width=\"112\" height=\"112\" class=\"wp-image-1474 lazyload\" style=\"width: 80px;\" src=\"data:image\/svg+xml,%3Csvg%20xmlns%3D%22http%3A%2F%2Fwww.w3.org%2F2000%2Fsvg%22%20viewBox%3D%220%200%20112%20112%22%3E%3C%2Fsvg%3E\" alt=\"Pripremite se\" data-src=\"https:\/\/mobility-with-disabilities.org\/wp-content\/uploads\/2019\/11\/Check-List.png\" loading=\"lazy\">Pripremite se<\/h1>\n\n<h3><strong>1. Savjeti za putovanja <\/strong><\/h3>\n\n<p>Provjerite jesu li svi va\u0161i va\u017eni dokumenti (va\u0161a zdravstvena knji\u017eica, recept za lijekove) dobro pripremljeni u duplikatu (na materinjem jeziku i na engleskom ili slu\u017ebenom jeziku odredi\u0161ta). Preporu\u010dljivo je pripremiti mapu s tim dokumentima, kao i one bitne za putovanje: osobnu iskaznicu, putovnicu, vizu, karticu za kontakt u hitnim slu\u010dajevima, iskaznici o invaliditetu, europsku karticu zdravstvenog osiguranja [EKZO], itd.&#13;\n<\/p>\n\n<p>Ako je mogu\u0107e, ponesite skenirane verzije tih dokumenata na USB sticku.<\/p>\n\n<p>Va\u017eno je prethodno posjetiti svog lije\u010dnika i specijaliste kako biste pripremili dokument koji sadr\u017ei medicinske kontraindikacije. Imajte na umu da su neke komponente ili lijekovi zabranjeni ili nedostupni za odre\u0111ena odredi\u0161ta. Mo\u017ee se osigurati komplet za skupljanje svih lijekova ili proizvoda na istom mjestu (planirajte dodatne dane, \u010dak i tjedne zalihe). <\/p>\n\n<p>Zrakoplovne tvrtke nude obrazac &#8220;NCAD&#8221; [Informativni list za putnike kojima je potrebna posebna pomo\u0107] koji treba ispuniti prije putovanja s de\u017eurnim lije\u010dnikom kako bi procijenio potrebe tijekom leta. Morate se obratiti svojoj zrakoplovnoj tvrtki da biste ga dobili izravno.<\/p>\n\n<h3><strong>2. Zdravlje i osiguranje<\/strong><\/h3>\n\n<p>Osim nacionalnog sustava socijalne za\u0161tite, va\u017eno je informirati o promjenama u situaciji i osigurati da se ne poduzimaju koraci za spre\u010davanje organizacije (uklju\u010duju\u0107i promjenu zemlje prebivali\u0161ta).&#13;\n<\/p>\n\n<p>Za  podru\u010dje Europske unije postoji  <a href=\"https:\/\/ec.europa.eu\/social\/main.jsp?catId=559\" target=\"_blank\" rel=\"noreferrer noopener\" aria-label=\" (opens in a new tab)\"> europska kartica zdravstvenog<\/a> osiguranja kako bi se zajam\u010dilo izravno pokri\u0107e javnog zdravstvenog sustava zemlje primateljice bez prethodnog djelovanja i pod istim uvjetima kao i nacionalni ugovaratelji osiguranja. Ova kartica EKZO-a mora se naru\u010diti besplatno iz nacionalnog zdravstvenog fonda. Ako kartica nije isporu\u010dena na vrijeme prije polaska, dostupna je privremena potvrda.<\/p>\n\n<p>Osim osnovne socijalne za\u0161tite, preporu\u010dljivo je informirati se o zdravstvenim i drugim policama osiguranja. Mo\u017eete provjeriti odnosi li se pokri\u0107e povrata na europsku ili me\u0111unarodnu mobilnost i o kojim aspektima.<\/p>\n\n<h3><strong>3. Stanovanje <\/strong><\/h3>\n\n<p>Kao dio razmjene pod nadzorom sveu\u010dili\u0161ta ili studijskog boravka, studentski domovi su jedna od opcija, ali mjesta su ograni\u010dena. Morate se obratiti slu\u017ebama za me\u0111unarodne odnose ustanove doma\u0107ina kako biste provjerili dostupnost studentskih soba. Savjetnik za osobe s invaliditetom iz va\u0161e mati\u010dne ustanove mo\u017ee vam pomo\u0107i u ovim postupcima. Budu\u0107i da su studentski domovi ponekad puni ili nisu prilago\u0111eni, ne ustru\u010davajte se kontaktirati studentske udruge ili sveu\u010dili\u0161ne uprave. Postoje i druge opcije smje\u0161taja, kao \u0161to su zajedni\u010dki stanovi ili sobe u privatnim ku\u0107ama. <\/p>\n\n<p>Odvojite si vrijeme i provjerite s kontaktima na odredi\u0161tu, ako ste u mogu\u0107nosti, kako biste bili sigurni da su svi uvjeti pristupa\u010dnosti unaprijed ispunjeni. Provjerite i susjedstvo (mo\u017eete zatra\u017eiti fotografije ili poslati popis pitanja o stanovanju).&#13;\n<\/p>\n\n<p>Za informacije o smje\u0161taju i pristupa\u010dnosti u europskim zemljama obratite se organizacijama navedenim na karti (u izradi).&#13;\n<\/p>\n\n<div class=\"wp-block-columns are-vertically-aligned-center\">\n<div class=\"wp-block-column is-vertically-aligned-center\">\n<figure class=\"wp-block-image size-full\"><noscript><img width=\"750\" height=\"1000\" src=\"https:\/\/mobility-with-disabilities.org\/wp-content\/uploads\/2019\/11\/audi-nissen-lzaftQp_tj8-unsplash2.jpg\" alt=\"Paraolimpijac iz tima Ujedinjenog Kraljevstva puca s lukom i strijelom\" class=\"wp-image-1421\" srcset=\"https:\/\/mobility-with-disabilities.org\/wp-content\/uploads\/2019\/11\/audi-nissen-lzaftQp_tj8-unsplash2.jpg 750w, https:\/\/mobility-with-disabilities.org\/wp-content\/uploads\/2019\/11\/audi-nissen-lzaftQp_tj8-unsplash2-225x300.jpg 225w\" sizes=\"(max-width: 750px) 100vw, 750px\"><\/noscript><img width=\"750\" height=\"1000\" src=\"data:image\/svg+xml,%3Csvg%20xmlns%3D%22http%3A%2F%2Fwww.w3.org%2F2000%2Fsvg%22%20viewBox%3D%220%200%20750%201000%22%3E%3C%2Fsvg%3E\" alt=\"Paraolimpijac iz tima Ujedinjenog Kraljevstva puca s lukom i strijelom\" class=\"wp-image-1421 lazyload\" srcset=\"data:image\/svg+xml,%3Csvg%20xmlns%3D%22http%3A%2F%2Fwww.w3.org%2F2000%2Fsvg%22%20viewBox%3D%220%200%20750%201000%22%3E%3C%2Fsvg%3E 750w\" sizes=\"(max-width: 750px) 100vw, 750px\" data-srcset=\"https:\/\/mobility-with-disabilities.org\/wp-content\/uploads\/2019\/11\/audi-nissen-lzaftQp_tj8-unsplash2.jpg 750w, https:\/\/mobility-with-disabilities.org\/wp-content\/uploads\/2019\/11\/audi-nissen-lzaftQp_tj8-unsplash2-225x300.jpg 225w\" data-src=\"https:\/\/mobility-with-disabilities.org\/wp-content\/uploads\/2019\/11\/audi-nissen-lzaftQp_tj8-unsplash2.jpg\" loading=\"lazy\"><figcaption>Paraolimpijac iz tima Ujedinjenog Kraljevstva puca s lukom i strijelom<\/figcaption><\/figure><\/div>\n\n\n\n<div class=\"wp-block-column is-vertically-aligned-center\">\n<h3><strong>4. Stupite u kontakt s lokalnim institucijama\/organizacijama&#13;\n<\/strong><\/h3>\n\n\n\n<p>Ako ste student, mo\u017eete kontaktirati nekoliko institucija\/organizacija:<\/p>\n\n\n\n<ul><li>Ured za me\u0111unarodne odnose va\u0161eg sveu\u010dili\u0161ta doma\u0107ina.<\/li><\/ul>\n\n\n<ul><li><a rel=\"noreferrer noopener\" aria-label=\"Mapped (opens in a new tab)\" href=\"https:\/\/mapped.eu\/\" target=\"_blank\"> Mapirano <\/a> vam mo\u017ee pru\u017eiti informacije o pristupa\u010dnim mjestima za razli\u010dite osobe s invaliditetom.<\/li><\/ul>\n\n\n<ul><li>Studentske udruge va\u0161eg sveu\u010dili\u0161ta doma\u0107ina.<\/li><\/ul>\n\n\n<p>Ako niste student, i za vas postoje i korisne organizacije:<\/p>\n\n\n\n<ul><li>organizacije koje vas \u0161alju ili primaju mogu vam pru\u017eiti informacije.<\/li><\/ul>\n\n\n<ul><li>Erasmus + nacionalne agencije<\/li><\/ul>\n\n\n<ul><li><a href=\"https:\/\/esn.org\/sections\" target=\"_blank\" rel=\"noreferrer noopener\" aria-label=\" (opens in a new tab)\">Erasmus Student Network (ESN) associations<\/a> prisutna je diljem Europe<\/li><\/ul>\n\n\n<p><\/p>\n<\/div>\n<\/div>\n\n<p>Da biste dobili vi\u0161e kontakata u svojoj zemlji i odredi\u0161nom gradu, mo\u017eete kontaktirati institucije\/organizacije navedene na na\u0161oj karti (u izradi). Preusmjerit \u0107e vas na prave ljude.<\/p>\n\n<div style=\"height:32px\" aria-hidden=\"true\" class=\"wp-block-spacer\"><\/div>\n","protected":false},"excerpt":{"rendered":"<p>Mladi s invaliditetom&#13; Pripremite se 1. Savjeti za putovanja Provjerite jesu li svi va\u0161i va\u017eni dokumenti (va\u0161a zdravstvena knji\u017eica, recept &#8230; <a title=\"Pripremite se\" class=\"read-more\" href=\"https:\/\/mobility-with-disabilities.org\/hr\/za-mlade-s-invaliditetom\/pripremite-se\/\">Op\u0161irnije <span class=\"screen-reader-text\">Pripremite se<\/span><\/a><\/p>\n","protected":false},"author":1,"featured_media":0,"parent":3983,"menu_order":0,"comment_status":"closed","ping_status":"closed","template":"","meta":{"_bbp_topic_count":0,"_bbp_reply_count":0,"_bbp_total_topic_count":0,"_bbp_total_reply_count":0,"_bbp_voice_count":0,"_bbp_anonymous_reply_count":0,"_bbp_topic_count_hidden":0,"_bbp_reply_count_hidden":0,"_bbp_forum_subforum_count":0},"yoast_head":"<!-- This site is optimized with the Yoast SEO plugin v17.9 - https:\/\/yoast.com\/wordpress\/plugins\/seo\/ -->\n<title>Pripremite se - Mobility With Disabilities<\/title>\n<meta name=\"description\" content=\"Prona\u0111ite sve savjete koji su vam potrebni za najbolju pripremu va\u0161e me\u0111unarodne mobilnosti (putovanja, stanovanje, zdravstvo, lokalna struktura).\" \/>\n<meta name=\"robots\" content=\"index, follow, max-snippet:-1, max-image-preview:large, max-video-preview:-1\" \/>\n<link rel=\"canonical\" href=\"https:\/\/mobility-with-disabilities.org\/hr\/za-mlade-s-invaliditetom\/pripremite-se\/\" \/>\n<meta property=\"og:locale\" content=\"hr_HR\" \/>\n<meta property=\"og:type\" content=\"article\" \/>\n<meta property=\"og:title\" content=\"Pripremite se - Mobility With Disabilities\" \/>\n<meta property=\"og:description\" content=\"Prona\u0111ite sve savjete koji su vam potrebni za najbolju pripremu va\u0161e me\u0111unarodne mobilnosti (putovanja, stanovanje, zdravstvo, lokalna struktura).\" \/>\n<meta property=\"og:url\" content=\"https:\/\/mobility-with-disabilities.org\/hr\/za-mlade-s-invaliditetom\/pripremite-se\/\" \/>\n<meta property=\"og:site_name\" content=\"Mobility With Disabilities\" \/>\n<meta property=\"article:modified_time\" content=\"2021-07-22T16:29:31+00:00\" \/>\n<meta property=\"og:image\" content=\"https:\/\/mobility-with-disabilities.org\/wp-content\/uploads\/2021\/06\/orange_youthwdis.png\" \/>\n<meta name=\"twitter:card\" content=\"summary_large_image\" \/>\n<meta name=\"twitter:label1\" content=\"Procijenjeno vrijeme \u010ditanja\" \/>\n\t<meta name=\"twitter:data1\" content=\"3 minute\" \/>\n<script type=\"application\/ld+json\" class=\"yoast-schema-graph\">{\"@context\":\"https:\/\/schema.org\",\"@graph\":[{\"@type\":\"Organization\",\"@id\":\"https:\/\/mobility-with-disabilities.org\/#organization\",\"name\":\"Mobility with disabilities\",\"url\":\"https:\/\/mobility-with-disabilities.org\/\",\"sameAs\":[],\"logo\":{\"@type\":\"ImageObject\",\"@id\":\"https:\/\/mobility-with-disabilities.org\/#logo\",\"inLanguage\":\"hr\",\"url\":\"https:\/\/mobility-with-disabilities.org\/wp-content\/uploads\/2019\/11\/logo-Transparent.png\",\"contentUrl\":\"https:\/\/mobility-with-disabilities.org\/wp-content\/uploads\/2019\/11\/logo-Transparent.png\",\"width\":1904,\"height\":638,\"caption\":\"Mobility with disabilities\"},\"image\":{\"@id\":\"https:\/\/mobility-with-disabilities.org\/#logo\"}},{\"@type\":\"WebSite\",\"@id\":\"https:\/\/mobility-with-disabilities.org\/#website\",\"url\":\"https:\/\/mobility-with-disabilities.org\/\",\"name\":\"Mobility With Disabilities\",\"description\":\"\",\"publisher\":{\"@id\":\"https:\/\/mobility-with-disabilities.org\/#organization\"},\"potentialAction\":[{\"@type\":\"SearchAction\",\"target\":{\"@type\":\"EntryPoint\",\"urlTemplate\":\"https:\/\/mobility-with-disabilities.org\/?s={search_term_string}\"},\"query-input\":\"required name=search_term_string\"}],\"inLanguage\":\"hr\"},{\"@type\":\"ImageObject\",\"@id\":\"https:\/\/mobility-with-disabilities.org\/hr\/za-mlade-s-invaliditetom\/pripremite-se\/#primaryimage\",\"inLanguage\":\"hr\",\"url\":\"https:\/\/mobility-with-disabilities.org\/wp-content\/uploads\/2021\/06\/orange_youthwdis.png\",\"contentUrl\":\"https:\/\/mobility-with-disabilities.org\/wp-content\/uploads\/2021\/06\/orange_youthwdis.png\",\"width\":232,\"height\":265},{\"@type\":\"WebPage\",\"@id\":\"https:\/\/mobility-with-disabilities.org\/hr\/za-mlade-s-invaliditetom\/pripremite-se\/#webpage\",\"url\":\"https:\/\/mobility-with-disabilities.org\/hr\/za-mlade-s-invaliditetom\/pripremite-se\/\",\"name\":\"Pripremite se - Mobility With Disabilities\",\"isPartOf\":{\"@id\":\"https:\/\/mobility-with-disabilities.org\/#website\"},\"primaryImageOfPage\":{\"@id\":\"https:\/\/mobility-with-disabilities.org\/hr\/za-mlade-s-invaliditetom\/pripremite-se\/#primaryimage\"},\"datePublished\":\"2021-05-20T15:02:00+00:00\",\"dateModified\":\"2021-07-22T16:29:31+00:00\",\"description\":\"Prona\\u0111ite sve savjete koji su vam potrebni za najbolju pripremu va\\u0161e me\\u0111unarodne mobilnosti (putovanja, stanovanje, zdravstvo, lokalna struktura).\",\"breadcrumb\":{\"@id\":\"https:\/\/mobility-with-disabilities.org\/hr\/za-mlade-s-invaliditetom\/pripremite-se\/#breadcrumb\"},\"inLanguage\":\"hr\",\"potentialAction\":[{\"@type\":\"ReadAction\",\"target\":[\"https:\/\/mobility-with-disabilities.org\/hr\/za-mlade-s-invaliditetom\/pripremite-se\/\"]}]},{\"@type\":\"BreadcrumbList\",\"@id\":\"https:\/\/mobility-with-disabilities.org\/hr\/za-mlade-s-invaliditetom\/pripremite-se\/#breadcrumb\",\"itemListElement\":[{\"@type\":\"ListItem\",\"position\":1,\"name\":\"Accueil\",\"item\":\"https:\/\/mobility-with-disabilities.org\/hr\/\"},{\"@type\":\"ListItem\",\"position\":2,\"name\":\"Za mlade s invaliditetom\",\"item\":\"https:\/\/mobility-with-disabilities.org\/hr\/za-mlade-s-invaliditetom\/\"},{\"@type\":\"ListItem\",\"position\":3,\"name\":\"Pripremite se\"}]}]}<\/script>\n<!-- \/ Yoast SEO plugin. -->","yoast_head_json":{"title":"Pripremite se - Mobility With Disabilities","description":"Prona\u0111ite sve savjete koji su vam potrebni za najbolju pripremu va\u0161e me\u0111unarodne mobilnosti (putovanja, stanovanje, zdravstvo, lokalna struktura).","robots":{"index":"index","follow":"follow","max-snippet":"max-snippet:-1","max-image-preview":"max-image-preview:large","max-video-preview":"max-video-preview:-1"},"canonical":"https:\/\/mobility-with-disabilities.org\/hr\/za-mlade-s-invaliditetom\/pripremite-se\/","og_locale":"hr_HR","og_type":"article","og_title":"Pripremite se - Mobility With Disabilities","og_description":"Prona\u0111ite sve savjete koji su vam potrebni za najbolju pripremu va\u0161e me\u0111unarodne mobilnosti (putovanja, stanovanje, zdravstvo, lokalna struktura).","og_url":"https:\/\/mobility-with-disabilities.org\/hr\/za-mlade-s-invaliditetom\/pripremite-se\/","og_site_name":"Mobility With Disabilities","article_modified_time":"2021-07-22T16:29:31+00:00","og_image":[{"url":"https:\/\/mobility-with-disabilities.org\/wp-content\/uploads\/2021\/06\/orange_youthwdis.png"}],"twitter_card":"summary_large_image","twitter_misc":{"Procijenjeno vrijeme \u010ditanja":"3 minute"},"schema":{"@context":"https:\/\/schema.org","@graph":[{"@type":"Organization","@id":"https:\/\/mobility-with-disabilities.org\/#organization","name":"Mobility with disabilities","url":"https:\/\/mobility-with-disabilities.org\/","sameAs":[],"logo":{"@type":"ImageObject","@id":"https:\/\/mobility-with-disabilities.org\/#logo","inLanguage":"hr","url":"https:\/\/mobility-with-disabilities.org\/wp-content\/uploads\/2019\/11\/logo-Transparent.png","contentUrl":"https:\/\/mobility-with-disabilities.org\/wp-content\/uploads\/2019\/11\/logo-Transparent.png","width":1904,"height":638,"caption":"Mobility with disabilities"},"image":{"@id":"https:\/\/mobility-with-disabilities.org\/#logo"}},{"@type":"WebSite","@id":"https:\/\/mobility-with-disabilities.org\/#website","url":"https:\/\/mobility-with-disabilities.org\/","name":"Mobility With Disabilities","description":"","publisher":{"@id":"https:\/\/mobility-with-disabilities.org\/#organization"},"potentialAction":[{"@type":"SearchAction","target":{"@type":"EntryPoint","urlTemplate":"https:\/\/mobility-with-disabilities.org\/?s={search_term_string}"},"query-input":"required name=search_term_string"}],"inLanguage":"hr"},{"@type":"ImageObject","@id":"https:\/\/mobility-with-disabilities.org\/hr\/za-mlade-s-invaliditetom\/pripremite-se\/#primaryimage","inLanguage":"hr","url":"https:\/\/mobility-with-disabilities.org\/wp-content\/uploads\/2021\/06\/orange_youthwdis.png","contentUrl":"https:\/\/mobility-with-disabilities.org\/wp-content\/uploads\/2021\/06\/orange_youthwdis.png","width":232,"height":265},{"@type":"WebPage","@id":"https:\/\/mobility-with-disabilities.org\/hr\/za-mlade-s-invaliditetom\/pripremite-se\/#webpage","url":"https:\/\/mobility-with-disabilities.org\/hr\/za-mlade-s-invaliditetom\/pripremite-se\/","name":"Pripremite se - Mobility With Disabilities","isPartOf":{"@id":"https:\/\/mobility-with-disabilities.org\/#website"},"primaryImageOfPage":{"@id":"https:\/\/mobility-with-disabilities.org\/hr\/za-mlade-s-invaliditetom\/pripremite-se\/#primaryimage"},"datePublished":"2021-05-20T15:02:00+00:00","dateModified":"2021-07-22T16:29:31+00:00","description":"Prona\u0111ite sve savjete koji su vam potrebni za najbolju pripremu va\u0161e me\u0111unarodne mobilnosti (putovanja, stanovanje, zdravstvo, lokalna struktura).","breadcrumb":{"@id":"https:\/\/mobility-with-disabilities.org\/hr\/za-mlade-s-invaliditetom\/pripremite-se\/#breadcrumb"},"inLanguage":"hr","potentialAction":[{"@type":"ReadAction","target":["https:\/\/mobility-with-disabilities.org\/hr\/za-mlade-s-invaliditetom\/pripremite-se\/"]}]},{"@type":"BreadcrumbList","@id":"https:\/\/mobility-with-disabilities.org\/hr\/za-mlade-s-invaliditetom\/pripremite-se\/#breadcrumb","itemListElement":[{"@type":"ListItem","position":1,"name":"Accueil","item":"https:\/\/mobility-with-disabilities.org\/hr\/"},{"@type":"ListItem","position":2,"name":"Za mlade s invaliditetom","item":"https:\/\/mobility-with-disabilities.org\/hr\/za-mlade-s-invaliditetom\/"},{"@type":"ListItem","position":3,"name":"Pripremite se"}]}]}},"uagb_featured_image_src":{"full":false,"thumbnail":false,"medium":false,"medium_large":false,"large":false,"1536x1536":false,"2048x2048":false,"alm-thumbnail":false,"course_thumbnail":false,"profile_24":false,"profile_48":false,"profile_96":false,"profile_150":false,"profile_300":false},"uagb_author_info":{"display_name":"IMD","author_link":"https:\/\/mobility-with-disabilities.org\/hr\/author\/admin4690\/"},"uagb_comment_info":0,"uagb_excerpt":"Mladi s invaliditetom&#13; Pripremite se 1. Savjeti za putovanja Provjerite jesu li svi va\u0161i va\u017eni dokumenti (va\u0161a zdravstvena knji\u017eica, recept ... Op\u0161irnije Pripremite se","_links":{"self":[{"href":"https:\/\/mobility-with-disabilities.org\/hr\/wp-json\/wp\/v2\/pages\/3999"}],"collection":[{"href":"https:\/\/mobility-with-disabilities.org\/hr\/wp-json\/wp\/v2\/pages"}],"about":[{"href":"https:\/\/mobility-with-disabilities.org\/hr\/wp-json\/wp\/v2\/types\/page"}],"author":[{"embeddable":true,"href":"https:\/\/mobility-with-disabilities.org\/hr\/wp-json\/wp\/v2\/users\/1"}],"replies":[{"embeddable":true,"href":"https:\/\/mobility-with-disabilities.org\/hr\/wp-json\/wp\/v2\/comments?post=3999"}],"version-history":[{"count":4,"href":"https:\/\/mobility-with-disabilities.org\/hr\/wp-json\/wp\/v2\/pages\/3999\/revisions"}],"predecessor-version":[{"id":4945,"href":"https:\/\/mobility-with-disabilities.org\/hr\/wp-json\/wp\/v2\/pages\/3999\/revisions\/4945"}],"up":[{"embeddable":true,"href":"https:\/\/mobility-with-disabilities.org\/hr\/wp-json\/wp\/v2\/pages\/3983"}],"wp:attachment":[{"href":"https:\/\/mobility-with-disabilities.org\/hr\/wp-json\/wp\/v2\/media?parent=3999"}],"curies":[{"name":"wp","href":"https:\/\/api.w.org\/{rel}","templated":true}]}}