{"id":4001,"date":"2021-05-20T17:13:01","date_gmt":"2021-05-20T15:13:01","guid":{"rendered":"https:\/\/mobility-with-disabilities.org\/za-mlade-s-invaliditetom\/drustveni-zivot\/"},"modified":"2021-07-22T18:31:01","modified_gmt":"2021-07-22T16:31:01","slug":"drustveni-zivot","status":"publish","type":"page","link":"https:\/\/mobility-with-disabilities.org\/hr\/za-mlade-s-invaliditetom\/drustveni-zivot\/","title":{"rendered":"DRU\u0160TVENI \u017dIVOT"},"content":{"rendered":"<div class=\"wp-block-image\"><figure class=\"aligncenter size-large is-resized\"><noscript><img src=\"https:\/\/mobility-with-disabilities.org\/wp-content\/uploads\/2021\/06\/orange_youthwdis.png\" alt=\"young with disabilities\" class=\"wp-image-4502\" width=\"114\" height=\"132\"><\/noscript><img src=\"data:image\/svg+xml,%3Csvg%20xmlns%3D%22http%3A%2F%2Fwww.w3.org%2F2000%2Fsvg%22%20viewBox%3D%220%200%20114%20132%22%3E%3C%2Fsvg%3E\" alt=\"young with disabilities\" class=\"wp-image-4502 lazyload\" width=\"114\" height=\"132\" data-src=\"https:\/\/mobility-with-disabilities.org\/wp-content\/uploads\/2021\/06\/orange_youthwdis.png\" loading=\"lazy\"><\/figure><\/div>\n\n<h2 class=\"has-text-align-center\"><a href=\"http:\/\/mobility-with-disabilities.org\/for-youth-with-disabilities\/\">Mladi s invaliditetom <\/a><\/h2>\n\n<div class=\"wp-block-image\"><figure class=\"aligncenter size-full is-resized\"><noscript><img src=\"https:\/\/mobility-with-disabilities.org\/wp-content\/uploads\/2021\/06\/bleu_daily_life.png\" alt class=\"wp-image-4392\" width=\"96\" height=\"87\"><\/noscript><img src=\"data:image\/svg+xml,%3Csvg%20xmlns%3D%22http%3A%2F%2Fwww.w3.org%2F2000%2Fsvg%22%20viewBox%3D%220%200%2096%2087%22%3E%3C%2Fsvg%3E\" alt class=\"wp-image-4392 lazyload\" width=\"96\" height=\"87\" data-src=\"https:\/\/mobility-with-disabilities.org\/wp-content\/uploads\/2021\/06\/bleu_daily_life.png\" loading=\"lazy\"><\/figure><\/div>\n\n<h1 class=\"has-text-align-center block-media-title has-text-color\" style=\"color:#d14905\"><noscript><img width=\"112\" height=\"112\" class=\"wp-image-1407\" style=\"width: 80px;\" src=\"https:\/\/mobility-with-disabilities.org\/wp-content\/uploads\/2019\/11\/Daily-Life.png\" alt><\/noscript><img width=\"112\" height=\"112\" class=\"wp-image-1407 lazyload\" style=\"width: 80px;\" src=\"data:image\/svg+xml,%3Csvg%20xmlns%3D%22http%3A%2F%2Fwww.w3.org%2F2000%2Fsvg%22%20viewBox%3D%220%200%20112%20112%22%3E%3C%2Fsvg%3E\" alt data-src=\"https:\/\/mobility-with-disabilities.org\/wp-content\/uploads\/2019\/11\/Daily-Life.png\" loading=\"lazy\"> DRU\u0160TVENI \u017dIVOT<\/h1>\n\n<p>Dok ste tamo, dobro je baviti se va\u0161im volontiranjem, studiranjem ili sta\u017eiranjem, ali jo\u0161 je bolje u\u017eivati u toj dr\u017eavi. Za vas postoje mnoge prilike.<\/p>\n\n<div class=\"wp-block-columns are-vertically-aligned-center\">\n<div class=\"wp-block-column is-vertically-aligned-center\">\n<h3><strong>1. Prije nego \u0161to stignete <\/strong><\/h3>\n\n\n\n<p>Mo\u017eete se raspitati u gradskom uredu grada u koji putujete koje su sve aktivnosti dostupne. Trebalo bi biti fizi\u010dkih aktivnosti (\u0161etnje, sport, itd.) ili kulturna doga\u0111anja (muzeji, izlo\u017ebe, koncerti, kina, itd.)&#13;\n<\/p>\n\n\n\n<p>Ne zaboravite se informirati o udrugama za osobe s invaliditetom u zemlji u kojoj putujete. Kako biste ih prona\u0161li, mo\u017eete kontaktirati ljude registrirane na karti (u izradi), i oni \u0107e vas usmjeriti prema specifi\u010dnijim udrugama, ili vam izravno pru\u017eiti informacije koje tra\u017eite.&#13;\n<\/p>\n\n\n\n<p>Tako\u0111er, kako biste ste se informirali o zemlji u koju putujete, nemojte se ustru\u010davati pogledati i stranice turisti\u010dkih agencija ili tiskane vodi\u010de.<\/p>\n<\/div>\n\n\n\n<div class=\"wp-block-column is-vertically-aligned-center\">\n<figure class=\"wp-block-image size-full\"><noscript><img width=\"768\" height=\"512\" src=\"https:\/\/mobility-with-disabilities.org\/wp-content\/uploads\/2020\/04\/pexels-photo-3009773opt.jpg\" alt class=\"wp-image-2259\" srcset=\"https:\/\/mobility-with-disabilities.org\/wp-content\/uploads\/2020\/04\/pexels-photo-3009773opt.jpg 768w, https:\/\/mobility-with-disabilities.org\/wp-content\/uploads\/2020\/04\/pexels-photo-3009773opt-300x200.jpg 300w, https:\/\/mobility-with-disabilities.org\/wp-content\/uploads\/2020\/04\/pexels-photo-3009773opt-24x16.jpg 24w, https:\/\/mobility-with-disabilities.org\/wp-content\/uploads\/2020\/04\/pexels-photo-3009773opt-36x24.jpg 36w, https:\/\/mobility-with-disabilities.org\/wp-content\/uploads\/2020\/04\/pexels-photo-3009773opt-48x32.jpg 48w\" sizes=\"(max-width: 768px) 100vw, 768px\"><\/noscript><img width=\"768\" height=\"512\" src=\"data:image\/svg+xml,%3Csvg%20xmlns%3D%22http%3A%2F%2Fwww.w3.org%2F2000%2Fsvg%22%20viewBox%3D%220%200%20768%20512%22%3E%3C%2Fsvg%3E\" alt class=\"wp-image-2259 lazyload\" srcset=\"data:image\/svg+xml,%3Csvg%20xmlns%3D%22http%3A%2F%2Fwww.w3.org%2F2000%2Fsvg%22%20viewBox%3D%220%200%20768%20512%22%3E%3C%2Fsvg%3E 768w\" sizes=\"(max-width: 768px) 100vw, 768px\" data-srcset=\"https:\/\/mobility-with-disabilities.org\/wp-content\/uploads\/2020\/04\/pexels-photo-3009773opt.jpg 768w, https:\/\/mobility-with-disabilities.org\/wp-content\/uploads\/2020\/04\/pexels-photo-3009773opt-300x200.jpg 300w, https:\/\/mobility-with-disabilities.org\/wp-content\/uploads\/2020\/04\/pexels-photo-3009773opt-24x16.jpg 24w, https:\/\/mobility-with-disabilities.org\/wp-content\/uploads\/2020\/04\/pexels-photo-3009773opt-36x24.jpg 36w, https:\/\/mobility-with-disabilities.org\/wp-content\/uploads\/2020\/04\/pexels-photo-3009773opt-48x32.jpg 48w\" data-src=\"https:\/\/mobility-with-disabilities.org\/wp-content\/uploads\/2020\/04\/pexels-photo-3009773opt.jpg\" loading=\"lazy\"><figcaption>Tri \u017eene i mu\u0161karac nazdravljaju u baru<\/figcaption><\/figure>\n\n\n<p><\/p>\n<\/div>\n<\/div>\n\n<p>Tako\u0111er mo\u017eete i potra\u017eiti blogove koje su pisali ljudi s invaliditetom, ili skupine iseljenika iz va\u0161e zemlje na Facebooku. Ovako \u0107ete doznati popularne aktivnosti u zemlji u koju putujete, navike i obi\u010daje, jer \u0107e svaka dr\u017eava imati svoju kulturu i percepciju invaliditeta. Slobodno pogledajte i stranicu s novostima na na\u0161em portalu, na\u0107i \u0107ete preporuke za blogove i \u0161to\u0161ta drugo.<\/p>\n\n<p>Ako ste student, udruge vam mogu pokazati najbolja mjesta za izlaske, za jesti, kako se kretati, \u0161to vidjeti u gradu i regiji. Bitno je da se pribli\u017eite mladima, jer \u0107e vam oni pomo\u0107i integrirati se u grad u koji ste stigli.&#13;\nKako biste doznali vi\u0161e o lokalnim udrugama koje organiziraju kulturna doga\u0111anja i druge aktivnosti za studente, pogledajte ESN lokalne sekcije<\/p>\n\n<p>Kako biste doznali vi\u0161e o lokalnim udrugama koje organiziraju kulturna doga\u0111anja i druge aktivnosti za studente, pogledajte ESN lokalne sekcije .<br><a href=\"https:\/\/esn.org\/sections\" target=\"_blank\" rel=\"noreferrer noopener\">https:\/\/esn.org\/sections<\/a><\/p>\n\n<div style=\"height:50px\" aria-hidden=\"true\" class=\"wp-block-spacer\"><\/div>\n\n<div class=\"wp-block-image\"><figure class=\"aligncenter size-large is-resized\"><noscript><img src=\"https:\/\/mobility-with-disabilities.org\/wp-content\/uploads\/2020\/03\/home-1-150x150.png\" alt class=\"wp-image-1401\" width=\"150\" height=\"150\" srcset=\"https:\/\/mobility-with-disabilities.org\/wp-content\/uploads\/2020\/03\/home-1.png 150w, https:\/\/mobility-with-disabilities.org\/wp-content\/uploads\/2020\/03\/home-1-24x24.png 24w, https:\/\/mobility-with-disabilities.org\/wp-content\/uploads\/2020\/03\/home-1-36x36.png 36w, https:\/\/mobility-with-disabilities.org\/wp-content\/uploads\/2020\/03\/home-1-48x48.png 48w\" sizes=\"(max-width: 150px) 100vw, 150px\"><\/noscript><img src=\"data:image\/svg+xml,%3Csvg%20xmlns%3D%22http%3A%2F%2Fwww.w3.org%2F2000%2Fsvg%22%20viewBox%3D%220%200%20150%20150%22%3E%3C%2Fsvg%3E\" alt class=\"wp-image-1401 lazyload\" width=\"150\" height=\"150\" srcset=\"data:image\/svg+xml,%3Csvg%20xmlns%3D%22http%3A%2F%2Fwww.w3.org%2F2000%2Fsvg%22%20viewBox%3D%220%200%20150%20150%22%3E%3C%2Fsvg%3E 150w\" sizes=\"(max-width: 150px) 100vw, 150px\" data-srcset=\"https:\/\/mobility-with-disabilities.org\/wp-content\/uploads\/2020\/03\/home-1.png 150w, https:\/\/mobility-with-disabilities.org\/wp-content\/uploads\/2020\/03\/home-1-24x24.png 24w, https:\/\/mobility-with-disabilities.org\/wp-content\/uploads\/2020\/03\/home-1-36x36.png 36w, https:\/\/mobility-with-disabilities.org\/wp-content\/uploads\/2020\/03\/home-1-48x48.png 48w\" data-src=\"https:\/\/mobility-with-disabilities.org\/wp-content\/uploads\/2020\/03\/home-1-150x150.png\" loading=\"lazy\"><\/figure><\/div>\n\n<h3 class=\"has-text-align-center\">2. Ostanite u kontaktu sa svojim domom<\/h3>\n\n<div class=\"wp-block-columns\">\n<div class=\"wp-block-column\">\n<p>Za vrijeme me\u0111unarodne mobilnosti, uistinu je va\u017eno da odr\u017eavate kontakte s onima koji su vam bliski. Radilo se tu o obitelji, prijateljima, u\u010diteljima, itd.&#13;\n<\/p>\n\n\n\n<p>Postoje mnogi na\u010dini za odr\u017eavati redovne kontakte. Mo\u017eete se koristiti konvencionalnim na\u010dinima, poput telefona (znaju\u0107i da su pozivi unutar EU jeftini). Kako bi saznali vi\u0161e o besplatnom roamingu, kliknite ovu poveznicu:&#13;\n<\/p>\n\n\n\n<p><a href=\"https:\/\/europa.eu\/youreurope\/citizens\/consumers\/internet-telecoms\/mobile-roaming-costs\/index_en.htm\">https:\/\/europa.eu\/youreurope\/citizens\/consumers\/internet-telecoms\/mobile-roaming-costs\/index_en.htm<\/a><\/p>\n\n\n\n<p>Tako\u0111er je mogu\u0107e koristiti se dru\u0161tvenim mre\u017eama (Facebook, Twitter, WhatsApp, Instagram, itd.) koje su brojne i besplatne (Pazite samo na cijenu kori\u0161tenja internet kod svojeg pru\u017eatelja mobilne usluge).&#13;\n<\/p>\n<\/div>\n\n\n\n<div class=\"wp-block-column\">\n<p>Osim toga, formalnije, mo\u017eete jo\u0161 uvijek slati pisma ili razglednice. Ako vam je tako dra\u017ee, mo\u017eete napraviti i blog ili dijeliti video snimke (YouTube, Instagram, Snapchat, itd.) kako bi podijelili svoja raznolika iskustva s rodbinom.&#13;\n<\/p>\n\n\n\n<p>To je tako\u0111er i prilika da podijelite svoje iskustvo i s drugim mladima s invaliditetom da je \u017eivjeti u inozemstvu mogu\u0107e!<\/p>\n\n\n\n<div class=\"wp-block-image\"><figure class=\"aligncenter size-large is-resized\"><noscript><img src=\"https:\/\/mobility-with-disabilities.org\/wp-content\/uploads\/2021\/06\/orange_TDI.png\" alt class=\"wp-image-4492\" width=\"106\" height=\"126\"><\/noscript><img src=\"data:image\/svg+xml,%3Csvg%20xmlns%3D%22http%3A%2F%2Fwww.w3.org%2F2000%2Fsvg%22%20viewBox%3D%220%200%20106%20126%22%3E%3C%2Fsvg%3E\" alt class=\"wp-image-4492 lazyload\" width=\"106\" height=\"126\" data-src=\"https:\/\/mobility-with-disabilities.org\/wp-content\/uploads\/2021\/06\/orange_TDI.png\" loading=\"lazy\"><\/figure><\/div>\n\n\n\n<p class=\"has-text-align-center\"><strong><a href=\"http:\/\/mobility-with-disabilities.org\/they-did-it\/\"> I oni su to u\u010dinili! <\/a><\/strong><\/p>\n<\/div>\n<\/div>\n\n<h3>3. NA LOKACIJI<\/h3>\n\n<h4><strong> Pristupa\u010dnost <\/strong><\/h4>\n\n<p>Web stranica HandiPlanet <a rel=\"noreferrer noopener\" aria-label=\" (opens in a new tab)\" href=\"https:\/\/handiplanet.com\/\" target=\"_blank\">https:\/\/handiplanet.com\/<\/a> pokazuje u nekolicini velikih gradova atrakcije i mjesta koja su dostupna osobama s invaliditetom.<\/p>\n\n<p>Kako biste sudjelovali u kulturalnim zbivanjima i doga\u0111anjima solidarnosti, mo\u017eete se obratiti najbli\u017eoj ESN sekciji. Prona\u0111ite njihov kontakt uz pomo\u0107 ove poveznice: <a href=\"https:\/\/esn.org\/sections\">https:\/\/esn.org\/sections<\/a><\/p>\n\n<div class=\"wp-block-columns are-vertically-aligned-center\">\n<div class=\"wp-block-column is-vertically-aligned-center\">\n<figure class=\"wp-block-image size-large\"><noscript><img width=\"768\" height=\"512\" src=\"https:\/\/mobility-with-disabilities.org\/wp-content\/uploads\/2020\/04\/pexels-photo-4064227opt.jpg\" alt class=\"wp-image-2264\" srcset=\"https:\/\/mobility-with-disabilities.org\/wp-content\/uploads\/2020\/04\/pexels-photo-4064227opt.jpg 768w, https:\/\/mobility-with-disabilities.org\/wp-content\/uploads\/2020\/04\/pexels-photo-4064227opt-300x200.jpg 300w, https:\/\/mobility-with-disabilities.org\/wp-content\/uploads\/2020\/04\/pexels-photo-4064227opt-24x16.jpg 24w, https:\/\/mobility-with-disabilities.org\/wp-content\/uploads\/2020\/04\/pexels-photo-4064227opt-36x24.jpg 36w, https:\/\/mobility-with-disabilities.org\/wp-content\/uploads\/2020\/04\/pexels-photo-4064227opt-48x32.jpg 48w\" sizes=\"(max-width: 768px) 100vw, 768px\"><\/noscript><img width=\"768\" height=\"512\" src=\"data:image\/svg+xml,%3Csvg%20xmlns%3D%22http%3A%2F%2Fwww.w3.org%2F2000%2Fsvg%22%20viewBox%3D%220%200%20768%20512%22%3E%3C%2Fsvg%3E\" alt class=\"wp-image-2264 lazyload\" srcset=\"data:image\/svg+xml,%3Csvg%20xmlns%3D%22http%3A%2F%2Fwww.w3.org%2F2000%2Fsvg%22%20viewBox%3D%220%200%20768%20512%22%3E%3C%2Fsvg%3E 768w\" sizes=\"(max-width: 768px) 100vw, 768px\" data-srcset=\"https:\/\/mobility-with-disabilities.org\/wp-content\/uploads\/2020\/04\/pexels-photo-4064227opt.jpg 768w, https:\/\/mobility-with-disabilities.org\/wp-content\/uploads\/2020\/04\/pexels-photo-4064227opt-300x200.jpg 300w, https:\/\/mobility-with-disabilities.org\/wp-content\/uploads\/2020\/04\/pexels-photo-4064227opt-24x16.jpg 24w, https:\/\/mobility-with-disabilities.org\/wp-content\/uploads\/2020\/04\/pexels-photo-4064227opt-36x24.jpg 36w, https:\/\/mobility-with-disabilities.org\/wp-content\/uploads\/2020\/04\/pexels-photo-4064227opt-48x32.jpg 48w\" data-src=\"https:\/\/mobility-with-disabilities.org\/wp-content\/uploads\/2020\/04\/pexels-photo-4064227opt.jpg\" loading=\"lazy\"><figcaption>\u017dena razgovara na mobitelu ispred svojeg ra\u010dunala<\/figcaption><\/figure><\/div>\n\n\n\n<div class=\"wp-block-column is-vertically-aligned-center\">\n<h4><strong>U hitnim slu\u010dajevima&#13;\n<\/strong><\/h4>\n\n\n\n<p>Nu\u017eno je imati karticu za hitne slu\u010dajeve na kojoj se nalaze svi telefonski kontakti koje treba nazvati ako do\u0111e do problema (brojevi pru\u017eatelja skrbi, ambasade ili konzulata, adresa i broj najbli\u017ee bolnice).&#13;\n<\/p>\n\n\n\n<p>U hitnim slu\u010dajevima, europski broj za hitne slu\u010dajeve je <strong>112<\/strong>. Ovo je besplatan broj.&#13;\nKorisni dokumenti&#13;\n<\/p>\n<\/div>\n<\/div>\n\n<h4>Korisni dokumenti<\/h4>\n\n<div class=\"wp-block-columns\">\n<div class=\"wp-block-column\">\n<div class=\"wp-block-file aligncenter\"><a href=\"http:\/\/mobility-with-disabilities.org\/wp-content\/uploads\/2020\/03\/Fiche-contact-urgence-EN-HZ.pdf\">Preuzimanje liste bitnih podataka za hitne slu\u010dajeve<br><\/a><a href=\"http:\/\/mobility-with-disabilities.org\/wp-content\/uploads\/2020\/03\/Fiche-contact-urgence-EN-HZ.pdf\" class=\"wp-block-file__button\" download>Preuzeti<\/a><\/div>\n<\/div>\n\n\n\n<div class=\"wp-block-column\"><\/div>\n\n\n\n<div class=\"wp-block-column\"><\/div>\n<\/div>\n","protected":false},"excerpt":{"rendered":"<p>Mladi s invaliditetom DRU\u0160TVENI \u017dIVOT Dok ste tamo, dobro je baviti se va\u0161im volontiranjem, studiranjem ili sta\u017eiranjem, ali jo\u0161 je &#8230; <a title=\"DRU\u0160TVENI \u017dIVOT\" class=\"read-more\" href=\"https:\/\/mobility-with-disabilities.org\/hr\/za-mlade-s-invaliditetom\/drustveni-zivot\/\">Op\u0161irnije <span class=\"screen-reader-text\">DRU\u0160TVENI \u017dIVOT<\/span><\/a><\/p>\n","protected":false},"author":1,"featured_media":0,"parent":3983,"menu_order":0,"comment_status":"closed","ping_status":"closed","template":"","meta":{"_bbp_topic_count":0,"_bbp_reply_count":0,"_bbp_total_topic_count":0,"_bbp_total_reply_count":0,"_bbp_voice_count":0,"_bbp_anonymous_reply_count":0,"_bbp_topic_count_hidden":0,"_bbp_reply_count_hidden":0,"_bbp_forum_subforum_count":0},"yoast_head":"<!-- This site is optimized with the Yoast SEO plugin v17.9 - https:\/\/yoast.com\/wordpress\/plugins\/seo\/ -->\n<title>DRU\u0160TVENI \u017dIVOT - Mobility With Disabilities<\/title>\n<meta name=\"description\" content=\"Prona\u0111ite informacije i savjete koji se odnose na svakodnevni \u017eivot (pristupa\u010dnost i sigurnost, dru\u0161tveni \u017eivot, u slu\u010daju nu\u017ede, ostanite u kontaktu sa svojim domom).\" \/>\n<meta name=\"robots\" content=\"index, follow, max-snippet:-1, max-image-preview:large, max-video-preview:-1\" \/>\n<link rel=\"canonical\" href=\"https:\/\/mobility-with-disabilities.org\/hr\/za-mlade-s-invaliditetom\/drustveni-zivot\/\" \/>\n<meta property=\"og:locale\" content=\"hr_HR\" \/>\n<meta property=\"og:type\" content=\"article\" \/>\n<meta property=\"og:title\" content=\"DRU\u0160TVENI \u017dIVOT - Mobility With Disabilities\" \/>\n<meta property=\"og:description\" content=\"Prona\u0111ite informacije i savjete koji se odnose na svakodnevni \u017eivot (pristupa\u010dnost i sigurnost, dru\u0161tveni \u017eivot, u slu\u010daju nu\u017ede, ostanite u kontaktu sa svojim domom).\" \/>\n<meta property=\"og:url\" content=\"https:\/\/mobility-with-disabilities.org\/hr\/za-mlade-s-invaliditetom\/drustveni-zivot\/\" \/>\n<meta property=\"og:site_name\" content=\"Mobility With Disabilities\" \/>\n<meta property=\"article:modified_time\" content=\"2021-07-22T16:31:01+00:00\" \/>\n<meta property=\"og:image\" content=\"https:\/\/mobility-with-disabilities.org\/wp-content\/uploads\/2021\/06\/orange_youthwdis.png\" \/>\n<meta name=\"twitter:card\" content=\"summary_large_image\" \/>\n<meta name=\"twitter:label1\" content=\"Procijenjeno vrijeme \u010ditanja\" \/>\n\t<meta name=\"twitter:data1\" content=\"4 minute\" \/>\n<script type=\"application\/ld+json\" class=\"yoast-schema-graph\">{\"@context\":\"https:\/\/schema.org\",\"@graph\":[{\"@type\":\"Organization\",\"@id\":\"https:\/\/mobility-with-disabilities.org\/#organization\",\"name\":\"Mobility with disabilities\",\"url\":\"https:\/\/mobility-with-disabilities.org\/\",\"sameAs\":[],\"logo\":{\"@type\":\"ImageObject\",\"@id\":\"https:\/\/mobility-with-disabilities.org\/#logo\",\"inLanguage\":\"hr\",\"url\":\"https:\/\/mobility-with-disabilities.org\/wp-content\/uploads\/2019\/11\/logo-Transparent.png\",\"contentUrl\":\"https:\/\/mobility-with-disabilities.org\/wp-content\/uploads\/2019\/11\/logo-Transparent.png\",\"width\":1904,\"height\":638,\"caption\":\"Mobility with disabilities\"},\"image\":{\"@id\":\"https:\/\/mobility-with-disabilities.org\/#logo\"}},{\"@type\":\"WebSite\",\"@id\":\"https:\/\/mobility-with-disabilities.org\/#website\",\"url\":\"https:\/\/mobility-with-disabilities.org\/\",\"name\":\"Mobility With Disabilities\",\"description\":\"\",\"publisher\":{\"@id\":\"https:\/\/mobility-with-disabilities.org\/#organization\"},\"potentialAction\":[{\"@type\":\"SearchAction\",\"target\":{\"@type\":\"EntryPoint\",\"urlTemplate\":\"https:\/\/mobility-with-disabilities.org\/?s={search_term_string}\"},\"query-input\":\"required name=search_term_string\"}],\"inLanguage\":\"hr\"},{\"@type\":\"ImageObject\",\"@id\":\"https:\/\/mobility-with-disabilities.org\/hr\/za-mlade-s-invaliditetom\/drustveni-zivot\/#primaryimage\",\"inLanguage\":\"hr\",\"url\":\"https:\/\/mobility-with-disabilities.org\/wp-content\/uploads\/2021\/06\/orange_youthwdis.png\",\"contentUrl\":\"https:\/\/mobility-with-disabilities.org\/wp-content\/uploads\/2021\/06\/orange_youthwdis.png\",\"width\":232,\"height\":265},{\"@type\":\"WebPage\",\"@id\":\"https:\/\/mobility-with-disabilities.org\/hr\/za-mlade-s-invaliditetom\/drustveni-zivot\/#webpage\",\"url\":\"https:\/\/mobility-with-disabilities.org\/hr\/za-mlade-s-invaliditetom\/drustveni-zivot\/\",\"name\":\"DRU\\u0160TVENI \\u017dIVOT - Mobility With Disabilities\",\"isPartOf\":{\"@id\":\"https:\/\/mobility-with-disabilities.org\/#website\"},\"primaryImageOfPage\":{\"@id\":\"https:\/\/mobility-with-disabilities.org\/hr\/za-mlade-s-invaliditetom\/drustveni-zivot\/#primaryimage\"},\"datePublished\":\"2021-05-20T15:13:01+00:00\",\"dateModified\":\"2021-07-22T16:31:01+00:00\",\"description\":\"Prona\\u0111ite informacije i savjete koji se odnose na svakodnevni \\u017eivot (pristupa\\u010dnost i sigurnost, dru\\u0161tveni \\u017eivot, u slu\\u010daju nu\\u017ede, ostanite u kontaktu sa svojim domom).\",\"breadcrumb\":{\"@id\":\"https:\/\/mobility-with-disabilities.org\/hr\/za-mlade-s-invaliditetom\/drustveni-zivot\/#breadcrumb\"},\"inLanguage\":\"hr\",\"potentialAction\":[{\"@type\":\"ReadAction\",\"target\":[\"https:\/\/mobility-with-disabilities.org\/hr\/za-mlade-s-invaliditetom\/drustveni-zivot\/\"]}]},{\"@type\":\"BreadcrumbList\",\"@id\":\"https:\/\/mobility-with-disabilities.org\/hr\/za-mlade-s-invaliditetom\/drustveni-zivot\/#breadcrumb\",\"itemListElement\":[{\"@type\":\"ListItem\",\"position\":1,\"name\":\"Accueil\",\"item\":\"https:\/\/mobility-with-disabilities.org\/hr\/\"},{\"@type\":\"ListItem\",\"position\":2,\"name\":\"Za mlade s invaliditetom\",\"item\":\"https:\/\/mobility-with-disabilities.org\/hr\/za-mlade-s-invaliditetom\/\"},{\"@type\":\"ListItem\",\"position\":3,\"name\":\"DRU\\u0160TVENI \\u017dIVOT\"}]}]}<\/script>\n<!-- \/ Yoast SEO plugin. -->","yoast_head_json":{"title":"DRU\u0160TVENI \u017dIVOT - Mobility With Disabilities","description":"Prona\u0111ite informacije i savjete koji se odnose na svakodnevni \u017eivot (pristupa\u010dnost i sigurnost, dru\u0161tveni \u017eivot, u slu\u010daju nu\u017ede, ostanite u kontaktu sa svojim domom).","robots":{"index":"index","follow":"follow","max-snippet":"max-snippet:-1","max-image-preview":"max-image-preview:large","max-video-preview":"max-video-preview:-1"},"canonical":"https:\/\/mobility-with-disabilities.org\/hr\/za-mlade-s-invaliditetom\/drustveni-zivot\/","og_locale":"hr_HR","og_type":"article","og_title":"DRU\u0160TVENI \u017dIVOT - Mobility With Disabilities","og_description":"Prona\u0111ite informacije i savjete koji se odnose na svakodnevni \u017eivot (pristupa\u010dnost i sigurnost, dru\u0161tveni \u017eivot, u slu\u010daju nu\u017ede, ostanite u kontaktu sa svojim domom).","og_url":"https:\/\/mobility-with-disabilities.org\/hr\/za-mlade-s-invaliditetom\/drustveni-zivot\/","og_site_name":"Mobility With Disabilities","article_modified_time":"2021-07-22T16:31:01+00:00","og_image":[{"url":"https:\/\/mobility-with-disabilities.org\/wp-content\/uploads\/2021\/06\/orange_youthwdis.png"}],"twitter_card":"summary_large_image","twitter_misc":{"Procijenjeno vrijeme \u010ditanja":"4 minute"},"schema":{"@context":"https:\/\/schema.org","@graph":[{"@type":"Organization","@id":"https:\/\/mobility-with-disabilities.org\/#organization","name":"Mobility with disabilities","url":"https:\/\/mobility-with-disabilities.org\/","sameAs":[],"logo":{"@type":"ImageObject","@id":"https:\/\/mobility-with-disabilities.org\/#logo","inLanguage":"hr","url":"https:\/\/mobility-with-disabilities.org\/wp-content\/uploads\/2019\/11\/logo-Transparent.png","contentUrl":"https:\/\/mobility-with-disabilities.org\/wp-content\/uploads\/2019\/11\/logo-Transparent.png","width":1904,"height":638,"caption":"Mobility with disabilities"},"image":{"@id":"https:\/\/mobility-with-disabilities.org\/#logo"}},{"@type":"WebSite","@id":"https:\/\/mobility-with-disabilities.org\/#website","url":"https:\/\/mobility-with-disabilities.org\/","name":"Mobility With Disabilities","description":"","publisher":{"@id":"https:\/\/mobility-with-disabilities.org\/#organization"},"potentialAction":[{"@type":"SearchAction","target":{"@type":"EntryPoint","urlTemplate":"https:\/\/mobility-with-disabilities.org\/?s={search_term_string}"},"query-input":"required name=search_term_string"}],"inLanguage":"hr"},{"@type":"ImageObject","@id":"https:\/\/mobility-with-disabilities.org\/hr\/za-mlade-s-invaliditetom\/drustveni-zivot\/#primaryimage","inLanguage":"hr","url":"https:\/\/mobility-with-disabilities.org\/wp-content\/uploads\/2021\/06\/orange_youthwdis.png","contentUrl":"https:\/\/mobility-with-disabilities.org\/wp-content\/uploads\/2021\/06\/orange_youthwdis.png","width":232,"height":265},{"@type":"WebPage","@id":"https:\/\/mobility-with-disabilities.org\/hr\/za-mlade-s-invaliditetom\/drustveni-zivot\/#webpage","url":"https:\/\/mobility-with-disabilities.org\/hr\/za-mlade-s-invaliditetom\/drustveni-zivot\/","name":"DRU\u0160TVENI \u017dIVOT - Mobility With Disabilities","isPartOf":{"@id":"https:\/\/mobility-with-disabilities.org\/#website"},"primaryImageOfPage":{"@id":"https:\/\/mobility-with-disabilities.org\/hr\/za-mlade-s-invaliditetom\/drustveni-zivot\/#primaryimage"},"datePublished":"2021-05-20T15:13:01+00:00","dateModified":"2021-07-22T16:31:01+00:00","description":"Prona\u0111ite informacije i savjete koji se odnose na svakodnevni \u017eivot (pristupa\u010dnost i sigurnost, dru\u0161tveni \u017eivot, u slu\u010daju nu\u017ede, ostanite u kontaktu sa svojim domom).","breadcrumb":{"@id":"https:\/\/mobility-with-disabilities.org\/hr\/za-mlade-s-invaliditetom\/drustveni-zivot\/#breadcrumb"},"inLanguage":"hr","potentialAction":[{"@type":"ReadAction","target":["https:\/\/mobility-with-disabilities.org\/hr\/za-mlade-s-invaliditetom\/drustveni-zivot\/"]}]},{"@type":"BreadcrumbList","@id":"https:\/\/mobility-with-disabilities.org\/hr\/za-mlade-s-invaliditetom\/drustveni-zivot\/#breadcrumb","itemListElement":[{"@type":"ListItem","position":1,"name":"Accueil","item":"https:\/\/mobility-with-disabilities.org\/hr\/"},{"@type":"ListItem","position":2,"name":"Za mlade s invaliditetom","item":"https:\/\/mobility-with-disabilities.org\/hr\/za-mlade-s-invaliditetom\/"},{"@type":"ListItem","position":3,"name":"DRU\u0160TVENI \u017dIVOT"}]}]}},"uagb_featured_image_src":{"full":false,"thumbnail":false,"medium":false,"medium_large":false,"large":false,"1536x1536":false,"2048x2048":false,"alm-thumbnail":false,"course_thumbnail":false,"profile_24":false,"profile_48":false,"profile_96":false,"profile_150":false,"profile_300":false},"uagb_author_info":{"display_name":"IMD","author_link":"https:\/\/mobility-with-disabilities.org\/hr\/author\/admin4690\/"},"uagb_comment_info":0,"uagb_excerpt":"Mladi s invaliditetom DRU\u0160TVENI \u017dIVOT Dok ste tamo, dobro je baviti se va\u0161im volontiranjem, studiranjem ili sta\u017eiranjem, ali jo\u0161 je ... Op\u0161irnije DRU\u0160TVENI \u017dIVOT","_links":{"self":[{"href":"https:\/\/mobility-with-disabilities.org\/hr\/wp-json\/wp\/v2\/pages\/4001"}],"collection":[{"href":"https:\/\/mobility-with-disabilities.org\/hr\/wp-json\/wp\/v2\/pages"}],"about":[{"href":"https:\/\/mobility-with-disabilities.org\/hr\/wp-json\/wp\/v2\/types\/page"}],"author":[{"embeddable":true,"href":"https:\/\/mobility-with-disabilities.org\/hr\/wp-json\/wp\/v2\/users\/1"}],"replies":[{"embeddable":true,"href":"https:\/\/mobility-with-disabilities.org\/hr\/wp-json\/wp\/v2\/comments?post=4001"}],"version-history":[{"count":3,"href":"https:\/\/mobility-with-disabilities.org\/hr\/wp-json\/wp\/v2\/pages\/4001\/revisions"}],"predecessor-version":[{"id":4947,"href":"https:\/\/mobility-with-disabilities.org\/hr\/wp-json\/wp\/v2\/pages\/4001\/revisions\/4947"}],"up":[{"embeddable":true,"href":"https:\/\/mobility-with-disabilities.org\/hr\/wp-json\/wp\/v2\/pages\/3983"}],"wp:attachment":[{"href":"https:\/\/mobility-with-disabilities.org\/hr\/wp-json\/wp\/v2\/media?parent=4001"}],"curies":[{"name":"wp","href":"https:\/\/api.w.org\/{rel}","templated":true}]}}