{"id":4003,"date":"2021-05-20T17:23:01","date_gmt":"2021-05-20T15:23:01","guid":{"rendered":"https:\/\/mobility-with-disabilities.org\/za-mlade-s-invaliditetom\/povratak\/"},"modified":"2021-07-22T18:28:53","modified_gmt":"2021-07-22T16:28:53","slug":"povratak","status":"publish","type":"page","link":"https:\/\/mobility-with-disabilities.org\/hr\/za-mlade-s-invaliditetom\/povratak\/","title":{"rendered":"POVRATAK"},"content":{"rendered":"<div class=\"wp-block-image\"><figure class=\"aligncenter size-large is-resized\"><noscript><img src=\"https:\/\/mobility-with-disabilities.org\/wp-content\/uploads\/2021\/06\/orange_youthwdis.png\" alt=\"young with disabilities\" class=\"wp-image-4502\" width=\"130\" height=\"147\"><\/noscript><img src=\"data:image\/svg+xml,%3Csvg%20xmlns%3D%22http%3A%2F%2Fwww.w3.org%2F2000%2Fsvg%22%20viewBox%3D%220%200%20130%20147%22%3E%3C%2Fsvg%3E\" alt=\"young with disabilities\" class=\"wp-image-4502 lazyload\" width=\"130\" height=\"147\" data-src=\"https:\/\/mobility-with-disabilities.org\/wp-content\/uploads\/2021\/06\/orange_youthwdis.png\" loading=\"lazy\"><\/figure><\/div>\n\n<h2 class=\"has-text-align-center\"><a href=\"http:\/\/mobility-with-disabilities.org\/for-youth-with-disabilities\/\">Mladi s invaliditetom&#13;\n<\/a><\/h2>\n\n<div class=\"wp-block-image\"><figure class=\"aligncenter size-large is-resized\"><noscript><img src=\"https:\/\/mobility-with-disabilities.org\/wp-content\/uploads\/2021\/06\/blue_coming-back.png\" alt class=\"wp-image-4412\" width=\"80\"><\/noscript><img src=\"data:image\/gif;base64,R0lGODlhAQABAIAAAAAAAP\/\/\/yH5BAEAAAAALAAAAAABAAEAAAIBRAA7\" alt class=\"wp-image-4412 lazyload\" width=\"80\" data-src=\"https:\/\/mobility-with-disabilities.org\/wp-content\/uploads\/2021\/06\/blue_coming-back.png\" loading=\"lazy\"><\/figure><\/div>\n\n<h1 class=\"has-text-align-center block-media-title has-text-color\" style=\"color:#d14905\">COMING BACK<\/h1>\n\n<p>Jednom kada se vratite, bitno je naglasiti \u0161to ste nau\u010dili tijekom boravka u inozemstvu. To \u0107e biti od velike pomo\u0107i za va\u0161u profesionalnu i osobnu budu\u0107nost. Na vama je da odredite \u0161to vas je najvi\u0161e obogatilo.<\/p>\n\n<h3>Otkrijte svoje nove vje\u0161tine<\/h3>\n\n<p>Kako biste uspjeli razumjeti vje\u0161tine koje ste uspjeli ste\u0107i, bitno je da razmislite \u0161to ste sve razvili kao <b>\u201cmeke vje\u0161tine\u201d<\/b>, koje ste vjerojatno razvili tokom svoje mobilnosti, i nau\u010dite ih cijeniti. Meke vje\u0161tine su emotivne i me\u0111uodnosne vje\u0161tine (poput adaptacije kreativne komunikacije, itd.), dok su <b>\u201ctvrde vje\u0161tine\u201d<\/b> tehni\u010dke (diplome, ocjene, certifikati, formalne vje\u0161tine).<\/p>\n\n<p>Mo\u017eete procijeniti svoje meke vje\u0161tine na kraju svoje mobilnosti, no bitno je da tu procjenu imate u vidu za vrijeme svoje mobilnosti. Postavite si pitanje \u0161to ste uspjeli nau\u010diti (Kako sam napredovao na ovom putovanju? Koje sam vje\u0161tine razvio? Itd.) Vje\u0161tine kao \u0161to su prilagodba, tolerancija, timski duh ili \u010dak u\u010denje jezika su vje\u0161tine koje se cijene na CV-u ili za vrijeme razgovora za posao.<\/p>\n\n<div class=\"wp-block-columns are-vertically-aligned-center\">\n<div class=\"wp-block-column is-vertically-aligned-center\">\n<h3>Neki alati koji vam mogu pomo\u0107i<\/h3>\n\n\n\n<ul><li>Mo\u017eete se koristiti <a rel=\"noreferrer noopener\" aria-label=\" (opens in a new tab)\" href=\"https:\/\/www.aki-app.org\/en\/\" target=\"_blank\">AKI alatom<\/a>, koji \u0107e vam pomo\u0107i razumjeti \u201cmeke vje\u0161tine\u201d (prilagodljivost, emotivnu inteligenciju, komunikaciju, kreativnost, itd.) koje ste uspjeli razviti.&#13;\n<\/li><\/ul>\n\n\n<ul><li>Tako\u0111er, postoji i <a href=\"https:\/\/www.youthpass.eu\/en\/\" target=\"_blank\" rel=\"noreferrer noopener\" aria-label=\" (opens in a new tab)\">Youthpass<\/a>, koji vam omogu\u0107ava da istaknete vje\u0161tine koje ste stekli za vrijeme me\u0111unarodne mobilnosti. Radi se o alatu prepoznatom diljem EU, koji \u0107e se cijeniti kada se vratite s mobilnosti. Youthpass promovira podr\u0161ku i razvoj neformalnog osobnog u\u010denje. Mo\u017eete zamoliti referenta iz organizacije koja vas \u0161alje ili prima da vam kreira va\u0161 Youthpass.<\/li><\/ul>\n\n\n<ul><li>Postoji i <a rel=\"noreferrer noopener\" aria-label=\" (opens in a new tab)\" href=\"https:\/\/europass.cedefop.europa.eu\/documents\/european-skills-passport\/europass-mobility\" target=\"_blank\">Europass<\/a>. Cilj je pomo\u0107i gra\u0111anima da u\u010dinkovito razviju svoje vje\u0161tine i kvalifikacije kako bi ostvarili prednost na tr\u017ei\u0161tu rada. Europass se sastoji od pet dokumenata, koji su dostupni online:<ul><li>CV vam poma\u017ee u\u010dinkovito i jasno predstaviti svoje vje\u0161tine i kvalifikacije kada tragate za poslom.<\/li><li>Jezi\u010dna putovnica je alat za procjenu uz pomo\u0107 kojeg mo\u017eete otkriti koja je va\u0161a razina poznavanja jezika.<\/li><\/ul><\/li><\/ul><\/div>\n\n\n\n<div class=\"wp-block-column is-vertically-aligned-center\">\n<figure class=\"wp-block-image size-large\"><noscript><img width=\"768\" height=\"614\" src=\"https:\/\/mobility-with-disabilities.org\/wp-content\/uploads\/2020\/04\/startup-593343_1920.jpg\" alt class=\"wp-image-2551\" srcset=\"https:\/\/mobility-with-disabilities.org\/wp-content\/uploads\/2020\/04\/startup-593343_1920.jpg 768w, https:\/\/mobility-with-disabilities.org\/wp-content\/uploads\/2020\/04\/startup-593343_1920-300x240.jpg 300w, https:\/\/mobility-with-disabilities.org\/wp-content\/uploads\/2020\/04\/startup-593343_1920-24x19.jpg 24w, https:\/\/mobility-with-disabilities.org\/wp-content\/uploads\/2020\/04\/startup-593343_1920-36x29.jpg 36w, https:\/\/mobility-with-disabilities.org\/wp-content\/uploads\/2020\/04\/startup-593343_1920-48x38.jpg 48w\" sizes=\"(max-width: 768px) 100vw, 768px\"><\/noscript><img width=\"768\" height=\"614\" src=\"data:image\/svg+xml,%3Csvg%20xmlns%3D%22http%3A%2F%2Fwww.w3.org%2F2000%2Fsvg%22%20viewBox%3D%220%200%20768%20614%22%3E%3C%2Fsvg%3E\" alt class=\"wp-image-2551 lazyload\" srcset=\"data:image\/svg+xml,%3Csvg%20xmlns%3D%22http%3A%2F%2Fwww.w3.org%2F2000%2Fsvg%22%20viewBox%3D%220%200%20768%20614%22%3E%3C%2Fsvg%3E 768w\" sizes=\"(max-width: 768px) 100vw, 768px\" data-srcset=\"https:\/\/mobility-with-disabilities.org\/wp-content\/uploads\/2020\/04\/startup-593343_1920.jpg 768w, https:\/\/mobility-with-disabilities.org\/wp-content\/uploads\/2020\/04\/startup-593343_1920-300x240.jpg 300w, https:\/\/mobility-with-disabilities.org\/wp-content\/uploads\/2020\/04\/startup-593343_1920-24x19.jpg 24w, https:\/\/mobility-with-disabilities.org\/wp-content\/uploads\/2020\/04\/startup-593343_1920-36x29.jpg 36w, https:\/\/mobility-with-disabilities.org\/wp-content\/uploads\/2020\/04\/startup-593343_1920-48x38.jpg 48w\" data-src=\"https:\/\/mobility-with-disabilities.org\/wp-content\/uploads\/2020\/04\/startup-593343_1920.jpg\" loading=\"lazy\"><figcaption>Ljudi koji razmjenjuju ideje i koriste se Post-it papiri\u0107ima<\/figcaption><\/figure><\/div>\n<\/div>\n\n<div class=\"wp-block-columns\">\n<div class=\"wp-block-column\">\n<p>Sljede\u0107e dokumente izdaju slu\u017ebene ustanove za obrazovanje i trening:<\/p>\n\n\n\n<p><strong>Europass Mobility<\/strong> je alat za promoviranje va\u0161ih vje\u0161tina koje ste stekli za vrijeme svoje mobilnosti. On \u0107e najvi\u0161e cijeniti va\u0161e iskustvo. Mo\u017eete izvoditi razli\u010dite stadije vezane uz Europass nakon svoje mobilnosti s osobom u instituciji koja vas je poslala.&#13;\n<\/p>\n\n\n\n<p><strong>Certificate Supplement<\/strong> je alat koji predstavlja znanje i vje\u0161tine koje su stekli polaznici strukovnih zanimanja i certifikata za trening, dok je Diploma Supplement za one koji posjeduju diplome iz sustava visokog obrazovanja.<\/p>\n<\/div>\n\n\n\n<div class=\"wp-block-column\">\n<p>Mo\u017eete poku\u0161ati obogatiti svoje iskustvo uz raznovrsnu pomo\u0107, poput profesora s fakulteta koji vas \u0161alje ili prima, ESN udruga na lokaciji ili u blizini, ili \u010dak profesionalaca iz sfere invaliditeta (udruge, usluge za mlade, gradske usluge za osobe s invaliditetom, itd.), oni su tu kako bi vam pomogli i podr\u017eali vas u va\u0161em projektu mobilnosti, ali i u va\u0161oj profesionalnoj integraciji.&#13;\n<\/p>\n\n\n\n<p>Kako biste nau\u010dili vi\u0161e o lokalnim udrugama koje organiziraju kulturna doga\u0111anja i druge aktivnosti, pogledajte ESN lokalne ogranke&#13;\n <a href=\"https:\/\/esn.org\/sections\">https:\/\/esn.org\/sections<\/a><\/p>\n<\/div>\n<\/div>\n\n<section class=\"wp-block-uagb-columns uagb-columns__wrap uagb-columns__background-undefined uagb-columns__stack-mobile uagb-columns__valign-undefined uagb-columns__gap-0 alignundefined uagb-block-9fe8ca6e\"><div class=\"uagb-columns__overlay\"><\/div><div class=\"uagb-columns__inner-wrap uagb-columns__columns-3\">\n<div class=\"wp-block-uagb-column uagb-column__wrap uagb-column__background-undefined uagb-block-c971b005\"><div class=\"uagb-column__overlay\"><\/div><div class=\"uagb-column__inner-wrap\">\n<p><\/p>\n<\/div><\/div>\n\n\n\n<div class=\"wp-block-uagb-column uagb-column__wrap uagb-column__background-undefined uagb-block-5f6f8262\"><div class=\"uagb-column__overlay\"><\/div><div class=\"uagb-column__inner-wrap\">\n<div class=\"wp-block-group has-text-color has-background\" style=\"background-color:#3343bc;color:#ffffff\"><div class=\"wp-block-group__inner-container\">\n<p>\u017delite podijeliti svoje iskustvo putovanja u inozemstvo? \u017delite pokazati kompetencije koje ste razvili ? Posjetite stranicu &#8220;Uspjeli su!&#8221; :<\/p>\n<\/div><\/div>\n\n\n\n<div class=\"wp-block-image\"><figure class=\"aligncenter size-large is-resized\"><noscript><img src=\"https:\/\/mobility-with-disabilities.org\/wp-content\/uploads\/2021\/06\/orange_TDI.png\" alt class=\"wp-image-4492\" width=\"96\" height=\"114\"><\/noscript><img src=\"data:image\/svg+xml,%3Csvg%20xmlns%3D%22http%3A%2F%2Fwww.w3.org%2F2000%2Fsvg%22%20viewBox%3D%220%200%2096%20114%22%3E%3C%2Fsvg%3E\" alt class=\"wp-image-4492 lazyload\" width=\"96\" height=\"114\" data-src=\"https:\/\/mobility-with-disabilities.org\/wp-content\/uploads\/2021\/06\/orange_TDI.png\" loading=\"lazy\"><\/figure><\/div>\n\n\n\n<p class=\"has-text-align-center\"><strong><a href=\"http:\/\/mobility-with-disabilities.org\/they-did-it\/\">Uspjeli su!<\/a><\/strong><\/p>\n<\/div><\/div>\n\n\n\n<div class=\"wp-block-uagb-column uagb-column__wrap uagb-column__background-undefined uagb-block-cfe98de0\"><div class=\"uagb-column__overlay\"><\/div><div class=\"uagb-column__inner-wrap\"><\/div><\/div>\n<\/div><\/section>\n","protected":false},"excerpt":{"rendered":"<p>Mladi s invaliditetom&#13; COMING BACK Jednom kada se vratite, bitno je naglasiti \u0161to ste nau\u010dili tijekom boravka u inozemstvu. To &#8230; <a title=\"POVRATAK\" class=\"read-more\" href=\"https:\/\/mobility-with-disabilities.org\/hr\/za-mlade-s-invaliditetom\/povratak\/\">Op\u0161irnije <span class=\"screen-reader-text\">POVRATAK<\/span><\/a><\/p>\n","protected":false},"author":1,"featured_media":0,"parent":3983,"menu_order":0,"comment_status":"closed","ping_status":"closed","template":"","meta":{"_bbp_topic_count":0,"_bbp_reply_count":0,"_bbp_total_topic_count":0,"_bbp_total_reply_count":0,"_bbp_voice_count":0,"_bbp_anonymous_reply_count":0,"_bbp_topic_count_hidden":0,"_bbp_reply_count_hidden":0,"_bbp_forum_subforum_count":0},"yoast_head":"<!-- This site is optimized with the Yoast SEO plugin v17.9 - https:\/\/yoast.com\/wordpress\/plugins\/seo\/ -->\n<title>POVRATAK - Mobility With Disabilities<\/title>\n<meta name=\"description\" content=\"Ova je stranica posve\u0107ena povratku mobilnosti, kako uspjeti u promicanju svoje me\u0111unarodne mobilnosti i pomo\u0107u kojih alata.\" \/>\n<meta name=\"robots\" content=\"index, follow, max-snippet:-1, max-image-preview:large, max-video-preview:-1\" \/>\n<link rel=\"canonical\" href=\"https:\/\/mobility-with-disabilities.org\/hr\/za-mlade-s-invaliditetom\/povratak\/\" \/>\n<meta property=\"og:locale\" content=\"hr_HR\" \/>\n<meta property=\"og:type\" content=\"article\" \/>\n<meta property=\"og:title\" content=\"POVRATAK - Mobility With Disabilities\" \/>\n<meta property=\"og:description\" content=\"Ova je stranica posve\u0107ena povratku mobilnosti, kako uspjeti u promicanju svoje me\u0111unarodne mobilnosti i pomo\u0107u kojih alata.\" \/>\n<meta property=\"og:url\" content=\"https:\/\/mobility-with-disabilities.org\/hr\/za-mlade-s-invaliditetom\/povratak\/\" \/>\n<meta property=\"og:site_name\" content=\"Mobility With Disabilities\" \/>\n<meta property=\"article:modified_time\" content=\"2021-07-22T16:28:53+00:00\" \/>\n<meta property=\"og:image\" content=\"https:\/\/mobility-with-disabilities.org\/wp-content\/uploads\/2021\/06\/orange_youthwdis.png\" \/>\n<meta name=\"twitter:card\" content=\"summary_large_image\" \/>\n<meta name=\"twitter:label1\" content=\"Procijenjeno vrijeme \u010ditanja\" \/>\n\t<meta name=\"twitter:data1\" content=\"3 minute\" \/>\n<script type=\"application\/ld+json\" class=\"yoast-schema-graph\">{\"@context\":\"https:\/\/schema.org\",\"@graph\":[{\"@type\":\"Organization\",\"@id\":\"https:\/\/mobility-with-disabilities.org\/#organization\",\"name\":\"Mobility with disabilities\",\"url\":\"https:\/\/mobility-with-disabilities.org\/\",\"sameAs\":[],\"logo\":{\"@type\":\"ImageObject\",\"@id\":\"https:\/\/mobility-with-disabilities.org\/#logo\",\"inLanguage\":\"hr\",\"url\":\"https:\/\/mobility-with-disabilities.org\/wp-content\/uploads\/2019\/11\/logo-Transparent.png\",\"contentUrl\":\"https:\/\/mobility-with-disabilities.org\/wp-content\/uploads\/2019\/11\/logo-Transparent.png\",\"width\":1904,\"height\":638,\"caption\":\"Mobility with disabilities\"},\"image\":{\"@id\":\"https:\/\/mobility-with-disabilities.org\/#logo\"}},{\"@type\":\"WebSite\",\"@id\":\"https:\/\/mobility-with-disabilities.org\/#website\",\"url\":\"https:\/\/mobility-with-disabilities.org\/\",\"name\":\"Mobility With Disabilities\",\"description\":\"\",\"publisher\":{\"@id\":\"https:\/\/mobility-with-disabilities.org\/#organization\"},\"potentialAction\":[{\"@type\":\"SearchAction\",\"target\":{\"@type\":\"EntryPoint\",\"urlTemplate\":\"https:\/\/mobility-with-disabilities.org\/?s={search_term_string}\"},\"query-input\":\"required name=search_term_string\"}],\"inLanguage\":\"hr\"},{\"@type\":\"ImageObject\",\"@id\":\"https:\/\/mobility-with-disabilities.org\/hr\/za-mlade-s-invaliditetom\/povratak\/#primaryimage\",\"inLanguage\":\"hr\",\"url\":\"https:\/\/mobility-with-disabilities.org\/wp-content\/uploads\/2021\/06\/orange_youthwdis.png\",\"contentUrl\":\"https:\/\/mobility-with-disabilities.org\/wp-content\/uploads\/2021\/06\/orange_youthwdis.png\",\"width\":232,\"height\":265},{\"@type\":\"WebPage\",\"@id\":\"https:\/\/mobility-with-disabilities.org\/hr\/za-mlade-s-invaliditetom\/povratak\/#webpage\",\"url\":\"https:\/\/mobility-with-disabilities.org\/hr\/za-mlade-s-invaliditetom\/povratak\/\",\"name\":\"POVRATAK - Mobility With Disabilities\",\"isPartOf\":{\"@id\":\"https:\/\/mobility-with-disabilities.org\/#website\"},\"primaryImageOfPage\":{\"@id\":\"https:\/\/mobility-with-disabilities.org\/hr\/za-mlade-s-invaliditetom\/povratak\/#primaryimage\"},\"datePublished\":\"2021-05-20T15:23:01+00:00\",\"dateModified\":\"2021-07-22T16:28:53+00:00\",\"description\":\"Ova je stranica posve\\u0107ena povratku mobilnosti, kako uspjeti u promicanju svoje me\\u0111unarodne mobilnosti i pomo\\u0107u kojih alata.\",\"breadcrumb\":{\"@id\":\"https:\/\/mobility-with-disabilities.org\/hr\/za-mlade-s-invaliditetom\/povratak\/#breadcrumb\"},\"inLanguage\":\"hr\",\"potentialAction\":[{\"@type\":\"ReadAction\",\"target\":[\"https:\/\/mobility-with-disabilities.org\/hr\/za-mlade-s-invaliditetom\/povratak\/\"]}]},{\"@type\":\"BreadcrumbList\",\"@id\":\"https:\/\/mobility-with-disabilities.org\/hr\/za-mlade-s-invaliditetom\/povratak\/#breadcrumb\",\"itemListElement\":[{\"@type\":\"ListItem\",\"position\":1,\"name\":\"Accueil\",\"item\":\"https:\/\/mobility-with-disabilities.org\/hr\/\"},{\"@type\":\"ListItem\",\"position\":2,\"name\":\"Za mlade s invaliditetom\",\"item\":\"https:\/\/mobility-with-disabilities.org\/hr\/za-mlade-s-invaliditetom\/\"},{\"@type\":\"ListItem\",\"position\":3,\"name\":\"POVRATAK\"}]}]}<\/script>\n<!-- \/ Yoast SEO plugin. -->","yoast_head_json":{"title":"POVRATAK - Mobility With Disabilities","description":"Ova je stranica posve\u0107ena povratku mobilnosti, kako uspjeti u promicanju svoje me\u0111unarodne mobilnosti i pomo\u0107u kojih alata.","robots":{"index":"index","follow":"follow","max-snippet":"max-snippet:-1","max-image-preview":"max-image-preview:large","max-video-preview":"max-video-preview:-1"},"canonical":"https:\/\/mobility-with-disabilities.org\/hr\/za-mlade-s-invaliditetom\/povratak\/","og_locale":"hr_HR","og_type":"article","og_title":"POVRATAK - Mobility With Disabilities","og_description":"Ova je stranica posve\u0107ena povratku mobilnosti, kako uspjeti u promicanju svoje me\u0111unarodne mobilnosti i pomo\u0107u kojih alata.","og_url":"https:\/\/mobility-with-disabilities.org\/hr\/za-mlade-s-invaliditetom\/povratak\/","og_site_name":"Mobility With Disabilities","article_modified_time":"2021-07-22T16:28:53+00:00","og_image":[{"url":"https:\/\/mobility-with-disabilities.org\/wp-content\/uploads\/2021\/06\/orange_youthwdis.png"}],"twitter_card":"summary_large_image","twitter_misc":{"Procijenjeno vrijeme \u010ditanja":"3 minute"},"schema":{"@context":"https:\/\/schema.org","@graph":[{"@type":"Organization","@id":"https:\/\/mobility-with-disabilities.org\/#organization","name":"Mobility with disabilities","url":"https:\/\/mobility-with-disabilities.org\/","sameAs":[],"logo":{"@type":"ImageObject","@id":"https:\/\/mobility-with-disabilities.org\/#logo","inLanguage":"hr","url":"https:\/\/mobility-with-disabilities.org\/wp-content\/uploads\/2019\/11\/logo-Transparent.png","contentUrl":"https:\/\/mobility-with-disabilities.org\/wp-content\/uploads\/2019\/11\/logo-Transparent.png","width":1904,"height":638,"caption":"Mobility with disabilities"},"image":{"@id":"https:\/\/mobility-with-disabilities.org\/#logo"}},{"@type":"WebSite","@id":"https:\/\/mobility-with-disabilities.org\/#website","url":"https:\/\/mobility-with-disabilities.org\/","name":"Mobility With Disabilities","description":"","publisher":{"@id":"https:\/\/mobility-with-disabilities.org\/#organization"},"potentialAction":[{"@type":"SearchAction","target":{"@type":"EntryPoint","urlTemplate":"https:\/\/mobility-with-disabilities.org\/?s={search_term_string}"},"query-input":"required name=search_term_string"}],"inLanguage":"hr"},{"@type":"ImageObject","@id":"https:\/\/mobility-with-disabilities.org\/hr\/za-mlade-s-invaliditetom\/povratak\/#primaryimage","inLanguage":"hr","url":"https:\/\/mobility-with-disabilities.org\/wp-content\/uploads\/2021\/06\/orange_youthwdis.png","contentUrl":"https:\/\/mobility-with-disabilities.org\/wp-content\/uploads\/2021\/06\/orange_youthwdis.png","width":232,"height":265},{"@type":"WebPage","@id":"https:\/\/mobility-with-disabilities.org\/hr\/za-mlade-s-invaliditetom\/povratak\/#webpage","url":"https:\/\/mobility-with-disabilities.org\/hr\/za-mlade-s-invaliditetom\/povratak\/","name":"POVRATAK - Mobility With Disabilities","isPartOf":{"@id":"https:\/\/mobility-with-disabilities.org\/#website"},"primaryImageOfPage":{"@id":"https:\/\/mobility-with-disabilities.org\/hr\/za-mlade-s-invaliditetom\/povratak\/#primaryimage"},"datePublished":"2021-05-20T15:23:01+00:00","dateModified":"2021-07-22T16:28:53+00:00","description":"Ova je stranica posve\u0107ena povratku mobilnosti, kako uspjeti u promicanju svoje me\u0111unarodne mobilnosti i pomo\u0107u kojih alata.","breadcrumb":{"@id":"https:\/\/mobility-with-disabilities.org\/hr\/za-mlade-s-invaliditetom\/povratak\/#breadcrumb"},"inLanguage":"hr","potentialAction":[{"@type":"ReadAction","target":["https:\/\/mobility-with-disabilities.org\/hr\/za-mlade-s-invaliditetom\/povratak\/"]}]},{"@type":"BreadcrumbList","@id":"https:\/\/mobility-with-disabilities.org\/hr\/za-mlade-s-invaliditetom\/povratak\/#breadcrumb","itemListElement":[{"@type":"ListItem","position":1,"name":"Accueil","item":"https:\/\/mobility-with-disabilities.org\/hr\/"},{"@type":"ListItem","position":2,"name":"Za mlade s invaliditetom","item":"https:\/\/mobility-with-disabilities.org\/hr\/za-mlade-s-invaliditetom\/"},{"@type":"ListItem","position":3,"name":"POVRATAK"}]}]}},"uagb_featured_image_src":{"full":false,"thumbnail":false,"medium":false,"medium_large":false,"large":false,"1536x1536":false,"2048x2048":false,"alm-thumbnail":false,"course_thumbnail":false,"profile_24":false,"profile_48":false,"profile_96":false,"profile_150":false,"profile_300":false},"uagb_author_info":{"display_name":"IMD","author_link":"https:\/\/mobility-with-disabilities.org\/hr\/author\/admin4690\/"},"uagb_comment_info":0,"uagb_excerpt":"Mladi s invaliditetom&#13; COMING BACK Jednom kada se vratite, bitno je naglasiti \u0161to ste nau\u010dili tijekom boravka u inozemstvu. To ... Op\u0161irnije POVRATAK","_links":{"self":[{"href":"https:\/\/mobility-with-disabilities.org\/hr\/wp-json\/wp\/v2\/pages\/4003"}],"collection":[{"href":"https:\/\/mobility-with-disabilities.org\/hr\/wp-json\/wp\/v2\/pages"}],"about":[{"href":"https:\/\/mobility-with-disabilities.org\/hr\/wp-json\/wp\/v2\/types\/page"}],"author":[{"embeddable":true,"href":"https:\/\/mobility-with-disabilities.org\/hr\/wp-json\/wp\/v2\/users\/1"}],"replies":[{"embeddable":true,"href":"https:\/\/mobility-with-disabilities.org\/hr\/wp-json\/wp\/v2\/comments?post=4003"}],"version-history":[{"count":3,"href":"https:\/\/mobility-with-disabilities.org\/hr\/wp-json\/wp\/v2\/pages\/4003\/revisions"}],"predecessor-version":[{"id":4944,"href":"https:\/\/mobility-with-disabilities.org\/hr\/wp-json\/wp\/v2\/pages\/4003\/revisions\/4944"}],"up":[{"embeddable":true,"href":"https:\/\/mobility-with-disabilities.org\/hr\/wp-json\/wp\/v2\/pages\/3983"}],"wp:attachment":[{"href":"https:\/\/mobility-with-disabilities.org\/hr\/wp-json\/wp\/v2\/media?parent=4003"}],"curies":[{"name":"wp","href":"https:\/\/api.w.org\/{rel}","templated":true}]}}