{"id":4005,"date":"2021-05-20T17:29:04","date_gmt":"2021-05-20T15:29:04","guid":{"rendered":"https:\/\/mobility-with-disabilities.org\/uspjeli-su\/"},"modified":"2021-06-15T15:15:09","modified_gmt":"2021-06-15T13:15:09","slug":"uspjeli-su","status":"publish","type":"page","link":"https:\/\/mobility-with-disabilities.org\/hr\/uspjeli-su\/","title":{"rendered":"Uspjeli su!"},"content":{"rendered":"<div class=\"wp-block-image\"><figure class=\"aligncenter size-large is-resized\"><noscript><img src=\"https:\/\/mobility-with-disabilities.org\/wp-content\/uploads\/2021\/06\/orange_TDI.png\" alt class=\"wp-image-4491\" width=\"130\" height=\"135\"><\/noscript><img src=\"data:image\/svg+xml,%3Csvg%20xmlns%3D%22http%3A%2F%2Fwww.w3.org%2F2000%2Fsvg%22%20viewBox%3D%220%200%20130%20135%22%3E%3C%2Fsvg%3E\" alt class=\"wp-image-4491 lazyload\" width=\"130\" height=\"135\" data-src=\"https:\/\/mobility-with-disabilities.org\/wp-content\/uploads\/2021\/06\/orange_TDI.png\" loading=\"lazy\"><\/figure><\/div>\n\n\n\n<h1 class=\"has-text-align-center\">Uspjeli su!<\/h1>\n\n\n\n\t\t\t<div class=\"uagb-post-grid  uagb-post__image-position-top uagb-block-3857005d   \" data-total=\"1\">\n\n\t\t\t\t<div class=\"uagb-post__items uagb-post__columns-1 is-grid uagb-post__columns-tablet-2 uagb-post__columns-mobile-1 uagb-post__equal-height\">\n\n\t\t\t\t\t\t\t\t<article>\n\t\t\t\t\t\t\t\t\t\t<div class=\"uagb-post__inner-wrap\">\n\t\t\t\t\t\t\t\t\t\t\t\t\t\t\t<div class=\"uagb-post__image\">\n\t\t\t\t<a href=\"https:\/\/mobility-with-disabilities.org\/hr\/2021\/05\/20\/izvjestaj-o-treningu\/\" target=\"_self\" rel=\"bookmark noopener noreferrer\"><noscript><img width=\"768\" height=\"910\" src=\"https:\/\/mobility-with-disabilities.org\/wp-content\/uploads\/2020\/04\/training-report-1.jpg\" class=\"attachment-large size-large\" alt srcset=\"https:\/\/mobility-with-disabilities.org\/wp-content\/uploads\/2020\/04\/training-report-1.jpg 768w, https:\/\/mobility-with-disabilities.org\/wp-content\/uploads\/2020\/04\/training-report-1-253x300.jpg 253w, https:\/\/mobility-with-disabilities.org\/wp-content\/uploads\/2020\/04\/training-report-1-20x24.jpg 20w, https:\/\/mobility-with-disabilities.org\/wp-content\/uploads\/2020\/04\/training-report-1-30x36.jpg 30w, https:\/\/mobility-with-disabilities.org\/wp-content\/uploads\/2020\/04\/training-report-1-41x48.jpg 41w\" sizes=\"(max-width: 768px) 100vw, 768px\"><\/noscript><img width=\"768\" height=\"910\" src=\"data:image\/svg+xml,%3Csvg%20xmlns%3D%22http%3A%2F%2Fwww.w3.org%2F2000%2Fsvg%22%20viewBox%3D%220%200%20768%20910%22%3E%3C%2Fsvg%3E\" class=\"attachment-large size-large lazyload\" alt srcset=\"data:image\/svg+xml,%3Csvg%20xmlns%3D%22http%3A%2F%2Fwww.w3.org%2F2000%2Fsvg%22%20viewBox%3D%220%200%20768%20910%22%3E%3C%2Fsvg%3E 768w\" sizes=\"(max-width: 768px) 100vw, 768px\" data-srcset=\"https:\/\/mobility-with-disabilities.org\/wp-content\/uploads\/2020\/04\/training-report-1.jpg 768w, https:\/\/mobility-with-disabilities.org\/wp-content\/uploads\/2020\/04\/training-report-1-253x300.jpg 253w, https:\/\/mobility-with-disabilities.org\/wp-content\/uploads\/2020\/04\/training-report-1-20x24.jpg 20w, https:\/\/mobility-with-disabilities.org\/wp-content\/uploads\/2020\/04\/training-report-1-30x36.jpg 30w, https:\/\/mobility-with-disabilities.org\/wp-content\/uploads\/2020\/04\/training-report-1-41x48.jpg 41w\" data-src=\"https:\/\/mobility-with-disabilities.org\/wp-content\/uploads\/2020\/04\/training-report-1.jpg\" loading=\"lazy\">\t\t\t\t<\/a>\n\t\t\t<\/div>\n\t\t\t\t\t\t<div class=\"uagb-post__text\"> \n\t\t\t\t<h3 class=\"uagb-post__title\">\n\t\t\t\t\t<a href=\"https:\/\/mobility-with-disabilities.org\/hr\/2021\/05\/20\/izvjestaj-o-treningu\/\" target=\"_self\" rel=\"bookmark noopener noreferrer\">Izvje\u0161taj o treningu<\/a>\n\t\t\t\t<\/h3>\n\t\t\t<\/div>\n\t\t\t\t\t\t<div class=\"uagb-post__text\"> \n\t\t\t<div class=\"uagb-post-grid-byline\">\n\t\t\t\t\t\t\t\t<time datetime=\"2021-05-20T17:32:46+02:00\" class=\"uagb-post__date\">\n\t\t\t\t\t<span class=\"dashicons-calendar dashicons\"><\/span>\n\t\t\t\t\t20 svibnja 2021\t\t\t\t<\/time>\n\t\t\t\t\t\t<span class=\"uagb-post__taxonomy\">\n\t\t\t\t<span class=\"dashicons-tag dashicons\"><\/span>\n\t\t\t\t<a href=\"https:\/\/mobility-with-disabilities.org\/hr\/category\/actualites-hr\/\">Actualit\u00e9s<\/a>\t\t\t<\/span>\n\t\t\t\t\t\t<\/div>\n\t\t\t<\/div>\n\t\t\t\t\t\t\t<div class=\"uagb-post__text\"> \n\t\t\t\t\t<div class=\"uagb-post__excerpt\">\n\t\t\t\t\t\tProjekt Me\u0111unarodne mobilnosti s invaliditetom \u017eeli informirati mlade ljude s invaliditetom o prilikama za putovanja u inozemstvo, te kako dobiti podr\u0161ku od udruga, centara za informiranje mladih i drugih struktura \u2026\t\t\t\t\t<\/div>\n\t\t\t<\/div>\n\t\t\t\t\t\t<div class=\"uagb-post__text\"> \n\t\t\t\t<div class=\"uagb-post__cta\">\n\t\t\t\t\t<a class=\"uagb-post__link uagb-text-link\" href=\"https:\/\/mobility-with-disabilities.org\/hr\/2021\/05\/20\/izvjestaj-o-treningu\/\" target=\"_self\" rel=\"bookmark noopener noreferrer\">Pro\u010ditaj vi\u0161e<\/a>\n\t\t\t\t<\/div>\n\t\t\t<\/div>\n\t\t\t\t\t\t\t\t<\/div>\n\t\t\t\t\t\t\t\t\t<\/article>\n\t\t\t\t\t\t\t\t<\/div>\n\t\t\t\t\t\t\t<\/div>\n\t\t\t\n\n\n<p>Osobna svjedo\u010danstva dolaze uskoro!<\/p>\n\n\n\n<p>Ako ste putovali u inozemstvo zahvaljuju\u0107i bilo kojem programu mobilnosti, mo\u017eete podijeliti svoje iskustvo i savjete tako \u0161to \u0107ete odgovoriti na uptinik. Po\u0161aljite svoje odgovore i fotografiju na e-mail adresu:\n<br><a href=\"mailto:contact@mobility-with-disabilities.org\">contact@mobility-with-disabilities.org<\/a>&nbsp;<\/p>\n\n\n\n<div class=\"wp-block-file\"><a href=\"http:\/\/mobility-with-disabilities.org\/wp-content\/uploads\/2020\/04\/Testimonial-questionnaire_IMD.docx\">Preuzimanje Upitnika za svjedo\u010danstva<br><\/a><a href=\"http:\/\/mobility-with-disabilities.org\/wp-content\/uploads\/2020\/04\/Testimonial-questionnaire_IMD.docx\" class=\"wp-block-file__button\" download>Preuzeti<\/a><\/div>\n\n\n\n<p>Mo\u017eete otkriti i druga svjedo\u010danstva na <a rel=\"noreferrer noopener\" aria-label=\"on MappED (opens in a new tab)\" href=\"https:\/\/mapped.eu\/testimonials\" target=\"_blank\">MappED<\/a>.<\/p>\n","protected":false},"excerpt":{"rendered":"<p>Uspjeli su! Osobna svjedo\u010danstva dolaze uskoro! Ako ste putovali u inozemstvo zahvaljuju\u0107i bilo kojem programu mobilnosti, mo\u017eete podijeliti svoje iskustvo &#8230; <a title=\"Uspjeli su!\" class=\"read-more\" href=\"https:\/\/mobility-with-disabilities.org\/hr\/uspjeli-su\/\">Op\u0161irnije <span class=\"screen-reader-text\">Uspjeli su!<\/span><\/a><\/p>\n","protected":false},"author":1,"featured_media":0,"parent":0,"menu_order":0,"comment_status":"closed","ping_status":"closed","template":"","meta":{"_bbp_topic_count":0,"_bbp_reply_count":0,"_bbp_total_topic_count":0,"_bbp_total_reply_count":0,"_bbp_voice_count":0,"_bbp_anonymous_reply_count":0,"_bbp_topic_count_hidden":0,"_bbp_reply_count_hidden":0,"_bbp_forum_subforum_count":0},"yoast_head":"<!-- This site is optimized with the Yoast SEO plugin v17.9 - https:\/\/yoast.com\/wordpress\/plugins\/seo\/ -->\n<title>Uspjeli su! - Mobility With Disabilities<\/title>\n<meta name=\"description\" content=\"Otkrijte sva svjedo\u010danstva mladih s invaliditetom koji su postigli me\u0111unarodnu mobilnost.\" \/>\n<meta name=\"robots\" content=\"index, follow, max-snippet:-1, max-image-preview:large, max-video-preview:-1\" \/>\n<link rel=\"canonical\" href=\"https:\/\/mobility-with-disabilities.org\/hr\/uspjeli-su\/\" \/>\n<meta property=\"og:locale\" content=\"hr_HR\" \/>\n<meta property=\"og:type\" content=\"article\" \/>\n<meta property=\"og:title\" content=\"Uspjeli su! - Mobility With Disabilities\" \/>\n<meta property=\"og:description\" content=\"Otkrijte sva svjedo\u010danstva mladih s invaliditetom koji su postigli me\u0111unarodnu mobilnost.\" \/>\n<meta property=\"og:url\" content=\"https:\/\/mobility-with-disabilities.org\/hr\/uspjeli-su\/\" \/>\n<meta property=\"og:site_name\" content=\"Mobility With Disabilities\" \/>\n<meta property=\"article:modified_time\" content=\"2021-06-15T13:15:09+00:00\" \/>\n<meta property=\"og:image\" content=\"https:\/\/mobility-with-disabilities.org\/wp-content\/uploads\/2021\/06\/orange_TDI.png\" \/>\n<meta name=\"twitter:card\" content=\"summary_large_image\" \/>\n<meta name=\"twitter:label1\" content=\"Procijenjeno vrijeme \u010ditanja\" \/>\n\t<meta name=\"twitter:data1\" content=\"1 minuta\" \/>\n<script type=\"application\/ld+json\" class=\"yoast-schema-graph\">{\"@context\":\"https:\/\/schema.org\",\"@graph\":[{\"@type\":\"Organization\",\"@id\":\"https:\/\/mobility-with-disabilities.org\/#organization\",\"name\":\"Mobility with disabilities\",\"url\":\"https:\/\/mobility-with-disabilities.org\/\",\"sameAs\":[],\"logo\":{\"@type\":\"ImageObject\",\"@id\":\"https:\/\/mobility-with-disabilities.org\/#logo\",\"inLanguage\":\"hr\",\"url\":\"https:\/\/mobility-with-disabilities.org\/wp-content\/uploads\/2019\/11\/logo-Transparent.png\",\"contentUrl\":\"https:\/\/mobility-with-disabilities.org\/wp-content\/uploads\/2019\/11\/logo-Transparent.png\",\"width\":1904,\"height\":638,\"caption\":\"Mobility with disabilities\"},\"image\":{\"@id\":\"https:\/\/mobility-with-disabilities.org\/#logo\"}},{\"@type\":\"WebSite\",\"@id\":\"https:\/\/mobility-with-disabilities.org\/#website\",\"url\":\"https:\/\/mobility-with-disabilities.org\/\",\"name\":\"Mobility With Disabilities\",\"description\":\"\",\"publisher\":{\"@id\":\"https:\/\/mobility-with-disabilities.org\/#organization\"},\"potentialAction\":[{\"@type\":\"SearchAction\",\"target\":{\"@type\":\"EntryPoint\",\"urlTemplate\":\"https:\/\/mobility-with-disabilities.org\/?s={search_term_string}\"},\"query-input\":\"required name=search_term_string\"}],\"inLanguage\":\"hr\"},{\"@type\":\"ImageObject\",\"@id\":\"https:\/\/mobility-with-disabilities.org\/hr\/uspjeli-su\/#primaryimage\",\"inLanguage\":\"hr\",\"url\":\"https:\/\/mobility-with-disabilities.org\/wp-content\/uploads\/2021\/06\/orange_TDI.png\",\"contentUrl\":\"https:\/\/mobility-with-disabilities.org\/wp-content\/uploads\/2021\/06\/orange_TDI.png\",\"width\":211,\"height\":252},{\"@type\":\"WebPage\",\"@id\":\"https:\/\/mobility-with-disabilities.org\/hr\/uspjeli-su\/#webpage\",\"url\":\"https:\/\/mobility-with-disabilities.org\/hr\/uspjeli-su\/\",\"name\":\"Uspjeli su! - Mobility With Disabilities\",\"isPartOf\":{\"@id\":\"https:\/\/mobility-with-disabilities.org\/#website\"},\"primaryImageOfPage\":{\"@id\":\"https:\/\/mobility-with-disabilities.org\/hr\/uspjeli-su\/#primaryimage\"},\"datePublished\":\"2021-05-20T15:29:04+00:00\",\"dateModified\":\"2021-06-15T13:15:09+00:00\",\"description\":\"Otkrijte sva svjedo\\u010danstva mladih s invaliditetom koji su postigli me\\u0111unarodnu mobilnost.\",\"breadcrumb\":{\"@id\":\"https:\/\/mobility-with-disabilities.org\/hr\/uspjeli-su\/#breadcrumb\"},\"inLanguage\":\"hr\",\"potentialAction\":[{\"@type\":\"ReadAction\",\"target\":[\"https:\/\/mobility-with-disabilities.org\/hr\/uspjeli-su\/\"]}]},{\"@type\":\"BreadcrumbList\",\"@id\":\"https:\/\/mobility-with-disabilities.org\/hr\/uspjeli-su\/#breadcrumb\",\"itemListElement\":[{\"@type\":\"ListItem\",\"position\":1,\"name\":\"Accueil\",\"item\":\"https:\/\/mobility-with-disabilities.org\/hr\/\"},{\"@type\":\"ListItem\",\"position\":2,\"name\":\"Uspjeli su!\"}]}]}<\/script>\n<!-- \/ Yoast SEO plugin. -->","yoast_head_json":{"title":"Uspjeli su! - Mobility With Disabilities","description":"Otkrijte sva svjedo\u010danstva mladih s invaliditetom koji su postigli me\u0111unarodnu mobilnost.","robots":{"index":"index","follow":"follow","max-snippet":"max-snippet:-1","max-image-preview":"max-image-preview:large","max-video-preview":"max-video-preview:-1"},"canonical":"https:\/\/mobility-with-disabilities.org\/hr\/uspjeli-su\/","og_locale":"hr_HR","og_type":"article","og_title":"Uspjeli su! - Mobility With Disabilities","og_description":"Otkrijte sva svjedo\u010danstva mladih s invaliditetom koji su postigli me\u0111unarodnu mobilnost.","og_url":"https:\/\/mobility-with-disabilities.org\/hr\/uspjeli-su\/","og_site_name":"Mobility With Disabilities","article_modified_time":"2021-06-15T13:15:09+00:00","og_image":[{"url":"https:\/\/mobility-with-disabilities.org\/wp-content\/uploads\/2021\/06\/orange_TDI.png"}],"twitter_card":"summary_large_image","twitter_misc":{"Procijenjeno vrijeme \u010ditanja":"1 minuta"},"schema":{"@context":"https:\/\/schema.org","@graph":[{"@type":"Organization","@id":"https:\/\/mobility-with-disabilities.org\/#organization","name":"Mobility with disabilities","url":"https:\/\/mobility-with-disabilities.org\/","sameAs":[],"logo":{"@type":"ImageObject","@id":"https:\/\/mobility-with-disabilities.org\/#logo","inLanguage":"hr","url":"https:\/\/mobility-with-disabilities.org\/wp-content\/uploads\/2019\/11\/logo-Transparent.png","contentUrl":"https:\/\/mobility-with-disabilities.org\/wp-content\/uploads\/2019\/11\/logo-Transparent.png","width":1904,"height":638,"caption":"Mobility with disabilities"},"image":{"@id":"https:\/\/mobility-with-disabilities.org\/#logo"}},{"@type":"WebSite","@id":"https:\/\/mobility-with-disabilities.org\/#website","url":"https:\/\/mobility-with-disabilities.org\/","name":"Mobility With Disabilities","description":"","publisher":{"@id":"https:\/\/mobility-with-disabilities.org\/#organization"},"potentialAction":[{"@type":"SearchAction","target":{"@type":"EntryPoint","urlTemplate":"https:\/\/mobility-with-disabilities.org\/?s={search_term_string}"},"query-input":"required name=search_term_string"}],"inLanguage":"hr"},{"@type":"ImageObject","@id":"https:\/\/mobility-with-disabilities.org\/hr\/uspjeli-su\/#primaryimage","inLanguage":"hr","url":"https:\/\/mobility-with-disabilities.org\/wp-content\/uploads\/2021\/06\/orange_TDI.png","contentUrl":"https:\/\/mobility-with-disabilities.org\/wp-content\/uploads\/2021\/06\/orange_TDI.png","width":211,"height":252},{"@type":"WebPage","@id":"https:\/\/mobility-with-disabilities.org\/hr\/uspjeli-su\/#webpage","url":"https:\/\/mobility-with-disabilities.org\/hr\/uspjeli-su\/","name":"Uspjeli su! - Mobility With Disabilities","isPartOf":{"@id":"https:\/\/mobility-with-disabilities.org\/#website"},"primaryImageOfPage":{"@id":"https:\/\/mobility-with-disabilities.org\/hr\/uspjeli-su\/#primaryimage"},"datePublished":"2021-05-20T15:29:04+00:00","dateModified":"2021-06-15T13:15:09+00:00","description":"Otkrijte sva svjedo\u010danstva mladih s invaliditetom koji su postigli me\u0111unarodnu mobilnost.","breadcrumb":{"@id":"https:\/\/mobility-with-disabilities.org\/hr\/uspjeli-su\/#breadcrumb"},"inLanguage":"hr","potentialAction":[{"@type":"ReadAction","target":["https:\/\/mobility-with-disabilities.org\/hr\/uspjeli-su\/"]}]},{"@type":"BreadcrumbList","@id":"https:\/\/mobility-with-disabilities.org\/hr\/uspjeli-su\/#breadcrumb","itemListElement":[{"@type":"ListItem","position":1,"name":"Accueil","item":"https:\/\/mobility-with-disabilities.org\/hr\/"},{"@type":"ListItem","position":2,"name":"Uspjeli su!"}]}]}},"uagb_featured_image_src":{"full":false,"thumbnail":false,"medium":false,"medium_large":false,"large":false,"1536x1536":false,"2048x2048":false,"alm-thumbnail":false,"course_thumbnail":false,"profile_24":false,"profile_48":false,"profile_96":false,"profile_150":false,"profile_300":false},"uagb_author_info":{"display_name":"IMD","author_link":"https:\/\/mobility-with-disabilities.org\/hr\/author\/admin4690\/"},"uagb_comment_info":0,"uagb_excerpt":"Uspjeli su! Osobna svjedo\u010danstva dolaze uskoro! Ako ste putovali u inozemstvo zahvaljuju\u0107i bilo kojem programu mobilnosti, mo\u017eete podijeliti svoje iskustvo ... Op\u0161irnije Uspjeli su!","_links":{"self":[{"href":"https:\/\/mobility-with-disabilities.org\/hr\/wp-json\/wp\/v2\/pages\/4005"}],"collection":[{"href":"https:\/\/mobility-with-disabilities.org\/hr\/wp-json\/wp\/v2\/pages"}],"about":[{"href":"https:\/\/mobility-with-disabilities.org\/hr\/wp-json\/wp\/v2\/types\/page"}],"author":[{"embeddable":true,"href":"https:\/\/mobility-with-disabilities.org\/hr\/wp-json\/wp\/v2\/users\/1"}],"replies":[{"embeddable":true,"href":"https:\/\/mobility-with-disabilities.org\/hr\/wp-json\/wp\/v2\/comments?post=4005"}],"version-history":[{"count":2,"href":"https:\/\/mobility-with-disabilities.org\/hr\/wp-json\/wp\/v2\/pages\/4005\/revisions"}],"predecessor-version":[{"id":4635,"href":"https:\/\/mobility-with-disabilities.org\/hr\/wp-json\/wp\/v2\/pages\/4005\/revisions\/4635"}],"wp:attachment":[{"href":"https:\/\/mobility-with-disabilities.org\/hr\/wp-json\/wp\/v2\/media?parent=4005"}],"curies":[{"name":"wp","href":"https:\/\/api.w.org\/{rel}","templated":true}]}}