{"id":4089,"date":"2021-06-01T18:31:56","date_gmt":"2021-06-01T16:31:56","guid":{"rendered":"https:\/\/mobility-with-disabilities.org\/najnovije-vijesti\/"},"modified":"2021-08-06T11:43:32","modified_gmt":"2021-08-06T09:43:32","slug":"najnovije-vijesti","status":"publish","type":"page","link":"https:\/\/mobility-with-disabilities.org\/hr\/najnovije-vijesti\/","title":{"rendered":"NAJNOVIJE VIJESTI"},"content":{"rendered":"<h1 class=\"has-text-align-center has-text-color\" style=\"color:#3343bc\"><strong>NAJNOVIJE VIJESTI<\/strong><\/h1>\n<div class=\"wp-block-categories-dropdown aligncenter wp-block-categories\"><label class=\"screen-reader-text\" for=\"wp-block-categories-1\">Kategorije<\/label><select name=\"cat\" id=\"wp-block-categories-1\" class=\"postform\">\n\t<option value=\"-1\">Odaberi kategoriju<\/option>\n\t<option class=\"level-0\" value=\"26\">Actualit\u00e9s<\/option>\n\t<option class=\"level-0\" value=\"103\">Mobili&#8217;tips<\/option>\n<\/select>\t<script type=\"text\/javascript\">\n\t\/* <![CDATA[ *\/\n\t( function() {\n\t\tvar dropdown = document.getElementById( 'wp-block-categories-1' );\n\t\tfunction onCatChange() {\n\t\t\tif ( dropdown.options[ dropdown.selectedIndex ].value > 0 ) {\n\t\t\t\tlocation.href = \"https:\/\/mobility-with-disabilities.org\/hr\/\/?cat=\" + dropdown.options[ dropdown.selectedIndex ].value;\n\t\t\t}\n\t\t}\n\t\tdropdown.onchange = onCatChange;\n\t})();\n\t\/* ]]> *\/\n\t<\/script>\n\t\n<\/div>\n\t\t\t<div class=\"uagb-post-grid homenews uagb-post__image-position-top uagb-block-5d6c361b   \" data-total=\"1\">\n\n\t\t\t\t<div class=\"uagb-post__items uagb-post__columns-2 is-grid uagb-post__columns-tablet-2 uagb-post__columns-mobile-1 uagb-post__equal-height\">\n\n\t\t\t\t\t\t\t\t<article>\n\t\t\t\t\t\t\t\t\t\t<div class=\"uagb-post__inner-wrap\">\n\t\t\t\t\t\t\t\t\t\t\t\t\t\t\t<div class=\"uagb-post__image\">\n\t\t\t\t<a href=\"https:\/\/mobility-with-disabilities.org\/hr\/2021\/05\/20\/10-stvari-koje-biste-trebali-vidjeti-u-hrvatskoj\/\" target=\"_self\" rel=\"bookmark noopener noreferrer\"><noscript><img width=\"960\" height=\"539\" src=\"https:\/\/mobility-with-disabilities.org\/wp-content\/uploads\/2021\/01\/Dubrovnik_1-e1611318473602.jpg\" class=\"attachment-large size-large\" alt><\/noscript><img width=\"960\" height=\"539\" src=\"data:image\/svg+xml,%3Csvg%20xmlns%3D%22http%3A%2F%2Fwww.w3.org%2F2000%2Fsvg%22%20viewBox%3D%220%200%20960%20539%22%3E%3C%2Fsvg%3E\" class=\"attachment-large size-large lazyload\" alt data-src=\"https:\/\/mobility-with-disabilities.org\/wp-content\/uploads\/2021\/01\/Dubrovnik_1-e1611318473602.jpg\" loading=\"lazy\">\t\t\t\t<\/a>\n\t\t\t<\/div>\n\t\t\t\t\t\t<div class=\"uagb-post__text\"> \n\t\t\t\t<h3 class=\"uagb-post__title\">\n\t\t\t\t\t<a href=\"https:\/\/mobility-with-disabilities.org\/hr\/2021\/05\/20\/10-stvari-koje-biste-trebali-vidjeti-u-hrvatskoj\/\" target=\"_self\" rel=\"bookmark noopener noreferrer\">10 stvari koje biste trebali vidjeti u Hrvatskoj<\/a>\n\t\t\t\t<\/h3>\n\t\t\t<\/div>\n\t\t\t\t\t\t<div class=\"uagb-post__text\"> \n\t\t\t<div class=\"uagb-post-grid-byline\">\n\t\t\t\t\t\t\t<span class=\"uagb-post__taxonomy\">\n\t\t\t\t<span class=\"dashicons-tag dashicons\"><\/span>\n\t\t\t\t<a href=\"https:\/\/mobility-with-disabilities.org\/hr\/category\/mobilitips-hr\/\">Mobili&#039;tips<\/a>\t\t\t<\/span>\n\t\t\t\t\t\t<\/div>\n\t\t\t<\/div>\n\t\t\t\t\t\t\t<div class=\"uagb-post__text\"> \n\t\t\t\t\t<div class=\"uagb-post__excerpt\">\n\t\t\t\t\t\tPreporu\u010diti znamenitosti nije te\u0161ko. Re\u0107i sa sigurno\u0161\u0107u jesu li pristupa\u010dne je te\u0161ko. Barem kada je Hrvatska u pitanju.&#013;\n\n\n Po\u010dnimo, dakle, s lak\u0161im dijelom. Kada biste me pitali \u0161to u Hrvatskoj \u2026\t\t\t\t\t<\/div>\n\t\t\t<\/div>\n\t\t\t\t\t\t<div class=\"uagb-post__text\"> \n\t\t\t\t<div class=\"uagb-post__cta\">\n\t\t\t\t\t<a class=\"uagb-post__link uagb-text-link\" href=\"https:\/\/mobility-with-disabilities.org\/hr\/2021\/05\/20\/10-stvari-koje-biste-trebali-vidjeti-u-hrvatskoj\/\" target=\"_self\" rel=\"bookmark noopener noreferrer\">\u010cITAJ VI\u0160E<\/a>\n\t\t\t\t<\/div>\n\t\t\t<\/div>\n\t\t\t\t\t\t\t\t<\/div>\n\t\t\t\t\t\t\t\t\t<\/article>\n\t\t\t\t\t\t\t\t<article>\n\t\t\t\t\t\t\t\t\t\t<div class=\"uagb-post__inner-wrap\">\n\t\t\t\t\t\t\t\t\t\t\t\t\t\t\t<div class=\"uagb-post__image\">\n\t\t\t\t<a href=\"https:\/\/mobility-with-disabilities.org\/hr\/2021\/05\/20\/10-stvari-koje-biste-trebali-znati-prije-nego-sto-dodete-u-hrvatsku\/\" target=\"_self\" rel=\"bookmark noopener noreferrer\"><noscript><img width=\"1024\" height=\"633\" src=\"https:\/\/mobility-with-disabilities.org\/wp-content\/uploads\/2021\/01\/matthias-mullie-RvDc461s1EI-unsplash-1024x633.jpg\" class=\"attachment-large size-large\" alt srcset=\"https:\/\/mobility-with-disabilities.org\/wp-content\/uploads\/2021\/01\/matthias-mullie-RvDc461s1EI-unsplash-1024x633.jpg 1024w, https:\/\/mobility-with-disabilities.org\/wp-content\/uploads\/2021\/01\/matthias-mullie-RvDc461s1EI-unsplash-300x185.jpg 300w, https:\/\/mobility-with-disabilities.org\/wp-content\/uploads\/2021\/01\/matthias-mullie-RvDc461s1EI-unsplash-768x475.jpg 768w, https:\/\/mobility-with-disabilities.org\/wp-content\/uploads\/2021\/01\/matthias-mullie-RvDc461s1EI-unsplash-1536x949.jpg 1536w, https:\/\/mobility-with-disabilities.org\/wp-content\/uploads\/2021\/01\/matthias-mullie-RvDc461s1EI-unsplash-2048x1266.jpg 2048w\" sizes=\"(max-width: 1024px) 100vw, 1024px\"><\/noscript><img width=\"1024\" height=\"633\" src=\"data:image\/svg+xml,%3Csvg%20xmlns%3D%22http%3A%2F%2Fwww.w3.org%2F2000%2Fsvg%22%20viewBox%3D%220%200%201024%20633%22%3E%3C%2Fsvg%3E\" class=\"attachment-large size-large lazyload\" alt srcset=\"data:image\/svg+xml,%3Csvg%20xmlns%3D%22http%3A%2F%2Fwww.w3.org%2F2000%2Fsvg%22%20viewBox%3D%220%200%201024%20633%22%3E%3C%2Fsvg%3E 1024w\" sizes=\"(max-width: 1024px) 100vw, 1024px\" data-srcset=\"https:\/\/mobility-with-disabilities.org\/wp-content\/uploads\/2021\/01\/matthias-mullie-RvDc461s1EI-unsplash-1024x633.jpg 1024w, https:\/\/mobility-with-disabilities.org\/wp-content\/uploads\/2021\/01\/matthias-mullie-RvDc461s1EI-unsplash-300x185.jpg 300w, https:\/\/mobility-with-disabilities.org\/wp-content\/uploads\/2021\/01\/matthias-mullie-RvDc461s1EI-unsplash-768x475.jpg 768w, https:\/\/mobility-with-disabilities.org\/wp-content\/uploads\/2021\/01\/matthias-mullie-RvDc461s1EI-unsplash-1536x949.jpg 1536w, https:\/\/mobility-with-disabilities.org\/wp-content\/uploads\/2021\/01\/matthias-mullie-RvDc461s1EI-unsplash-2048x1266.jpg 2048w\" data-src=\"https:\/\/mobility-with-disabilities.org\/wp-content\/uploads\/2021\/01\/matthias-mullie-RvDc461s1EI-unsplash-1024x633.jpg\" loading=\"lazy\">\t\t\t\t<\/a>\n\t\t\t<\/div>\n\t\t\t\t\t\t<div class=\"uagb-post__text\"> \n\t\t\t\t<h3 class=\"uagb-post__title\">\n\t\t\t\t\t<a href=\"https:\/\/mobility-with-disabilities.org\/hr\/2021\/05\/20\/10-stvari-koje-biste-trebali-znati-prije-nego-sto-dodete-u-hrvatsku\/\" target=\"_self\" rel=\"bookmark noopener noreferrer\">10 stvari koje biste trebali znati prije nego \u0161to do\u0111ete u Hrvatsku<\/a>\n\t\t\t\t<\/h3>\n\t\t\t<\/div>\n\t\t\t\t\t\t<div class=\"uagb-post__text\"> \n\t\t\t<div class=\"uagb-post-grid-byline\">\n\t\t\t\t\t\t\t<span class=\"uagb-post__taxonomy\">\n\t\t\t\t<span class=\"dashicons-tag dashicons\"><\/span>\n\t\t\t\t<a href=\"https:\/\/mobility-with-disabilities.org\/hr\/category\/mobilitips-hr\/\">Mobili&#039;tips<\/a>\t\t\t<\/span>\n\t\t\t\t\t\t<\/div>\n\t\t\t<\/div>\n\t\t\t\t\t\t\t<div class=\"uagb-post__text\"> \n\t\t\t\t\t<div class=\"uagb-post__excerpt\">\n\t\t\t\t\t\tHrvatska je mala zemlja ljubaznih ljudi \u010dija raznolikost fascinira. Osim razli\u010ditosti u klimi i narje\u010djima, sjever i jug Hrvatske u mnogo\u010demu se i kulturolo\u0161ki razlikuju. No, ako ste turist, ove \u2026\t\t\t\t\t<\/div>\n\t\t\t<\/div>\n\t\t\t\t\t\t<div class=\"uagb-post__text\"> \n\t\t\t\t<div class=\"uagb-post__cta\">\n\t\t\t\t\t<a class=\"uagb-post__link uagb-text-link\" href=\"https:\/\/mobility-with-disabilities.org\/hr\/2021\/05\/20\/10-stvari-koje-biste-trebali-znati-prije-nego-sto-dodete-u-hrvatsku\/\" target=\"_self\" rel=\"bookmark noopener noreferrer\">\u010cITAJ VI\u0160E<\/a>\n\t\t\t\t<\/div>\n\t\t\t<\/div>\n\t\t\t\t\t\t\t\t<\/div>\n\t\t\t\t\t\t\t\t\t<\/article>\n\t\t\t\t\t\t\t\t<article>\n\t\t\t\t\t\t\t\t\t\t<div class=\"uagb-post__inner-wrap\">\n\t\t\t\t\t\t\t\t\t\t\t\t\t\t\t<div class=\"uagb-post__image\">\n\t\t\t\t<a href=\"https:\/\/mobility-with-disabilities.org\/hr\/2021\/05\/20\/uzivati-kao-turist-s-invaliditetom-2-prosinca-2020\/\" target=\"_self\" rel=\"bookmark noopener noreferrer\"><noscript><img width=\"768\" height=\"768\" src=\"https:\/\/mobility-with-disabilities.org\/wp-content\/uploads\/2020\/04\/map-4152197_1920-e1611318871823.jpg\" class=\"attachment-large size-large\" alt><\/noscript><img width=\"768\" height=\"768\" src=\"data:image\/svg+xml,%3Csvg%20xmlns%3D%22http%3A%2F%2Fwww.w3.org%2F2000%2Fsvg%22%20viewBox%3D%220%200%20768%20768%22%3E%3C%2Fsvg%3E\" class=\"attachment-large size-large lazyload\" alt data-src=\"https:\/\/mobility-with-disabilities.org\/wp-content\/uploads\/2020\/04\/map-4152197_1920-e1611318871823.jpg\" loading=\"lazy\">\t\t\t\t<\/a>\n\t\t\t<\/div>\n\t\t\t\t\t\t<div class=\"uagb-post__text\"> \n\t\t\t\t<h3 class=\"uagb-post__title\">\n\t\t\t\t\t<a href=\"https:\/\/mobility-with-disabilities.org\/hr\/2021\/05\/20\/uzivati-kao-turist-s-invaliditetom-2-prosinca-2020\/\" target=\"_self\" rel=\"bookmark noopener noreferrer\">U\u017eivati kao turist s invaliditetom 2. prosinca 2020<\/a>\n\t\t\t\t<\/h3>\n\t\t\t<\/div>\n\t\t\t\t\t\t<div class=\"uagb-post__text\"> \n\t\t\t<div class=\"uagb-post-grid-byline\">\n\t\t\t\t\t\t\t<span class=\"uagb-post__taxonomy\">\n\t\t\t\t<span class=\"dashicons-tag dashicons\"><\/span>\n\t\t\t\t<a href=\"https:\/\/mobility-with-disabilities.org\/hr\/category\/mobilitips-hr\/\">Mobili&#039;tips<\/a>\t\t\t<\/span>\n\t\t\t\t\t\t<\/div>\n\t\t\t<\/div>\n\t\t\t\t\t\t\t<div class=\"uagb-post__text\"> \n\t\t\t\t\t<div class=\"uagb-post__excerpt\">\n\t\t\t\t\t\tKao osoba s cerebralnom paralizom koja za kretanje koristi dva \u010detverono\u017ena \u0161tapa, navikla sam na to da putovanje zahtijeva informiranje o pristupa\u010dnosti i strate\u0161ko planiranje. To je jedan od razloga \u2026\t\t\t\t\t<\/div>\n\t\t\t<\/div>\n\t\t\t\t\t\t<div class=\"uagb-post__text\"> \n\t\t\t\t<div class=\"uagb-post__cta\">\n\t\t\t\t\t<a class=\"uagb-post__link uagb-text-link\" href=\"https:\/\/mobility-with-disabilities.org\/hr\/2021\/05\/20\/uzivati-kao-turist-s-invaliditetom-2-prosinca-2020\/\" target=\"_self\" rel=\"bookmark noopener noreferrer\">\u010cITAJ VI\u0160E<\/a>\n\t\t\t\t<\/div>\n\t\t\t<\/div>\n\t\t\t\t\t\t\t\t<\/div>\n\t\t\t\t\t\t\t\t\t<\/article>\n\t\t\t\t\t\t\t\t<article>\n\t\t\t\t\t\t\t\t\t\t<div class=\"uagb-post__inner-wrap\">\n\t\t\t\t\t\t\t\t\t\t\t\t\t\t\t<div class=\"uagb-post__image\">\n\t\t\t\t<a href=\"https:\/\/mobility-with-disabilities.org\/hr\/2021\/05\/20\/izvjestaj-o-treningu\/\" target=\"_self\" rel=\"bookmark noopener noreferrer\"><noscript><img width=\"768\" height=\"910\" src=\"https:\/\/mobility-with-disabilities.org\/wp-content\/uploads\/2020\/04\/training-report-1.jpg\" class=\"attachment-large size-large\" alt srcset=\"https:\/\/mobility-with-disabilities.org\/wp-content\/uploads\/2020\/04\/training-report-1.jpg 768w, https:\/\/mobility-with-disabilities.org\/wp-content\/uploads\/2020\/04\/training-report-1-253x300.jpg 253w, https:\/\/mobility-with-disabilities.org\/wp-content\/uploads\/2020\/04\/training-report-1-20x24.jpg 20w, https:\/\/mobility-with-disabilities.org\/wp-content\/uploads\/2020\/04\/training-report-1-30x36.jpg 30w, https:\/\/mobility-with-disabilities.org\/wp-content\/uploads\/2020\/04\/training-report-1-41x48.jpg 41w\" sizes=\"(max-width: 768px) 100vw, 768px\"><\/noscript><img width=\"768\" height=\"910\" src=\"data:image\/svg+xml,%3Csvg%20xmlns%3D%22http%3A%2F%2Fwww.w3.org%2F2000%2Fsvg%22%20viewBox%3D%220%200%20768%20910%22%3E%3C%2Fsvg%3E\" class=\"attachment-large size-large lazyload\" alt srcset=\"data:image\/svg+xml,%3Csvg%20xmlns%3D%22http%3A%2F%2Fwww.w3.org%2F2000%2Fsvg%22%20viewBox%3D%220%200%20768%20910%22%3E%3C%2Fsvg%3E 768w\" sizes=\"(max-width: 768px) 100vw, 768px\" data-srcset=\"https:\/\/mobility-with-disabilities.org\/wp-content\/uploads\/2020\/04\/training-report-1.jpg 768w, https:\/\/mobility-with-disabilities.org\/wp-content\/uploads\/2020\/04\/training-report-1-253x300.jpg 253w, https:\/\/mobility-with-disabilities.org\/wp-content\/uploads\/2020\/04\/training-report-1-20x24.jpg 20w, https:\/\/mobility-with-disabilities.org\/wp-content\/uploads\/2020\/04\/training-report-1-30x36.jpg 30w, https:\/\/mobility-with-disabilities.org\/wp-content\/uploads\/2020\/04\/training-report-1-41x48.jpg 41w\" data-src=\"https:\/\/mobility-with-disabilities.org\/wp-content\/uploads\/2020\/04\/training-report-1.jpg\" loading=\"lazy\">\t\t\t\t<\/a>\n\t\t\t<\/div>\n\t\t\t\t\t\t<div class=\"uagb-post__text\"> \n\t\t\t\t<h3 class=\"uagb-post__title\">\n\t\t\t\t\t<a href=\"https:\/\/mobility-with-disabilities.org\/hr\/2021\/05\/20\/izvjestaj-o-treningu\/\" target=\"_self\" rel=\"bookmark noopener noreferrer\">Izvje\u0161taj o treningu<\/a>\n\t\t\t\t<\/h3>\n\t\t\t<\/div>\n\t\t\t\t\t\t<div class=\"uagb-post__text\"> \n\t\t\t<div class=\"uagb-post-grid-byline\">\n\t\t\t\t\t\t\t<span class=\"uagb-post__taxonomy\">\n\t\t\t\t<span class=\"dashicons-tag dashicons\"><\/span>\n\t\t\t\t<a href=\"https:\/\/mobility-with-disabilities.org\/hr\/category\/actualites-hr\/\">Actualit\u00e9s<\/a>\t\t\t<\/span>\n\t\t\t\t\t\t<\/div>\n\t\t\t<\/div>\n\t\t\t\t\t\t\t<div class=\"uagb-post__text\"> \n\t\t\t\t\t<div class=\"uagb-post__excerpt\">\n\t\t\t\t\t\tProjekt Me\u0111unarodne mobilnosti s invaliditetom \u017eeli informirati mlade ljude s invaliditetom o prilikama za putovanja u inozemstvo, te kako dobiti podr\u0161ku od udruga, centara za informiranje mladih i drugih struktura \u2026\t\t\t\t\t<\/div>\n\t\t\t<\/div>\n\t\t\t\t\t\t<div class=\"uagb-post__text\"> \n\t\t\t\t<div class=\"uagb-post__cta\">\n\t\t\t\t\t<a class=\"uagb-post__link uagb-text-link\" href=\"https:\/\/mobility-with-disabilities.org\/hr\/2021\/05\/20\/izvjestaj-o-treningu\/\" target=\"_self\" rel=\"bookmark noopener noreferrer\">\u010cITAJ VI\u0160E<\/a>\n\t\t\t\t<\/div>\n\t\t\t<\/div>\n\t\t\t\t\t\t\t\t<\/div>\n\t\t\t\t\t\t\t\t\t<\/article>\n\t\t\t\t\t\t\t\t<\/div>\n\t\t\t\t\t\t\t<\/div>\n\t\t\t\n<div class=\"wp-block-group nodisplay\"><div class=\"wp-block-group__inner-container\">\n<p>&#8211;<\/p>\n\n\n<div id=\"ajax-load-more\" class=\"ajax-load-more-wrap infinite classic\" data-id=\"news\" data-alm-id data-canonical-url=\"https:\/\/mobility-with-disabilities.org\/hr\/najnovije-vijesti\/\" data-slug=\"najnovije-vijesti\" data-post-id=\"4089\" data-localized=\"ajax_load_more_news_vars\"><div aria-live=\"polite\" aria-atomic=\"true\" class=\"alm-listing alm-ajax\" data-container-type=\"div\" data-loading-style=\"infinite classic\" data-repeater=\"default\" data-post-type=\"post\" data-sticky-posts=\"true\" data-post-format=\"standard\" data-category=\"actualites\" data-order=\"DESC\" data-orderby=\"date\" data-offset=\"0\" data-posts-per-page=\"6\" data-lang=\"hr\" data-scroll=\"true\" data-scroll-distance=\"100\" data-max-pages=\"0\" data-pause-override=\"false\" data-pause=\"false\" data-button-label=\"Load More\"><\/div><div class=\"alm-btn-wrap\" style=\"visibility: hidden;\"><button class=\"alm-load-more-btn more \" rel=\"next\" type=\"button\">Load More<\/button><\/div><\/div>\n\n\n\n<p class=\"news-banner-bleu nodisplay has-background\" style=\"background-color:#3343bc\"> <\/p>\n<\/div><\/div>\n\n<p><\/p>\n","protected":false},"excerpt":{"rendered":"<p>NAJNOVIJE VIJESTI &#8211;<\/p>\n","protected":false},"author":1,"featured_media":0,"parent":0,"menu_order":0,"comment_status":"closed","ping_status":"closed","template":"","meta":{"_bbp_topic_count":0,"_bbp_reply_count":0,"_bbp_total_topic_count":0,"_bbp_total_reply_count":0,"_bbp_voice_count":0,"_bbp_anonymous_reply_count":0,"_bbp_topic_count_hidden":0,"_bbp_reply_count_hidden":0,"_bbp_forum_subforum_count":0},"yoast_head":"<!-- This site is optimized with the Yoast SEO plugin v17.9 - https:\/\/yoast.com\/wordpress\/plugins\/seo\/ -->\n<title>NAJNOVIJE VIJESTI - Mobility With Disabilities<\/title>\n<meta name=\"robots\" content=\"index, follow, max-snippet:-1, max-image-preview:large, max-video-preview:-1\" \/>\n<link rel=\"canonical\" href=\"https:\/\/mobility-with-disabilities.org\/hr\/najnovije-vijesti\/\" \/>\n<meta property=\"og:locale\" content=\"hr_HR\" \/>\n<meta property=\"og:type\" content=\"article\" \/>\n<meta property=\"og:title\" content=\"NAJNOVIJE VIJESTI - Mobility With Disabilities\" \/>\n<meta property=\"og:description\" content=\"NAJNOVIJE VIJESTI &#8211;\" \/>\n<meta property=\"og:url\" content=\"https:\/\/mobility-with-disabilities.org\/hr\/najnovije-vijesti\/\" \/>\n<meta property=\"og:site_name\" content=\"Mobility With Disabilities\" \/>\n<meta property=\"article:modified_time\" content=\"2021-08-06T09:43:32+00:00\" \/>\n<meta name=\"twitter:card\" content=\"summary_large_image\" \/>\n<script type=\"application\/ld+json\" class=\"yoast-schema-graph\">{\"@context\":\"https:\/\/schema.org\",\"@graph\":[{\"@type\":\"Organization\",\"@id\":\"https:\/\/mobility-with-disabilities.org\/#organization\",\"name\":\"Mobility with disabilities\",\"url\":\"https:\/\/mobility-with-disabilities.org\/\",\"sameAs\":[],\"logo\":{\"@type\":\"ImageObject\",\"@id\":\"https:\/\/mobility-with-disabilities.org\/#logo\",\"inLanguage\":\"hr\",\"url\":\"https:\/\/mobility-with-disabilities.org\/wp-content\/uploads\/2019\/11\/logo-Transparent.png\",\"contentUrl\":\"https:\/\/mobility-with-disabilities.org\/wp-content\/uploads\/2019\/11\/logo-Transparent.png\",\"width\":1904,\"height\":638,\"caption\":\"Mobility with disabilities\"},\"image\":{\"@id\":\"https:\/\/mobility-with-disabilities.org\/#logo\"}},{\"@type\":\"WebSite\",\"@id\":\"https:\/\/mobility-with-disabilities.org\/#website\",\"url\":\"https:\/\/mobility-with-disabilities.org\/\",\"name\":\"Mobility With Disabilities\",\"description\":\"\",\"publisher\":{\"@id\":\"https:\/\/mobility-with-disabilities.org\/#organization\"},\"potentialAction\":[{\"@type\":\"SearchAction\",\"target\":{\"@type\":\"EntryPoint\",\"urlTemplate\":\"https:\/\/mobility-with-disabilities.org\/?s={search_term_string}\"},\"query-input\":\"required name=search_term_string\"}],\"inLanguage\":\"hr\"},{\"@type\":\"WebPage\",\"@id\":\"https:\/\/mobility-with-disabilities.org\/hr\/najnovije-vijesti\/#webpage\",\"url\":\"https:\/\/mobility-with-disabilities.org\/hr\/najnovije-vijesti\/\",\"name\":\"NAJNOVIJE VIJESTI - Mobility With Disabilities\",\"isPartOf\":{\"@id\":\"https:\/\/mobility-with-disabilities.org\/#website\"},\"datePublished\":\"2021-06-01T16:31:56+00:00\",\"dateModified\":\"2021-08-06T09:43:32+00:00\",\"breadcrumb\":{\"@id\":\"https:\/\/mobility-with-disabilities.org\/hr\/najnovije-vijesti\/#breadcrumb\"},\"inLanguage\":\"hr\",\"potentialAction\":[{\"@type\":\"ReadAction\",\"target\":[\"https:\/\/mobility-with-disabilities.org\/hr\/najnovije-vijesti\/\"]}]},{\"@type\":\"BreadcrumbList\",\"@id\":\"https:\/\/mobility-with-disabilities.org\/hr\/najnovije-vijesti\/#breadcrumb\",\"itemListElement\":[{\"@type\":\"ListItem\",\"position\":1,\"name\":\"Accueil\",\"item\":\"https:\/\/mobility-with-disabilities.org\/hr\/\"},{\"@type\":\"ListItem\",\"position\":2,\"name\":\"NAJNOVIJE VIJESTI\"}]}]}<\/script>\n<!-- \/ Yoast SEO plugin. -->","yoast_head_json":{"title":"NAJNOVIJE VIJESTI - Mobility With Disabilities","robots":{"index":"index","follow":"follow","max-snippet":"max-snippet:-1","max-image-preview":"max-image-preview:large","max-video-preview":"max-video-preview:-1"},"canonical":"https:\/\/mobility-with-disabilities.org\/hr\/najnovije-vijesti\/","og_locale":"hr_HR","og_type":"article","og_title":"NAJNOVIJE VIJESTI - Mobility With Disabilities","og_description":"NAJNOVIJE VIJESTI &#8211;","og_url":"https:\/\/mobility-with-disabilities.org\/hr\/najnovije-vijesti\/","og_site_name":"Mobility With Disabilities","article_modified_time":"2021-08-06T09:43:32+00:00","twitter_card":"summary_large_image","schema":{"@context":"https:\/\/schema.org","@graph":[{"@type":"Organization","@id":"https:\/\/mobility-with-disabilities.org\/#organization","name":"Mobility with disabilities","url":"https:\/\/mobility-with-disabilities.org\/","sameAs":[],"logo":{"@type":"ImageObject","@id":"https:\/\/mobility-with-disabilities.org\/#logo","inLanguage":"hr","url":"https:\/\/mobility-with-disabilities.org\/wp-content\/uploads\/2019\/11\/logo-Transparent.png","contentUrl":"https:\/\/mobility-with-disabilities.org\/wp-content\/uploads\/2019\/11\/logo-Transparent.png","width":1904,"height":638,"caption":"Mobility with disabilities"},"image":{"@id":"https:\/\/mobility-with-disabilities.org\/#logo"}},{"@type":"WebSite","@id":"https:\/\/mobility-with-disabilities.org\/#website","url":"https:\/\/mobility-with-disabilities.org\/","name":"Mobility With Disabilities","description":"","publisher":{"@id":"https:\/\/mobility-with-disabilities.org\/#organization"},"potentialAction":[{"@type":"SearchAction","target":{"@type":"EntryPoint","urlTemplate":"https:\/\/mobility-with-disabilities.org\/?s={search_term_string}"},"query-input":"required name=search_term_string"}],"inLanguage":"hr"},{"@type":"WebPage","@id":"https:\/\/mobility-with-disabilities.org\/hr\/najnovije-vijesti\/#webpage","url":"https:\/\/mobility-with-disabilities.org\/hr\/najnovije-vijesti\/","name":"NAJNOVIJE VIJESTI - Mobility With Disabilities","isPartOf":{"@id":"https:\/\/mobility-with-disabilities.org\/#website"},"datePublished":"2021-06-01T16:31:56+00:00","dateModified":"2021-08-06T09:43:32+00:00","breadcrumb":{"@id":"https:\/\/mobility-with-disabilities.org\/hr\/najnovije-vijesti\/#breadcrumb"},"inLanguage":"hr","potentialAction":[{"@type":"ReadAction","target":["https:\/\/mobility-with-disabilities.org\/hr\/najnovije-vijesti\/"]}]},{"@type":"BreadcrumbList","@id":"https:\/\/mobility-with-disabilities.org\/hr\/najnovije-vijesti\/#breadcrumb","itemListElement":[{"@type":"ListItem","position":1,"name":"Accueil","item":"https:\/\/mobility-with-disabilities.org\/hr\/"},{"@type":"ListItem","position":2,"name":"NAJNOVIJE VIJESTI"}]}]}},"uagb_featured_image_src":{"full":false,"thumbnail":false,"medium":false,"medium_large":false,"large":false,"1536x1536":false,"2048x2048":false,"alm-thumbnail":false,"course_thumbnail":false,"profile_24":false,"profile_48":false,"profile_96":false,"profile_150":false,"profile_300":false},"uagb_author_info":{"display_name":"IMD","author_link":"https:\/\/mobility-with-disabilities.org\/hr\/author\/admin4690\/"},"uagb_comment_info":0,"uagb_excerpt":"NAJNOVIJE VIJESTI &#8211;","_links":{"self":[{"href":"https:\/\/mobility-with-disabilities.org\/hr\/wp-json\/wp\/v2\/pages\/4089"}],"collection":[{"href":"https:\/\/mobility-with-disabilities.org\/hr\/wp-json\/wp\/v2\/pages"}],"about":[{"href":"https:\/\/mobility-with-disabilities.org\/hr\/wp-json\/wp\/v2\/types\/page"}],"author":[{"embeddable":true,"href":"https:\/\/mobility-with-disabilities.org\/hr\/wp-json\/wp\/v2\/users\/1"}],"replies":[{"embeddable":true,"href":"https:\/\/mobility-with-disabilities.org\/hr\/wp-json\/wp\/v2\/comments?post=4089"}],"version-history":[{"count":2,"href":"https:\/\/mobility-with-disabilities.org\/hr\/wp-json\/wp\/v2\/pages\/4089\/revisions"}],"predecessor-version":[{"id":5107,"href":"https:\/\/mobility-with-disabilities.org\/hr\/wp-json\/wp\/v2\/pages\/4089\/revisions\/5107"}],"wp:attachment":[{"href":"https:\/\/mobility-with-disabilities.org\/hr\/wp-json\/wp\/v2\/media?parent=4089"}],"curies":[{"name":"wp","href":"https:\/\/api.w.org\/{rel}","templated":true}]}}